{"id":109436,"date":"2025-02-15T16:56:32","date_gmt":"2025-02-15T16:56:32","guid":{"rendered":"https:\/\/kinamihealth.com\/product\/nucleofill-medium-plus\/"},"modified":"2026-01-21T16:14:43","modified_gmt":"2026-01-21T16:14:43","slug":"nucleofill-medium-plus","status":"publish","type":"product","link":"https:\/\/kinamihealth.com\/fr\/produit\/nucleofill-medium-plus\/","title":{"rendered":"NUCLEOFILL\u2122 MEDIUM PLUS"},"content":{"rendered":"<p>Nucleofill Medium Plus a d\u00e9montr\u00e9 une efficacit\u00e9 significative dans le traitement de l&#8217;alop\u00e9cie androg\u00e9n\u00e9tique et dans tous les cas d&#8217;affaiblissement capillaire, am\u00e9liorant le tropisme du follicule pileux gr\u00e2ce \u00e0 son effet biorestructurant profond et continu. Reconnu pour son efficacit\u00e9 exceptionnelle dans la lutte contre la chute des cheveux et le traitement de l&#8217;alop\u00e9cie, y compris de type androg\u00e9nique.<\/p>\n","protected":false},"excerpt":{"rendered":"<p>D\u00e9couvrez les avantages de <strong>Nucleofill Medium Plus<\/strong>, un <strong>puissant produit de comblement dermique <\/strong>formul\u00e9 pour <strong>rajeunir le cuir chevelu, am\u00e9liorer la densit\u00e9 capillaire <\/strong>et <strong>redonner de la vitalit\u00e9 aux follicules pileux affaiblis<\/strong>. Cette solution puissante <strong>am\u00e9liore le tropisme du follicule pileux <\/strong>gr\u00e2ce \u00e0 son effet restructurant en profondeur. En tant que professionnel de sant\u00e9, vous pouvez <strong><em>commander des produits Nucleofill <\/em><\/strong>tels que Nucleofill Medium Plus chez <strong>Kinami Health <\/strong>et aider vos patients <strong>\u00e0 lutter contre la chute des cheveux <\/strong>et <strong>\u00e0 am\u00e9liorer leur croissance capillaire.<\/strong><\/p>\n","protected":false},"featured_media":109440,"comment_status":"closed","ping_status":"closed","template":"","meta":{"_acf_changed":false,"inline_featured_image":false},"product_brand":[1196],"product_cat":[1217],"product_tag":[1222],"class_list":{"0":"post-109436","1":"product","2":"type-product","3":"status-publish","4":"has-post-thumbnail","6":"product_brand-nucleofill","7":"product_cat-produits-de-comblement-dermique","8":"product_tag-dispositifs-medicaux","10":"first","11":"instock","12":"taxable","13":"shipping-taxable","14":"purchasable","15":"product-type-simple","16":"add-to-wishlist-before_image"},"acf":[],"yoast_head":"<!-- This site is optimized with the Yoast SEO plugin v27.1.1 - https:\/\/yoast.com\/product\/yoast-seo-wordpress\/ -->\n<title>Commander NUCLEOFILL\u2122 MEDIUM PLUS en ligne | Boutique en ligne | Kinami Health<\/title>\n<meta name=\"description\" content=\"Commandez Nucleofill Medium Plus pour revitaliser le cuir chevelu, r\u00e9duire l&#039;amincissement des cheveux et stimuler leur croissance. Disponible pour les professionnels de sant\u00e9 chez Kinami Health.\" \/>\n<meta name=\"robots\" content=\"index, follow, max-snippet:-1, max-image-preview:large, max-video-preview:-1\" \/>\n<link rel=\"canonical\" href=\"https:\/\/kinamihealth.com\/fr\/wp-json\/wp\/v2\/product\/109436\" \/>\n<meta property=\"og:locale\" content=\"fr_FR\" \/>\n<meta property=\"og:type\" content=\"article\" \/>\n<meta property=\"og:title\" content=\"Commander NUCLEOFILL\u2122 MEDIUM PLUS en ligne | Boutique en ligne | Kinami Health\" \/>\n<meta property=\"og:description\" content=\"Commandez Nucleofill Medium Plus pour revitaliser le cuir chevelu, r\u00e9duire l&#039;amincissement des cheveux et stimuler leur croissance. Disponible pour les professionnels de sant\u00e9 chez Kinami Health.\" \/>\n<meta property=\"og:url\" content=\"https:\/\/kinamihealth.com\/fr\/product\/nucleofill-medium-plus\/\" \/>\n<meta property=\"og:site_name\" content=\"Kinami Health\" \/>\n<meta property=\"article:modified_time\" content=\"2026-01-21T16:14:43+00:00\" \/>\n<meta property=\"og:image\" content=\"https:\/\/kinamihealth.com\/wp-content\/uploads\/2025\/02\/NUCLEOFILL-MEDIUMPLUS-02.jpg\" \/>\n\t<meta property=\"og:image:width\" content=\"800\" \/>\n\t<meta property=\"og:image:height\" content=\"800\" \/>\n\t<meta property=\"og:image:type\" content=\"image\/jpeg\" \/>\n<meta name=\"twitter:card\" content=\"summary_large_image\" \/>\n<meta name=\"twitter:label1\" content=\"Dur\u00e9e de lecture estim\u00e9e\" \/>\n\t<meta name=\"twitter:data1\" content=\"1 minute\" \/>\n<!-- \/ Yoast SEO plugin. -->","yoast_head_json":{"title":"Commander NUCLEOFILL\u2122 MEDIUM PLUS en ligne | Boutique en ligne | Kinami Health","description":"Commandez Nucleofill Medium Plus pour revitaliser le cuir chevelu, r\u00e9duire l'amincissement des cheveux et stimuler leur croissance. Disponible pour les professionnels de sant\u00e9 chez Kinami Health.","robots":{"index":"index","follow":"follow","max-snippet":"max-snippet:-1","max-image-preview":"max-image-preview:large","max-video-preview":"max-video-preview:-1"},"canonical":"https:\/\/kinamihealth.com\/fr\/wp-json\/wp\/v2\/product\/109436","og_locale":"fr_FR","og_type":"article","og_title":"Commander NUCLEOFILL\u2122 MEDIUM PLUS en ligne | Boutique en ligne | Kinami Health","og_description":"Commandez Nucleofill Medium Plus pour revitaliser le cuir chevelu, r\u00e9duire l'amincissement des cheveux et stimuler leur croissance. Disponible pour les professionnels de sant\u00e9 chez Kinami Health.","og_url":"https:\/\/kinamihealth.com\/fr\/product\/nucleofill-medium-plus\/","og_site_name":"Kinami Health","article_modified_time":"2026-01-21T16:14:43+00:00","og_image":[{"width":800,"height":800,"url":"https:\/\/kinamihealth.com\/wp-content\/uploads\/2025\/02\/NUCLEOFILL-MEDIUMPLUS-02.jpg","type":"image\/jpeg"}],"twitter_card":"summary_large_image","twitter_misc":{"Dur\u00e9e de lecture estim\u00e9e":"1 minute"},"schema":{"@context":"https:\/\/schema.org","@graph":[{"@type":"WebPage","@id":"https:\/\/kinamihealth.com\/fr\/product\/nucleofill-medium-plus\/","url":"https:\/\/kinamihealth.com\/fr\/product\/nucleofill-medium-plus\/","name":"Commander NUCLEOFILL\u2122 MEDIUM PLUS en ligne | Boutique en ligne | Kinami Health","isPartOf":{"@id":"https:\/\/kinamihealth.com\/#website"},"primaryImageOfPage":{"@id":"https:\/\/kinamihealth.com\/fr\/product\/nucleofill-medium-plus\/#primaryimage"},"image":{"@id":"https:\/\/kinamihealth.com\/fr\/product\/nucleofill-medium-plus\/#primaryimage"},"thumbnailUrl":"https:\/\/kinamihealth.com\/wp-content\/uploads\/2025\/02\/NUCLEOFILL-MEDIUMPLUS-02.jpg","datePublished":"2025-02-15T16:56:32+00:00","dateModified":"2026-01-21T16:14:43+00:00","description":"Commandez Nucleofill Medium Plus pour revitaliser le cuir chevelu, r\u00e9duire l'amincissement des cheveux et stimuler leur croissance. Disponible pour les professionnels de sant\u00e9 chez Kinami Health.","breadcrumb":{"@id":"https:\/\/kinamihealth.com\/fr\/product\/nucleofill-medium-plus\/#breadcrumb"},"inLanguage":"fr-FR","potentialAction":[{"@type":"ReadAction","target":["https:\/\/kinamihealth.com\/fr\/product\/nucleofill-medium-plus\/"]}]},{"@type":"ImageObject","inLanguage":"fr-FR","@id":"https:\/\/kinamihealth.com\/fr\/product\/nucleofill-medium-plus\/#primaryimage","url":"https:\/\/kinamihealth.com\/wp-content\/uploads\/2025\/02\/NUCLEOFILL-MEDIUMPLUS-02.jpg","contentUrl":"https:\/\/kinamihealth.com\/wp-content\/uploads\/2025\/02\/NUCLEOFILL-MEDIUMPLUS-02.jpg","width":800,"height":800},{"@type":"BreadcrumbList","@id":"https:\/\/kinamihealth.com\/fr\/product\/nucleofill-medium-plus\/#breadcrumb","itemListElement":[{"@type":"ListItem","position":1,"name":"Page d'accueil","item":"https:\/\/kinamihealth.com\/"},{"@type":"ListItem","position":2,"name":"Boutique","item":"https:\/\/kinamihealth.com\/shop\/"},{"@type":"ListItem","position":3,"name":"NUCLEOFILL\u2122 MEDIUM PLUS"}]},{"@type":"WebSite","@id":"https:\/\/kinamihealth.com\/#website","url":"https:\/\/kinamihealth.com\/","name":"Kinami Health","description":"","publisher":{"@id":"https:\/\/kinamihealth.com\/#organization"},"potentialAction":[{"@type":"SearchAction","target":{"@type":"EntryPoint","urlTemplate":"https:\/\/kinamihealth.com\/?s={search_term_string}"},"query-input":{"@type":"PropertyValueSpecification","valueRequired":true,"valueName":"search_term_string"}}],"inLanguage":"fr-FR"},{"@type":"Organization","@id":"https:\/\/kinamihealth.com\/#organization","name":"Kinami Health","url":"https:\/\/kinamihealth.com\/","logo":{"@type":"ImageObject","inLanguage":"fr-FR","@id":"https:\/\/kinamihealth.com\/#\/schema\/logo\/image\/","url":"https:\/\/kinamihealth.com\/wp-content\/uploads\/2025\/01\/KH_logo_black_2-1.png","contentUrl":"https:\/\/kinamihealth.com\/wp-content\/uploads\/2025\/01\/KH_logo_black_2-1.png","width":339,"height":34,"caption":"Kinami Health"},"image":{"@id":"https:\/\/kinamihealth.com\/#\/schema\/logo\/image\/"}}]}},"_links":{"self":[{"href":"https:\/\/kinamihealth.com\/fr\/wp-json\/wp\/v2\/product\/109436","targetHints":{"allow":["GET"]}}],"collection":[{"href":"https:\/\/kinamihealth.com\/fr\/wp-json\/wp\/v2\/product"}],"about":[{"href":"https:\/\/kinamihealth.com\/fr\/wp-json\/wp\/v2\/types\/product"}],"replies":[{"embeddable":true,"href":"https:\/\/kinamihealth.com\/fr\/wp-json\/wp\/v2\/comments?post=109436"}],"version-history":[{"count":0,"href":"https:\/\/kinamihealth.com\/fr\/wp-json\/wp\/v2\/product\/109436\/revisions"}],"wp:featuredmedia":[{"embeddable":true,"href":"https:\/\/kinamihealth.com\/fr\/wp-json\/wp\/v2\/media\/109440"}],"wp:attachment":[{"href":"https:\/\/kinamihealth.com\/fr\/wp-json\/wp\/v2\/media?parent=109436"}],"wp:term":[{"taxonomy":"product_brand","embeddable":true,"href":"https:\/\/kinamihealth.com\/fr\/wp-json\/wp\/v2\/product_brand?post=109436"},{"taxonomy":"product_cat","embeddable":true,"href":"https:\/\/kinamihealth.com\/fr\/wp-json\/wp\/v2\/product_cat?post=109436"},{"taxonomy":"product_tag","embeddable":true,"href":"https:\/\/kinamihealth.com\/fr\/wp-json\/wp\/v2\/product_tag?post=109436"}],"curies":[{"name":"wp","href":"https:\/\/api.w.org\/{rel}","templated":true}]}}