{"id":109427,"date":"2025-02-15T16:56:34","date_gmt":"2025-02-15T16:56:34","guid":{"rendered":"https:\/\/kinamihealth.com\/product\/organic-silica-dmae\/"},"modified":"2026-01-21T16:14:56","modified_gmt":"2026-01-21T16:14:56","slug":"organic-silica-dmae","status":"publish","type":"product","link":"https:\/\/kinamihealth.com\/fr\/produit\/organic-silica-dmae\/","title":{"rendered":"ORGANIC SILICA &amp; DMAE"},"content":{"rendered":"<p>Organic Silica &amp; DMAE Firming Solution est efficace non seulement pour le traitement du visage, mais \u00e9galement pour traiter le rel\u00e2chement cutan\u00e9 des bras, de l&#8217;abdomen, des jambes et des fesses. Il s&#8217;agit d&#8217;un traitement anti-\u00e2ge qui combine deux agents rajeunissants puissants. Il tonifie et lisse imm\u00e9diatement la peau, tout en la prot\u00e9geant contre les radicaux libres.<\/p>\n","protected":false},"excerpt":{"rendered":"<p>D\u00e9couvrez les <strong>bienfaits de la silice organique et du DMAE<\/strong>, un <strong>s\u00e9rum rajeunissant <\/strong>con\u00e7u pour <strong>raffermir la peau <\/strong>et <strong>minimiser les signes de l\u2019\u00e2ge<\/strong>. Ce traitement puissant s&#8217;applique aussi bien sur le <strong>visage que sur le corps<\/strong>, prot\u00e9geant la peau des facteurs ext\u00e9rieurs. Les professionnels de sant\u00e9 peuvent <strong><em>commander des produits de m\u00e9soth\u00e9rapie <\/em><\/strong>tels que <strong>Organic Silica &amp; DMAE <\/strong>chez <strong>Kinami Health <\/strong>et offrir \u00e0 leur peau un <strong>traitement non invasif aux r\u00e9sultats durables.<\/strong><\/p>\n","protected":false},"featured_media":109428,"comment_status":"closed","ping_status":"closed","template":"","meta":{"_acf_changed":false,"inline_featured_image":false},"product_brand":[1163],"product_cat":[1375],"product_tag":[1222],"class_list":{"0":"post-109427","1":"product","2":"type-product","3":"status-publish","4":"has-post-thumbnail","6":"product_brand-bcn","7":"product_cat-injections-de-mesotherapie","8":"product_tag-dispositifs-medicaux","10":"first","11":"instock","12":"taxable","13":"shipping-taxable","14":"purchasable","15":"product-type-simple","16":"add-to-wishlist-before_image"},"acf":[],"yoast_head":"<!-- This site is optimized with the Yoast SEO plugin v27.1.1 - https:\/\/yoast.com\/product\/yoast-seo-wordpress\/ -->\n<title>Commander ORGANIC SILICA &amp; DMAE en ligne | Boutique en ligne | Kinami Health<\/title>\n<meta name=\"description\" content=\"Commandez Organic Silica &amp; DMAE chez Kinami Health \u2013 un s\u00e9rum puissant qui raffermit la peau, r\u00e9duit les rides et am\u00e9liore l&#039;\u00e9lasticit\u00e9 pour une apparence plus jeune.\" \/>\n<meta name=\"robots\" content=\"index, follow, max-snippet:-1, max-image-preview:large, max-video-preview:-1\" \/>\n<link rel=\"canonical\" href=\"https:\/\/kinamihealth.com\/fr\/wp-json\/wp\/v2\/product\/109427\" \/>\n<meta property=\"og:locale\" content=\"fr_FR\" \/>\n<meta property=\"og:type\" content=\"article\" \/>\n<meta property=\"og:title\" content=\"Commander ORGANIC SILICA &amp; DMAE en ligne | Boutique en ligne | Kinami Health\" \/>\n<meta property=\"og:description\" content=\"Commandez Organic Silica &amp; DMAE chez Kinami Health \u2013 un s\u00e9rum puissant qui raffermit la peau, r\u00e9duit les rides et am\u00e9liore l&#039;\u00e9lasticit\u00e9 pour une apparence plus jeune.\" \/>\n<meta property=\"og:url\" content=\"https:\/\/kinamihealth.com\/fr\/product\/organic-silica-dmae\/\" \/>\n<meta property=\"og:site_name\" content=\"Kinami Health\" \/>\n<meta property=\"article:modified_time\" content=\"2026-01-21T16:14:56+00:00\" \/>\n<meta property=\"og:image\" content=\"https:\/\/kinamihealth.com\/wp-content\/uploads\/2025\/02\/BCN-ORGANIC-SILICADMAE-01.jpg\" \/>\n\t<meta property=\"og:image:width\" content=\"800\" \/>\n\t<meta property=\"og:image:height\" content=\"800\" \/>\n\t<meta property=\"og:image:type\" content=\"image\/jpeg\" \/>\n<meta name=\"twitter:card\" content=\"summary_large_image\" \/>\n<meta name=\"twitter:label1\" content=\"Dur\u00e9e de lecture estim\u00e9e\" \/>\n\t<meta name=\"twitter:data1\" content=\"1 minute\" \/>\n<!-- \/ Yoast SEO plugin. -->","yoast_head_json":{"title":"Commander ORGANIC SILICA & DMAE en ligne | Boutique en ligne | Kinami Health","description":"Commandez Organic Silica & DMAE chez Kinami Health \u2013 un s\u00e9rum puissant qui raffermit la peau, r\u00e9duit les rides et am\u00e9liore l'\u00e9lasticit\u00e9 pour une apparence plus jeune.","robots":{"index":"index","follow":"follow","max-snippet":"max-snippet:-1","max-image-preview":"max-image-preview:large","max-video-preview":"max-video-preview:-1"},"canonical":"https:\/\/kinamihealth.com\/fr\/wp-json\/wp\/v2\/product\/109427","og_locale":"fr_FR","og_type":"article","og_title":"Commander ORGANIC SILICA & DMAE en ligne | Boutique en ligne | Kinami Health","og_description":"Commandez Organic Silica & DMAE chez Kinami Health \u2013 un s\u00e9rum puissant qui raffermit la peau, r\u00e9duit les rides et am\u00e9liore l'\u00e9lasticit\u00e9 pour une apparence plus jeune.","og_url":"https:\/\/kinamihealth.com\/fr\/product\/organic-silica-dmae\/","og_site_name":"Kinami Health","article_modified_time":"2026-01-21T16:14:56+00:00","og_image":[{"width":800,"height":800,"url":"https:\/\/kinamihealth.com\/wp-content\/uploads\/2025\/02\/BCN-ORGANIC-SILICADMAE-01.jpg","type":"image\/jpeg"}],"twitter_card":"summary_large_image","twitter_misc":{"Dur\u00e9e de lecture estim\u00e9e":"1 minute"},"schema":{"@context":"https:\/\/schema.org","@graph":[{"@type":"WebPage","@id":"https:\/\/kinamihealth.com\/fr\/product\/organic-silica-dmae\/","url":"https:\/\/kinamihealth.com\/fr\/product\/organic-silica-dmae\/","name":"Commander ORGANIC SILICA & DMAE en ligne | Boutique en ligne | Kinami Health","isPartOf":{"@id":"https:\/\/kinamihealth.com\/#website"},"primaryImageOfPage":{"@id":"https:\/\/kinamihealth.com\/fr\/product\/organic-silica-dmae\/#primaryimage"},"image":{"@id":"https:\/\/kinamihealth.com\/fr\/product\/organic-silica-dmae\/#primaryimage"},"thumbnailUrl":"https:\/\/kinamihealth.com\/wp-content\/uploads\/2025\/02\/BCN-ORGANIC-SILICADMAE-01.jpg","datePublished":"2025-02-15T16:56:34+00:00","dateModified":"2026-01-21T16:14:56+00:00","description":"Commandez Organic Silica & DMAE chez Kinami Health \u2013 un s\u00e9rum puissant qui raffermit la peau, r\u00e9duit les rides et am\u00e9liore l'\u00e9lasticit\u00e9 pour une apparence plus jeune.","breadcrumb":{"@id":"https:\/\/kinamihealth.com\/fr\/product\/organic-silica-dmae\/#breadcrumb"},"inLanguage":"fr-FR","potentialAction":[{"@type":"ReadAction","target":["https:\/\/kinamihealth.com\/fr\/product\/organic-silica-dmae\/"]}]},{"@type":"ImageObject","inLanguage":"fr-FR","@id":"https:\/\/kinamihealth.com\/fr\/product\/organic-silica-dmae\/#primaryimage","url":"https:\/\/kinamihealth.com\/wp-content\/uploads\/2025\/02\/BCN-ORGANIC-SILICADMAE-01.jpg","contentUrl":"https:\/\/kinamihealth.com\/wp-content\/uploads\/2025\/02\/BCN-ORGANIC-SILICADMAE-01.jpg","width":800,"height":800},{"@type":"BreadcrumbList","@id":"https:\/\/kinamihealth.com\/fr\/product\/organic-silica-dmae\/#breadcrumb","itemListElement":[{"@type":"ListItem","position":1,"name":"Page d'accueil","item":"https:\/\/kinamihealth.com\/"},{"@type":"ListItem","position":2,"name":"Boutique","item":"https:\/\/kinamihealth.com\/shop\/"},{"@type":"ListItem","position":3,"name":"ORGANIC SILICA &amp; DMAE"}]},{"@type":"WebSite","@id":"https:\/\/kinamihealth.com\/#website","url":"https:\/\/kinamihealth.com\/","name":"Kinami Health","description":"","publisher":{"@id":"https:\/\/kinamihealth.com\/#organization"},"potentialAction":[{"@type":"SearchAction","target":{"@type":"EntryPoint","urlTemplate":"https:\/\/kinamihealth.com\/?s={search_term_string}"},"query-input":{"@type":"PropertyValueSpecification","valueRequired":true,"valueName":"search_term_string"}}],"inLanguage":"fr-FR"},{"@type":"Organization","@id":"https:\/\/kinamihealth.com\/#organization","name":"Kinami Health","url":"https:\/\/kinamihealth.com\/","logo":{"@type":"ImageObject","inLanguage":"fr-FR","@id":"https:\/\/kinamihealth.com\/#\/schema\/logo\/image\/","url":"https:\/\/kinamihealth.com\/wp-content\/uploads\/2025\/01\/KH_logo_black_2-1.png","contentUrl":"https:\/\/kinamihealth.com\/wp-content\/uploads\/2025\/01\/KH_logo_black_2-1.png","width":339,"height":34,"caption":"Kinami Health"},"image":{"@id":"https:\/\/kinamihealth.com\/#\/schema\/logo\/image\/"}}]}},"_links":{"self":[{"href":"https:\/\/kinamihealth.com\/fr\/wp-json\/wp\/v2\/product\/109427","targetHints":{"allow":["GET"]}}],"collection":[{"href":"https:\/\/kinamihealth.com\/fr\/wp-json\/wp\/v2\/product"}],"about":[{"href":"https:\/\/kinamihealth.com\/fr\/wp-json\/wp\/v2\/types\/product"}],"replies":[{"embeddable":true,"href":"https:\/\/kinamihealth.com\/fr\/wp-json\/wp\/v2\/comments?post=109427"}],"version-history":[{"count":0,"href":"https:\/\/kinamihealth.com\/fr\/wp-json\/wp\/v2\/product\/109427\/revisions"}],"wp:featuredmedia":[{"embeddable":true,"href":"https:\/\/kinamihealth.com\/fr\/wp-json\/wp\/v2\/media\/109428"}],"wp:attachment":[{"href":"https:\/\/kinamihealth.com\/fr\/wp-json\/wp\/v2\/media?parent=109427"}],"wp:term":[{"taxonomy":"product_brand","embeddable":true,"href":"https:\/\/kinamihealth.com\/fr\/wp-json\/wp\/v2\/product_brand?post=109427"},{"taxonomy":"product_cat","embeddable":true,"href":"https:\/\/kinamihealth.com\/fr\/wp-json\/wp\/v2\/product_cat?post=109427"},{"taxonomy":"product_tag","embeddable":true,"href":"https:\/\/kinamihealth.com\/fr\/wp-json\/wp\/v2\/product_tag?post=109427"}],"curies":[{"name":"wp","href":"https:\/\/api.w.org\/{rel}","templated":true}]}}