{"id":109341,"date":"2025-02-15T16:56:24","date_gmt":"2025-02-15T16:56:24","guid":{"rendered":"https:\/\/kinamihealth.com\/product\/neauvia-organic-stimulate-man\/"},"modified":"2026-01-21T16:12:53","modified_gmt":"2026-01-21T16:12:53","slug":"neauvia-organic-stimulate-man","status":"publish","type":"product","link":"https:\/\/kinamihealth.com\/fr\/produit\/neauvia-organic-stimulate-man\/","title":{"rendered":"NEAUVIA\u2122 ORGANIC STIMULATE MAN"},"content":{"rendered":"<p>Neauvia Organic Stimulate 1 ml adapt\u00e9 \u00e0 la peau masculine est id\u00e9al pour traiter le manque de volume et de densit\u00e9 cutan\u00e9s. Le produit comble instantan\u00e9ment les d\u00e9ficits tissulaires, donnant \u00e0 la peau la forme et le volume souhait\u00e9s, tout en am\u00e9liorant progressivement la qualit\u00e9 de la peau gr\u00e2ce \u00e0 ses propri\u00e9t\u00e9s bio-stimulantes. Neauvia Stimulate Man est indiqu\u00e9 pour combler les d\u00e9pressions cutan\u00e9es profondes (rides profondes et sillons nasog\u00e9niens, entre autres) chez les hommes. Il constitue un choix id\u00e9al lorsque le patient souffre d&#8217;un manque de volume et de densit\u00e9.<\/p>\n","protected":false},"excerpt":{"rendered":"<p><strong>Neauvia Organic Stimulate Man <\/strong>est un traitement esth\u00e9tique efficace con\u00e7u pour <strong>r\u00e9pondre aux besoins <\/strong>sp\u00e9cifiques<strong> de la peau masculine<\/strong>. La peau des hommes a tendance \u00e0 \u00eatre plus \u00e9paisse, plus dense et plus grasse, ce qui n\u00e9cessite un produit de comblement dermique avanc\u00e9, robuste et efficace. Neauvia Organic Stimulate Man <strong>stimule la production de collag\u00e8ne<\/strong>, <strong>restaure le volume <\/strong>et <strong>corrige les rides<\/strong>.<\/p>\n","protected":false},"featured_media":109343,"comment_status":"closed","ping_status":"closed","template":"","meta":{"_acf_changed":false,"inline_featured_image":false},"product_brand":[1194],"product_cat":[1217],"product_tag":[1222],"class_list":{"0":"post-109341","1":"product","2":"type-product","3":"status-publish","4":"has-post-thumbnail","6":"product_brand-neauvia","7":"product_cat-produits-de-comblement-dermique","8":"product_tag-dispositifs-medicaux","10":"first","11":"instock","12":"taxable","13":"shipping-taxable","14":"purchasable","15":"product-type-simple","16":"add-to-wishlist-before_image"},"acf":[],"yoast_head":"<!-- This site is optimized with the Yoast SEO plugin v27.1.1 - https:\/\/yoast.com\/product\/yoast-seo-wordpress\/ -->\n<title>Commander NEAUVIA\u2122 ORGANIC STIMULATE MAN en ligne | Boutique en ligne | Kinami Health<\/title>\n<meta name=\"description\" content=\"Commandez NEAUVIA Organic STIMULATE Man en ligne pour revitaliser votre peau. Ce produit de comblement unique redonne du volume \u00e0 la peau masculine, r\u00e9duit les rides et stimule efficacement le collag\u00e8ne.\" \/>\n<meta name=\"robots\" content=\"index, follow, max-snippet:-1, max-image-preview:large, max-video-preview:-1\" \/>\n<link rel=\"canonical\" href=\"https:\/\/kinamihealth.com\/fr\/wp-json\/wp\/v2\/product\/109341\" \/>\n<meta property=\"og:locale\" content=\"fr_FR\" \/>\n<meta property=\"og:type\" content=\"article\" \/>\n<meta property=\"og:title\" content=\"Commander NEAUVIA\u2122 ORGANIC STIMULATE MAN en ligne | Boutique en ligne | Kinami Health\" \/>\n<meta property=\"og:description\" content=\"Commandez NEAUVIA Organic STIMULATE Man en ligne pour revitaliser votre peau. Ce produit de comblement unique redonne du volume \u00e0 la peau masculine, r\u00e9duit les rides et stimule efficacement le collag\u00e8ne.\" \/>\n<meta property=\"og:url\" content=\"https:\/\/kinamihealth.com\/fr\/product\/neauvia-organic-stimulate-man\/\" \/>\n<meta property=\"og:site_name\" content=\"Kinami Health\" \/>\n<meta property=\"article:modified_time\" content=\"2026-01-21T16:12:53+00:00\" \/>\n<meta property=\"og:image\" content=\"https:\/\/kinamihealth.com\/wp-content\/uploads\/2025\/02\/Neauvia-Stimulate-Man_Front.webp\" \/>\n\t<meta property=\"og:image:width\" content=\"1500\" \/>\n\t<meta property=\"og:image:height\" content=\"1500\" \/>\n\t<meta property=\"og:image:type\" content=\"image\/webp\" \/>\n<meta name=\"twitter:card\" content=\"summary_large_image\" \/>\n<meta name=\"twitter:label1\" content=\"Dur\u00e9e de lecture estim\u00e9e\" \/>\n\t<meta name=\"twitter:data1\" content=\"1 minute\" \/>\n<!-- \/ Yoast SEO plugin. -->","yoast_head_json":{"title":"Commander NEAUVIA\u2122 ORGANIC STIMULATE MAN en ligne | Boutique en ligne | Kinami Health","description":"Commandez NEAUVIA Organic STIMULATE Man en ligne pour revitaliser votre peau. Ce produit de comblement unique redonne du volume \u00e0 la peau masculine, r\u00e9duit les rides et stimule efficacement le collag\u00e8ne.","robots":{"index":"index","follow":"follow","max-snippet":"max-snippet:-1","max-image-preview":"max-image-preview:large","max-video-preview":"max-video-preview:-1"},"canonical":"https:\/\/kinamihealth.com\/fr\/wp-json\/wp\/v2\/product\/109341","og_locale":"fr_FR","og_type":"article","og_title":"Commander NEAUVIA\u2122 ORGANIC STIMULATE MAN en ligne | Boutique en ligne | Kinami Health","og_description":"Commandez NEAUVIA Organic STIMULATE Man en ligne pour revitaliser votre peau. Ce produit de comblement unique redonne du volume \u00e0 la peau masculine, r\u00e9duit les rides et stimule efficacement le collag\u00e8ne.","og_url":"https:\/\/kinamihealth.com\/fr\/product\/neauvia-organic-stimulate-man\/","og_site_name":"Kinami Health","article_modified_time":"2026-01-21T16:12:53+00:00","og_image":[{"width":1500,"height":1500,"url":"https:\/\/kinamihealth.com\/wp-content\/uploads\/2025\/02\/Neauvia-Stimulate-Man_Front.webp","type":"image\/webp"}],"twitter_card":"summary_large_image","twitter_misc":{"Dur\u00e9e de lecture estim\u00e9e":"1 minute"},"schema":{"@context":"https:\/\/schema.org","@graph":[{"@type":"WebPage","@id":"https:\/\/kinamihealth.com\/fr\/product\/neauvia-organic-stimulate-man\/","url":"https:\/\/kinamihealth.com\/fr\/product\/neauvia-organic-stimulate-man\/","name":"Commander NEAUVIA\u2122 ORGANIC STIMULATE MAN en ligne | Boutique en ligne | Kinami Health","isPartOf":{"@id":"https:\/\/kinamihealth.com\/#website"},"primaryImageOfPage":{"@id":"https:\/\/kinamihealth.com\/fr\/product\/neauvia-organic-stimulate-man\/#primaryimage"},"image":{"@id":"https:\/\/kinamihealth.com\/fr\/product\/neauvia-organic-stimulate-man\/#primaryimage"},"thumbnailUrl":"https:\/\/kinamihealth.com\/wp-content\/uploads\/2025\/02\/Neauvia-Stimulate-Man_Front.webp","datePublished":"2025-02-15T16:56:24+00:00","dateModified":"2026-01-21T16:12:53+00:00","description":"Commandez NEAUVIA Organic STIMULATE Man en ligne pour revitaliser votre peau. Ce produit de comblement unique redonne du volume \u00e0 la peau masculine, r\u00e9duit les rides et stimule efficacement le collag\u00e8ne.","breadcrumb":{"@id":"https:\/\/kinamihealth.com\/fr\/product\/neauvia-organic-stimulate-man\/#breadcrumb"},"inLanguage":"fr-FR","potentialAction":[{"@type":"ReadAction","target":["https:\/\/kinamihealth.com\/fr\/product\/neauvia-organic-stimulate-man\/"]}]},{"@type":"ImageObject","inLanguage":"fr-FR","@id":"https:\/\/kinamihealth.com\/fr\/product\/neauvia-organic-stimulate-man\/#primaryimage","url":"https:\/\/kinamihealth.com\/wp-content\/uploads\/2025\/02\/Neauvia-Stimulate-Man_Front.webp","contentUrl":"https:\/\/kinamihealth.com\/wp-content\/uploads\/2025\/02\/Neauvia-Stimulate-Man_Front.webp","width":1500,"height":1500},{"@type":"BreadcrumbList","@id":"https:\/\/kinamihealth.com\/fr\/product\/neauvia-organic-stimulate-man\/#breadcrumb","itemListElement":[{"@type":"ListItem","position":1,"name":"Page d'accueil","item":"https:\/\/kinamihealth.com\/"},{"@type":"ListItem","position":2,"name":"Boutique","item":"https:\/\/kinamihealth.com\/shop\/"},{"@type":"ListItem","position":3,"name":"NEAUVIA\u2122 ORGANIC STIMULATE MAN"}]},{"@type":"WebSite","@id":"https:\/\/kinamihealth.com\/#website","url":"https:\/\/kinamihealth.com\/","name":"Kinami Health","description":"","publisher":{"@id":"https:\/\/kinamihealth.com\/#organization"},"potentialAction":[{"@type":"SearchAction","target":{"@type":"EntryPoint","urlTemplate":"https:\/\/kinamihealth.com\/?s={search_term_string}"},"query-input":{"@type":"PropertyValueSpecification","valueRequired":true,"valueName":"search_term_string"}}],"inLanguage":"fr-FR"},{"@type":"Organization","@id":"https:\/\/kinamihealth.com\/#organization","name":"Kinami Health","url":"https:\/\/kinamihealth.com\/","logo":{"@type":"ImageObject","inLanguage":"fr-FR","@id":"https:\/\/kinamihealth.com\/#\/schema\/logo\/image\/","url":"https:\/\/kinamihealth.com\/wp-content\/uploads\/2025\/01\/KH_logo_black_2-1.png","contentUrl":"https:\/\/kinamihealth.com\/wp-content\/uploads\/2025\/01\/KH_logo_black_2-1.png","width":339,"height":34,"caption":"Kinami Health"},"image":{"@id":"https:\/\/kinamihealth.com\/#\/schema\/logo\/image\/"}}]}},"_links":{"self":[{"href":"https:\/\/kinamihealth.com\/fr\/wp-json\/wp\/v2\/product\/109341","targetHints":{"allow":["GET"]}}],"collection":[{"href":"https:\/\/kinamihealth.com\/fr\/wp-json\/wp\/v2\/product"}],"about":[{"href":"https:\/\/kinamihealth.com\/fr\/wp-json\/wp\/v2\/types\/product"}],"replies":[{"embeddable":true,"href":"https:\/\/kinamihealth.com\/fr\/wp-json\/wp\/v2\/comments?post=109341"}],"version-history":[{"count":0,"href":"https:\/\/kinamihealth.com\/fr\/wp-json\/wp\/v2\/product\/109341\/revisions"}],"wp:featuredmedia":[{"embeddable":true,"href":"https:\/\/kinamihealth.com\/fr\/wp-json\/wp\/v2\/media\/109343"}],"wp:attachment":[{"href":"https:\/\/kinamihealth.com\/fr\/wp-json\/wp\/v2\/media?parent=109341"}],"wp:term":[{"taxonomy":"product_brand","embeddable":true,"href":"https:\/\/kinamihealth.com\/fr\/wp-json\/wp\/v2\/product_brand?post=109341"},{"taxonomy":"product_cat","embeddable":true,"href":"https:\/\/kinamihealth.com\/fr\/wp-json\/wp\/v2\/product_cat?post=109341"},{"taxonomy":"product_tag","embeddable":true,"href":"https:\/\/kinamihealth.com\/fr\/wp-json\/wp\/v2\/product_tag?post=109341"}],"curies":[{"name":"wp","href":"https:\/\/api.w.org\/{rel}","templated":true}]}}