{"id":109331,"date":"2025-02-15T16:56:23","date_gmt":"2025-02-15T16:56:23","guid":{"rendered":"https:\/\/kinamihealth.com\/product\/neauvia-organic-intense-rose\/"},"modified":"2026-01-21T16:12:41","modified_gmt":"2026-01-21T16:12:41","slug":"neauvia-organic-intense-rose","status":"publish","type":"product","link":"https:\/\/kinamihealth.com\/fr\/produit\/neauvia-organic-intense-rose\/","title":{"rendered":"NEAUVIA\u2122 ORGANIC INTENSE ROSE"},"content":{"rendered":"<p>Neauvia Intense Rose a \u00e9t\u00e9 con\u00e7u avec la plus forte concentration d&#8217;acide hyaluronique possible dans la gamme NEAUVIA : 28 mg\/ml. Son injection dans les grandes l\u00e8vres peut apporter un effet volumateur, raffermissant et correcteur de forme, avec un effet rajeunissant consid\u00e9rable. Il est destin\u00e9 \u00e0 des corrections \u00e0 effet volumateur dans la zone g\u00e9nitale f\u00e9minine.<\/p>\n","protected":false},"excerpt":{"rendered":"<p>Neauvia Intense Rose a \u00e9t\u00e9 con\u00e7u avec la plus forte concentration d&#8217;acide hyaluronique possible dans la gamme NEAUVIA : 28 mg\/ml. Son injection dans les grandes l\u00e8vres peut apporter un effet volumateur, raffermissant et correcteur de forme, avec un effet rajeunissant consid\u00e9rable. Il est destin\u00e9 \u00e0 des corrections \u00e0 effet volumateur dans la zone g\u00e9nitale [&hellip;]<\/p>\n","protected":false},"featured_media":109335,"comment_status":"closed","ping_status":"closed","template":"","meta":{"_acf_changed":false,"inline_featured_image":false},"product_brand":[1194],"product_cat":[1217],"product_tag":[1222],"class_list":{"0":"post-109331","1":"product","2":"type-product","3":"status-publish","4":"has-post-thumbnail","6":"product_brand-neauvia","7":"product_cat-produits-de-comblement-dermique","8":"product_tag-dispositifs-medicaux","10":"first","11":"instock","12":"taxable","13":"shipping-taxable","14":"purchasable","15":"product-type-simple","16":"add-to-wishlist-before_image"},"acf":[],"yoast_head":"<!-- This site is optimized with the Yoast SEO plugin v27.3 - https:\/\/yoast.com\/product\/yoast-seo-wordpress\/ -->\n<title>Commander NEAUVIA\u2122 ORGANIC INTENSE ROSE en ligne | Boutique en ligne | Kinami Health<\/title>\n<meta name=\"description\" content=\"Commandez Neauvia\u2122 Organic Intense Rose en ligne pour une augmentation et une restauration efficaces, ainsi qu&#039;un soulagement de la s\u00e9cheresse dans la zone intime f\u00e9minine.\" \/>\n<meta name=\"robots\" content=\"index, follow, max-snippet:-1, max-image-preview:large, max-video-preview:-1\" \/>\n<link rel=\"canonical\" href=\"https:\/\/kinamihealth.com\/fr\/wp-json\/wp\/v2\/product\/109331\" \/>\n<meta property=\"og:locale\" content=\"fr_FR\" \/>\n<meta property=\"og:type\" content=\"article\" \/>\n<meta property=\"og:title\" content=\"Commander NEAUVIA\u2122 ORGANIC INTENSE ROSE en ligne | Boutique en ligne | Kinami Health\" \/>\n<meta property=\"og:description\" content=\"Commandez Neauvia\u2122 Organic Intense Rose en ligne pour une augmentation et une restauration efficaces, ainsi qu&#039;un soulagement de la s\u00e9cheresse dans la zone intime f\u00e9minine.\" \/>\n<meta property=\"og:url\" content=\"https:\/\/kinamihealth.com\/fr\/product\/neauvia-organic-intense-rose\/\" \/>\n<meta property=\"og:site_name\" content=\"Kinami Health\" \/>\n<meta property=\"article:modified_time\" content=\"2026-01-21T16:12:41+00:00\" \/>\n<meta property=\"og:image\" content=\"https:\/\/kinamihealth.com\/wp-content\/uploads\/2025\/02\/NEAUVIA-INTENSE-ROSE-03.jpg\" \/>\n\t<meta property=\"og:image:width\" content=\"800\" \/>\n\t<meta property=\"og:image:height\" content=\"800\" \/>\n\t<meta property=\"og:image:type\" content=\"image\/jpeg\" \/>\n<meta name=\"twitter:card\" content=\"summary_large_image\" \/>\n<meta name=\"twitter:label1\" content=\"Dur\u00e9e de lecture estim\u00e9e\" \/>\n\t<meta name=\"twitter:data1\" content=\"1 minute\" \/>\n<!-- \/ Yoast SEO plugin. -->","yoast_head_json":{"title":"Commander NEAUVIA\u2122 ORGANIC INTENSE ROSE en ligne | Boutique en ligne | Kinami Health","description":"Commandez Neauvia\u2122 Organic Intense Rose en ligne pour une augmentation et une restauration efficaces, ainsi qu'un soulagement de la s\u00e9cheresse dans la zone intime f\u00e9minine.","robots":{"index":"index","follow":"follow","max-snippet":"max-snippet:-1","max-image-preview":"max-image-preview:large","max-video-preview":"max-video-preview:-1"},"canonical":"https:\/\/kinamihealth.com\/fr\/wp-json\/wp\/v2\/product\/109331","og_locale":"fr_FR","og_type":"article","og_title":"Commander NEAUVIA\u2122 ORGANIC INTENSE ROSE en ligne | Boutique en ligne | Kinami Health","og_description":"Commandez Neauvia\u2122 Organic Intense Rose en ligne pour une augmentation et une restauration efficaces, ainsi qu'un soulagement de la s\u00e9cheresse dans la zone intime f\u00e9minine.","og_url":"https:\/\/kinamihealth.com\/fr\/product\/neauvia-organic-intense-rose\/","og_site_name":"Kinami Health","article_modified_time":"2026-01-21T16:12:41+00:00","og_image":[{"width":800,"height":800,"url":"https:\/\/kinamihealth.com\/wp-content\/uploads\/2025\/02\/NEAUVIA-INTENSE-ROSE-03.jpg","type":"image\/jpeg"}],"twitter_card":"summary_large_image","twitter_misc":{"Dur\u00e9e de lecture estim\u00e9e":"1 minute"},"schema":{"@context":"https:\/\/schema.org","@graph":[{"@type":"WebPage","@id":"https:\/\/kinamihealth.com\/fr\/product\/neauvia-organic-intense-rose\/","url":"https:\/\/kinamihealth.com\/fr\/product\/neauvia-organic-intense-rose\/","name":"Commander NEAUVIA\u2122 ORGANIC INTENSE ROSE en ligne | Boutique en ligne | Kinami Health","isPartOf":{"@id":"https:\/\/kinamihealth.com\/#website"},"primaryImageOfPage":{"@id":"https:\/\/kinamihealth.com\/fr\/product\/neauvia-organic-intense-rose\/#primaryimage"},"image":{"@id":"https:\/\/kinamihealth.com\/fr\/product\/neauvia-organic-intense-rose\/#primaryimage"},"thumbnailUrl":"https:\/\/kinamihealth.com\/wp-content\/uploads\/2025\/02\/NEAUVIA-INTENSE-ROSE-03.jpg","datePublished":"2025-02-15T16:56:23+00:00","dateModified":"2026-01-21T16:12:41+00:00","description":"Commandez Neauvia\u2122 Organic Intense Rose en ligne pour une augmentation et une restauration efficaces, ainsi qu'un soulagement de la s\u00e9cheresse dans la zone intime f\u00e9minine.","breadcrumb":{"@id":"https:\/\/kinamihealth.com\/fr\/product\/neauvia-organic-intense-rose\/#breadcrumb"},"inLanguage":"fr-FR","potentialAction":[{"@type":"ReadAction","target":["https:\/\/kinamihealth.com\/fr\/product\/neauvia-organic-intense-rose\/"]}]},{"@type":"ImageObject","inLanguage":"fr-FR","@id":"https:\/\/kinamihealth.com\/fr\/product\/neauvia-organic-intense-rose\/#primaryimage","url":"https:\/\/kinamihealth.com\/wp-content\/uploads\/2025\/02\/NEAUVIA-INTENSE-ROSE-03.jpg","contentUrl":"https:\/\/kinamihealth.com\/wp-content\/uploads\/2025\/02\/NEAUVIA-INTENSE-ROSE-03.jpg","width":800,"height":800},{"@type":"BreadcrumbList","@id":"https:\/\/kinamihealth.com\/fr\/product\/neauvia-organic-intense-rose\/#breadcrumb","itemListElement":[{"@type":"ListItem","position":1,"name":"Page d'accueil","item":"https:\/\/kinamihealth.com\/"},{"@type":"ListItem","position":2,"name":"Boutique","item":"https:\/\/kinamihealth.com\/shop\/"},{"@type":"ListItem","position":3,"name":"NEAUVIA\u2122 ORGANIC INTENSE ROSE"}]},{"@type":"WebSite","@id":"https:\/\/kinamihealth.com\/#website","url":"https:\/\/kinamihealth.com\/","name":"Kinami Health","description":"","publisher":{"@id":"https:\/\/kinamihealth.com\/#organization"},"potentialAction":[{"@type":"SearchAction","target":{"@type":"EntryPoint","urlTemplate":"https:\/\/kinamihealth.com\/?s={search_term_string}"},"query-input":{"@type":"PropertyValueSpecification","valueRequired":true,"valueName":"search_term_string"}}],"inLanguage":"fr-FR"},{"@type":"Organization","@id":"https:\/\/kinamihealth.com\/#organization","name":"Kinami Health","url":"https:\/\/kinamihealth.com\/","logo":{"@type":"ImageObject","inLanguage":"fr-FR","@id":"https:\/\/kinamihealth.com\/#\/schema\/logo\/image\/","url":"https:\/\/kinamihealth.com\/wp-content\/uploads\/2025\/01\/KH_logo_black_2-1.png","contentUrl":"https:\/\/kinamihealth.com\/wp-content\/uploads\/2025\/01\/KH_logo_black_2-1.png","width":339,"height":34,"caption":"Kinami Health"},"image":{"@id":"https:\/\/kinamihealth.com\/#\/schema\/logo\/image\/"}}]}},"_links":{"self":[{"href":"https:\/\/kinamihealth.com\/fr\/wp-json\/wp\/v2\/product\/109331","targetHints":{"allow":["GET"]}}],"collection":[{"href":"https:\/\/kinamihealth.com\/fr\/wp-json\/wp\/v2\/product"}],"about":[{"href":"https:\/\/kinamihealth.com\/fr\/wp-json\/wp\/v2\/types\/product"}],"replies":[{"embeddable":true,"href":"https:\/\/kinamihealth.com\/fr\/wp-json\/wp\/v2\/comments?post=109331"}],"version-history":[{"count":0,"href":"https:\/\/kinamihealth.com\/fr\/wp-json\/wp\/v2\/product\/109331\/revisions"}],"wp:featuredmedia":[{"embeddable":true,"href":"https:\/\/kinamihealth.com\/fr\/wp-json\/wp\/v2\/media\/109335"}],"wp:attachment":[{"href":"https:\/\/kinamihealth.com\/fr\/wp-json\/wp\/v2\/media?parent=109331"}],"wp:term":[{"taxonomy":"product_brand","embeddable":true,"href":"https:\/\/kinamihealth.com\/fr\/wp-json\/wp\/v2\/product_brand?post=109331"},{"taxonomy":"product_cat","embeddable":true,"href":"https:\/\/kinamihealth.com\/fr\/wp-json\/wp\/v2\/product_cat?post=109331"},{"taxonomy":"product_tag","embeddable":true,"href":"https:\/\/kinamihealth.com\/fr\/wp-json\/wp\/v2\/product_tag?post=109331"}],"curies":[{"name":"wp","href":"https:\/\/api.w.org\/{rel}","templated":true}]}}