{"id":109325,"date":"2025-02-15T16:56:22","date_gmt":"2025-02-15T16:56:22","guid":{"rendered":"https:\/\/kinamihealth.com\/product\/neauvia-organic-intense-man\/"},"modified":"2026-01-21T16:12:16","modified_gmt":"2026-01-21T16:12:16","slug":"neauvia-organic-intense-man","status":"publish","type":"product","link":"https:\/\/kinamihealth.com\/fr\/produit\/neauvia-organic-intense-man\/","title":{"rendered":"NEAUVIA\u2122 ORGANIC INTENSE MAN"},"content":{"rendered":"<p>Neauvia Organic Intense est un produit de comblement volumateur \u00e0 base d&#8217;acide hyaluronique hautement bioint\u00e9grable et visco\u00e9lastique (technologie r\u00e9ticul\u00e9e PEG). Neauvia Organic Intense Man est particuli\u00e8rement adapt\u00e9 au comblement profond des d\u00e9pressions cutan\u00e9es (y compris les rides profondes et les sillons nasog\u00e9niens), des pommettes, du nez et du visage, chez les hommes pr\u00e9sentant une peau mod\u00e9r\u00e9ment ou fortement vieillie en raison de l&#8217;\u00e2ge.<\/p>\n","protected":false},"excerpt":{"rendered":"<p><strong>NEAUVIA ORGANIC INTENSE MAN <\/strong>est un produit<strong> de comblement dermique puissant et efficace, <\/strong>sp\u00e9cialement con\u00e7u pour la peau des hommes. Sa formulation unique et <strong>ses ingr\u00e9dients de qualit\u00e9 <\/strong>font de ce produit de comblement dermique le choix num\u00e9ro un pour les personnes qui souhaitent <strong>\u00e9liminer les rides profondes et marqu\u00e9es<\/strong>, <strong>remplacer le volume perdu<\/strong>, <strong>hydrater la peau s\u00e8che <\/strong>et <strong>\u00e9liminer les signes de l\u2019\u00e2ge chez les hommes<\/strong>.<\/p>\n","protected":false},"featured_media":109328,"comment_status":"closed","ping_status":"closed","template":"","meta":{"_acf_changed":false,"inline_featured_image":false},"product_brand":[1194],"product_cat":[1217],"product_tag":[1222],"class_list":{"0":"post-109325","1":"product","2":"type-product","3":"status-publish","4":"has-post-thumbnail","6":"product_brand-neauvia","7":"product_cat-produits-de-comblement-dermique","8":"product_tag-dispositifs-medicaux","10":"first","11":"instock","12":"taxable","13":"shipping-taxable","14":"purchasable","15":"product-type-simple","16":"add-to-wishlist-before_image"},"acf":[],"yoast_head":"<!-- This site is optimized with the Yoast SEO plugin v27.1.1 - https:\/\/yoast.com\/product\/yoast-seo-wordpress\/ -->\n<title>Commander NEAUVIA\u2122 ORGANIC INTENSE MAN en ligne | Boutique en ligne | Kinami Health<\/title>\n<meta name=\"description\" content=\"Commandez NEAUVIA ORGANIC INTENSE MAN en ligne pour raffermir la peau des hommes, restaurer leur \u00e9clat de jeunesse, augmenter l&#039;\u00e9lasticit\u00e9 cutan\u00e9e et lutter contre les signes de l\u2019\u00e2ge.\" \/>\n<meta name=\"robots\" content=\"index, follow, max-snippet:-1, max-image-preview:large, max-video-preview:-1\" \/>\n<link rel=\"canonical\" href=\"https:\/\/kinamihealth.com\/fr\/wp-json\/wp\/v2\/product\/109325\" \/>\n<meta property=\"og:locale\" content=\"fr_FR\" \/>\n<meta property=\"og:type\" content=\"article\" \/>\n<meta property=\"og:title\" content=\"Commander NEAUVIA\u2122 ORGANIC INTENSE MAN en ligne | Boutique en ligne | Kinami Health\" \/>\n<meta property=\"og:description\" content=\"Commandez NEAUVIA ORGANIC INTENSE MAN en ligne pour raffermir la peau des hommes, restaurer leur \u00e9clat de jeunesse, augmenter l&#039;\u00e9lasticit\u00e9 cutan\u00e9e et lutter contre les signes de l\u2019\u00e2ge.\" \/>\n<meta property=\"og:url\" content=\"https:\/\/kinamihealth.com\/fr\/product\/neauvia-organic-intense-man\/\" \/>\n<meta property=\"og:site_name\" content=\"Kinami Health\" \/>\n<meta property=\"article:modified_time\" content=\"2026-01-21T16:12:16+00:00\" \/>\n<meta property=\"og:image\" content=\"https:\/\/kinamihealth.com\/wp-content\/uploads\/2025\/02\/Neauvia-Intense-Man_FRONT.webp\" \/>\n\t<meta property=\"og:image:width\" content=\"1500\" \/>\n\t<meta property=\"og:image:height\" content=\"1500\" \/>\n\t<meta property=\"og:image:type\" content=\"image\/webp\" \/>\n<meta name=\"twitter:card\" content=\"summary_large_image\" \/>\n<meta name=\"twitter:label1\" content=\"Dur\u00e9e de lecture estim\u00e9e\" \/>\n\t<meta name=\"twitter:data1\" content=\"1 minute\" \/>\n<!-- \/ Yoast SEO plugin. -->","yoast_head_json":{"title":"Commander NEAUVIA\u2122 ORGANIC INTENSE MAN en ligne | Boutique en ligne | Kinami Health","description":"Commandez NEAUVIA ORGANIC INTENSE MAN en ligne pour raffermir la peau des hommes, restaurer leur \u00e9clat de jeunesse, augmenter l'\u00e9lasticit\u00e9 cutan\u00e9e et lutter contre les signes de l\u2019\u00e2ge.","robots":{"index":"index","follow":"follow","max-snippet":"max-snippet:-1","max-image-preview":"max-image-preview:large","max-video-preview":"max-video-preview:-1"},"canonical":"https:\/\/kinamihealth.com\/fr\/wp-json\/wp\/v2\/product\/109325","og_locale":"fr_FR","og_type":"article","og_title":"Commander NEAUVIA\u2122 ORGANIC INTENSE MAN en ligne | Boutique en ligne | Kinami Health","og_description":"Commandez NEAUVIA ORGANIC INTENSE MAN en ligne pour raffermir la peau des hommes, restaurer leur \u00e9clat de jeunesse, augmenter l'\u00e9lasticit\u00e9 cutan\u00e9e et lutter contre les signes de l\u2019\u00e2ge.","og_url":"https:\/\/kinamihealth.com\/fr\/product\/neauvia-organic-intense-man\/","og_site_name":"Kinami Health","article_modified_time":"2026-01-21T16:12:16+00:00","og_image":[{"width":1500,"height":1500,"url":"https:\/\/kinamihealth.com\/wp-content\/uploads\/2025\/02\/Neauvia-Intense-Man_FRONT.webp","type":"image\/webp"}],"twitter_card":"summary_large_image","twitter_misc":{"Dur\u00e9e de lecture estim\u00e9e":"1 minute"},"schema":{"@context":"https:\/\/schema.org","@graph":[{"@type":"WebPage","@id":"https:\/\/kinamihealth.com\/fr\/product\/neauvia-organic-intense-man\/","url":"https:\/\/kinamihealth.com\/fr\/product\/neauvia-organic-intense-man\/","name":"Commander NEAUVIA\u2122 ORGANIC INTENSE MAN en ligne | Boutique en ligne | Kinami Health","isPartOf":{"@id":"https:\/\/kinamihealth.com\/#website"},"primaryImageOfPage":{"@id":"https:\/\/kinamihealth.com\/fr\/product\/neauvia-organic-intense-man\/#primaryimage"},"image":{"@id":"https:\/\/kinamihealth.com\/fr\/product\/neauvia-organic-intense-man\/#primaryimage"},"thumbnailUrl":"https:\/\/kinamihealth.com\/wp-content\/uploads\/2025\/02\/Neauvia-Intense-Man_FRONT.webp","datePublished":"2025-02-15T16:56:22+00:00","dateModified":"2026-01-21T16:12:16+00:00","description":"Commandez NEAUVIA ORGANIC INTENSE MAN en ligne pour raffermir la peau des hommes, restaurer leur \u00e9clat de jeunesse, augmenter l'\u00e9lasticit\u00e9 cutan\u00e9e et lutter contre les signes de l\u2019\u00e2ge.","breadcrumb":{"@id":"https:\/\/kinamihealth.com\/fr\/product\/neauvia-organic-intense-man\/#breadcrumb"},"inLanguage":"fr-FR","potentialAction":[{"@type":"ReadAction","target":["https:\/\/kinamihealth.com\/fr\/product\/neauvia-organic-intense-man\/"]}]},{"@type":"ImageObject","inLanguage":"fr-FR","@id":"https:\/\/kinamihealth.com\/fr\/product\/neauvia-organic-intense-man\/#primaryimage","url":"https:\/\/kinamihealth.com\/wp-content\/uploads\/2025\/02\/Neauvia-Intense-Man_FRONT.webp","contentUrl":"https:\/\/kinamihealth.com\/wp-content\/uploads\/2025\/02\/Neauvia-Intense-Man_FRONT.webp","width":1500,"height":1500},{"@type":"BreadcrumbList","@id":"https:\/\/kinamihealth.com\/fr\/product\/neauvia-organic-intense-man\/#breadcrumb","itemListElement":[{"@type":"ListItem","position":1,"name":"Page d'accueil","item":"https:\/\/kinamihealth.com\/"},{"@type":"ListItem","position":2,"name":"Boutique","item":"https:\/\/kinamihealth.com\/shop\/"},{"@type":"ListItem","position":3,"name":"NEAUVIA\u2122 ORGANIC INTENSE MAN"}]},{"@type":"WebSite","@id":"https:\/\/kinamihealth.com\/#website","url":"https:\/\/kinamihealth.com\/","name":"Kinami Health","description":"","publisher":{"@id":"https:\/\/kinamihealth.com\/#organization"},"potentialAction":[{"@type":"SearchAction","target":{"@type":"EntryPoint","urlTemplate":"https:\/\/kinamihealth.com\/?s={search_term_string}"},"query-input":{"@type":"PropertyValueSpecification","valueRequired":true,"valueName":"search_term_string"}}],"inLanguage":"fr-FR"},{"@type":"Organization","@id":"https:\/\/kinamihealth.com\/#organization","name":"Kinami Health","url":"https:\/\/kinamihealth.com\/","logo":{"@type":"ImageObject","inLanguage":"fr-FR","@id":"https:\/\/kinamihealth.com\/#\/schema\/logo\/image\/","url":"https:\/\/kinamihealth.com\/wp-content\/uploads\/2025\/01\/KH_logo_black_2-1.png","contentUrl":"https:\/\/kinamihealth.com\/wp-content\/uploads\/2025\/01\/KH_logo_black_2-1.png","width":339,"height":34,"caption":"Kinami Health"},"image":{"@id":"https:\/\/kinamihealth.com\/#\/schema\/logo\/image\/"}}]}},"_links":{"self":[{"href":"https:\/\/kinamihealth.com\/fr\/wp-json\/wp\/v2\/product\/109325","targetHints":{"allow":["GET"]}}],"collection":[{"href":"https:\/\/kinamihealth.com\/fr\/wp-json\/wp\/v2\/product"}],"about":[{"href":"https:\/\/kinamihealth.com\/fr\/wp-json\/wp\/v2\/types\/product"}],"replies":[{"embeddable":true,"href":"https:\/\/kinamihealth.com\/fr\/wp-json\/wp\/v2\/comments?post=109325"}],"version-history":[{"count":0,"href":"https:\/\/kinamihealth.com\/fr\/wp-json\/wp\/v2\/product\/109325\/revisions"}],"wp:featuredmedia":[{"embeddable":true,"href":"https:\/\/kinamihealth.com\/fr\/wp-json\/wp\/v2\/media\/109328"}],"wp:attachment":[{"href":"https:\/\/kinamihealth.com\/fr\/wp-json\/wp\/v2\/media?parent=109325"}],"wp:term":[{"taxonomy":"product_brand","embeddable":true,"href":"https:\/\/kinamihealth.com\/fr\/wp-json\/wp\/v2\/product_brand?post=109325"},{"taxonomy":"product_cat","embeddable":true,"href":"https:\/\/kinamihealth.com\/fr\/wp-json\/wp\/v2\/product_cat?post=109325"},{"taxonomy":"product_tag","embeddable":true,"href":"https:\/\/kinamihealth.com\/fr\/wp-json\/wp\/v2\/product_tag?post=109325"}],"curies":[{"name":"wp","href":"https:\/\/api.w.org\/{rel}","templated":true}]}}