{"id":109321,"date":"2025-02-15T16:56:20","date_gmt":"2025-02-15T16:56:20","guid":{"rendered":"https:\/\/kinamihealth.com\/product\/neauvia-organic-intense-flux\/"},"modified":"2026-01-21T16:11:51","modified_gmt":"2026-01-21T16:11:51","slug":"neauvia-organic-intense-flux","status":"publish","type":"product","link":"https:\/\/kinamihealth.com\/fr\/produit\/neauvia-organic-intense-flux\/","title":{"rendered":"NEAUVIA\u2122 ORGANIC INTENSE FLUX"},"content":{"rendered":"<p>Neauvia\u2122 Organic Intense Flux est un produit de comblement dermique \u00e0 volumateur \u00e0 base d&#8217;acide hyaluronique \u00e0 haute bio-int\u00e9gration et faible visco\u00e9lasticit\u00e9. Ce dispositif m\u00e9dical est destin\u00e9 \u00e0 la restauration des volumes perdus en profondeur. Ce produit peut \u00eatre utilis\u00e9 sur les peaux mod\u00e9r\u00e9ment \u00e0 s\u00e9v\u00e8rement vieillies. Le produit est inject\u00e9 dans la couche intradermique. Il est destin\u00e9 \u00e0 la restauration et correction du volume des tissus profonds, au comblement des sillons nasog\u00e9niens, \u00e0 l&#8217;augmentation du volume des l\u00e8vres, \u00e0 la restauration du volume des contours du visage, au remodelage du menton et des joues.<\/p>\n","protected":false},"excerpt":{"rendered":"<p><strong>Neauvia Organic Intense Flux <\/strong>est un <strong>produit de comblement dermique sp\u00e9cialis\u00e9 <\/strong>qui contient de <strong>l&#8217;acide hyaluronique de la plus haute qualit\u00e9<\/strong>, ce qui lui permet de <strong>traiter le vieillissement cutan\u00e9 <\/strong>autour des zones les plus visibles telles que les yeux, le cou, la bouche et le d\u00e9collet\u00e9. Cet hydrogel incroyablement efficace permet <strong>de corriger<\/strong> magistralement <strong>les rides profondes<\/strong>, <strong>de remodeler les sillons nasog\u00e9niens <\/strong>et <strong>de rehausser les pommettes et le menton<\/strong>.<\/p>\n","protected":false},"featured_media":109322,"comment_status":"closed","ping_status":"closed","template":"","meta":{"_acf_changed":false,"inline_featured_image":false},"product_brand":[1194],"product_cat":[1217],"product_tag":[1222],"class_list":{"0":"post-109321","1":"product","2":"type-product","3":"status-publish","4":"has-post-thumbnail","6":"product_brand-neauvia","7":"product_cat-produits-de-comblement-dermique","8":"product_tag-dispositifs-medicaux","10":"first","11":"instock","12":"taxable","13":"shipping-taxable","14":"purchasable","15":"product-type-simple","16":"add-to-wishlist-before_image"},"acf":[],"yoast_head":"<!-- This site is optimized with the Yoast SEO plugin v27.1.1 - https:\/\/yoast.com\/product\/yoast-seo-wordpress\/ -->\n<title>Commander NEAUVIA\u2122 ORGANIC INTENSE FLUX en ligne | Boutique en ligne | Kinami Health<\/title>\n<meta name=\"description\" content=\"Commandez Neauvia Organic Intense Flux en ligne, un produit de comblement dermique hautement efficace qui traite le vieillissement cutan\u00e9 autour des yeux, de la bouche, du cou et du d\u00e9collet\u00e9 avec un grand succ\u00e8s.\" \/>\n<meta name=\"robots\" content=\"index, follow, max-snippet:-1, max-image-preview:large, max-video-preview:-1\" \/>\n<link rel=\"canonical\" href=\"https:\/\/kinamihealth.com\/fr\/wp-json\/wp\/v2\/product\/109321\" \/>\n<meta property=\"og:locale\" content=\"fr_FR\" \/>\n<meta property=\"og:type\" content=\"article\" \/>\n<meta property=\"og:title\" content=\"Commander NEAUVIA\u2122 ORGANIC INTENSE FLUX en ligne | Boutique en ligne | Kinami Health\" \/>\n<meta property=\"og:description\" content=\"Commandez Neauvia Organic Intense Flux en ligne, un produit de comblement dermique hautement efficace qui traite le vieillissement cutan\u00e9 autour des yeux, de la bouche, du cou et du d\u00e9collet\u00e9 avec un grand succ\u00e8s.\" \/>\n<meta property=\"og:url\" content=\"https:\/\/kinamihealth.com\/fr\/product\/neauvia-organic-intense-flux\/\" \/>\n<meta property=\"og:site_name\" content=\"Kinami Health\" \/>\n<meta property=\"article:modified_time\" content=\"2026-01-21T16:11:51+00:00\" \/>\n<meta property=\"og:image\" content=\"https:\/\/kinamihealth.com\/wp-content\/uploads\/2025\/02\/NEAUVIA-INTENSE-FLUX-01.jpg\" \/>\n\t<meta property=\"og:image:width\" content=\"800\" \/>\n\t<meta property=\"og:image:height\" content=\"800\" \/>\n\t<meta property=\"og:image:type\" content=\"image\/jpeg\" \/>\n<meta name=\"twitter:card\" content=\"summary_large_image\" \/>\n<meta name=\"twitter:label1\" content=\"Dur\u00e9e de lecture estim\u00e9e\" \/>\n\t<meta name=\"twitter:data1\" content=\"1 minute\" \/>\n<!-- \/ Yoast SEO plugin. -->","yoast_head_json":{"title":"Commander NEAUVIA\u2122 ORGANIC INTENSE FLUX en ligne | Boutique en ligne | Kinami Health","description":"Commandez Neauvia Organic Intense Flux en ligne, un produit de comblement dermique hautement efficace qui traite le vieillissement cutan\u00e9 autour des yeux, de la bouche, du cou et du d\u00e9collet\u00e9 avec un grand succ\u00e8s.","robots":{"index":"index","follow":"follow","max-snippet":"max-snippet:-1","max-image-preview":"max-image-preview:large","max-video-preview":"max-video-preview:-1"},"canonical":"https:\/\/kinamihealth.com\/fr\/wp-json\/wp\/v2\/product\/109321","og_locale":"fr_FR","og_type":"article","og_title":"Commander NEAUVIA\u2122 ORGANIC INTENSE FLUX en ligne | Boutique en ligne | Kinami Health","og_description":"Commandez Neauvia Organic Intense Flux en ligne, un produit de comblement dermique hautement efficace qui traite le vieillissement cutan\u00e9 autour des yeux, de la bouche, du cou et du d\u00e9collet\u00e9 avec un grand succ\u00e8s.","og_url":"https:\/\/kinamihealth.com\/fr\/product\/neauvia-organic-intense-flux\/","og_site_name":"Kinami Health","article_modified_time":"2026-01-21T16:11:51+00:00","og_image":[{"width":800,"height":800,"url":"https:\/\/kinamihealth.com\/wp-content\/uploads\/2025\/02\/NEAUVIA-INTENSE-FLUX-01.jpg","type":"image\/jpeg"}],"twitter_card":"summary_large_image","twitter_misc":{"Dur\u00e9e de lecture estim\u00e9e":"1 minute"},"schema":{"@context":"https:\/\/schema.org","@graph":[{"@type":"WebPage","@id":"https:\/\/kinamihealth.com\/fr\/product\/neauvia-organic-intense-flux\/","url":"https:\/\/kinamihealth.com\/fr\/product\/neauvia-organic-intense-flux\/","name":"Commander NEAUVIA\u2122 ORGANIC INTENSE FLUX en ligne | Boutique en ligne | Kinami Health","isPartOf":{"@id":"https:\/\/kinamihealth.com\/#website"},"primaryImageOfPage":{"@id":"https:\/\/kinamihealth.com\/fr\/product\/neauvia-organic-intense-flux\/#primaryimage"},"image":{"@id":"https:\/\/kinamihealth.com\/fr\/product\/neauvia-organic-intense-flux\/#primaryimage"},"thumbnailUrl":"https:\/\/kinamihealth.com\/wp-content\/uploads\/2025\/02\/NEAUVIA-INTENSE-FLUX-01.jpg","datePublished":"2025-02-15T16:56:20+00:00","dateModified":"2026-01-21T16:11:51+00:00","description":"Commandez Neauvia Organic Intense Flux en ligne, un produit de comblement dermique hautement efficace qui traite le vieillissement cutan\u00e9 autour des yeux, de la bouche, du cou et du d\u00e9collet\u00e9 avec un grand succ\u00e8s.","breadcrumb":{"@id":"https:\/\/kinamihealth.com\/fr\/product\/neauvia-organic-intense-flux\/#breadcrumb"},"inLanguage":"fr-FR","potentialAction":[{"@type":"ReadAction","target":["https:\/\/kinamihealth.com\/fr\/product\/neauvia-organic-intense-flux\/"]}]},{"@type":"ImageObject","inLanguage":"fr-FR","@id":"https:\/\/kinamihealth.com\/fr\/product\/neauvia-organic-intense-flux\/#primaryimage","url":"https:\/\/kinamihealth.com\/wp-content\/uploads\/2025\/02\/NEAUVIA-INTENSE-FLUX-01.jpg","contentUrl":"https:\/\/kinamihealth.com\/wp-content\/uploads\/2025\/02\/NEAUVIA-INTENSE-FLUX-01.jpg","width":800,"height":800},{"@type":"BreadcrumbList","@id":"https:\/\/kinamihealth.com\/fr\/product\/neauvia-organic-intense-flux\/#breadcrumb","itemListElement":[{"@type":"ListItem","position":1,"name":"Page d'accueil","item":"https:\/\/kinamihealth.com\/"},{"@type":"ListItem","position":2,"name":"Boutique","item":"https:\/\/kinamihealth.com\/shop\/"},{"@type":"ListItem","position":3,"name":"NEAUVIA\u2122 ORGANIC INTENSE FLUX"}]},{"@type":"WebSite","@id":"https:\/\/kinamihealth.com\/#website","url":"https:\/\/kinamihealth.com\/","name":"Kinami Health","description":"","publisher":{"@id":"https:\/\/kinamihealth.com\/#organization"},"potentialAction":[{"@type":"SearchAction","target":{"@type":"EntryPoint","urlTemplate":"https:\/\/kinamihealth.com\/?s={search_term_string}"},"query-input":{"@type":"PropertyValueSpecification","valueRequired":true,"valueName":"search_term_string"}}],"inLanguage":"fr-FR"},{"@type":"Organization","@id":"https:\/\/kinamihealth.com\/#organization","name":"Kinami Health","url":"https:\/\/kinamihealth.com\/","logo":{"@type":"ImageObject","inLanguage":"fr-FR","@id":"https:\/\/kinamihealth.com\/#\/schema\/logo\/image\/","url":"https:\/\/kinamihealth.com\/wp-content\/uploads\/2025\/01\/KH_logo_black_2-1.png","contentUrl":"https:\/\/kinamihealth.com\/wp-content\/uploads\/2025\/01\/KH_logo_black_2-1.png","width":339,"height":34,"caption":"Kinami Health"},"image":{"@id":"https:\/\/kinamihealth.com\/#\/schema\/logo\/image\/"}}]}},"_links":{"self":[{"href":"https:\/\/kinamihealth.com\/fr\/wp-json\/wp\/v2\/product\/109321","targetHints":{"allow":["GET"]}}],"collection":[{"href":"https:\/\/kinamihealth.com\/fr\/wp-json\/wp\/v2\/product"}],"about":[{"href":"https:\/\/kinamihealth.com\/fr\/wp-json\/wp\/v2\/types\/product"}],"replies":[{"embeddable":true,"href":"https:\/\/kinamihealth.com\/fr\/wp-json\/wp\/v2\/comments?post=109321"}],"version-history":[{"count":0,"href":"https:\/\/kinamihealth.com\/fr\/wp-json\/wp\/v2\/product\/109321\/revisions"}],"wp:featuredmedia":[{"embeddable":true,"href":"https:\/\/kinamihealth.com\/fr\/wp-json\/wp\/v2\/media\/109322"}],"wp:attachment":[{"href":"https:\/\/kinamihealth.com\/fr\/wp-json\/wp\/v2\/media?parent=109321"}],"wp:term":[{"taxonomy":"product_brand","embeddable":true,"href":"https:\/\/kinamihealth.com\/fr\/wp-json\/wp\/v2\/product_brand?post=109321"},{"taxonomy":"product_cat","embeddable":true,"href":"https:\/\/kinamihealth.com\/fr\/wp-json\/wp\/v2\/product_cat?post=109321"},{"taxonomy":"product_tag","embeddable":true,"href":"https:\/\/kinamihealth.com\/fr\/wp-json\/wp\/v2\/product_tag?post=109321"}],"curies":[{"name":"wp","href":"https:\/\/api.w.org\/{rel}","templated":true}]}}