{"id":109316,"date":"2025-02-15T16:56:20","date_gmt":"2025-02-15T16:56:20","guid":{"rendered":"https:\/\/kinamihealth.com\/product\/neauvia-organic-intense-lips\/"},"modified":"2026-01-21T16:12:02","modified_gmt":"2026-01-21T16:12:02","slug":"neauvia-organic-intense-lips","status":"publish","type":"product","link":"https:\/\/kinamihealth.com\/fr\/produit\/neauvia-organic-intense-lips\/","title":{"rendered":"NEAUVIA\u2122 ORGANIC INTENSE LIPS"},"content":{"rendered":"<p>Neauvia Organic Intense Lips est destin\u00e9 \u00e0 l&#8217;augmentation, le contour et la revitalisation des l\u00e8vres. Le produit contient les acides amin\u00e9s glycine et L-proline, qui sont les principaux composants du collag\u00e8ne. Cela garantit l&#8217;\u00e9lasticit\u00e9 des l\u00e8vres et procure une sensation naturelle. Ce produit de comblement dermique convient pour l&#8217;augmentation, le contour et la revitalisation des l\u00e8vres.<\/p>\n","protected":false},"excerpt":{"rendered":"<p><strong>Neauvia Organic Intense Lips <\/strong>est un <strong>produit de comblement dermique exceptionnel <\/strong>d\u00e9velopp\u00e9 \u00e0 l&#8217;aide des derni\u00e8res technologies visant \u00e0 traiter et <strong>\u00e0 am\u00e9liorer le volume des l\u00e8vres<\/strong>. Le produit contient <strong>des ingr\u00e9dients de la<\/strong> plus haute <strong>qualit\u00e9 <\/strong>destin\u00e9s \u00e0 offrir <strong>des l\u00e8vres plus pulpeuses<\/strong>, <strong>d&#8217;apparence naturelle <\/strong>et <strong>en bonne sant\u00e9<\/strong>.<\/p>\n","protected":false},"featured_media":109320,"comment_status":"closed","ping_status":"closed","template":"","meta":{"_acf_changed":false,"inline_featured_image":false},"product_brand":[1194],"product_cat":[1217],"product_tag":[1222],"class_list":{"0":"post-109316","1":"product","2":"type-product","3":"status-publish","4":"has-post-thumbnail","6":"product_brand-neauvia","7":"product_cat-produits-de-comblement-dermique","8":"product_tag-dispositifs-medicaux","10":"first","11":"instock","12":"taxable","13":"shipping-taxable","14":"purchasable","15":"product-type-simple","16":"add-to-wishlist-before_image"},"acf":[],"yoast_head":"<!-- This site is optimized with the Yoast SEO plugin v27.1.1 - https:\/\/yoast.com\/product\/yoast-seo-wordpress\/ -->\n<title>Commander NEAUVIA\u2122 ORGANIC INTENSE LIPS en ligne | Boutique en ligne | Kinami Health<\/title>\n<meta name=\"description\" content=\"Commandez Neauvia Organic Intense Lips en ligne et utilisez ce nouveau produit de comblement dermique fascinant pour augmenter le volume, l&#039;hydratation, l&#039;\u00e9lasticit\u00e9 et l&#039;intensit\u00e9 de vos l\u00e8vres.\" \/>\n<meta name=\"robots\" content=\"index, follow, max-snippet:-1, max-image-preview:large, max-video-preview:-1\" \/>\n<link rel=\"canonical\" href=\"https:\/\/kinamihealth.com\/fr\/wp-json\/wp\/v2\/product\/109316\" \/>\n<meta property=\"og:locale\" content=\"fr_FR\" \/>\n<meta property=\"og:type\" content=\"article\" \/>\n<meta property=\"og:title\" content=\"Commander NEAUVIA\u2122 ORGANIC INTENSE LIPS en ligne | Boutique en ligne | Kinami Health\" \/>\n<meta property=\"og:description\" content=\"Commandez Neauvia Organic Intense Lips en ligne et utilisez ce nouveau produit de comblement dermique fascinant pour augmenter le volume, l&#039;hydratation, l&#039;\u00e9lasticit\u00e9 et l&#039;intensit\u00e9 de vos l\u00e8vres.\" \/>\n<meta property=\"og:url\" content=\"https:\/\/kinamihealth.com\/fr\/product\/neauvia-organic-intense-lips\/\" \/>\n<meta property=\"og:site_name\" content=\"Kinami Health\" \/>\n<meta property=\"article:modified_time\" content=\"2026-01-21T16:12:02+00:00\" \/>\n<meta property=\"og:image\" content=\"https:\/\/kinamihealth.com\/wp-content\/uploads\/2025\/02\/NEAUVIA-INTENSE-LIPS-03.jpg\" \/>\n\t<meta property=\"og:image:width\" content=\"800\" \/>\n\t<meta property=\"og:image:height\" content=\"800\" \/>\n\t<meta property=\"og:image:type\" content=\"image\/jpeg\" \/>\n<meta name=\"twitter:card\" content=\"summary_large_image\" \/>\n<meta name=\"twitter:label1\" content=\"Dur\u00e9e de lecture estim\u00e9e\" \/>\n\t<meta name=\"twitter:data1\" content=\"1 minute\" \/>\n<!-- \/ Yoast SEO plugin. -->","yoast_head_json":{"title":"Commander NEAUVIA\u2122 ORGANIC INTENSE LIPS en ligne | Boutique en ligne | Kinami Health","description":"Commandez Neauvia Organic Intense Lips en ligne et utilisez ce nouveau produit de comblement dermique fascinant pour augmenter le volume, l'hydratation, l'\u00e9lasticit\u00e9 et l'intensit\u00e9 de vos l\u00e8vres.","robots":{"index":"index","follow":"follow","max-snippet":"max-snippet:-1","max-image-preview":"max-image-preview:large","max-video-preview":"max-video-preview:-1"},"canonical":"https:\/\/kinamihealth.com\/fr\/wp-json\/wp\/v2\/product\/109316","og_locale":"fr_FR","og_type":"article","og_title":"Commander NEAUVIA\u2122 ORGANIC INTENSE LIPS en ligne | Boutique en ligne | Kinami Health","og_description":"Commandez Neauvia Organic Intense Lips en ligne et utilisez ce nouveau produit de comblement dermique fascinant pour augmenter le volume, l'hydratation, l'\u00e9lasticit\u00e9 et l'intensit\u00e9 de vos l\u00e8vres.","og_url":"https:\/\/kinamihealth.com\/fr\/product\/neauvia-organic-intense-lips\/","og_site_name":"Kinami Health","article_modified_time":"2026-01-21T16:12:02+00:00","og_image":[{"width":800,"height":800,"url":"https:\/\/kinamihealth.com\/wp-content\/uploads\/2025\/02\/NEAUVIA-INTENSE-LIPS-03.jpg","type":"image\/jpeg"}],"twitter_card":"summary_large_image","twitter_misc":{"Dur\u00e9e de lecture estim\u00e9e":"1 minute"},"schema":{"@context":"https:\/\/schema.org","@graph":[{"@type":"WebPage","@id":"https:\/\/kinamihealth.com\/fr\/product\/neauvia-organic-intense-lips\/","url":"https:\/\/kinamihealth.com\/fr\/product\/neauvia-organic-intense-lips\/","name":"Commander NEAUVIA\u2122 ORGANIC INTENSE LIPS en ligne | Boutique en ligne | Kinami Health","isPartOf":{"@id":"https:\/\/kinamihealth.com\/#website"},"primaryImageOfPage":{"@id":"https:\/\/kinamihealth.com\/fr\/product\/neauvia-organic-intense-lips\/#primaryimage"},"image":{"@id":"https:\/\/kinamihealth.com\/fr\/product\/neauvia-organic-intense-lips\/#primaryimage"},"thumbnailUrl":"https:\/\/kinamihealth.com\/wp-content\/uploads\/2025\/02\/NEAUVIA-INTENSE-LIPS-03.jpg","datePublished":"2025-02-15T16:56:20+00:00","dateModified":"2026-01-21T16:12:02+00:00","description":"Commandez Neauvia Organic Intense Lips en ligne et utilisez ce nouveau produit de comblement dermique fascinant pour augmenter le volume, l'hydratation, l'\u00e9lasticit\u00e9 et l'intensit\u00e9 de vos l\u00e8vres.","breadcrumb":{"@id":"https:\/\/kinamihealth.com\/fr\/product\/neauvia-organic-intense-lips\/#breadcrumb"},"inLanguage":"fr-FR","potentialAction":[{"@type":"ReadAction","target":["https:\/\/kinamihealth.com\/fr\/product\/neauvia-organic-intense-lips\/"]}]},{"@type":"ImageObject","inLanguage":"fr-FR","@id":"https:\/\/kinamihealth.com\/fr\/product\/neauvia-organic-intense-lips\/#primaryimage","url":"https:\/\/kinamihealth.com\/wp-content\/uploads\/2025\/02\/NEAUVIA-INTENSE-LIPS-03.jpg","contentUrl":"https:\/\/kinamihealth.com\/wp-content\/uploads\/2025\/02\/NEAUVIA-INTENSE-LIPS-03.jpg","width":800,"height":800},{"@type":"BreadcrumbList","@id":"https:\/\/kinamihealth.com\/fr\/product\/neauvia-organic-intense-lips\/#breadcrumb","itemListElement":[{"@type":"ListItem","position":1,"name":"Page d'accueil","item":"https:\/\/kinamihealth.com\/"},{"@type":"ListItem","position":2,"name":"Boutique","item":"https:\/\/kinamihealth.com\/shop\/"},{"@type":"ListItem","position":3,"name":"NEAUVIA\u2122 ORGANIC INTENSE LIPS"}]},{"@type":"WebSite","@id":"https:\/\/kinamihealth.com\/#website","url":"https:\/\/kinamihealth.com\/","name":"Kinami Health","description":"","publisher":{"@id":"https:\/\/kinamihealth.com\/#organization"},"potentialAction":[{"@type":"SearchAction","target":{"@type":"EntryPoint","urlTemplate":"https:\/\/kinamihealth.com\/?s={search_term_string}"},"query-input":{"@type":"PropertyValueSpecification","valueRequired":true,"valueName":"search_term_string"}}],"inLanguage":"fr-FR"},{"@type":"Organization","@id":"https:\/\/kinamihealth.com\/#organization","name":"Kinami Health","url":"https:\/\/kinamihealth.com\/","logo":{"@type":"ImageObject","inLanguage":"fr-FR","@id":"https:\/\/kinamihealth.com\/#\/schema\/logo\/image\/","url":"https:\/\/kinamihealth.com\/wp-content\/uploads\/2025\/01\/KH_logo_black_2-1.png","contentUrl":"https:\/\/kinamihealth.com\/wp-content\/uploads\/2025\/01\/KH_logo_black_2-1.png","width":339,"height":34,"caption":"Kinami Health"},"image":{"@id":"https:\/\/kinamihealth.com\/#\/schema\/logo\/image\/"}}]}},"_links":{"self":[{"href":"https:\/\/kinamihealth.com\/fr\/wp-json\/wp\/v2\/product\/109316","targetHints":{"allow":["GET"]}}],"collection":[{"href":"https:\/\/kinamihealth.com\/fr\/wp-json\/wp\/v2\/product"}],"about":[{"href":"https:\/\/kinamihealth.com\/fr\/wp-json\/wp\/v2\/types\/product"}],"replies":[{"embeddable":true,"href":"https:\/\/kinamihealth.com\/fr\/wp-json\/wp\/v2\/comments?post=109316"}],"version-history":[{"count":0,"href":"https:\/\/kinamihealth.com\/fr\/wp-json\/wp\/v2\/product\/109316\/revisions"}],"wp:featuredmedia":[{"embeddable":true,"href":"https:\/\/kinamihealth.com\/fr\/wp-json\/wp\/v2\/media\/109320"}],"wp:attachment":[{"href":"https:\/\/kinamihealth.com\/fr\/wp-json\/wp\/v2\/media?parent=109316"}],"wp:term":[{"taxonomy":"product_brand","embeddable":true,"href":"https:\/\/kinamihealth.com\/fr\/wp-json\/wp\/v2\/product_brand?post=109316"},{"taxonomy":"product_cat","embeddable":true,"href":"https:\/\/kinamihealth.com\/fr\/wp-json\/wp\/v2\/product_cat?post=109316"},{"taxonomy":"product_tag","embeddable":true,"href":"https:\/\/kinamihealth.com\/fr\/wp-json\/wp\/v2\/product_tag?post=109316"}],"curies":[{"name":"wp","href":"https:\/\/api.w.org\/{rel}","templated":true}]}}