{"id":109311,"date":"2025-02-15T16:56:19","date_gmt":"2025-02-15T16:56:19","guid":{"rendered":"https:\/\/kinamihealth.com\/product\/neauvia-organic-intense\/"},"modified":"2026-01-21T16:11:47","modified_gmt":"2026-01-21T16:11:47","slug":"neauvia-organic-intense","status":"publish","type":"product","link":"https:\/\/kinamihealth.com\/fr\/produit\/neauvia-organic-intense\/","title":{"rendered":"NEAUVIA\u2122 ORGANIC INTENSE"},"content":{"rendered":"<p>Neauvia Organic Intense est particuli\u00e8rement adapt\u00e9 au comblement profond des d\u00e9pressions cutan\u00e9es (y compris les rides profondes et les sillons nasog\u00e9niens), des pommettes, du nez et des contours du visage, chez les peaux mod\u00e9r\u00e9ment et s\u00e9v\u00e8rement vieillies. Neauvia Organic Intense est un produit volumateur \u00e0 haute bio-int\u00e9gration et \u00e0 base d&#8217;acide hyaluronique visco\u00e9lastique. Parmi les produits de la gamme Neauvia, ce gel contient la plus forte concentration d&#8217;acide hyaluronique et ainsi offre une restauration du volume et correction des tissus profondes.<\/p>\n","protected":false},"excerpt":{"rendered":"<p><strong>Neauvia Organic Intense <\/strong>est un <strong>produit de comblement dermique \u00e0 base d&#8217;acide hyaluronique <\/strong>puissant et <strong>soigneusement con\u00e7u <\/strong>qui <strong>am\u00e9liore<\/strong> efficacement <strong>l&#8217;\u00e9lasticit\u00e9 de la peau <\/strong>en <strong>remodelant la peau vieillissante <\/strong>et <strong>en \u00e9liminant les rides profondes<\/strong>. Ce produit de comblement dermique efficace poss\u00e8de des propri\u00e9t\u00e9s de comblement en profondeur, s&#8217;attaquant m\u00eame aux rides tenaces et compensant la perte de volume de la peau.<\/p>\n","protected":false},"featured_media":109315,"comment_status":"closed","ping_status":"closed","template":"","meta":{"_acf_changed":false,"inline_featured_image":false},"product_brand":[1194],"product_cat":[1217],"product_tag":[1222],"class_list":{"0":"post-109311","1":"product","2":"type-product","3":"status-publish","4":"has-post-thumbnail","6":"product_brand-neauvia","7":"product_cat-produits-de-comblement-dermique","8":"product_tag-dispositifs-medicaux","10":"first","11":"instock","12":"taxable","13":"shipping-taxable","14":"purchasable","15":"product-type-simple","16":"add-to-wishlist-before_image"},"acf":[],"yoast_head":"<!-- This site is optimized with the Yoast SEO plugin v27.1.1 - https:\/\/yoast.com\/product\/yoast-seo-wordpress\/ -->\n<title>Commander NEAUVIA\u2122 ORGANIC INTENSE en ligne | Boutique en ligne | Kinami Health<\/title>\n<meta name=\"description\" content=\"Commandez Neauvia\u2122 Organic Intense en ligne, un produit de comblement dermique \u00e0 base d&#039;acide hyaluronique qui poss\u00e8de des propri\u00e9t\u00e9s exceptionnelles pour rajeunir la peau vieillissante.\" \/>\n<meta name=\"robots\" content=\"index, follow, max-snippet:-1, max-image-preview:large, max-video-preview:-1\" \/>\n<link rel=\"canonical\" href=\"https:\/\/kinamihealth.com\/fr\/wp-json\/wp\/v2\/product\/109311\" \/>\n<meta property=\"og:locale\" content=\"fr_FR\" \/>\n<meta property=\"og:type\" content=\"article\" \/>\n<meta property=\"og:title\" content=\"Commander NEAUVIA\u2122 ORGANIC INTENSE en ligne | Boutique en ligne | Kinami Health\" \/>\n<meta property=\"og:description\" content=\"Commandez Neauvia\u2122 Organic Intense en ligne, un produit de comblement dermique \u00e0 base d&#039;acide hyaluronique qui poss\u00e8de des propri\u00e9t\u00e9s exceptionnelles pour rajeunir la peau vieillissante.\" \/>\n<meta property=\"og:url\" content=\"https:\/\/kinamihealth.com\/fr\/product\/neauvia-organic-intense\/\" \/>\n<meta property=\"og:site_name\" content=\"Kinami Health\" \/>\n<meta property=\"article:modified_time\" content=\"2026-01-21T16:11:47+00:00\" \/>\n<meta property=\"og:image\" content=\"https:\/\/kinamihealth.com\/wp-content\/uploads\/2025\/02\/NEAUVIA-INTENSE-03.jpg\" \/>\n\t<meta property=\"og:image:width\" content=\"800\" \/>\n\t<meta property=\"og:image:height\" content=\"800\" \/>\n\t<meta property=\"og:image:type\" content=\"image\/jpeg\" \/>\n<meta name=\"twitter:card\" content=\"summary_large_image\" \/>\n<meta name=\"twitter:label1\" content=\"Dur\u00e9e de lecture estim\u00e9e\" \/>\n\t<meta name=\"twitter:data1\" content=\"1 minute\" \/>\n<!-- \/ Yoast SEO plugin. -->","yoast_head_json":{"title":"Commander NEAUVIA\u2122 ORGANIC INTENSE en ligne | Boutique en ligne | Kinami Health","description":"Commandez Neauvia\u2122 Organic Intense en ligne, un produit de comblement dermique \u00e0 base d'acide hyaluronique qui poss\u00e8de des propri\u00e9t\u00e9s exceptionnelles pour rajeunir la peau vieillissante.","robots":{"index":"index","follow":"follow","max-snippet":"max-snippet:-1","max-image-preview":"max-image-preview:large","max-video-preview":"max-video-preview:-1"},"canonical":"https:\/\/kinamihealth.com\/fr\/wp-json\/wp\/v2\/product\/109311","og_locale":"fr_FR","og_type":"article","og_title":"Commander NEAUVIA\u2122 ORGANIC INTENSE en ligne | Boutique en ligne | Kinami Health","og_description":"Commandez Neauvia\u2122 Organic Intense en ligne, un produit de comblement dermique \u00e0 base d'acide hyaluronique qui poss\u00e8de des propri\u00e9t\u00e9s exceptionnelles pour rajeunir la peau vieillissante.","og_url":"https:\/\/kinamihealth.com\/fr\/product\/neauvia-organic-intense\/","og_site_name":"Kinami Health","article_modified_time":"2026-01-21T16:11:47+00:00","og_image":[{"width":800,"height":800,"url":"https:\/\/kinamihealth.com\/wp-content\/uploads\/2025\/02\/NEAUVIA-INTENSE-03.jpg","type":"image\/jpeg"}],"twitter_card":"summary_large_image","twitter_misc":{"Dur\u00e9e de lecture estim\u00e9e":"1 minute"},"schema":{"@context":"https:\/\/schema.org","@graph":[{"@type":"WebPage","@id":"https:\/\/kinamihealth.com\/fr\/product\/neauvia-organic-intense\/","url":"https:\/\/kinamihealth.com\/fr\/product\/neauvia-organic-intense\/","name":"Commander NEAUVIA\u2122 ORGANIC INTENSE en ligne | Boutique en ligne | Kinami Health","isPartOf":{"@id":"https:\/\/kinamihealth.com\/#website"},"primaryImageOfPage":{"@id":"https:\/\/kinamihealth.com\/fr\/product\/neauvia-organic-intense\/#primaryimage"},"image":{"@id":"https:\/\/kinamihealth.com\/fr\/product\/neauvia-organic-intense\/#primaryimage"},"thumbnailUrl":"https:\/\/kinamihealth.com\/wp-content\/uploads\/2025\/02\/NEAUVIA-INTENSE-03.jpg","datePublished":"2025-02-15T16:56:19+00:00","dateModified":"2026-01-21T16:11:47+00:00","description":"Commandez Neauvia\u2122 Organic Intense en ligne, un produit de comblement dermique \u00e0 base d'acide hyaluronique qui poss\u00e8de des propri\u00e9t\u00e9s exceptionnelles pour rajeunir la peau vieillissante.","breadcrumb":{"@id":"https:\/\/kinamihealth.com\/fr\/product\/neauvia-organic-intense\/#breadcrumb"},"inLanguage":"fr-FR","potentialAction":[{"@type":"ReadAction","target":["https:\/\/kinamihealth.com\/fr\/product\/neauvia-organic-intense\/"]}]},{"@type":"ImageObject","inLanguage":"fr-FR","@id":"https:\/\/kinamihealth.com\/fr\/product\/neauvia-organic-intense\/#primaryimage","url":"https:\/\/kinamihealth.com\/wp-content\/uploads\/2025\/02\/NEAUVIA-INTENSE-03.jpg","contentUrl":"https:\/\/kinamihealth.com\/wp-content\/uploads\/2025\/02\/NEAUVIA-INTENSE-03.jpg","width":800,"height":800},{"@type":"BreadcrumbList","@id":"https:\/\/kinamihealth.com\/fr\/product\/neauvia-organic-intense\/#breadcrumb","itemListElement":[{"@type":"ListItem","position":1,"name":"Page d'accueil","item":"https:\/\/kinamihealth.com\/"},{"@type":"ListItem","position":2,"name":"Boutique","item":"https:\/\/kinamihealth.com\/shop\/"},{"@type":"ListItem","position":3,"name":"NEAUVIA\u2122 ORGANIC INTENSE"}]},{"@type":"WebSite","@id":"https:\/\/kinamihealth.com\/#website","url":"https:\/\/kinamihealth.com\/","name":"Kinami Health","description":"","publisher":{"@id":"https:\/\/kinamihealth.com\/#organization"},"potentialAction":[{"@type":"SearchAction","target":{"@type":"EntryPoint","urlTemplate":"https:\/\/kinamihealth.com\/?s={search_term_string}"},"query-input":{"@type":"PropertyValueSpecification","valueRequired":true,"valueName":"search_term_string"}}],"inLanguage":"fr-FR"},{"@type":"Organization","@id":"https:\/\/kinamihealth.com\/#organization","name":"Kinami Health","url":"https:\/\/kinamihealth.com\/","logo":{"@type":"ImageObject","inLanguage":"fr-FR","@id":"https:\/\/kinamihealth.com\/#\/schema\/logo\/image\/","url":"https:\/\/kinamihealth.com\/wp-content\/uploads\/2025\/01\/KH_logo_black_2-1.png","contentUrl":"https:\/\/kinamihealth.com\/wp-content\/uploads\/2025\/01\/KH_logo_black_2-1.png","width":339,"height":34,"caption":"Kinami Health"},"image":{"@id":"https:\/\/kinamihealth.com\/#\/schema\/logo\/image\/"}}]}},"_links":{"self":[{"href":"https:\/\/kinamihealth.com\/fr\/wp-json\/wp\/v2\/product\/109311","targetHints":{"allow":["GET"]}}],"collection":[{"href":"https:\/\/kinamihealth.com\/fr\/wp-json\/wp\/v2\/product"}],"about":[{"href":"https:\/\/kinamihealth.com\/fr\/wp-json\/wp\/v2\/types\/product"}],"replies":[{"embeddable":true,"href":"https:\/\/kinamihealth.com\/fr\/wp-json\/wp\/v2\/comments?post=109311"}],"version-history":[{"count":0,"href":"https:\/\/kinamihealth.com\/fr\/wp-json\/wp\/v2\/product\/109311\/revisions"}],"wp:featuredmedia":[{"embeddable":true,"href":"https:\/\/kinamihealth.com\/fr\/wp-json\/wp\/v2\/media\/109315"}],"wp:attachment":[{"href":"https:\/\/kinamihealth.com\/fr\/wp-json\/wp\/v2\/media?parent=109311"}],"wp:term":[{"taxonomy":"product_brand","embeddable":true,"href":"https:\/\/kinamihealth.com\/fr\/wp-json\/wp\/v2\/product_brand?post=109311"},{"taxonomy":"product_cat","embeddable":true,"href":"https:\/\/kinamihealth.com\/fr\/wp-json\/wp\/v2\/product_cat?post=109311"},{"taxonomy":"product_tag","embeddable":true,"href":"https:\/\/kinamihealth.com\/fr\/wp-json\/wp\/v2\/product_tag?post=109311"}],"curies":[{"name":"wp","href":"https:\/\/api.w.org\/{rel}","templated":true}]}}