{"id":109310,"date":"2025-02-15T16:56:18","date_gmt":"2025-02-15T16:56:18","guid":{"rendered":"https:\/\/kinamihealth.com\/product\/neauvia-organic-hydro-deluxe-man\/"},"modified":"2026-01-21T16:11:41","modified_gmt":"2026-01-21T16:11:41","slug":"neauvia-organic-hydro-deluxe-man","status":"publish","type":"product","link":"https:\/\/kinamihealth.com\/fr\/produit\/neauvia-organic-hydro-deluxe-man\/","title":{"rendered":"NEAUVIA\u2122 ORGANIC HYDRO DELUXE MAN"},"content":{"rendered":"<p>Neauvia\u2122 Hydro Deluxe Man offre un effet positif visible et durable pour la peau masculine. Appliqu\u00e9 sur n&#8217;importe quelle zone du visage, du cou, du d\u00e9collet\u00e9, des mains, des coudes et des genoux, Hydro Deluxe Man augmente efficacement l&#8217;hydratation et la qualit\u00e9 de la peau. Ce produit optimise \u00e9galement l&#8217;\u00e9lasticit\u00e9 et le processus naturel de production de collag\u00e8ne de l&#8217;organisme. Neauvia Hydro Deluxe Man restaure ainsi la peau fatigu\u00e9e et stress\u00e9e des hommes, qui donne souvent un aspect plus mature et moins esth\u00e9tique.<\/p>\n","protected":false},"excerpt":{"rendered":"<p>Neauvia\u2122 Hydro Deluxe Man offre un effet positif visible et durable pour la peau masculine. Appliqu\u00e9 sur n&#8217;importe quelle zone du visage, du cou, du d\u00e9collet\u00e9, des mains, des coudes et des genoux, Hydro Deluxe Man augmente efficacement l&#8217;hydratation et la qualit\u00e9 de la peau. Ce produit optimise \u00e9galement l&#8217;\u00e9lasticit\u00e9 et le processus naturel de [&hellip;]<\/p>\n","protected":false},"featured_media":109305,"comment_status":"closed","ping_status":"closed","template":"","meta":{"_acf_changed":false,"inline_featured_image":false},"product_brand":[1194],"product_cat":[1217],"product_tag":[1222],"class_list":{"0":"post-109310","1":"product","2":"type-product","3":"status-publish","4":"has-post-thumbnail","6":"product_brand-neauvia","7":"product_cat-produits-de-comblement-dermique","8":"product_tag-dispositifs-medicaux","10":"first","11":"instock","12":"taxable","13":"shipping-taxable","14":"purchasable","15":"product-type-simple","16":"add-to-wishlist-before_image"},"acf":[],"yoast_head":"<!-- This site is optimized with the Yoast SEO plugin v27.1.1 - https:\/\/yoast.com\/product\/yoast-seo-wordpress\/ -->\n<title>Commander NEAUVIA\u2122 ORGANIC HYDRO DELUXE MAN en ligne | Boutique en ligne | Kinami Health<\/title>\n<meta name=\"description\" content=\"Commandez NEAUVIA ORGANIC HYDRO DELUXE MAN en ligne, un produit professionnel pour la peau qui combat les probl\u00e8mes li\u00e9s au vieillissement cutan\u00e9 chez les hommes et ravive efficacement les peaux ternes.\" \/>\n<meta name=\"robots\" content=\"index, follow, max-snippet:-1, max-image-preview:large, max-video-preview:-1\" \/>\n<link rel=\"canonical\" href=\"https:\/\/kinamihealth.com\/fr\/wp-json\/wp\/v2\/product\/109310\" \/>\n<meta property=\"og:locale\" content=\"fr_FR\" \/>\n<meta property=\"og:type\" content=\"article\" \/>\n<meta property=\"og:title\" content=\"Commander NEAUVIA\u2122 ORGANIC HYDRO DELUXE MAN en ligne | Boutique en ligne | Kinami Health\" \/>\n<meta property=\"og:description\" content=\"Commandez NEAUVIA ORGANIC HYDRO DELUXE MAN en ligne, un produit professionnel pour la peau qui combat les probl\u00e8mes li\u00e9s au vieillissement cutan\u00e9 chez les hommes et ravive efficacement les peaux ternes.\" \/>\n<meta property=\"og:url\" content=\"https:\/\/kinamihealth.com\/fr\/product\/neauvia-organic-hydro-deluxe-man\/\" \/>\n<meta property=\"og:site_name\" content=\"Kinami Health\" \/>\n<meta property=\"article:modified_time\" content=\"2026-01-21T16:11:41+00:00\" \/>\n<meta property=\"og:image\" content=\"https:\/\/kinamihealth.com\/wp-content\/uploads\/2025\/02\/NEAUVIA-HYDRODELUXE-MAN-01.jpg\" \/>\n\t<meta property=\"og:image:width\" content=\"800\" \/>\n\t<meta property=\"og:image:height\" content=\"800\" \/>\n\t<meta property=\"og:image:type\" content=\"image\/jpeg\" \/>\n<meta name=\"twitter:card\" content=\"summary_large_image\" \/>\n<meta name=\"twitter:label1\" content=\"Dur\u00e9e de lecture estim\u00e9e\" \/>\n\t<meta name=\"twitter:data1\" content=\"1 minute\" \/>\n<!-- \/ Yoast SEO plugin. -->","yoast_head_json":{"title":"Commander NEAUVIA\u2122 ORGANIC HYDRO DELUXE MAN en ligne | Boutique en ligne | Kinami Health","description":"Commandez NEAUVIA ORGANIC HYDRO DELUXE MAN en ligne, un produit professionnel pour la peau qui combat les probl\u00e8mes li\u00e9s au vieillissement cutan\u00e9 chez les hommes et ravive efficacement les peaux ternes.","robots":{"index":"index","follow":"follow","max-snippet":"max-snippet:-1","max-image-preview":"max-image-preview:large","max-video-preview":"max-video-preview:-1"},"canonical":"https:\/\/kinamihealth.com\/fr\/wp-json\/wp\/v2\/product\/109310","og_locale":"fr_FR","og_type":"article","og_title":"Commander NEAUVIA\u2122 ORGANIC HYDRO DELUXE MAN en ligne | Boutique en ligne | Kinami Health","og_description":"Commandez NEAUVIA ORGANIC HYDRO DELUXE MAN en ligne, un produit professionnel pour la peau qui combat les probl\u00e8mes li\u00e9s au vieillissement cutan\u00e9 chez les hommes et ravive efficacement les peaux ternes.","og_url":"https:\/\/kinamihealth.com\/fr\/product\/neauvia-organic-hydro-deluxe-man\/","og_site_name":"Kinami Health","article_modified_time":"2026-01-21T16:11:41+00:00","og_image":[{"width":800,"height":800,"url":"https:\/\/kinamihealth.com\/wp-content\/uploads\/2025\/02\/NEAUVIA-HYDRODELUXE-MAN-01.jpg","type":"image\/jpeg"}],"twitter_card":"summary_large_image","twitter_misc":{"Dur\u00e9e de lecture estim\u00e9e":"1 minute"},"schema":{"@context":"https:\/\/schema.org","@graph":[{"@type":"WebPage","@id":"https:\/\/kinamihealth.com\/fr\/product\/neauvia-organic-hydro-deluxe-man\/","url":"https:\/\/kinamihealth.com\/fr\/product\/neauvia-organic-hydro-deluxe-man\/","name":"Commander NEAUVIA\u2122 ORGANIC HYDRO DELUXE MAN en ligne | Boutique en ligne | Kinami Health","isPartOf":{"@id":"https:\/\/kinamihealth.com\/#website"},"primaryImageOfPage":{"@id":"https:\/\/kinamihealth.com\/fr\/product\/neauvia-organic-hydro-deluxe-man\/#primaryimage"},"image":{"@id":"https:\/\/kinamihealth.com\/fr\/product\/neauvia-organic-hydro-deluxe-man\/#primaryimage"},"thumbnailUrl":"https:\/\/kinamihealth.com\/wp-content\/uploads\/2025\/02\/NEAUVIA-HYDRODELUXE-MAN-01.jpg","datePublished":"2025-02-15T16:56:18+00:00","dateModified":"2026-01-21T16:11:41+00:00","description":"Commandez NEAUVIA ORGANIC HYDRO DELUXE MAN en ligne, un produit professionnel pour la peau qui combat les probl\u00e8mes li\u00e9s au vieillissement cutan\u00e9 chez les hommes et ravive efficacement les peaux ternes.","breadcrumb":{"@id":"https:\/\/kinamihealth.com\/fr\/product\/neauvia-organic-hydro-deluxe-man\/#breadcrumb"},"inLanguage":"fr-FR","potentialAction":[{"@type":"ReadAction","target":["https:\/\/kinamihealth.com\/fr\/product\/neauvia-organic-hydro-deluxe-man\/"]}]},{"@type":"ImageObject","inLanguage":"fr-FR","@id":"https:\/\/kinamihealth.com\/fr\/product\/neauvia-organic-hydro-deluxe-man\/#primaryimage","url":"https:\/\/kinamihealth.com\/wp-content\/uploads\/2025\/02\/NEAUVIA-HYDRODELUXE-MAN-01.jpg","contentUrl":"https:\/\/kinamihealth.com\/wp-content\/uploads\/2025\/02\/NEAUVIA-HYDRODELUXE-MAN-01.jpg","width":800,"height":800},{"@type":"BreadcrumbList","@id":"https:\/\/kinamihealth.com\/fr\/product\/neauvia-organic-hydro-deluxe-man\/#breadcrumb","itemListElement":[{"@type":"ListItem","position":1,"name":"Page d'accueil","item":"https:\/\/kinamihealth.com\/"},{"@type":"ListItem","position":2,"name":"Boutique","item":"https:\/\/kinamihealth.com\/shop\/"},{"@type":"ListItem","position":3,"name":"NEAUVIA\u2122 ORGANIC HYDRO DELUXE MAN"}]},{"@type":"WebSite","@id":"https:\/\/kinamihealth.com\/#website","url":"https:\/\/kinamihealth.com\/","name":"Kinami Health","description":"","publisher":{"@id":"https:\/\/kinamihealth.com\/#organization"},"potentialAction":[{"@type":"SearchAction","target":{"@type":"EntryPoint","urlTemplate":"https:\/\/kinamihealth.com\/?s={search_term_string}"},"query-input":{"@type":"PropertyValueSpecification","valueRequired":true,"valueName":"search_term_string"}}],"inLanguage":"fr-FR"},{"@type":"Organization","@id":"https:\/\/kinamihealth.com\/#organization","name":"Kinami Health","url":"https:\/\/kinamihealth.com\/","logo":{"@type":"ImageObject","inLanguage":"fr-FR","@id":"https:\/\/kinamihealth.com\/#\/schema\/logo\/image\/","url":"https:\/\/kinamihealth.com\/wp-content\/uploads\/2025\/01\/KH_logo_black_2-1.png","contentUrl":"https:\/\/kinamihealth.com\/wp-content\/uploads\/2025\/01\/KH_logo_black_2-1.png","width":339,"height":34,"caption":"Kinami Health"},"image":{"@id":"https:\/\/kinamihealth.com\/#\/schema\/logo\/image\/"}}]}},"_links":{"self":[{"href":"https:\/\/kinamihealth.com\/fr\/wp-json\/wp\/v2\/product\/109310","targetHints":{"allow":["GET"]}}],"collection":[{"href":"https:\/\/kinamihealth.com\/fr\/wp-json\/wp\/v2\/product"}],"about":[{"href":"https:\/\/kinamihealth.com\/fr\/wp-json\/wp\/v2\/types\/product"}],"replies":[{"embeddable":true,"href":"https:\/\/kinamihealth.com\/fr\/wp-json\/wp\/v2\/comments?post=109310"}],"version-history":[{"count":0,"href":"https:\/\/kinamihealth.com\/fr\/wp-json\/wp\/v2\/product\/109310\/revisions"}],"wp:featuredmedia":[{"embeddable":true,"href":"https:\/\/kinamihealth.com\/fr\/wp-json\/wp\/v2\/media\/109305"}],"wp:attachment":[{"href":"https:\/\/kinamihealth.com\/fr\/wp-json\/wp\/v2\/media?parent=109310"}],"wp:term":[{"taxonomy":"product_brand","embeddable":true,"href":"https:\/\/kinamihealth.com\/fr\/wp-json\/wp\/v2\/product_brand?post=109310"},{"taxonomy":"product_cat","embeddable":true,"href":"https:\/\/kinamihealth.com\/fr\/wp-json\/wp\/v2\/product_cat?post=109310"},{"taxonomy":"product_tag","embeddable":true,"href":"https:\/\/kinamihealth.com\/fr\/wp-json\/wp\/v2\/product_tag?post=109310"}],"curies":[{"name":"wp","href":"https:\/\/api.w.org\/{rel}","templated":true}]}}