{"id":109304,"date":"2025-02-15T16:56:13","date_gmt":"2025-02-15T16:56:13","guid":{"rendered":"https:\/\/kinamihealth.com\/product\/neauvia-organic-hydro-deluxe\/"},"modified":"2026-01-21T16:11:35","modified_gmt":"2026-01-21T16:11:35","slug":"neauvia-organic-hydro-deluxe","status":"publish","type":"product","link":"https:\/\/kinamihealth.com\/fr\/produit\/neauvia-organic-hydro-deluxe\/","title":{"rendered":"NEAUVIA\u2122 ORGANIC HYDRO DELUXE"},"content":{"rendered":"<p>Neauvia Organic Hydro Deluxe contient 18 mg\/ml d&#8217;acide hyaluronique pur issu du Bacillus subtilis. L&#8217;acide hyaluronique non r\u00e9ticul\u00e9, avec une concentration maximale de 18 mg\/ml, offre un effet hydratant optimal pour la peau. Il restaure la qualit\u00e9 de la peau vieillissante et am\u00e9liore son \u00e9lasticit\u00e9 et son hydratation.<\/p>\n","protected":false},"excerpt":{"rendered":"<p><strong>Neauvia Organic Hydro Deluxe <\/strong>est un <strong>produit de comblement dermique ultra-efficace <\/strong>qui vise \u00e0 effacer les premiers signes de l\u2019\u00e2ge tout en <strong>restaurant la fra\u00eecheur de la peau<\/strong>, <strong>en la raffermissant <\/strong>et en lui apportant <strong>un \u00e9clat naturel et durable<\/strong>. Ce produit a une grande capacit\u00e9 \u00e0 <strong>favoriser le rajeunissement de la peau <\/strong>et <strong>\u00e0 am\u00e9liorer sa densit\u00e9 <\/strong>pour obtenir <strong>une peau d\u2019apparence jeune et saine<\/strong>.<\/p>\n","protected":false},"featured_media":109309,"comment_status":"closed","ping_status":"closed","template":"","meta":{"_acf_changed":false,"inline_featured_image":false},"product_brand":[1194],"product_cat":[1217],"product_tag":[1222],"class_list":{"0":"post-109304","1":"product","2":"type-product","3":"status-publish","4":"has-post-thumbnail","6":"product_brand-neauvia","7":"product_cat-produits-de-comblement-dermique","8":"product_tag-dispositifs-medicaux","10":"first","11":"instock","12":"taxable","13":"shipping-taxable","14":"purchasable","15":"product-type-simple","16":"add-to-wishlist-before_image"},"acf":[],"yoast_head":"<!-- This site is optimized with the Yoast SEO plugin v27.1.1 - https:\/\/yoast.com\/product\/yoast-seo-wordpress\/ -->\n<title>Commander NEAUVIA\u2122 ORGANIC HYDRO DELUXE en ligne | Boutique en ligne | Kinami Health<\/title>\n<meta name=\"description\" content=\"Commandez Neauvia Organic Hydro Deluxe en ligne, un produit de comblement dermique extr\u00eamement efficace qui optimise l&#039;hydratation de la peau et \u00e9limine les signes de l\u2019\u00e2ge.\" \/>\n<meta name=\"robots\" content=\"index, follow, max-snippet:-1, max-image-preview:large, max-video-preview:-1\" \/>\n<link rel=\"canonical\" href=\"https:\/\/kinamihealth.com\/fr\/wp-json\/wp\/v2\/product\/109304\" \/>\n<meta property=\"og:locale\" content=\"fr_FR\" \/>\n<meta property=\"og:type\" content=\"article\" \/>\n<meta property=\"og:title\" content=\"Commander NEAUVIA\u2122 ORGANIC HYDRO DELUXE en ligne | Boutique en ligne | Kinami Health\" \/>\n<meta property=\"og:description\" content=\"Commandez Neauvia Organic Hydro Deluxe en ligne, un produit de comblement dermique extr\u00eamement efficace qui optimise l&#039;hydratation de la peau et \u00e9limine les signes de l\u2019\u00e2ge.\" \/>\n<meta property=\"og:url\" content=\"https:\/\/kinamihealth.com\/fr\/product\/neauvia-organic-hydro-deluxe\/\" \/>\n<meta property=\"og:site_name\" content=\"Kinami Health\" \/>\n<meta property=\"article:modified_time\" content=\"2026-01-21T16:11:35+00:00\" \/>\n<meta property=\"og:image\" content=\"https:\/\/kinamihealth.com\/wp-content\/uploads\/2025\/02\/NEAUVIA-HYDRODELUXE-2X1-01.jpg\" \/>\n\t<meta property=\"og:image:width\" content=\"800\" \/>\n\t<meta property=\"og:image:height\" content=\"800\" \/>\n\t<meta property=\"og:image:type\" content=\"image\/jpeg\" \/>\n<meta name=\"twitter:card\" content=\"summary_large_image\" \/>\n<meta name=\"twitter:label1\" content=\"Dur\u00e9e de lecture estim\u00e9e\" \/>\n\t<meta name=\"twitter:data1\" content=\"1 minute\" \/>\n<!-- \/ Yoast SEO plugin. -->","yoast_head_json":{"title":"Commander NEAUVIA\u2122 ORGANIC HYDRO DELUXE en ligne | Boutique en ligne | Kinami Health","description":"Commandez Neauvia Organic Hydro Deluxe en ligne, un produit de comblement dermique extr\u00eamement efficace qui optimise l'hydratation de la peau et \u00e9limine les signes de l\u2019\u00e2ge.","robots":{"index":"index","follow":"follow","max-snippet":"max-snippet:-1","max-image-preview":"max-image-preview:large","max-video-preview":"max-video-preview:-1"},"canonical":"https:\/\/kinamihealth.com\/fr\/wp-json\/wp\/v2\/product\/109304","og_locale":"fr_FR","og_type":"article","og_title":"Commander NEAUVIA\u2122 ORGANIC HYDRO DELUXE en ligne | Boutique en ligne | Kinami Health","og_description":"Commandez Neauvia Organic Hydro Deluxe en ligne, un produit de comblement dermique extr\u00eamement efficace qui optimise l'hydratation de la peau et \u00e9limine les signes de l\u2019\u00e2ge.","og_url":"https:\/\/kinamihealth.com\/fr\/product\/neauvia-organic-hydro-deluxe\/","og_site_name":"Kinami Health","article_modified_time":"2026-01-21T16:11:35+00:00","og_image":[{"width":800,"height":800,"url":"https:\/\/kinamihealth.com\/wp-content\/uploads\/2025\/02\/NEAUVIA-HYDRODELUXE-2X1-01.jpg","type":"image\/jpeg"}],"twitter_card":"summary_large_image","twitter_misc":{"Dur\u00e9e de lecture estim\u00e9e":"1 minute"},"schema":{"@context":"https:\/\/schema.org","@graph":[{"@type":"WebPage","@id":"https:\/\/kinamihealth.com\/fr\/product\/neauvia-organic-hydro-deluxe\/","url":"https:\/\/kinamihealth.com\/fr\/product\/neauvia-organic-hydro-deluxe\/","name":"Commander NEAUVIA\u2122 ORGANIC HYDRO DELUXE en ligne | Boutique en ligne | Kinami Health","isPartOf":{"@id":"https:\/\/kinamihealth.com\/#website"},"primaryImageOfPage":{"@id":"https:\/\/kinamihealth.com\/fr\/product\/neauvia-organic-hydro-deluxe\/#primaryimage"},"image":{"@id":"https:\/\/kinamihealth.com\/fr\/product\/neauvia-organic-hydro-deluxe\/#primaryimage"},"thumbnailUrl":"https:\/\/kinamihealth.com\/wp-content\/uploads\/2025\/02\/NEAUVIA-HYDRODELUXE-2X1-01.jpg","datePublished":"2025-02-15T16:56:13+00:00","dateModified":"2026-01-21T16:11:35+00:00","description":"Commandez Neauvia Organic Hydro Deluxe en ligne, un produit de comblement dermique extr\u00eamement efficace qui optimise l'hydratation de la peau et \u00e9limine les signes de l\u2019\u00e2ge.","breadcrumb":{"@id":"https:\/\/kinamihealth.com\/fr\/product\/neauvia-organic-hydro-deluxe\/#breadcrumb"},"inLanguage":"fr-FR","potentialAction":[{"@type":"ReadAction","target":["https:\/\/kinamihealth.com\/fr\/product\/neauvia-organic-hydro-deluxe\/"]}]},{"@type":"ImageObject","inLanguage":"fr-FR","@id":"https:\/\/kinamihealth.com\/fr\/product\/neauvia-organic-hydro-deluxe\/#primaryimage","url":"https:\/\/kinamihealth.com\/wp-content\/uploads\/2025\/02\/NEAUVIA-HYDRODELUXE-2X1-01.jpg","contentUrl":"https:\/\/kinamihealth.com\/wp-content\/uploads\/2025\/02\/NEAUVIA-HYDRODELUXE-2X1-01.jpg","width":800,"height":800},{"@type":"BreadcrumbList","@id":"https:\/\/kinamihealth.com\/fr\/product\/neauvia-organic-hydro-deluxe\/#breadcrumb","itemListElement":[{"@type":"ListItem","position":1,"name":"Page d'accueil","item":"https:\/\/kinamihealth.com\/"},{"@type":"ListItem","position":2,"name":"Boutique","item":"https:\/\/kinamihealth.com\/shop\/"},{"@type":"ListItem","position":3,"name":"NEAUVIA\u2122 ORGANIC HYDRO DELUXE"}]},{"@type":"WebSite","@id":"https:\/\/kinamihealth.com\/#website","url":"https:\/\/kinamihealth.com\/","name":"Kinami Health","description":"","publisher":{"@id":"https:\/\/kinamihealth.com\/#organization"},"potentialAction":[{"@type":"SearchAction","target":{"@type":"EntryPoint","urlTemplate":"https:\/\/kinamihealth.com\/?s={search_term_string}"},"query-input":{"@type":"PropertyValueSpecification","valueRequired":true,"valueName":"search_term_string"}}],"inLanguage":"fr-FR"},{"@type":"Organization","@id":"https:\/\/kinamihealth.com\/#organization","name":"Kinami Health","url":"https:\/\/kinamihealth.com\/","logo":{"@type":"ImageObject","inLanguage":"fr-FR","@id":"https:\/\/kinamihealth.com\/#\/schema\/logo\/image\/","url":"https:\/\/kinamihealth.com\/wp-content\/uploads\/2025\/01\/KH_logo_black_2-1.png","contentUrl":"https:\/\/kinamihealth.com\/wp-content\/uploads\/2025\/01\/KH_logo_black_2-1.png","width":339,"height":34,"caption":"Kinami Health"},"image":{"@id":"https:\/\/kinamihealth.com\/#\/schema\/logo\/image\/"}}]}},"_links":{"self":[{"href":"https:\/\/kinamihealth.com\/fr\/wp-json\/wp\/v2\/product\/109304","targetHints":{"allow":["GET"]}}],"collection":[{"href":"https:\/\/kinamihealth.com\/fr\/wp-json\/wp\/v2\/product"}],"about":[{"href":"https:\/\/kinamihealth.com\/fr\/wp-json\/wp\/v2\/types\/product"}],"replies":[{"embeddable":true,"href":"https:\/\/kinamihealth.com\/fr\/wp-json\/wp\/v2\/comments?post=109304"}],"version-history":[{"count":0,"href":"https:\/\/kinamihealth.com\/fr\/wp-json\/wp\/v2\/product\/109304\/revisions"}],"wp:featuredmedia":[{"embeddable":true,"href":"https:\/\/kinamihealth.com\/fr\/wp-json\/wp\/v2\/media\/109309"}],"wp:attachment":[{"href":"https:\/\/kinamihealth.com\/fr\/wp-json\/wp\/v2\/media?parent=109304"}],"wp:term":[{"taxonomy":"product_brand","embeddable":true,"href":"https:\/\/kinamihealth.com\/fr\/wp-json\/wp\/v2\/product_brand?post=109304"},{"taxonomy":"product_cat","embeddable":true,"href":"https:\/\/kinamihealth.com\/fr\/wp-json\/wp\/v2\/product_cat?post=109304"},{"taxonomy":"product_tag","embeddable":true,"href":"https:\/\/kinamihealth.com\/fr\/wp-json\/wp\/v2\/product_tag?post=109304"}],"curies":[{"name":"wp","href":"https:\/\/api.w.org\/{rel}","templated":true}]}}