{"id":109300,"date":"2025-02-15T16:56:10","date_gmt":"2025-02-15T16:56:10","guid":{"rendered":"https:\/\/kinamihealth.com\/product\/mesoestetic-melan-tran3x-concentrate\/"},"modified":"2026-01-21T16:08:37","modified_gmt":"2026-01-21T16:08:37","slug":"mesoestetic-melan-tran3x-concentrate","status":"publish","type":"product","link":"https:\/\/kinamihealth.com\/fr\/produit\/mesoestetic-melan-tran3x-concentrate\/","title":{"rendered":"MESOESTETIC\u00ae MELAN TRAN3X CONCENTRATE"},"content":{"rendered":"<p>Melan tran3x repr\u00e9sente le programme d\u00e9pigmentant de derni\u00e8re g\u00e9n\u00e9ration \u00e0 base d&#8217;acide tranexamique qui aide \u00e0 corriger les imperfections pigmentaires. Il combine un concentr\u00e9 et une cr\u00e8me gel. Il s&#8217;agit d&#8217;un agent d\u00e9pigmentant intensif qui agit sur la pigmentation excessive de l&#8217;\u00e9piderme en r\u00e9duisant visiblement les taches brunes.<\/p>\n","protected":false},"excerpt":{"rendered":"<p>Mesoestetic Melan Tran3X Concentrate est un <strong>s\u00e9rum d\u00e9pigmentant avanc\u00e9 <\/strong>con\u00e7u pour cibler <strong>l&#8217;hyperpigmentation et le teint irr\u00e9gulier<\/strong>. Formul\u00e9 \u00e0 partir d&#8217;ingr\u00e9dients cliniquement prouv\u00e9s, il <strong>r\u00e9duit l&#8217;apparence des taches brunes <\/strong>et pr\u00e9vient leur r\u00e9apparition. Ce <strong>concentr\u00e9 d\u00e9pigmentant intensif <\/strong>est adapt\u00e9 \u00e0 un usage professionnel en dermatologie et en m\u00e9decine esth\u00e9tique.<\/p>\n<p>Pour commander le concentr\u00e9 Mesoestetic Melan Tran3X, <strong>explorez l&#8217;offre Kinami Health <\/strong>et d\u00e9couvrez d&#8217;autres <strong><em>produits <\/em><em>cosm\u00e9tiques professionnels <\/em><\/strong>propos\u00e9s par ce distributeur de confiance.<\/p>\n","protected":false},"featured_media":109303,"comment_status":"closed","ping_status":"closed","template":"","meta":{"_acf_changed":false,"inline_featured_image":false},"product_brand":[1191],"product_cat":[1380],"product_tag":[1222],"class_list":{"0":"post-109300","1":"product","2":"type-product","3":"status-publish","4":"has-post-thumbnail","6":"product_brand-mesoestetic","7":"product_cat-soins-de-la-peau","8":"product_tag-dispositifs-medicaux","10":"first","11":"instock","12":"taxable","13":"shipping-taxable","14":"purchasable","15":"product-type-simple","16":"add-to-wishlist-before_image"},"acf":[],"yoast_head":"<!-- This site is optimized with the Yoast SEO plugin v27.1.1 - https:\/\/yoast.com\/product\/yoast-seo-wordpress\/ -->\n<title>Commander MESOESTETIC\u00ae MELAN TRAN3X CONCENTRATE en ligne | Boutique en ligne | Kinami Health<\/title>\n<meta name=\"description\" content=\"Commandez Mesoestetic Melan Tran3X Concentrate en ligne chez Kinami Health pour offrir \u00e0 vos clients un s\u00e9rum d\u00e9pigmentant puissant con\u00e7u pour les professionnels de sant\u00e9. Passez votre commande d\u00e8s aujourd&#039;hui.\" \/>\n<meta name=\"robots\" content=\"index, follow, max-snippet:-1, max-image-preview:large, max-video-preview:-1\" \/>\n<link rel=\"canonical\" href=\"https:\/\/kinamihealth.com\/fr\/wp-json\/wp\/v2\/product\/109300\" \/>\n<meta property=\"og:locale\" content=\"fr_FR\" \/>\n<meta property=\"og:type\" content=\"article\" \/>\n<meta property=\"og:title\" content=\"Commander MESOESTETIC\u00ae MELAN TRAN3X CONCENTRATE en ligne | Boutique en ligne | Kinami Health\" \/>\n<meta property=\"og:description\" content=\"Commandez Mesoestetic Melan Tran3X Concentrate en ligne chez Kinami Health pour offrir \u00e0 vos clients un s\u00e9rum d\u00e9pigmentant puissant con\u00e7u pour les professionnels de sant\u00e9. Passez votre commande d\u00e8s aujourd&#039;hui.\" \/>\n<meta property=\"og:url\" content=\"https:\/\/kinamihealth.com\/fr\/product\/mesoestetic-melan-tran3x-concentrate\/\" \/>\n<meta property=\"og:site_name\" content=\"Kinami Health\" \/>\n<meta property=\"article:modified_time\" content=\"2026-01-21T16:08:37+00:00\" \/>\n<meta property=\"og:image\" content=\"https:\/\/kinamihealth.com\/wp-content\/uploads\/2025\/02\/MESOESTETIC-MELAN-TRAN3X-CONCENTRATE_Front-.webp\" \/>\n\t<meta property=\"og:image:width\" content=\"1500\" \/>\n\t<meta property=\"og:image:height\" content=\"1500\" \/>\n\t<meta property=\"og:image:type\" content=\"image\/webp\" \/>\n<meta name=\"twitter:card\" content=\"summary_large_image\" \/>\n<meta name=\"twitter:label1\" content=\"Dur\u00e9e de lecture estim\u00e9e\" \/>\n\t<meta name=\"twitter:data1\" content=\"1 minute\" \/>\n<!-- \/ Yoast SEO plugin. -->","yoast_head_json":{"title":"Commander MESOESTETIC\u00ae MELAN TRAN3X CONCENTRATE en ligne | Boutique en ligne | Kinami Health","description":"Commandez Mesoestetic Melan Tran3X Concentrate en ligne chez Kinami Health pour offrir \u00e0 vos clients un s\u00e9rum d\u00e9pigmentant puissant con\u00e7u pour les professionnels de sant\u00e9. Passez votre commande d\u00e8s aujourd'hui.","robots":{"index":"index","follow":"follow","max-snippet":"max-snippet:-1","max-image-preview":"max-image-preview:large","max-video-preview":"max-video-preview:-1"},"canonical":"https:\/\/kinamihealth.com\/fr\/wp-json\/wp\/v2\/product\/109300","og_locale":"fr_FR","og_type":"article","og_title":"Commander MESOESTETIC\u00ae MELAN TRAN3X CONCENTRATE en ligne | Boutique en ligne | Kinami Health","og_description":"Commandez Mesoestetic Melan Tran3X Concentrate en ligne chez Kinami Health pour offrir \u00e0 vos clients un s\u00e9rum d\u00e9pigmentant puissant con\u00e7u pour les professionnels de sant\u00e9. Passez votre commande d\u00e8s aujourd'hui.","og_url":"https:\/\/kinamihealth.com\/fr\/product\/mesoestetic-melan-tran3x-concentrate\/","og_site_name":"Kinami Health","article_modified_time":"2026-01-21T16:08:37+00:00","og_image":[{"width":1500,"height":1500,"url":"https:\/\/kinamihealth.com\/wp-content\/uploads\/2025\/02\/MESOESTETIC-MELAN-TRAN3X-CONCENTRATE_Front-.webp","type":"image\/webp"}],"twitter_card":"summary_large_image","twitter_misc":{"Dur\u00e9e de lecture estim\u00e9e":"1 minute"},"schema":{"@context":"https:\/\/schema.org","@graph":[{"@type":"WebPage","@id":"https:\/\/kinamihealth.com\/fr\/product\/mesoestetic-melan-tran3x-concentrate\/","url":"https:\/\/kinamihealth.com\/fr\/product\/mesoestetic-melan-tran3x-concentrate\/","name":"Commander MESOESTETIC\u00ae MELAN TRAN3X CONCENTRATE en ligne | Boutique en ligne | Kinami Health","isPartOf":{"@id":"https:\/\/kinamihealth.com\/#website"},"primaryImageOfPage":{"@id":"https:\/\/kinamihealth.com\/fr\/product\/mesoestetic-melan-tran3x-concentrate\/#primaryimage"},"image":{"@id":"https:\/\/kinamihealth.com\/fr\/product\/mesoestetic-melan-tran3x-concentrate\/#primaryimage"},"thumbnailUrl":"https:\/\/kinamihealth.com\/wp-content\/uploads\/2025\/02\/MESOESTETIC-MELAN-TRAN3X-CONCENTRATE_Front-.webp","datePublished":"2025-02-15T16:56:10+00:00","dateModified":"2026-01-21T16:08:37+00:00","description":"Commandez Mesoestetic Melan Tran3X Concentrate en ligne chez Kinami Health pour offrir \u00e0 vos clients un s\u00e9rum d\u00e9pigmentant puissant con\u00e7u pour les professionnels de sant\u00e9. Passez votre commande d\u00e8s aujourd'hui.","breadcrumb":{"@id":"https:\/\/kinamihealth.com\/fr\/product\/mesoestetic-melan-tran3x-concentrate\/#breadcrumb"},"inLanguage":"fr-FR","potentialAction":[{"@type":"ReadAction","target":["https:\/\/kinamihealth.com\/fr\/product\/mesoestetic-melan-tran3x-concentrate\/"]}]},{"@type":"ImageObject","inLanguage":"fr-FR","@id":"https:\/\/kinamihealth.com\/fr\/product\/mesoestetic-melan-tran3x-concentrate\/#primaryimage","url":"https:\/\/kinamihealth.com\/wp-content\/uploads\/2025\/02\/MESOESTETIC-MELAN-TRAN3X-CONCENTRATE_Front-.webp","contentUrl":"https:\/\/kinamihealth.com\/wp-content\/uploads\/2025\/02\/MESOESTETIC-MELAN-TRAN3X-CONCENTRATE_Front-.webp","width":1500,"height":1500},{"@type":"BreadcrumbList","@id":"https:\/\/kinamihealth.com\/fr\/product\/mesoestetic-melan-tran3x-concentrate\/#breadcrumb","itemListElement":[{"@type":"ListItem","position":1,"name":"Page d'accueil","item":"https:\/\/kinamihealth.com\/"},{"@type":"ListItem","position":2,"name":"Boutique","item":"https:\/\/kinamihealth.com\/shop\/"},{"@type":"ListItem","position":3,"name":"MESOESTETIC\u00ae MELAN TRAN3X CONCENTRATE"}]},{"@type":"WebSite","@id":"https:\/\/kinamihealth.com\/#website","url":"https:\/\/kinamihealth.com\/","name":"Kinami Health","description":"","publisher":{"@id":"https:\/\/kinamihealth.com\/#organization"},"potentialAction":[{"@type":"SearchAction","target":{"@type":"EntryPoint","urlTemplate":"https:\/\/kinamihealth.com\/?s={search_term_string}"},"query-input":{"@type":"PropertyValueSpecification","valueRequired":true,"valueName":"search_term_string"}}],"inLanguage":"fr-FR"},{"@type":"Organization","@id":"https:\/\/kinamihealth.com\/#organization","name":"Kinami Health","url":"https:\/\/kinamihealth.com\/","logo":{"@type":"ImageObject","inLanguage":"fr-FR","@id":"https:\/\/kinamihealth.com\/#\/schema\/logo\/image\/","url":"https:\/\/kinamihealth.com\/wp-content\/uploads\/2025\/01\/KH_logo_black_2-1.png","contentUrl":"https:\/\/kinamihealth.com\/wp-content\/uploads\/2025\/01\/KH_logo_black_2-1.png","width":339,"height":34,"caption":"Kinami Health"},"image":{"@id":"https:\/\/kinamihealth.com\/#\/schema\/logo\/image\/"}}]}},"_links":{"self":[{"href":"https:\/\/kinamihealth.com\/fr\/wp-json\/wp\/v2\/product\/109300","targetHints":{"allow":["GET"]}}],"collection":[{"href":"https:\/\/kinamihealth.com\/fr\/wp-json\/wp\/v2\/product"}],"about":[{"href":"https:\/\/kinamihealth.com\/fr\/wp-json\/wp\/v2\/types\/product"}],"replies":[{"embeddable":true,"href":"https:\/\/kinamihealth.com\/fr\/wp-json\/wp\/v2\/comments?post=109300"}],"version-history":[{"count":0,"href":"https:\/\/kinamihealth.com\/fr\/wp-json\/wp\/v2\/product\/109300\/revisions"}],"wp:featuredmedia":[{"embeddable":true,"href":"https:\/\/kinamihealth.com\/fr\/wp-json\/wp\/v2\/media\/109303"}],"wp:attachment":[{"href":"https:\/\/kinamihealth.com\/fr\/wp-json\/wp\/v2\/media?parent=109300"}],"wp:term":[{"taxonomy":"product_brand","embeddable":true,"href":"https:\/\/kinamihealth.com\/fr\/wp-json\/wp\/v2\/product_brand?post=109300"},{"taxonomy":"product_cat","embeddable":true,"href":"https:\/\/kinamihealth.com\/fr\/wp-json\/wp\/v2\/product_cat?post=109300"},{"taxonomy":"product_tag","embeddable":true,"href":"https:\/\/kinamihealth.com\/fr\/wp-json\/wp\/v2\/product_tag?post=109300"}],"curies":[{"name":"wp","href":"https:\/\/api.w.org\/{rel}","templated":true}]}}