{"id":109296,"date":"2025-02-15T16:56:10","date_gmt":"2025-02-15T16:56:10","guid":{"rendered":"https:\/\/kinamihealth.com\/product\/mesoestetic-cosmelan-2\/"},"modified":"2026-01-21T16:08:32","modified_gmt":"2026-01-21T16:08:32","slug":"mesoestetic-cosmelan-2","status":"publish","type":"product","link":"https:\/\/kinamihealth.com\/fr\/produit\/mesoestetic-cosmelan-2\/","title":{"rendered":"MESOESTETIC\u00ae COSMELAN\u00ae 2"},"content":{"rendered":"<p>Cosmelan\u00ae 2 est indiqu\u00e9 pour compl\u00e9ter l&#8217;action d\u00e9pigmentante du traitement esth\u00e9tique Cosmelan\u00ae visant \u00e0 \u00e9liminer et\/ou r\u00e9duire les taches d&#8217;origine m\u00e9lanique. Les taches cutan\u00e9es constituent un probl\u00e8me tr\u00e8s courant, en particulier chez les femmes. Elles se caract\u00e9risent par un assombrissement de la peau caus\u00e9 par une surproduction de pigment ou de m\u00e9lanine qui s&#8217;accumule de mani\u00e8re in\u00e9gale dans la peau. Elles repr\u00e9sentent un probl\u00e8me important en raison de leur aspect inesth\u00e9tique et de leur impact psychologique et \u00e9motionnel n\u00e9gatif.<\/p>\n","protected":false},"excerpt":{"rendered":"<p>MESOESTETIC\u00ae COSMELAN\u00ae 2 est une <strong>cr\u00e8me d\u00e9pigmentante <\/strong>con\u00e7ue pour r\u00e9duire l&#8217;hyperpigmentation et uniformiser le teint. Formul\u00e9e \u00e0 partir d&#8217;ingr\u00e9dients actifs tels que <strong>la niacinamide, le r\u00e9tinol et le dipalmitate de kojique<\/strong>, elle est un \u00e9l\u00e9ment essentiel du <strong>traitement Cosmelan <\/strong>contre le m\u00e9lasme, les taches brunes et autres troubles de la pigmentation. Les cabinets esth\u00e9tiques peuvent commander Mesoestetic Cosmelan 2 chez <strong>Kinami Health, <\/strong>un fournisseur de confiance de produits de soins de la peau de qualit\u00e9 m\u00e9dicale.<\/p>\n","protected":false},"featured_media":109299,"comment_status":"closed","ping_status":"closed","template":"","meta":{"_acf_changed":false,"inline_featured_image":false},"product_brand":[1191],"product_cat":[1380],"product_tag":[1222],"class_list":{"0":"post-109296","1":"product","2":"type-product","3":"status-publish","4":"has-post-thumbnail","6":"product_brand-mesoestetic","7":"product_cat-soins-de-la-peau","8":"product_tag-dispositifs-medicaux","10":"first","11":"instock","12":"taxable","13":"shipping-taxable","14":"purchasable","15":"product-type-simple","16":"add-to-wishlist-before_image"},"acf":[],"yoast_head":"<!-- This site is optimized with the Yoast SEO plugin v27.5 - https:\/\/yoast.com\/product\/yoast-seo-wordpress\/ -->\n<title>Commander MESOESTETIC\u00ae COSMELAN\u00ae 2 en ligne | Boutique en ligne | Kinami Health<\/title>\n<meta name=\"description\" content=\"Commandez Mesoestetic Cosmelan 2 en ligne sur Kinami Health. Il s&#039;agit d&#039;une cr\u00e8me d\u00e9pigmentante puissante con\u00e7ue pour r\u00e9duire le m\u00e9lasme, les taches brunes et l&#039;hyperpigmentation.\" \/>\n<meta name=\"robots\" content=\"index, follow, max-snippet:-1, max-image-preview:large, max-video-preview:-1\" \/>\n<link rel=\"canonical\" href=\"https:\/\/kinamihealth.com\/fr\/wp-json\/wp\/v2\/product\/109296\" \/>\n<meta property=\"og:locale\" content=\"fr_FR\" \/>\n<meta property=\"og:type\" content=\"article\" \/>\n<meta property=\"og:title\" content=\"Commander MESOESTETIC\u00ae COSMELAN\u00ae 2 en ligne | Boutique en ligne | Kinami Health\" \/>\n<meta property=\"og:description\" content=\"Commandez Mesoestetic Cosmelan 2 en ligne sur Kinami Health. Il s&#039;agit d&#039;une cr\u00e8me d\u00e9pigmentante puissante con\u00e7ue pour r\u00e9duire le m\u00e9lasme, les taches brunes et l&#039;hyperpigmentation.\" \/>\n<meta property=\"og:url\" content=\"https:\/\/kinamihealth.com\/fr\/product\/mesoestetic-cosmelan-2\/\" \/>\n<meta property=\"og:site_name\" content=\"Kinami Health\" \/>\n<meta property=\"article:modified_time\" content=\"2026-01-21T16:08:32+00:00\" \/>\n<meta property=\"og:image\" content=\"https:\/\/kinamihealth.com\/wp-content\/uploads\/2025\/02\/MESOESTETIC-COSMELAN-2_Front-.webp\" \/>\n\t<meta property=\"og:image:width\" content=\"1500\" \/>\n\t<meta property=\"og:image:height\" content=\"1500\" \/>\n\t<meta property=\"og:image:type\" content=\"image\/webp\" \/>\n<meta name=\"twitter:card\" content=\"summary_large_image\" \/>\n<meta name=\"twitter:label1\" content=\"Dur\u00e9e de lecture estim\u00e9e\" \/>\n\t<meta name=\"twitter:data1\" content=\"1 minute\" \/>\n<!-- \/ Yoast SEO plugin. -->","yoast_head_json":{"title":"Commander MESOESTETIC\u00ae COSMELAN\u00ae 2 en ligne | Boutique en ligne | Kinami Health","description":"Commandez Mesoestetic Cosmelan 2 en ligne sur Kinami Health. Il s'agit d'une cr\u00e8me d\u00e9pigmentante puissante con\u00e7ue pour r\u00e9duire le m\u00e9lasme, les taches brunes et l'hyperpigmentation.","robots":{"index":"index","follow":"follow","max-snippet":"max-snippet:-1","max-image-preview":"max-image-preview:large","max-video-preview":"max-video-preview:-1"},"canonical":"https:\/\/kinamihealth.com\/fr\/wp-json\/wp\/v2\/product\/109296","og_locale":"fr_FR","og_type":"article","og_title":"Commander MESOESTETIC\u00ae COSMELAN\u00ae 2 en ligne | Boutique en ligne | Kinami Health","og_description":"Commandez Mesoestetic Cosmelan 2 en ligne sur Kinami Health. Il s'agit d'une cr\u00e8me d\u00e9pigmentante puissante con\u00e7ue pour r\u00e9duire le m\u00e9lasme, les taches brunes et l'hyperpigmentation.","og_url":"https:\/\/kinamihealth.com\/fr\/product\/mesoestetic-cosmelan-2\/","og_site_name":"Kinami Health","article_modified_time":"2026-01-21T16:08:32+00:00","og_image":[{"width":1500,"height":1500,"url":"https:\/\/kinamihealth.com\/wp-content\/uploads\/2025\/02\/MESOESTETIC-COSMELAN-2_Front-.webp","type":"image\/webp"}],"twitter_card":"summary_large_image","twitter_misc":{"Dur\u00e9e de lecture estim\u00e9e":"1 minute"},"schema":{"@context":"https:\/\/schema.org","@graph":[{"@type":"WebPage","@id":"https:\/\/kinamihealth.com\/fr\/product\/mesoestetic-cosmelan-2\/","url":"https:\/\/kinamihealth.com\/fr\/product\/mesoestetic-cosmelan-2\/","name":"Commander MESOESTETIC\u00ae COSMELAN\u00ae 2 en ligne | Boutique en ligne | Kinami Health","isPartOf":{"@id":"https:\/\/kinamihealth.com\/#website"},"primaryImageOfPage":{"@id":"https:\/\/kinamihealth.com\/fr\/product\/mesoestetic-cosmelan-2\/#primaryimage"},"image":{"@id":"https:\/\/kinamihealth.com\/fr\/product\/mesoestetic-cosmelan-2\/#primaryimage"},"thumbnailUrl":"https:\/\/kinamihealth.com\/wp-content\/uploads\/2025\/02\/MESOESTETIC-COSMELAN-2_Front-.webp","datePublished":"2025-02-15T16:56:10+00:00","dateModified":"2026-01-21T16:08:32+00:00","description":"Commandez Mesoestetic Cosmelan 2 en ligne sur Kinami Health. Il s'agit d'une cr\u00e8me d\u00e9pigmentante puissante con\u00e7ue pour r\u00e9duire le m\u00e9lasme, les taches brunes et l'hyperpigmentation.","breadcrumb":{"@id":"https:\/\/kinamihealth.com\/fr\/product\/mesoestetic-cosmelan-2\/#breadcrumb"},"inLanguage":"fr-FR","potentialAction":[{"@type":"ReadAction","target":["https:\/\/kinamihealth.com\/fr\/product\/mesoestetic-cosmelan-2\/"]}]},{"@type":"ImageObject","inLanguage":"fr-FR","@id":"https:\/\/kinamihealth.com\/fr\/product\/mesoestetic-cosmelan-2\/#primaryimage","url":"https:\/\/kinamihealth.com\/wp-content\/uploads\/2025\/02\/MESOESTETIC-COSMELAN-2_Front-.webp","contentUrl":"https:\/\/kinamihealth.com\/wp-content\/uploads\/2025\/02\/MESOESTETIC-COSMELAN-2_Front-.webp","width":1500,"height":1500},{"@type":"BreadcrumbList","@id":"https:\/\/kinamihealth.com\/fr\/product\/mesoestetic-cosmelan-2\/#breadcrumb","itemListElement":[{"@type":"ListItem","position":1,"name":"Page d'accueil","item":"https:\/\/kinamihealth.com\/"},{"@type":"ListItem","position":2,"name":"Boutique","item":"https:\/\/kinamihealth.com\/shop\/"},{"@type":"ListItem","position":3,"name":"MESOESTETIC\u00ae COSMELAN\u00ae 2"}]},{"@type":"WebSite","@id":"https:\/\/kinamihealth.com\/#website","url":"https:\/\/kinamihealth.com\/","name":"Kinami Health","description":"","publisher":{"@id":"https:\/\/kinamihealth.com\/#organization"},"potentialAction":[{"@type":"SearchAction","target":{"@type":"EntryPoint","urlTemplate":"https:\/\/kinamihealth.com\/?s={search_term_string}"},"query-input":{"@type":"PropertyValueSpecification","valueRequired":true,"valueName":"search_term_string"}}],"inLanguage":"fr-FR"},{"@type":"Organization","@id":"https:\/\/kinamihealth.com\/#organization","name":"Kinami Health","url":"https:\/\/kinamihealth.com\/","logo":{"@type":"ImageObject","inLanguage":"fr-FR","@id":"https:\/\/kinamihealth.com\/#\/schema\/logo\/image\/","url":"https:\/\/kinamihealth.com\/wp-content\/uploads\/2025\/01\/KH_logo_black_2-1.png","contentUrl":"https:\/\/kinamihealth.com\/wp-content\/uploads\/2025\/01\/KH_logo_black_2-1.png","width":339,"height":34,"caption":"Kinami Health"},"image":{"@id":"https:\/\/kinamihealth.com\/#\/schema\/logo\/image\/"}}]}},"_links":{"self":[{"href":"https:\/\/kinamihealth.com\/fr\/wp-json\/wp\/v2\/product\/109296","targetHints":{"allow":["GET"]}}],"collection":[{"href":"https:\/\/kinamihealth.com\/fr\/wp-json\/wp\/v2\/product"}],"about":[{"href":"https:\/\/kinamihealth.com\/fr\/wp-json\/wp\/v2\/types\/product"}],"replies":[{"embeddable":true,"href":"https:\/\/kinamihealth.com\/fr\/wp-json\/wp\/v2\/comments?post=109296"}],"version-history":[{"count":0,"href":"https:\/\/kinamihealth.com\/fr\/wp-json\/wp\/v2\/product\/109296\/revisions"}],"wp:featuredmedia":[{"embeddable":true,"href":"https:\/\/kinamihealth.com\/fr\/wp-json\/wp\/v2\/media\/109299"}],"wp:attachment":[{"href":"https:\/\/kinamihealth.com\/fr\/wp-json\/wp\/v2\/media?parent=109296"}],"wp:term":[{"taxonomy":"product_brand","embeddable":true,"href":"https:\/\/kinamihealth.com\/fr\/wp-json\/wp\/v2\/product_brand?post=109296"},{"taxonomy":"product_cat","embeddable":true,"href":"https:\/\/kinamihealth.com\/fr\/wp-json\/wp\/v2\/product_cat?post=109296"},{"taxonomy":"product_tag","embeddable":true,"href":"https:\/\/kinamihealth.com\/fr\/wp-json\/wp\/v2\/product_tag?post=109296"}],"curies":[{"name":"wp","href":"https:\/\/api.w.org\/{rel}","templated":true}]}}