{"id":109287,"date":"2025-02-15T16:53:46","date_gmt":"2025-02-15T16:53:46","guid":{"rendered":"https:\/\/kinamihealth.com\/product\/mediderma-argipeel-exfoliating-gel\/"},"modified":"2026-01-21T16:01:01","modified_gmt":"2026-01-21T16:01:01","slug":"mediderma-argipeel-exfoliating-gel","status":"publish","type":"product","link":"https:\/\/kinamihealth.com\/fr\/produit\/mediderma-argipeel-exfoliating-gel\/","title":{"rendered":"MEDIDERMA\u00ae ARGIPEEL EXFOLIATING GEL"},"content":{"rendered":"<p>ARGIPEEL GEL EXFOLIANT Gel exfoliant au pH 2,25-2,75 \u00e0 effet exfoliant instantan\u00e9. Poss\u00e8de des propri\u00e9t\u00e9s hydratantes et \u00e9claircissantes pour la peau. Effet imm\u00e9diat. L&#8217;arginine, ingr\u00e9dient cl\u00e9, est un acide amin\u00e9 issu de la fermentation et de la purification de glucides v\u00e9g\u00e9taux (canne \u00e0 sucre naturelle). En tant que mol\u00e9cule de grande taille, sa p\u00e9n\u00e9tration \u00e0 travers la couche corn\u00e9e est longue et lente, ce qui signifie qu&#8217;elle ne provoque aucune irritation. Associ\u00e9e \u00e0 l&#8217;acide lactique, elle permet de b\u00e9n\u00e9ficier de toutes les propri\u00e9t\u00e9s des acides alpha-hydroxy (exfoliation, renouvellement cellulaire accru, am\u00e9lioration de la fermet\u00e9 de la peau, r\u00e9duction des hyperpigmentations), sans provoquer de d\u00e9mangeaisons, de picotements ou de sensations de br\u00fblure.<\/p>\n","protected":false},"excerpt":{"rendered":"<p>Commandez le gel exfoliant MEDIDERMA\u00ae ARGIPEEL EXFOLIATING GEL, une solution douce mais efficace sp\u00e9cialement con\u00e7ue pour les peaux sensibles. Ce traitement exfoliant avanc\u00e9 utilise une combinaison d&#8217;arginine et d&#8217;acide lactique pour lisser et hydrater la peau tout en r\u00e9duisant les ridules et en favorisant un teint plus \u00e9clatant. Id\u00e9al pour celles et ceux qui recherchent une alternative non irritante aux peelings chimiques traditionnels.<\/p>\n","protected":false},"featured_media":109288,"comment_status":"closed","ping_status":"closed","template":"","meta":{"_acf_changed":false,"inline_featured_image":false},"product_brand":[1190],"product_cat":[1378],"product_tag":[1222],"class_list":{"0":"post-109287","1":"product","2":"type-product","3":"status-publish","4":"has-post-thumbnail","6":"product_brand-mediderma","7":"product_cat-peelings-et-masques","8":"product_tag-dispositifs-medicaux","10":"first","11":"instock","12":"taxable","13":"shipping-taxable","14":"purchasable","15":"product-type-simple","16":"add-to-wishlist-before_image"},"acf":[],"yoast_head":"<!-- This site is optimized with the Yoast SEO plugin v27.1.1 - https:\/\/yoast.com\/product\/yoast-seo-wordpress\/ -->\n<title>Commander MEDIDERMA\u00ae ARGIPEEL EXFOLIATING GEL en ligne | Boutique en ligne | Kinami Health<\/title>\n<meta name=\"description\" content=\"Buy Argipeel Exfoliating Gel online - ideal for sensitive skin, this peeling treatment improves texture, hydration, and radiance without irritation.\" \/>\n<meta name=\"robots\" content=\"index, follow, max-snippet:-1, max-image-preview:large, max-video-preview:-1\" \/>\n<link rel=\"canonical\" href=\"https:\/\/kinamihealth.com\/fr\/wp-json\/wp\/v2\/product\/109287\" \/>\n<meta property=\"og:locale\" content=\"fr_FR\" \/>\n<meta property=\"og:type\" content=\"article\" \/>\n<meta property=\"og:title\" content=\"Commander MEDIDERMA\u00ae ARGIPEEL EXFOLIATING GEL en ligne | Boutique en ligne | Kinami Health\" \/>\n<meta property=\"og:description\" content=\"Buy Argipeel Exfoliating Gel online - ideal for sensitive skin, this peeling treatment improves texture, hydration, and radiance without irritation.\" \/>\n<meta property=\"og:url\" content=\"https:\/\/kinamihealth.com\/fr\/product\/mediderma-argipeel-exfoliating-gel\/\" \/>\n<meta property=\"og:site_name\" content=\"Kinami Health\" \/>\n<meta property=\"article:modified_time\" content=\"2026-01-21T16:01:01+00:00\" \/>\n<meta property=\"og:image\" content=\"https:\/\/kinamihealth.com\/wp-content\/uploads\/2025\/02\/MEDIDERMA-ARGIPEEL-EXFOLIATING-GEL-01.webp\" \/>\n\t<meta property=\"og:image:width\" content=\"800\" \/>\n\t<meta property=\"og:image:height\" content=\"800\" \/>\n\t<meta property=\"og:image:type\" content=\"image\/webp\" \/>\n<meta name=\"twitter:card\" content=\"summary_large_image\" \/>\n<meta name=\"twitter:label1\" content=\"Dur\u00e9e de lecture estim\u00e9e\" \/>\n\t<meta name=\"twitter:data1\" content=\"1 minute\" \/>\n<!-- \/ Yoast SEO plugin. -->","yoast_head_json":{"title":"Commander MEDIDERMA\u00ae ARGIPEEL EXFOLIATING GEL en ligne | Boutique en ligne | Kinami Health","description":"Buy Argipeel Exfoliating Gel online - ideal for sensitive skin, this peeling treatment improves texture, hydration, and radiance without irritation.","robots":{"index":"index","follow":"follow","max-snippet":"max-snippet:-1","max-image-preview":"max-image-preview:large","max-video-preview":"max-video-preview:-1"},"canonical":"https:\/\/kinamihealth.com\/fr\/wp-json\/wp\/v2\/product\/109287","og_locale":"fr_FR","og_type":"article","og_title":"Commander MEDIDERMA\u00ae ARGIPEEL EXFOLIATING GEL en ligne | Boutique en ligne | Kinami Health","og_description":"Buy Argipeel Exfoliating Gel online - ideal for sensitive skin, this peeling treatment improves texture, hydration, and radiance without irritation.","og_url":"https:\/\/kinamihealth.com\/fr\/product\/mediderma-argipeel-exfoliating-gel\/","og_site_name":"Kinami Health","article_modified_time":"2026-01-21T16:01:01+00:00","og_image":[{"width":800,"height":800,"url":"https:\/\/kinamihealth.com\/wp-content\/uploads\/2025\/02\/MEDIDERMA-ARGIPEEL-EXFOLIATING-GEL-01.webp","type":"image\/webp"}],"twitter_card":"summary_large_image","twitter_misc":{"Dur\u00e9e de lecture estim\u00e9e":"1 minute"},"schema":{"@context":"https:\/\/schema.org","@graph":[{"@type":"WebPage","@id":"https:\/\/kinamihealth.com\/fr\/product\/mediderma-argipeel-exfoliating-gel\/","url":"https:\/\/kinamihealth.com\/fr\/product\/mediderma-argipeel-exfoliating-gel\/","name":"Commander MEDIDERMA\u00ae ARGIPEEL EXFOLIATING GEL en ligne | Boutique en ligne | Kinami Health","isPartOf":{"@id":"https:\/\/kinamihealth.com\/#website"},"primaryImageOfPage":{"@id":"https:\/\/kinamihealth.com\/fr\/product\/mediderma-argipeel-exfoliating-gel\/#primaryimage"},"image":{"@id":"https:\/\/kinamihealth.com\/fr\/product\/mediderma-argipeel-exfoliating-gel\/#primaryimage"},"thumbnailUrl":"https:\/\/kinamihealth.com\/wp-content\/uploads\/2025\/02\/MEDIDERMA-ARGIPEEL-EXFOLIATING-GEL-01.webp","datePublished":"2025-02-15T16:53:46+00:00","dateModified":"2026-01-21T16:01:01+00:00","description":"Buy Argipeel Exfoliating Gel online - ideal for sensitive skin, this peeling treatment improves texture, hydration, and radiance without irritation.","breadcrumb":{"@id":"https:\/\/kinamihealth.com\/fr\/product\/mediderma-argipeel-exfoliating-gel\/#breadcrumb"},"inLanguage":"fr-FR","potentialAction":[{"@type":"ReadAction","target":["https:\/\/kinamihealth.com\/fr\/product\/mediderma-argipeel-exfoliating-gel\/"]}]},{"@type":"ImageObject","inLanguage":"fr-FR","@id":"https:\/\/kinamihealth.com\/fr\/product\/mediderma-argipeel-exfoliating-gel\/#primaryimage","url":"https:\/\/kinamihealth.com\/wp-content\/uploads\/2025\/02\/MEDIDERMA-ARGIPEEL-EXFOLIATING-GEL-01.webp","contentUrl":"https:\/\/kinamihealth.com\/wp-content\/uploads\/2025\/02\/MEDIDERMA-ARGIPEEL-EXFOLIATING-GEL-01.webp","width":800,"height":800},{"@type":"BreadcrumbList","@id":"https:\/\/kinamihealth.com\/fr\/product\/mediderma-argipeel-exfoliating-gel\/#breadcrumb","itemListElement":[{"@type":"ListItem","position":1,"name":"Page d'accueil","item":"https:\/\/kinamihealth.com\/"},{"@type":"ListItem","position":2,"name":"Boutique","item":"https:\/\/kinamihealth.com\/shop\/"},{"@type":"ListItem","position":3,"name":"MEDIDERMA\u00ae ARGIPEEL EXFOLIATING GEL"}]},{"@type":"WebSite","@id":"https:\/\/kinamihealth.com\/#website","url":"https:\/\/kinamihealth.com\/","name":"Kinami Health","description":"","publisher":{"@id":"https:\/\/kinamihealth.com\/#organization"},"potentialAction":[{"@type":"SearchAction","target":{"@type":"EntryPoint","urlTemplate":"https:\/\/kinamihealth.com\/?s={search_term_string}"},"query-input":{"@type":"PropertyValueSpecification","valueRequired":true,"valueName":"search_term_string"}}],"inLanguage":"fr-FR"},{"@type":"Organization","@id":"https:\/\/kinamihealth.com\/#organization","name":"Kinami Health","url":"https:\/\/kinamihealth.com\/","logo":{"@type":"ImageObject","inLanguage":"fr-FR","@id":"https:\/\/kinamihealth.com\/#\/schema\/logo\/image\/","url":"https:\/\/kinamihealth.com\/wp-content\/uploads\/2025\/01\/KH_logo_black_2-1.png","contentUrl":"https:\/\/kinamihealth.com\/wp-content\/uploads\/2025\/01\/KH_logo_black_2-1.png","width":339,"height":34,"caption":"Kinami Health"},"image":{"@id":"https:\/\/kinamihealth.com\/#\/schema\/logo\/image\/"}}]}},"_links":{"self":[{"href":"https:\/\/kinamihealth.com\/fr\/wp-json\/wp\/v2\/product\/109287","targetHints":{"allow":["GET"]}}],"collection":[{"href":"https:\/\/kinamihealth.com\/fr\/wp-json\/wp\/v2\/product"}],"about":[{"href":"https:\/\/kinamihealth.com\/fr\/wp-json\/wp\/v2\/types\/product"}],"replies":[{"embeddable":true,"href":"https:\/\/kinamihealth.com\/fr\/wp-json\/wp\/v2\/comments?post=109287"}],"version-history":[{"count":0,"href":"https:\/\/kinamihealth.com\/fr\/wp-json\/wp\/v2\/product\/109287\/revisions"}],"wp:featuredmedia":[{"embeddable":true,"href":"https:\/\/kinamihealth.com\/fr\/wp-json\/wp\/v2\/media\/109288"}],"wp:attachment":[{"href":"https:\/\/kinamihealth.com\/fr\/wp-json\/wp\/v2\/media?parent=109287"}],"wp:term":[{"taxonomy":"product_brand","embeddable":true,"href":"https:\/\/kinamihealth.com\/fr\/wp-json\/wp\/v2\/product_brand?post=109287"},{"taxonomy":"product_cat","embeddable":true,"href":"https:\/\/kinamihealth.com\/fr\/wp-json\/wp\/v2\/product_cat?post=109287"},{"taxonomy":"product_tag","embeddable":true,"href":"https:\/\/kinamihealth.com\/fr\/wp-json\/wp\/v2\/product_tag?post=109287"}],"curies":[{"name":"wp","href":"https:\/\/api.w.org\/{rel}","templated":true}]}}