{"id":108988,"date":"2025-02-15T16:53:52","date_gmt":"2025-02-15T16:53:52","guid":{"rendered":"https:\/\/kinamihealth.com\/product\/mediderma-azelac-ru-liposomal-serum\/"},"modified":"2026-01-21T16:02:31","modified_gmt":"2026-01-21T16:02:31","slug":"mediderma-azelac-ru-liposomal-serum","status":"publish","type":"product","link":"https:\/\/kinamihealth.com\/fr\/produit\/mediderma-azelac-ru-liposomal-serum\/","title":{"rendered":"MEDIDERMA\u00ae AZELAC\u00ae RU LIPOSOMAL SERUM"},"content":{"rendered":"<p>Sesderma Azelac Ru Liposomal Serum est un s\u00e9rum d\u00e9pigmentant aux ingr\u00e9dients actifs liposomiques qui ciblent directement l&#8217;origine des taches cutan\u00e9es, pour un teint homog\u00e8ne. Il poss\u00e8de un effet d\u00e9pigmentant, anti-inflammatoire et antioxydant b\u00e9n\u00e9fique m\u00eame pour les phototypes \u00e9lev\u00e9s, l&#8217;hyperpigmentation post-inflammatoire et le m\u00e9lasme. Il pr\u00e9vient l&#8217;apparition des taches. En outre, il est formul\u00e9 avec des ingr\u00e9dients actifs qui agissent directement et s\u00e9lectivement sur les m\u00e9lanocytes. La production excessive de m\u00e9lanine (pigment fonc\u00e9) caus\u00e9e par l&#8217;exposition au soleil, la grossesse (m\u00e9lasme), le vieillissement, etc. sont des facteurs qui provoquent l&#8217;apparition de taches.<\/p>\n","protected":false},"excerpt":{"rendered":"<p>Sesderma Azelac Ru Liposomal Serum est un s\u00e9rum d\u00e9pigmentant aux ingr\u00e9dients actifs liposomiques qui ciblent directement l&#8217;origine des taches cutan\u00e9es, pour un teint homog\u00e8ne. Il poss\u00e8de un effet d\u00e9pigmentant, anti-inflammatoire et antioxydant b\u00e9n\u00e9fique m\u00eame pour les phototypes \u00e9lev\u00e9s, l&#8217;hyperpigmentation post-inflammatoire et le m\u00e9lasme. Il pr\u00e9vient l&#8217;apparition des taches. En outre, il est formul\u00e9 avec des [&hellip;]<\/p>\n","protected":false},"featured_media":108989,"comment_status":"closed","ping_status":"closed","template":"","meta":{"_acf_changed":false,"inline_featured_image":false},"product_brand":[1295],"product_cat":[1380],"product_tag":[1222],"class_list":{"0":"post-108988","1":"product","2":"type-product","3":"status-publish","4":"has-post-thumbnail","6":"product_brand-sesderma","7":"product_cat-soins-de-la-peau","8":"product_tag-dispositifs-medicaux","10":"first","11":"instock","12":"taxable","13":"shipping-taxable","14":"purchasable","15":"product-type-simple","16":"add-to-wishlist-before_image"},"acf":[],"yoast_head":"<!-- This site is optimized with the Yoast SEO plugin v27.3 - https:\/\/yoast.com\/product\/yoast-seo-wordpress\/ -->\n<title>Commander MEDIDERMA\u00ae AZELAC\u00ae RU LIPOSOMAL SERUM en ligne | Boutique en ligne | Kinami Health<\/title>\n<meta name=\"description\" content=\"Commandez Azelac RU 60 ml en ligne pour une correction professionnelle de la pigmentation. Traitez les taches brunes, le m\u00e9lasme et le teint irr\u00e9gulier gr\u00e2ce \u00e0 ce peeling chimique avanc\u00e9.\" \/>\n<meta name=\"robots\" content=\"index, follow, max-snippet:-1, max-image-preview:large, max-video-preview:-1\" \/>\n<link rel=\"canonical\" href=\"https:\/\/kinamihealth.com\/fr\/wp-json\/wp\/v2\/product\/108988\" \/>\n<meta property=\"og:locale\" content=\"fr_FR\" \/>\n<meta property=\"og:type\" content=\"article\" \/>\n<meta property=\"og:title\" content=\"Commander MEDIDERMA\u00ae AZELAC\u00ae RU LIPOSOMAL SERUM en ligne | Boutique en ligne | Kinami Health\" \/>\n<meta property=\"og:description\" content=\"Commandez Azelac RU 60 ml en ligne pour une correction professionnelle de la pigmentation. Traitez les taches brunes, le m\u00e9lasme et le teint irr\u00e9gulier gr\u00e2ce \u00e0 ce peeling chimique avanc\u00e9.\" \/>\n<meta property=\"og:url\" content=\"https:\/\/kinamihealth.com\/fr\/product\/mediderma-azelac-ru-liposomal-serum\/\" \/>\n<meta property=\"og:site_name\" content=\"Kinami Health\" \/>\n<meta property=\"article:modified_time\" content=\"2026-01-21T16:02:31+00:00\" \/>\n<meta property=\"og:image\" content=\"https:\/\/kinamihealth.com\/wp-content\/uploads\/2025\/02\/SESDERMA-AZELAC-RU-LIPOSOMAL-SERUM-01.webp\" \/>\n\t<meta property=\"og:image:width\" content=\"800\" \/>\n\t<meta property=\"og:image:height\" content=\"800\" \/>\n\t<meta property=\"og:image:type\" content=\"image\/webp\" \/>\n<meta name=\"twitter:card\" content=\"summary_large_image\" \/>\n<meta name=\"twitter:label1\" content=\"Dur\u00e9e de lecture estim\u00e9e\" \/>\n\t<meta name=\"twitter:data1\" content=\"1 minute\" \/>\n<!-- \/ Yoast SEO plugin. -->","yoast_head_json":{"title":"Commander MEDIDERMA\u00ae AZELAC\u00ae RU LIPOSOMAL SERUM en ligne | Boutique en ligne | Kinami Health","description":"Commandez Azelac RU 60 ml en ligne pour une correction professionnelle de la pigmentation. Traitez les taches brunes, le m\u00e9lasme et le teint irr\u00e9gulier gr\u00e2ce \u00e0 ce peeling chimique avanc\u00e9.","robots":{"index":"index","follow":"follow","max-snippet":"max-snippet:-1","max-image-preview":"max-image-preview:large","max-video-preview":"max-video-preview:-1"},"canonical":"https:\/\/kinamihealth.com\/fr\/wp-json\/wp\/v2\/product\/108988","og_locale":"fr_FR","og_type":"article","og_title":"Commander MEDIDERMA\u00ae AZELAC\u00ae RU LIPOSOMAL SERUM en ligne | Boutique en ligne | Kinami Health","og_description":"Commandez Azelac RU 60 ml en ligne pour une correction professionnelle de la pigmentation. Traitez les taches brunes, le m\u00e9lasme et le teint irr\u00e9gulier gr\u00e2ce \u00e0 ce peeling chimique avanc\u00e9.","og_url":"https:\/\/kinamihealth.com\/fr\/product\/mediderma-azelac-ru-liposomal-serum\/","og_site_name":"Kinami Health","article_modified_time":"2026-01-21T16:02:31+00:00","og_image":[{"width":800,"height":800,"url":"https:\/\/kinamihealth.com\/wp-content\/uploads\/2025\/02\/SESDERMA-AZELAC-RU-LIPOSOMAL-SERUM-01.webp","type":"image\/webp"}],"twitter_card":"summary_large_image","twitter_misc":{"Dur\u00e9e de lecture estim\u00e9e":"1 minute"},"schema":{"@context":"https:\/\/schema.org","@graph":[{"@type":"WebPage","@id":"https:\/\/kinamihealth.com\/fr\/product\/mediderma-azelac-ru-liposomal-serum\/","url":"https:\/\/kinamihealth.com\/fr\/product\/mediderma-azelac-ru-liposomal-serum\/","name":"Commander MEDIDERMA\u00ae AZELAC\u00ae RU LIPOSOMAL SERUM en ligne | Boutique en ligne | Kinami Health","isPartOf":{"@id":"https:\/\/kinamihealth.com\/#website"},"primaryImageOfPage":{"@id":"https:\/\/kinamihealth.com\/fr\/product\/mediderma-azelac-ru-liposomal-serum\/#primaryimage"},"image":{"@id":"https:\/\/kinamihealth.com\/fr\/product\/mediderma-azelac-ru-liposomal-serum\/#primaryimage"},"thumbnailUrl":"https:\/\/kinamihealth.com\/wp-content\/uploads\/2025\/02\/SESDERMA-AZELAC-RU-LIPOSOMAL-SERUM-01.webp","datePublished":"2025-02-15T16:53:52+00:00","dateModified":"2026-01-21T16:02:31+00:00","description":"Commandez Azelac RU 60 ml en ligne pour une correction professionnelle de la pigmentation. Traitez les taches brunes, le m\u00e9lasme et le teint irr\u00e9gulier gr\u00e2ce \u00e0 ce peeling chimique avanc\u00e9.","breadcrumb":{"@id":"https:\/\/kinamihealth.com\/fr\/product\/mediderma-azelac-ru-liposomal-serum\/#breadcrumb"},"inLanguage":"fr-FR","potentialAction":[{"@type":"ReadAction","target":["https:\/\/kinamihealth.com\/fr\/product\/mediderma-azelac-ru-liposomal-serum\/"]}]},{"@type":"ImageObject","inLanguage":"fr-FR","@id":"https:\/\/kinamihealth.com\/fr\/product\/mediderma-azelac-ru-liposomal-serum\/#primaryimage","url":"https:\/\/kinamihealth.com\/wp-content\/uploads\/2025\/02\/SESDERMA-AZELAC-RU-LIPOSOMAL-SERUM-01.webp","contentUrl":"https:\/\/kinamihealth.com\/wp-content\/uploads\/2025\/02\/SESDERMA-AZELAC-RU-LIPOSOMAL-SERUM-01.webp","width":800,"height":800},{"@type":"BreadcrumbList","@id":"https:\/\/kinamihealth.com\/fr\/product\/mediderma-azelac-ru-liposomal-serum\/#breadcrumb","itemListElement":[{"@type":"ListItem","position":1,"name":"Page d'accueil","item":"https:\/\/kinamihealth.com\/"},{"@type":"ListItem","position":2,"name":"Boutique","item":"https:\/\/kinamihealth.com\/shop\/"},{"@type":"ListItem","position":3,"name":"MEDIDERMA\u00ae AZELAC\u00ae RU LIPOSOMAL SERUM"}]},{"@type":"WebSite","@id":"https:\/\/kinamihealth.com\/#website","url":"https:\/\/kinamihealth.com\/","name":"Kinami Health","description":"","publisher":{"@id":"https:\/\/kinamihealth.com\/#organization"},"potentialAction":[{"@type":"SearchAction","target":{"@type":"EntryPoint","urlTemplate":"https:\/\/kinamihealth.com\/?s={search_term_string}"},"query-input":{"@type":"PropertyValueSpecification","valueRequired":true,"valueName":"search_term_string"}}],"inLanguage":"fr-FR"},{"@type":"Organization","@id":"https:\/\/kinamihealth.com\/#organization","name":"Kinami Health","url":"https:\/\/kinamihealth.com\/","logo":{"@type":"ImageObject","inLanguage":"fr-FR","@id":"https:\/\/kinamihealth.com\/#\/schema\/logo\/image\/","url":"https:\/\/kinamihealth.com\/wp-content\/uploads\/2025\/01\/KH_logo_black_2-1.png","contentUrl":"https:\/\/kinamihealth.com\/wp-content\/uploads\/2025\/01\/KH_logo_black_2-1.png","width":339,"height":34,"caption":"Kinami Health"},"image":{"@id":"https:\/\/kinamihealth.com\/#\/schema\/logo\/image\/"}}]}},"_links":{"self":[{"href":"https:\/\/kinamihealth.com\/fr\/wp-json\/wp\/v2\/product\/108988","targetHints":{"allow":["GET"]}}],"collection":[{"href":"https:\/\/kinamihealth.com\/fr\/wp-json\/wp\/v2\/product"}],"about":[{"href":"https:\/\/kinamihealth.com\/fr\/wp-json\/wp\/v2\/types\/product"}],"replies":[{"embeddable":true,"href":"https:\/\/kinamihealth.com\/fr\/wp-json\/wp\/v2\/comments?post=108988"}],"version-history":[{"count":0,"href":"https:\/\/kinamihealth.com\/fr\/wp-json\/wp\/v2\/product\/108988\/revisions"}],"wp:featuredmedia":[{"embeddable":true,"href":"https:\/\/kinamihealth.com\/fr\/wp-json\/wp\/v2\/media\/108989"}],"wp:attachment":[{"href":"https:\/\/kinamihealth.com\/fr\/wp-json\/wp\/v2\/media?parent=108988"}],"wp:term":[{"taxonomy":"product_brand","embeddable":true,"href":"https:\/\/kinamihealth.com\/fr\/wp-json\/wp\/v2\/product_brand?post=108988"},{"taxonomy":"product_cat","embeddable":true,"href":"https:\/\/kinamihealth.com\/fr\/wp-json\/wp\/v2\/product_cat?post=108988"},{"taxonomy":"product_tag","embeddable":true,"href":"https:\/\/kinamihealth.com\/fr\/wp-json\/wp\/v2\/product_tag?post=108988"}],"curies":[{"name":"wp","href":"https:\/\/api.w.org\/{rel}","templated":true}]}}