{"id":108985,"date":"2025-02-15T16:53:47","date_gmt":"2025-02-15T16:53:47","guid":{"rendered":"https:\/\/kinamihealth.com\/product\/mediderma-azelac-m\/"},"modified":"2026-01-21T16:02:12","modified_gmt":"2026-01-21T16:02:12","slug":"mediderma-azelac-m","status":"publish","type":"product","link":"https:\/\/kinamihealth.com\/fr\/produit\/mediderma-azelac-m\/","title":{"rendered":"MEDIDERMA\u00ae AZELAC\u00ae M"},"content":{"rendered":"<p>AZELAC M repr\u00e9sente un peeling chimique pour peaux \u00e0 tendance acn\u00e9ique, 60 ml &#8211; pH 1,0 &#8211; 2,0 qui lutte contre l&#8217;hyperpigmentation, les rougeurs et le photovieillissement. L&#8217;acide az\u00e9la\u00efque r\u00e9gule la production de s\u00e9bum, normalise la k\u00e9ratinisation, inhibe la reproduction des bact\u00e9ries, inhibe la prolif\u00e9ration des esp\u00e8ces r\u00e9actives de l&#8217;oxyg\u00e8ne et r\u00e9gule la pigmentation.<\/p>\n","protected":false},"excerpt":{"rendered":"<p>MEDIDERMA\u00ae AZELAC\u00ae M est un peeling chimique professionnel con\u00e7u pour traiter l&#8217;acn\u00e9, l&#8217;hyperpigmentation, les rougeurs et les signes de photovieillissement. Sa formule puissante associe l&#8217;acide az\u00e9la\u00efque, l&#8217;acide salicylique et l&#8217;acide mand\u00e9lique pour rajeunir et am\u00e9liorer la texture de la peau. Commandez Azelac M pour obtenir des r\u00e9sultats exceptionnels et offrir \u00e0 vos clients une apparence plus claire, plus lumineuse et plus jeune, tout en garantissant s\u00e9curit\u00e9 et efficacit\u00e9.<\/p>\n","protected":false},"featured_media":108986,"comment_status":"closed","ping_status":"closed","template":"","meta":{"_acf_changed":false,"inline_featured_image":false},"product_brand":[1190],"product_cat":[1378],"product_tag":[1222],"class_list":{"0":"post-108985","1":"product","2":"type-product","3":"status-publish","4":"has-post-thumbnail","6":"product_brand-mediderma","7":"product_cat-peelings-et-masques","8":"product_tag-dispositifs-medicaux","10":"first","11":"instock","12":"taxable","13":"shipping-taxable","14":"purchasable","15":"product-type-simple","16":"add-to-wishlist-before_image"},"acf":[],"yoast_head":"<!-- This site is optimized with the Yoast SEO plugin v27.5 - https:\/\/yoast.com\/product\/yoast-seo-wordpress\/ -->\n<title>Commander MEDIDERMA\u00ae AZELAC\u00ae M en ligne | Boutique en ligne | Kinami Health<\/title>\n<meta name=\"description\" content=\"Commandez Azelac M en ligne, un peeling chimique professionnel qui traite l&#039;acn\u00e9, l&#039;hyperpigmentation, les rougeurs et le photovieillissement pour une peau plus claire, plus lumineuse et d&#039;apparence plus jeune.\" \/>\n<meta name=\"robots\" content=\"index, follow, max-snippet:-1, max-image-preview:large, max-video-preview:-1\" \/>\n<link rel=\"canonical\" href=\"https:\/\/kinamihealth.com\/fr\/wp-json\/wp\/v2\/product\/108985\" \/>\n<meta property=\"og:locale\" content=\"fr_FR\" \/>\n<meta property=\"og:type\" content=\"article\" \/>\n<meta property=\"og:title\" content=\"Commander MEDIDERMA\u00ae AZELAC\u00ae M en ligne | Boutique en ligne | Kinami Health\" \/>\n<meta property=\"og:description\" content=\"Commandez Azelac M en ligne, un peeling chimique professionnel qui traite l&#039;acn\u00e9, l&#039;hyperpigmentation, les rougeurs et le photovieillissement pour une peau plus claire, plus lumineuse et d&#039;apparence plus jeune.\" \/>\n<meta property=\"og:url\" content=\"https:\/\/kinamihealth.com\/fr\/product\/mediderma-azelac-m\/\" \/>\n<meta property=\"og:site_name\" content=\"Kinami Health\" \/>\n<meta property=\"article:modified_time\" content=\"2026-01-21T16:02:12+00:00\" \/>\n<meta property=\"og:image\" content=\"https:\/\/kinamihealth.com\/wp-content\/uploads\/2025\/02\/MEDIDERMA-AZELAC-M-01.webp\" \/>\n\t<meta property=\"og:image:width\" content=\"800\" \/>\n\t<meta property=\"og:image:height\" content=\"800\" \/>\n\t<meta property=\"og:image:type\" content=\"image\/webp\" \/>\n<meta name=\"twitter:card\" content=\"summary_large_image\" \/>\n<meta name=\"twitter:label1\" content=\"Dur\u00e9e de lecture estim\u00e9e\" \/>\n\t<meta name=\"twitter:data1\" content=\"1 minute\" \/>\n<!-- \/ Yoast SEO plugin. -->","yoast_head_json":{"title":"Commander MEDIDERMA\u00ae AZELAC\u00ae M en ligne | Boutique en ligne | Kinami Health","description":"Commandez Azelac M en ligne, un peeling chimique professionnel qui traite l'acn\u00e9, l'hyperpigmentation, les rougeurs et le photovieillissement pour une peau plus claire, plus lumineuse et d'apparence plus jeune.","robots":{"index":"index","follow":"follow","max-snippet":"max-snippet:-1","max-image-preview":"max-image-preview:large","max-video-preview":"max-video-preview:-1"},"canonical":"https:\/\/kinamihealth.com\/fr\/wp-json\/wp\/v2\/product\/108985","og_locale":"fr_FR","og_type":"article","og_title":"Commander MEDIDERMA\u00ae AZELAC\u00ae M en ligne | Boutique en ligne | Kinami Health","og_description":"Commandez Azelac M en ligne, un peeling chimique professionnel qui traite l'acn\u00e9, l'hyperpigmentation, les rougeurs et le photovieillissement pour une peau plus claire, plus lumineuse et d'apparence plus jeune.","og_url":"https:\/\/kinamihealth.com\/fr\/product\/mediderma-azelac-m\/","og_site_name":"Kinami Health","article_modified_time":"2026-01-21T16:02:12+00:00","og_image":[{"width":800,"height":800,"url":"https:\/\/kinamihealth.com\/wp-content\/uploads\/2025\/02\/MEDIDERMA-AZELAC-M-01.webp","type":"image\/webp"}],"twitter_card":"summary_large_image","twitter_misc":{"Dur\u00e9e de lecture estim\u00e9e":"1 minute"},"schema":{"@context":"https:\/\/schema.org","@graph":[{"@type":"WebPage","@id":"https:\/\/kinamihealth.com\/fr\/product\/mediderma-azelac-m\/","url":"https:\/\/kinamihealth.com\/fr\/product\/mediderma-azelac-m\/","name":"Commander MEDIDERMA\u00ae AZELAC\u00ae M en ligne | Boutique en ligne | Kinami Health","isPartOf":{"@id":"https:\/\/kinamihealth.com\/#website"},"primaryImageOfPage":{"@id":"https:\/\/kinamihealth.com\/fr\/product\/mediderma-azelac-m\/#primaryimage"},"image":{"@id":"https:\/\/kinamihealth.com\/fr\/product\/mediderma-azelac-m\/#primaryimage"},"thumbnailUrl":"https:\/\/kinamihealth.com\/wp-content\/uploads\/2025\/02\/MEDIDERMA-AZELAC-M-01.webp","datePublished":"2025-02-15T16:53:47+00:00","dateModified":"2026-01-21T16:02:12+00:00","description":"Commandez Azelac M en ligne, un peeling chimique professionnel qui traite l'acn\u00e9, l'hyperpigmentation, les rougeurs et le photovieillissement pour une peau plus claire, plus lumineuse et d'apparence plus jeune.","breadcrumb":{"@id":"https:\/\/kinamihealth.com\/fr\/product\/mediderma-azelac-m\/#breadcrumb"},"inLanguage":"fr-FR","potentialAction":[{"@type":"ReadAction","target":["https:\/\/kinamihealth.com\/fr\/product\/mediderma-azelac-m\/"]}]},{"@type":"ImageObject","inLanguage":"fr-FR","@id":"https:\/\/kinamihealth.com\/fr\/product\/mediderma-azelac-m\/#primaryimage","url":"https:\/\/kinamihealth.com\/wp-content\/uploads\/2025\/02\/MEDIDERMA-AZELAC-M-01.webp","contentUrl":"https:\/\/kinamihealth.com\/wp-content\/uploads\/2025\/02\/MEDIDERMA-AZELAC-M-01.webp","width":800,"height":800},{"@type":"BreadcrumbList","@id":"https:\/\/kinamihealth.com\/fr\/product\/mediderma-azelac-m\/#breadcrumb","itemListElement":[{"@type":"ListItem","position":1,"name":"Page d'accueil","item":"https:\/\/kinamihealth.com\/"},{"@type":"ListItem","position":2,"name":"Boutique","item":"https:\/\/kinamihealth.com\/shop\/"},{"@type":"ListItem","position":3,"name":"MEDIDERMA\u00ae AZELAC\u00ae M"}]},{"@type":"WebSite","@id":"https:\/\/kinamihealth.com\/#website","url":"https:\/\/kinamihealth.com\/","name":"Kinami Health","description":"","publisher":{"@id":"https:\/\/kinamihealth.com\/#organization"},"potentialAction":[{"@type":"SearchAction","target":{"@type":"EntryPoint","urlTemplate":"https:\/\/kinamihealth.com\/?s={search_term_string}"},"query-input":{"@type":"PropertyValueSpecification","valueRequired":true,"valueName":"search_term_string"}}],"inLanguage":"fr-FR"},{"@type":"Organization","@id":"https:\/\/kinamihealth.com\/#organization","name":"Kinami Health","url":"https:\/\/kinamihealth.com\/","logo":{"@type":"ImageObject","inLanguage":"fr-FR","@id":"https:\/\/kinamihealth.com\/#\/schema\/logo\/image\/","url":"https:\/\/kinamihealth.com\/wp-content\/uploads\/2025\/01\/KH_logo_black_2-1.png","contentUrl":"https:\/\/kinamihealth.com\/wp-content\/uploads\/2025\/01\/KH_logo_black_2-1.png","width":339,"height":34,"caption":"Kinami Health"},"image":{"@id":"https:\/\/kinamihealth.com\/#\/schema\/logo\/image\/"}}]}},"_links":{"self":[{"href":"https:\/\/kinamihealth.com\/fr\/wp-json\/wp\/v2\/product\/108985","targetHints":{"allow":["GET"]}}],"collection":[{"href":"https:\/\/kinamihealth.com\/fr\/wp-json\/wp\/v2\/product"}],"about":[{"href":"https:\/\/kinamihealth.com\/fr\/wp-json\/wp\/v2\/types\/product"}],"replies":[{"embeddable":true,"href":"https:\/\/kinamihealth.com\/fr\/wp-json\/wp\/v2\/comments?post=108985"}],"version-history":[{"count":0,"href":"https:\/\/kinamihealth.com\/fr\/wp-json\/wp\/v2\/product\/108985\/revisions"}],"wp:featuredmedia":[{"embeddable":true,"href":"https:\/\/kinamihealth.com\/fr\/wp-json\/wp\/v2\/media\/108986"}],"wp:attachment":[{"href":"https:\/\/kinamihealth.com\/fr\/wp-json\/wp\/v2\/media?parent=108985"}],"wp:term":[{"taxonomy":"product_brand","embeddable":true,"href":"https:\/\/kinamihealth.com\/fr\/wp-json\/wp\/v2\/product_brand?post=108985"},{"taxonomy":"product_cat","embeddable":true,"href":"https:\/\/kinamihealth.com\/fr\/wp-json\/wp\/v2\/product_cat?post=108985"},{"taxonomy":"product_tag","embeddable":true,"href":"https:\/\/kinamihealth.com\/fr\/wp-json\/wp\/v2\/product_tag?post=108985"}],"curies":[{"name":"wp","href":"https:\/\/api.w.org\/{rel}","templated":true}]}}