{"id":108977,"date":"2025-02-15T16:57:48","date_gmt":"2025-02-15T16:57:48","guid":{"rendered":"https:\/\/kinamihealth.com\/product\/mediderma-sens-age-md-ultra-corrector-3a-renewer\/"},"modified":"2026-01-21T16:08:21","modified_gmt":"2026-01-21T16:08:21","slug":"mediderma-sens-age-md-ultra-corrector-3a-renewer","status":"publish","type":"product","link":"https:\/\/kinamihealth.com\/fr\/produit\/mediderma-sens-age-md-ultra-corrector-3a-renewer\/","title":{"rendered":"MEDIDERMA\u00ae SENS-AGE MD ULTRA CORRECTOR 3A RENEWER"},"content":{"rendered":"<p>La cr\u00e8me pour le visage Mediderma Sens-Age MD Ultra Corrector 3A Renewer Facial Cream est une cr\u00e8me anti-\u00e2ge puissante qui offre une excellente tol\u00e9rance gr\u00e2ce \u00e0 son syst\u00e8me 3-Retinol \u00e0 lib\u00e9ration progressive. Elle est destin\u00e9e aux peaux s\u00e8ches. Les r\u00e9tino\u00efdes stimulent la prolif\u00e9ration des k\u00e9ratinocytes, normalisent le processus d&#8217;exfoliation et am\u00e9liorent la texture et le teint de la peau. Leur association avec d&#8217;autres ingr\u00e9dients actifs tels que l&#8217;acide hyaluronique hydrolys\u00e9 ou le facteur de croissance TGF-2 renforce leurs effets et leur tol\u00e9rance. Les 3 mol\u00e9cules contenues dans le syst\u00e8me 3-r\u00e9tinol ont des vitesses d&#8217;action diff\u00e9rentes et fournissent une dose optimale progressive d&#8217;ingr\u00e9dient actif. Il est ainsi possible d&#8217;atteindre les niveaux th\u00e9rapeutiques de vitamine A pendant une p\u00e9riode prolong\u00e9e et de minimiser les effets secondaires associ\u00e9s \u00e0 un exc\u00e8s d&#8217;ingr\u00e9dients actifs.<\/p>\n","protected":false},"excerpt":{"rendered":"<p>La cr\u00e8me pour le visage Sens-Age MD Ultra Corrector 3A Renewer 50 ml est une <strong>cr\u00e8me anti-\u00e2ge formul\u00e9e en clinique<\/strong> et con\u00e7ue pour un usage professionnel. Elle <strong>cible les ridules<\/strong>, les rides et le teint irr\u00e9gulier, <strong>restaurant ainsi une peau jeune<\/strong>. Enrichie en r\u00e9tino\u00efdes, peptides et antioxydants avanc\u00e9s, cette formule puissante rajeunit la peau au niveau cellulaire.<\/p>\n<p><strong>Visitez la boutique en ligne Kinami Health<\/strong> et commandez la cr\u00e8me pour le visage Sens-Age MD Ultra Corrector 3A Renewer 50 ml pour b\u00e9n\u00e9ficier d&#8217;un produit anti-\u00e2ge s\u00fbr, efficace et de qualit\u00e9.<\/p>\n","protected":false},"featured_media":108978,"comment_status":"closed","ping_status":"closed","template":"","meta":{"_acf_changed":false,"inline_featured_image":false},"product_brand":[1190],"product_cat":[1380],"product_tag":[1222],"class_list":{"0":"post-108977","1":"product","2":"type-product","3":"status-publish","4":"has-post-thumbnail","6":"product_brand-mediderma","7":"product_cat-soins-de-la-peau","8":"product_tag-dispositifs-medicaux","10":"first","11":"instock","12":"taxable","13":"shipping-taxable","14":"purchasable","15":"product-type-simple","16":"add-to-wishlist-before_image"},"acf":[],"yoast_head":"<!-- This site is optimized with the Yoast SEO plugin v27.1.1 - https:\/\/yoast.com\/product\/yoast-seo-wordpress\/ -->\n<title>Commander MEDIDERMA\u00ae SENS-AGE MD ULTRA CORRECTOR 3A RENEWER en ligne | Boutique en ligne | Kinami Health<\/title>\n<meta name=\"description\" content=\"Commandez la cr\u00e8me pour le visage Mediderma Sens-Age MD Ultra Corrector 3A Renewer Facial Cream 50 ml, une formule anti-\u00e2ge de qualit\u00e9 professionnelle contenant des r\u00e9tino\u00efdes, des peptides et des antioxydants.\" \/>\n<meta name=\"robots\" content=\"index, follow, max-snippet:-1, max-image-preview:large, max-video-preview:-1\" \/>\n<link rel=\"canonical\" href=\"https:\/\/kinamihealth.com\/fr\/wp-json\/wp\/v2\/product\/108977\" \/>\n<meta property=\"og:locale\" content=\"fr_FR\" \/>\n<meta property=\"og:type\" content=\"article\" \/>\n<meta property=\"og:title\" content=\"Commander MEDIDERMA\u00ae SENS-AGE MD ULTRA CORRECTOR 3A RENEWER en ligne | Boutique en ligne | Kinami Health\" \/>\n<meta property=\"og:description\" content=\"Commandez la cr\u00e8me pour le visage Mediderma Sens-Age MD Ultra Corrector 3A Renewer Facial Cream 50 ml, une formule anti-\u00e2ge de qualit\u00e9 professionnelle contenant des r\u00e9tino\u00efdes, des peptides et des antioxydants.\" \/>\n<meta property=\"og:url\" content=\"https:\/\/kinamihealth.com\/fr\/product\/mediderma-sens-age-md-ultra-corrector-3a-renewer\/\" \/>\n<meta property=\"og:site_name\" content=\"Kinami Health\" \/>\n<meta property=\"article:modified_time\" content=\"2026-01-21T16:08:21+00:00\" \/>\n<meta property=\"og:image\" content=\"https:\/\/kinamihealth.com\/wp-content\/uploads\/2025\/02\/MEDIDERMA-SENS-AGE-MD-ULTRA-CORRECTOR-3A-RENEWER-01-1.jpg\" \/>\n\t<meta property=\"og:image:width\" content=\"800\" \/>\n\t<meta property=\"og:image:height\" content=\"800\" \/>\n\t<meta property=\"og:image:type\" content=\"image\/jpeg\" \/>\n<meta name=\"twitter:card\" content=\"summary_large_image\" \/>\n<meta name=\"twitter:label1\" content=\"Dur\u00e9e de lecture estim\u00e9e\" \/>\n\t<meta name=\"twitter:data1\" content=\"1 minute\" \/>\n<!-- \/ Yoast SEO plugin. -->","yoast_head_json":{"title":"Commander MEDIDERMA\u00ae SENS-AGE MD ULTRA CORRECTOR 3A RENEWER en ligne | Boutique en ligne | Kinami Health","description":"Commandez la cr\u00e8me pour le visage Mediderma Sens-Age MD Ultra Corrector 3A Renewer Facial Cream 50 ml, une formule anti-\u00e2ge de qualit\u00e9 professionnelle contenant des r\u00e9tino\u00efdes, des peptides et des antioxydants.","robots":{"index":"index","follow":"follow","max-snippet":"max-snippet:-1","max-image-preview":"max-image-preview:large","max-video-preview":"max-video-preview:-1"},"canonical":"https:\/\/kinamihealth.com\/fr\/wp-json\/wp\/v2\/product\/108977","og_locale":"fr_FR","og_type":"article","og_title":"Commander MEDIDERMA\u00ae SENS-AGE MD ULTRA CORRECTOR 3A RENEWER en ligne | Boutique en ligne | Kinami Health","og_description":"Commandez la cr\u00e8me pour le visage Mediderma Sens-Age MD Ultra Corrector 3A Renewer Facial Cream 50 ml, une formule anti-\u00e2ge de qualit\u00e9 professionnelle contenant des r\u00e9tino\u00efdes, des peptides et des antioxydants.","og_url":"https:\/\/kinamihealth.com\/fr\/product\/mediderma-sens-age-md-ultra-corrector-3a-renewer\/","og_site_name":"Kinami Health","article_modified_time":"2026-01-21T16:08:21+00:00","og_image":[{"width":800,"height":800,"url":"https:\/\/kinamihealth.com\/wp-content\/uploads\/2025\/02\/MEDIDERMA-SENS-AGE-MD-ULTRA-CORRECTOR-3A-RENEWER-01-1.jpg","type":"image\/jpeg"}],"twitter_card":"summary_large_image","twitter_misc":{"Dur\u00e9e de lecture estim\u00e9e":"1 minute"},"schema":{"@context":"https:\/\/schema.org","@graph":[{"@type":"WebPage","@id":"https:\/\/kinamihealth.com\/fr\/product\/mediderma-sens-age-md-ultra-corrector-3a-renewer\/","url":"https:\/\/kinamihealth.com\/fr\/product\/mediderma-sens-age-md-ultra-corrector-3a-renewer\/","name":"Commander MEDIDERMA\u00ae SENS-AGE MD ULTRA CORRECTOR 3A RENEWER en ligne | Boutique en ligne | Kinami Health","isPartOf":{"@id":"https:\/\/kinamihealth.com\/#website"},"primaryImageOfPage":{"@id":"https:\/\/kinamihealth.com\/fr\/product\/mediderma-sens-age-md-ultra-corrector-3a-renewer\/#primaryimage"},"image":{"@id":"https:\/\/kinamihealth.com\/fr\/product\/mediderma-sens-age-md-ultra-corrector-3a-renewer\/#primaryimage"},"thumbnailUrl":"https:\/\/kinamihealth.com\/wp-content\/uploads\/2025\/02\/MEDIDERMA-SENS-AGE-MD-ULTRA-CORRECTOR-3A-RENEWER-01-1.jpg","datePublished":"2025-02-15T16:57:48+00:00","dateModified":"2026-01-21T16:08:21+00:00","description":"Commandez la cr\u00e8me pour le visage Mediderma Sens-Age MD Ultra Corrector 3A Renewer Facial Cream 50 ml, une formule anti-\u00e2ge de qualit\u00e9 professionnelle contenant des r\u00e9tino\u00efdes, des peptides et des antioxydants.","breadcrumb":{"@id":"https:\/\/kinamihealth.com\/fr\/product\/mediderma-sens-age-md-ultra-corrector-3a-renewer\/#breadcrumb"},"inLanguage":"fr-FR","potentialAction":[{"@type":"ReadAction","target":["https:\/\/kinamihealth.com\/fr\/product\/mediderma-sens-age-md-ultra-corrector-3a-renewer\/"]}]},{"@type":"ImageObject","inLanguage":"fr-FR","@id":"https:\/\/kinamihealth.com\/fr\/product\/mediderma-sens-age-md-ultra-corrector-3a-renewer\/#primaryimage","url":"https:\/\/kinamihealth.com\/wp-content\/uploads\/2025\/02\/MEDIDERMA-SENS-AGE-MD-ULTRA-CORRECTOR-3A-RENEWER-01-1.jpg","contentUrl":"https:\/\/kinamihealth.com\/wp-content\/uploads\/2025\/02\/MEDIDERMA-SENS-AGE-MD-ULTRA-CORRECTOR-3A-RENEWER-01-1.jpg","width":800,"height":800},{"@type":"BreadcrumbList","@id":"https:\/\/kinamihealth.com\/fr\/product\/mediderma-sens-age-md-ultra-corrector-3a-renewer\/#breadcrumb","itemListElement":[{"@type":"ListItem","position":1,"name":"Page d'accueil","item":"https:\/\/kinamihealth.com\/"},{"@type":"ListItem","position":2,"name":"Boutique","item":"https:\/\/kinamihealth.com\/shop\/"},{"@type":"ListItem","position":3,"name":"MEDIDERMA\u00ae SENS-AGE MD ULTRA CORRECTOR 3A RENEWER"}]},{"@type":"WebSite","@id":"https:\/\/kinamihealth.com\/#website","url":"https:\/\/kinamihealth.com\/","name":"Kinami Health","description":"","publisher":{"@id":"https:\/\/kinamihealth.com\/#organization"},"potentialAction":[{"@type":"SearchAction","target":{"@type":"EntryPoint","urlTemplate":"https:\/\/kinamihealth.com\/?s={search_term_string}"},"query-input":{"@type":"PropertyValueSpecification","valueRequired":true,"valueName":"search_term_string"}}],"inLanguage":"fr-FR"},{"@type":"Organization","@id":"https:\/\/kinamihealth.com\/#organization","name":"Kinami Health","url":"https:\/\/kinamihealth.com\/","logo":{"@type":"ImageObject","inLanguage":"fr-FR","@id":"https:\/\/kinamihealth.com\/#\/schema\/logo\/image\/","url":"https:\/\/kinamihealth.com\/wp-content\/uploads\/2025\/01\/KH_logo_black_2-1.png","contentUrl":"https:\/\/kinamihealth.com\/wp-content\/uploads\/2025\/01\/KH_logo_black_2-1.png","width":339,"height":34,"caption":"Kinami Health"},"image":{"@id":"https:\/\/kinamihealth.com\/#\/schema\/logo\/image\/"}}]}},"_links":{"self":[{"href":"https:\/\/kinamihealth.com\/fr\/wp-json\/wp\/v2\/product\/108977","targetHints":{"allow":["GET"]}}],"collection":[{"href":"https:\/\/kinamihealth.com\/fr\/wp-json\/wp\/v2\/product"}],"about":[{"href":"https:\/\/kinamihealth.com\/fr\/wp-json\/wp\/v2\/types\/product"}],"replies":[{"embeddable":true,"href":"https:\/\/kinamihealth.com\/fr\/wp-json\/wp\/v2\/comments?post=108977"}],"version-history":[{"count":0,"href":"https:\/\/kinamihealth.com\/fr\/wp-json\/wp\/v2\/product\/108977\/revisions"}],"wp:featuredmedia":[{"embeddable":true,"href":"https:\/\/kinamihealth.com\/fr\/wp-json\/wp\/v2\/media\/108978"}],"wp:attachment":[{"href":"https:\/\/kinamihealth.com\/fr\/wp-json\/wp\/v2\/media?parent=108977"}],"wp:term":[{"taxonomy":"product_brand","embeddable":true,"href":"https:\/\/kinamihealth.com\/fr\/wp-json\/wp\/v2\/product_brand?post=108977"},{"taxonomy":"product_cat","embeddable":true,"href":"https:\/\/kinamihealth.com\/fr\/wp-json\/wp\/v2\/product_cat?post=108977"},{"taxonomy":"product_tag","embeddable":true,"href":"https:\/\/kinamihealth.com\/fr\/wp-json\/wp\/v2\/product_tag?post=108977"}],"curies":[{"name":"wp","href":"https:\/\/api.w.org\/{rel}","templated":true}]}}