{"id":108975,"date":"2025-02-15T16:57:43","date_gmt":"2025-02-15T16:57:43","guid":{"rendered":"https:\/\/kinamihealth.com\/product\/mediderma-sens-age-md-amc-activator\/"},"modified":"2026-01-21T16:08:17","modified_gmt":"2026-01-21T16:08:17","slug":"mediderma-sens-age-md-amc-activator","status":"publish","type":"product","link":"https:\/\/kinamihealth.com\/fr\/produit\/mediderma-sens-age-md-amc-activator\/","title":{"rendered":"MEDIDERMA\u00ae SENS-AGE MD AMC-Activator"},"content":{"rendered":"<p>SENS-AGE MD G-ACTIVATOR Cr\u00e8me nourrissante pour le visage \u2013 anti-\u00e2ge et id\u00e9ale pour le soin des peaux s\u00e8ches. Des ingr\u00e9dients activateurs du \u00ab g\u00e8ne de la jeunesse \u00bb d\u00e9tectent les signes de l&#8217;\u00e2ge dans le noyau de la cellule et activent les m\u00e9canismes naturels de r\u00e9paration cellulaire. De plus, l&#8217;ad\u00e9nosine et les graines ol\u00e9agineuses de limnanthe offrent des propri\u00e9t\u00e9s antioxydantes (prot\u00e9geant la peau contre les radicaux libres). D&#8217;autres ingr\u00e9dients tels que l&#8217;huile d&#8217;argan, le beurre de karit\u00e9 et la lanoline compl\u00e8tent la formule par leur action hydratante, r\u00e9paratrice et r\u00e9g\u00e9n\u00e9rante.<\/p>\n","protected":false},"excerpt":{"rendered":"<p>La cr\u00e8me nourrissante pour le visage Sens-Age MD G-Activator 50 ml est un <strong>produit de soin anti-\u00e2ge avanc\u00e9<\/strong> formul\u00e9 pour restaurer l&#8217;hydratation, renforcer la barri\u00e8re cutan\u00e9e et am\u00e9liorer la r\u00e9silience de la peau. Cette cr\u00e8me est con\u00e7ue pour un usage professionnel et cible les <strong>signes pr\u00e9coces du vieillissement<\/strong>, favorisant un teint plus ferme et plus jeune.<\/p>\n<p>Commandez la cr\u00e8me nourrissante pour le visage Sens-Age MD G-Activator 50 ml en ligne sur la boutique <strong>Kinami Health<\/strong>, pour une<strong><em> solution de soin de haute qualit\u00e9<\/em><\/strong> et un rajeunissement optimal de la peau.<\/p>\n","protected":false},"featured_media":108976,"comment_status":"closed","ping_status":"closed","template":"","meta":{"_acf_changed":false,"inline_featured_image":false},"product_brand":[1190],"product_cat":[1380],"product_tag":[1222],"class_list":{"0":"post-108975","1":"product","2":"type-product","3":"status-publish","4":"has-post-thumbnail","6":"product_brand-mediderma","7":"product_cat-soins-de-la-peau","8":"product_tag-dispositifs-medicaux","10":"first","11":"instock","12":"taxable","13":"shipping-taxable","14":"purchasable","15":"product-type-simple","16":"add-to-wishlist-before_image"},"acf":[],"yoast_head":"<!-- This site is optimized with the Yoast SEO plugin v27.1.1 - https:\/\/yoast.com\/product\/yoast-seo-wordpress\/ -->\n<title>Commander MEDIDERMA\u00ae SENS-AGE MD AMC-Activator en ligne | Boutique en ligne | Kinami Health<\/title>\n<meta name=\"description\" content=\"Commandez la cr\u00e8me nourrissante pour le visage Sens-Age MD G-Activator 50 ml en ligne afin d&#039;hydrater, restaurer et prot\u00e9ger votre peau gr\u00e2ce \u00e0 des ingr\u00e9dients anti-\u00e2ge avanc\u00e9s.\" \/>\n<meta name=\"robots\" content=\"index, follow, max-snippet:-1, max-image-preview:large, max-video-preview:-1\" \/>\n<link rel=\"canonical\" href=\"https:\/\/kinamihealth.com\/fr\/wp-json\/wp\/v2\/product\/108975\" \/>\n<meta property=\"og:locale\" content=\"fr_FR\" \/>\n<meta property=\"og:type\" content=\"article\" \/>\n<meta property=\"og:title\" content=\"Commander MEDIDERMA\u00ae SENS-AGE MD AMC-Activator en ligne | Boutique en ligne | Kinami Health\" \/>\n<meta property=\"og:description\" content=\"Commandez la cr\u00e8me nourrissante pour le visage Sens-Age MD G-Activator 50 ml en ligne afin d&#039;hydrater, restaurer et prot\u00e9ger votre peau gr\u00e2ce \u00e0 des ingr\u00e9dients anti-\u00e2ge avanc\u00e9s.\" \/>\n<meta property=\"og:url\" content=\"https:\/\/kinamihealth.com\/fr\/product\/mediderma-sens-age-md-amc-activator\/\" \/>\n<meta property=\"og:site_name\" content=\"Kinami Health\" \/>\n<meta property=\"article:modified_time\" content=\"2026-01-21T16:08:17+00:00\" \/>\n<meta property=\"og:image\" content=\"https:\/\/kinamihealth.com\/wp-content\/uploads\/2025\/02\/MEDIDERMA-SENS-AGE-MD-G-ACTIVATOR-NOURISHING-FACIAL-CREAM-01.jpg\" \/>\n\t<meta property=\"og:image:width\" content=\"800\" \/>\n\t<meta property=\"og:image:height\" content=\"800\" \/>\n\t<meta property=\"og:image:type\" content=\"image\/jpeg\" \/>\n<meta name=\"twitter:card\" content=\"summary_large_image\" \/>\n<meta name=\"twitter:label1\" content=\"Dur\u00e9e de lecture estim\u00e9e\" \/>\n\t<meta name=\"twitter:data1\" content=\"1 minute\" \/>\n<!-- \/ Yoast SEO plugin. -->","yoast_head_json":{"title":"Commander MEDIDERMA\u00ae SENS-AGE MD AMC-Activator en ligne | Boutique en ligne | Kinami Health","description":"Commandez la cr\u00e8me nourrissante pour le visage Sens-Age MD G-Activator 50 ml en ligne afin d'hydrater, restaurer et prot\u00e9ger votre peau gr\u00e2ce \u00e0 des ingr\u00e9dients anti-\u00e2ge avanc\u00e9s.","robots":{"index":"index","follow":"follow","max-snippet":"max-snippet:-1","max-image-preview":"max-image-preview:large","max-video-preview":"max-video-preview:-1"},"canonical":"https:\/\/kinamihealth.com\/fr\/wp-json\/wp\/v2\/product\/108975","og_locale":"fr_FR","og_type":"article","og_title":"Commander MEDIDERMA\u00ae SENS-AGE MD AMC-Activator en ligne | Boutique en ligne | Kinami Health","og_description":"Commandez la cr\u00e8me nourrissante pour le visage Sens-Age MD G-Activator 50 ml en ligne afin d'hydrater, restaurer et prot\u00e9ger votre peau gr\u00e2ce \u00e0 des ingr\u00e9dients anti-\u00e2ge avanc\u00e9s.","og_url":"https:\/\/kinamihealth.com\/fr\/product\/mediderma-sens-age-md-amc-activator\/","og_site_name":"Kinami Health","article_modified_time":"2026-01-21T16:08:17+00:00","og_image":[{"width":800,"height":800,"url":"https:\/\/kinamihealth.com\/wp-content\/uploads\/2025\/02\/MEDIDERMA-SENS-AGE-MD-G-ACTIVATOR-NOURISHING-FACIAL-CREAM-01.jpg","type":"image\/jpeg"}],"twitter_card":"summary_large_image","twitter_misc":{"Dur\u00e9e de lecture estim\u00e9e":"1 minute"},"schema":{"@context":"https:\/\/schema.org","@graph":[{"@type":"WebPage","@id":"https:\/\/kinamihealth.com\/fr\/product\/mediderma-sens-age-md-amc-activator\/","url":"https:\/\/kinamihealth.com\/fr\/product\/mediderma-sens-age-md-amc-activator\/","name":"Commander MEDIDERMA\u00ae SENS-AGE MD AMC-Activator en ligne | Boutique en ligne | Kinami Health","isPartOf":{"@id":"https:\/\/kinamihealth.com\/#website"},"primaryImageOfPage":{"@id":"https:\/\/kinamihealth.com\/fr\/product\/mediderma-sens-age-md-amc-activator\/#primaryimage"},"image":{"@id":"https:\/\/kinamihealth.com\/fr\/product\/mediderma-sens-age-md-amc-activator\/#primaryimage"},"thumbnailUrl":"https:\/\/kinamihealth.com\/wp-content\/uploads\/2025\/02\/MEDIDERMA-SENS-AGE-MD-G-ACTIVATOR-NOURISHING-FACIAL-CREAM-01.jpg","datePublished":"2025-02-15T16:57:43+00:00","dateModified":"2026-01-21T16:08:17+00:00","description":"Commandez la cr\u00e8me nourrissante pour le visage Sens-Age MD G-Activator 50 ml en ligne afin d'hydrater, restaurer et prot\u00e9ger votre peau gr\u00e2ce \u00e0 des ingr\u00e9dients anti-\u00e2ge avanc\u00e9s.","breadcrumb":{"@id":"https:\/\/kinamihealth.com\/fr\/product\/mediderma-sens-age-md-amc-activator\/#breadcrumb"},"inLanguage":"fr-FR","potentialAction":[{"@type":"ReadAction","target":["https:\/\/kinamihealth.com\/fr\/product\/mediderma-sens-age-md-amc-activator\/"]}]},{"@type":"ImageObject","inLanguage":"fr-FR","@id":"https:\/\/kinamihealth.com\/fr\/product\/mediderma-sens-age-md-amc-activator\/#primaryimage","url":"https:\/\/kinamihealth.com\/wp-content\/uploads\/2025\/02\/MEDIDERMA-SENS-AGE-MD-G-ACTIVATOR-NOURISHING-FACIAL-CREAM-01.jpg","contentUrl":"https:\/\/kinamihealth.com\/wp-content\/uploads\/2025\/02\/MEDIDERMA-SENS-AGE-MD-G-ACTIVATOR-NOURISHING-FACIAL-CREAM-01.jpg","width":800,"height":800},{"@type":"BreadcrumbList","@id":"https:\/\/kinamihealth.com\/fr\/product\/mediderma-sens-age-md-amc-activator\/#breadcrumb","itemListElement":[{"@type":"ListItem","position":1,"name":"Page d'accueil","item":"https:\/\/kinamihealth.com\/"},{"@type":"ListItem","position":2,"name":"Boutique","item":"https:\/\/kinamihealth.com\/shop\/"},{"@type":"ListItem","position":3,"name":"MEDIDERMA\u00ae SENS-AGE MD AMC-Activator"}]},{"@type":"WebSite","@id":"https:\/\/kinamihealth.com\/#website","url":"https:\/\/kinamihealth.com\/","name":"Kinami Health","description":"","publisher":{"@id":"https:\/\/kinamihealth.com\/#organization"},"potentialAction":[{"@type":"SearchAction","target":{"@type":"EntryPoint","urlTemplate":"https:\/\/kinamihealth.com\/?s={search_term_string}"},"query-input":{"@type":"PropertyValueSpecification","valueRequired":true,"valueName":"search_term_string"}}],"inLanguage":"fr-FR"},{"@type":"Organization","@id":"https:\/\/kinamihealth.com\/#organization","name":"Kinami Health","url":"https:\/\/kinamihealth.com\/","logo":{"@type":"ImageObject","inLanguage":"fr-FR","@id":"https:\/\/kinamihealth.com\/#\/schema\/logo\/image\/","url":"https:\/\/kinamihealth.com\/wp-content\/uploads\/2025\/01\/KH_logo_black_2-1.png","contentUrl":"https:\/\/kinamihealth.com\/wp-content\/uploads\/2025\/01\/KH_logo_black_2-1.png","width":339,"height":34,"caption":"Kinami Health"},"image":{"@id":"https:\/\/kinamihealth.com\/#\/schema\/logo\/image\/"}}]}},"_links":{"self":[{"href":"https:\/\/kinamihealth.com\/fr\/wp-json\/wp\/v2\/product\/108975","targetHints":{"allow":["GET"]}}],"collection":[{"href":"https:\/\/kinamihealth.com\/fr\/wp-json\/wp\/v2\/product"}],"about":[{"href":"https:\/\/kinamihealth.com\/fr\/wp-json\/wp\/v2\/types\/product"}],"replies":[{"embeddable":true,"href":"https:\/\/kinamihealth.com\/fr\/wp-json\/wp\/v2\/comments?post=108975"}],"version-history":[{"count":0,"href":"https:\/\/kinamihealth.com\/fr\/wp-json\/wp\/v2\/product\/108975\/revisions"}],"wp:featuredmedia":[{"embeddable":true,"href":"https:\/\/kinamihealth.com\/fr\/wp-json\/wp\/v2\/media\/108976"}],"wp:attachment":[{"href":"https:\/\/kinamihealth.com\/fr\/wp-json\/wp\/v2\/media?parent=108975"}],"wp:term":[{"taxonomy":"product_brand","embeddable":true,"href":"https:\/\/kinamihealth.com\/fr\/wp-json\/wp\/v2\/product_brand?post=108975"},{"taxonomy":"product_cat","embeddable":true,"href":"https:\/\/kinamihealth.com\/fr\/wp-json\/wp\/v2\/product_cat?post=108975"},{"taxonomy":"product_tag","embeddable":true,"href":"https:\/\/kinamihealth.com\/fr\/wp-json\/wp\/v2\/product_tag?post=108975"}],"curies":[{"name":"wp","href":"https:\/\/api.w.org\/{rel}","templated":true}]}}