{"id":108969,"date":"2025-02-15T16:57:12","date_gmt":"2025-02-15T16:57:12","guid":{"rendered":"https:\/\/kinamihealth.com\/product\/mediderma-retises-nanopeel-1-gel\/"},"modified":"2026-01-21T16:08:09","modified_gmt":"2026-01-21T16:08:09","slug":"mediderma-retises-nanopeel-1-gel","status":"publish","type":"product","link":"https:\/\/kinamihealth.com\/fr\/produit\/mediderma-retises-nanopeel-1-gel\/","title":{"rendered":"MEDIDERMA\u00ae RETISES NANOPEEL 1% GEL"},"content":{"rendered":"<p>RETISES NANOPEEL est un gel \u00e0 base de r\u00e9tinol qui nourrit la peau, pr\u00e9vient l&#8217;apparition de nouvelles rides, r\u00e9duit la profondeur des rides existantes et augmente l&#8217;\u00e9lasticit\u00e9 de la peau. Il est destin\u00e9 au traitement du photovieillissement, de l&#8217;hyperpigmentation, des cicatrices et des vergetures.<\/p>\n","protected":false},"excerpt":{"rendered":"<p>Le gel Retises Nanopeel 1 % est un <strong>peeling chimique <\/strong>con\u00e7u pour <strong>stimuler le renouvellement de la peau et am\u00e9liorer sa texture globale<\/strong>. Formul\u00e9 \u00e0 base de <strong>r\u00e9tinol liposomique<\/strong>, ce peeling offre une <strong>p\u00e9n\u00e9tration en profondeur<\/strong> pour une exfoliation et un rajeunissement efficaces. Il est principalement utilis\u00e9 dans les <strong>cabinets esth\u00e9tique et dermatologique<\/strong> pour traiter les signes de l\u2019\u00e2ge, les probl\u00e8mes de pigmentation et le teint irr\u00e9gulier.<\/p>\n","protected":false},"featured_media":108970,"comment_status":"closed","ping_status":"closed","template":"","meta":{"_acf_changed":false,"inline_featured_image":false},"product_brand":[1190],"product_cat":[1378],"product_tag":[1222],"class_list":{"0":"post-108969","1":"product","2":"type-product","3":"status-publish","4":"has-post-thumbnail","6":"product_brand-mediderma","7":"product_cat-peelings-et-masques","8":"product_tag-dispositifs-medicaux","10":"first","11":"instock","12":"taxable","13":"shipping-taxable","14":"purchasable","15":"product-type-simple","16":"add-to-wishlist-before_image"},"acf":[],"yoast_head":"<!-- This site is optimized with the Yoast SEO plugin v27.1.1 - https:\/\/yoast.com\/product\/yoast-seo-wordpress\/ -->\n<title>Commander MEDIDERMA\u00ae RETISES NANOPEEL 1% GEL en ligne | Boutique en ligne | Kinami Health<\/title>\n<meta name=\"description\" content=\"Achetez Retises Nanopeel 1 % Gel en ligne pour un rajeunissement professionnel de la peau qui cible les ridules, l&#039;hyperpigmentation et les cicatrices d&#039;acn\u00e9. Commandez d\u00e8s aujourd&#039;hui.\" \/>\n<meta name=\"robots\" content=\"index, follow, max-snippet:-1, max-image-preview:large, max-video-preview:-1\" \/>\n<link rel=\"canonical\" href=\"https:\/\/kinamihealth.com\/fr\/wp-json\/wp\/v2\/product\/108969\" \/>\n<meta property=\"og:locale\" content=\"fr_FR\" \/>\n<meta property=\"og:type\" content=\"article\" \/>\n<meta property=\"og:title\" content=\"Commander MEDIDERMA\u00ae RETISES NANOPEEL 1% GEL en ligne | Boutique en ligne | Kinami Health\" \/>\n<meta property=\"og:description\" content=\"Achetez Retises Nanopeel 1 % Gel en ligne pour un rajeunissement professionnel de la peau qui cible les ridules, l&#039;hyperpigmentation et les cicatrices d&#039;acn\u00e9. Commandez d\u00e8s aujourd&#039;hui.\" \/>\n<meta property=\"og:url\" content=\"https:\/\/kinamihealth.com\/fr\/product\/mediderma-retises-nanopeel-1-gel\/\" \/>\n<meta property=\"og:site_name\" content=\"Kinami Health\" \/>\n<meta property=\"article:modified_time\" content=\"2026-01-21T16:08:09+00:00\" \/>\n<meta property=\"og:image\" content=\"https:\/\/kinamihealth.com\/wp-content\/uploads\/2025\/02\/MEDIDERMA-RETISES-NANOPEEL-1-GEL-01.jpg\" \/>\n\t<meta property=\"og:image:width\" content=\"800\" \/>\n\t<meta property=\"og:image:height\" content=\"800\" \/>\n\t<meta property=\"og:image:type\" content=\"image\/jpeg\" \/>\n<meta name=\"twitter:card\" content=\"summary_large_image\" \/>\n<meta name=\"twitter:label1\" content=\"Dur\u00e9e de lecture estim\u00e9e\" \/>\n\t<meta name=\"twitter:data1\" content=\"1 minute\" \/>\n<!-- \/ Yoast SEO plugin. -->","yoast_head_json":{"title":"Commander MEDIDERMA\u00ae RETISES NANOPEEL 1% GEL en ligne | Boutique en ligne | Kinami Health","description":"Achetez Retises Nanopeel 1 % Gel en ligne pour un rajeunissement professionnel de la peau qui cible les ridules, l'hyperpigmentation et les cicatrices d'acn\u00e9. Commandez d\u00e8s aujourd'hui.","robots":{"index":"index","follow":"follow","max-snippet":"max-snippet:-1","max-image-preview":"max-image-preview:large","max-video-preview":"max-video-preview:-1"},"canonical":"https:\/\/kinamihealth.com\/fr\/wp-json\/wp\/v2\/product\/108969","og_locale":"fr_FR","og_type":"article","og_title":"Commander MEDIDERMA\u00ae RETISES NANOPEEL 1% GEL en ligne | Boutique en ligne | Kinami Health","og_description":"Achetez Retises Nanopeel 1 % Gel en ligne pour un rajeunissement professionnel de la peau qui cible les ridules, l'hyperpigmentation et les cicatrices d'acn\u00e9. Commandez d\u00e8s aujourd'hui.","og_url":"https:\/\/kinamihealth.com\/fr\/product\/mediderma-retises-nanopeel-1-gel\/","og_site_name":"Kinami Health","article_modified_time":"2026-01-21T16:08:09+00:00","og_image":[{"width":800,"height":800,"url":"https:\/\/kinamihealth.com\/wp-content\/uploads\/2025\/02\/MEDIDERMA-RETISES-NANOPEEL-1-GEL-01.jpg","type":"image\/jpeg"}],"twitter_card":"summary_large_image","twitter_misc":{"Dur\u00e9e de lecture estim\u00e9e":"1 minute"},"schema":{"@context":"https:\/\/schema.org","@graph":[{"@type":"WebPage","@id":"https:\/\/kinamihealth.com\/fr\/product\/mediderma-retises-nanopeel-1-gel\/","url":"https:\/\/kinamihealth.com\/fr\/product\/mediderma-retises-nanopeel-1-gel\/","name":"Commander MEDIDERMA\u00ae RETISES NANOPEEL 1% GEL en ligne | Boutique en ligne | Kinami Health","isPartOf":{"@id":"https:\/\/kinamihealth.com\/#website"},"primaryImageOfPage":{"@id":"https:\/\/kinamihealth.com\/fr\/product\/mediderma-retises-nanopeel-1-gel\/#primaryimage"},"image":{"@id":"https:\/\/kinamihealth.com\/fr\/product\/mediderma-retises-nanopeel-1-gel\/#primaryimage"},"thumbnailUrl":"https:\/\/kinamihealth.com\/wp-content\/uploads\/2025\/02\/MEDIDERMA-RETISES-NANOPEEL-1-GEL-01.jpg","datePublished":"2025-02-15T16:57:12+00:00","dateModified":"2026-01-21T16:08:09+00:00","description":"Achetez Retises Nanopeel 1 % Gel en ligne pour un rajeunissement professionnel de la peau qui cible les ridules, l'hyperpigmentation et les cicatrices d'acn\u00e9. Commandez d\u00e8s aujourd'hui.","breadcrumb":{"@id":"https:\/\/kinamihealth.com\/fr\/product\/mediderma-retises-nanopeel-1-gel\/#breadcrumb"},"inLanguage":"fr-FR","potentialAction":[{"@type":"ReadAction","target":["https:\/\/kinamihealth.com\/fr\/product\/mediderma-retises-nanopeel-1-gel\/"]}]},{"@type":"ImageObject","inLanguage":"fr-FR","@id":"https:\/\/kinamihealth.com\/fr\/product\/mediderma-retises-nanopeel-1-gel\/#primaryimage","url":"https:\/\/kinamihealth.com\/wp-content\/uploads\/2025\/02\/MEDIDERMA-RETISES-NANOPEEL-1-GEL-01.jpg","contentUrl":"https:\/\/kinamihealth.com\/wp-content\/uploads\/2025\/02\/MEDIDERMA-RETISES-NANOPEEL-1-GEL-01.jpg","width":800,"height":800},{"@type":"BreadcrumbList","@id":"https:\/\/kinamihealth.com\/fr\/product\/mediderma-retises-nanopeel-1-gel\/#breadcrumb","itemListElement":[{"@type":"ListItem","position":1,"name":"Page d'accueil","item":"https:\/\/kinamihealth.com\/"},{"@type":"ListItem","position":2,"name":"Boutique","item":"https:\/\/kinamihealth.com\/shop\/"},{"@type":"ListItem","position":3,"name":"MEDIDERMA\u00ae RETISES NANOPEEL 1% GEL"}]},{"@type":"WebSite","@id":"https:\/\/kinamihealth.com\/#website","url":"https:\/\/kinamihealth.com\/","name":"Kinami Health","description":"","publisher":{"@id":"https:\/\/kinamihealth.com\/#organization"},"potentialAction":[{"@type":"SearchAction","target":{"@type":"EntryPoint","urlTemplate":"https:\/\/kinamihealth.com\/?s={search_term_string}"},"query-input":{"@type":"PropertyValueSpecification","valueRequired":true,"valueName":"search_term_string"}}],"inLanguage":"fr-FR"},{"@type":"Organization","@id":"https:\/\/kinamihealth.com\/#organization","name":"Kinami Health","url":"https:\/\/kinamihealth.com\/","logo":{"@type":"ImageObject","inLanguage":"fr-FR","@id":"https:\/\/kinamihealth.com\/#\/schema\/logo\/image\/","url":"https:\/\/kinamihealth.com\/wp-content\/uploads\/2025\/01\/KH_logo_black_2-1.png","contentUrl":"https:\/\/kinamihealth.com\/wp-content\/uploads\/2025\/01\/KH_logo_black_2-1.png","width":339,"height":34,"caption":"Kinami Health"},"image":{"@id":"https:\/\/kinamihealth.com\/#\/schema\/logo\/image\/"}}]}},"_links":{"self":[{"href":"https:\/\/kinamihealth.com\/fr\/wp-json\/wp\/v2\/product\/108969","targetHints":{"allow":["GET"]}}],"collection":[{"href":"https:\/\/kinamihealth.com\/fr\/wp-json\/wp\/v2\/product"}],"about":[{"href":"https:\/\/kinamihealth.com\/fr\/wp-json\/wp\/v2\/types\/product"}],"replies":[{"embeddable":true,"href":"https:\/\/kinamihealth.com\/fr\/wp-json\/wp\/v2\/comments?post=108969"}],"version-history":[{"count":0,"href":"https:\/\/kinamihealth.com\/fr\/wp-json\/wp\/v2\/product\/108969\/revisions"}],"wp:featuredmedia":[{"embeddable":true,"href":"https:\/\/kinamihealth.com\/fr\/wp-json\/wp\/v2\/media\/108970"}],"wp:attachment":[{"href":"https:\/\/kinamihealth.com\/fr\/wp-json\/wp\/v2\/media?parent=108969"}],"wp:term":[{"taxonomy":"product_brand","embeddable":true,"href":"https:\/\/kinamihealth.com\/fr\/wp-json\/wp\/v2\/product_brand?post=108969"},{"taxonomy":"product_cat","embeddable":true,"href":"https:\/\/kinamihealth.com\/fr\/wp-json\/wp\/v2\/product_cat?post=108969"},{"taxonomy":"product_tag","embeddable":true,"href":"https:\/\/kinamihealth.com\/fr\/wp-json\/wp\/v2\/product_tag?post=108969"}],"curies":[{"name":"wp","href":"https:\/\/api.w.org\/{rel}","templated":true}]}}