{"id":108963,"date":"2025-02-15T16:56:58","date_gmt":"2025-02-15T16:56:58","guid":{"rendered":"https:\/\/kinamihealth.com\/product\/mediderma-redness-control-aa-sensitive-gel\/"},"modified":"2026-01-21T16:07:41","modified_gmt":"2026-01-21T16:07:41","slug":"mediderma-redness-control-aa-sensitive-gel","status":"publish","type":"product","link":"https:\/\/kinamihealth.com\/fr\/produit\/mediderma-redness-control-aa-sensitive-gel\/","title":{"rendered":"MEDIDERMA\u00ae REDNESS CONTROL A&amp;A SENSITIVE GEL"},"content":{"rendered":"<p>REDNESS CONTROL A&amp;A SENSITIVE GEL s&#8217;utilise quotidiennement sur les peaux mixtes, sensibles et rougies, \u00e0 tendance acn\u00e9ique et couperos\u00e9es. Gr\u00e2ce \u00e0 sa composition, il d\u00e9sobstrue les pores, \u00e9limine les squames et r\u00e9duit l&#8217;exc\u00e8s de s\u00e9bum. Cette cr\u00e8me visage anti-rougeurs hydrate en profondeur, soulage la sensation de s\u00e9cheresse, aide \u00e0 r\u00e9\u00e9quilibrer la fonction barri\u00e8re de la peau en lui apportant des acides gras essentiels qui la renforcent contre les agressions ext\u00e9rieures, am\u00e9liore la microcirculation, calme l&#8217;\u00e9ryth\u00e8me, r\u00e9duit les rougeurs et \u00e9claircit la pigmentation de la peau.<\/p>\n","protected":false},"excerpt":{"rendered":"<p>REDNESS CONTROL A&amp;A SENSITIVE GEL s&#8217;utilise quotidiennement sur les peaux mixtes, sensibles et rougies, \u00e0 tendance acn\u00e9ique et couperos\u00e9es. Gr\u00e2ce \u00e0 sa composition, il d\u00e9sobstrue les pores, \u00e9limine les squames et r\u00e9duit l&#8217;exc\u00e8s de s\u00e9bum. Cette cr\u00e8me visage anti-rougeurs hydrate en profondeur, soulage la sensation de s\u00e9cheresse, aide \u00e0 r\u00e9\u00e9quilibrer la fonction barri\u00e8re de la [&hellip;]<\/p>\n","protected":false},"featured_media":108964,"comment_status":"closed","ping_status":"closed","template":"","meta":{"_acf_changed":false,"inline_featured_image":false},"product_brand":[1190],"product_cat":[1380],"product_tag":[1222],"class_list":{"0":"post-108963","1":"product","2":"type-product","3":"status-publish","4":"has-post-thumbnail","6":"product_brand-mediderma","7":"product_cat-soins-de-la-peau","8":"product_tag-dispositifs-medicaux","10":"first","11":"instock","12":"taxable","13":"shipping-taxable","14":"purchasable","15":"product-type-simple","16":"add-to-wishlist-before_image"},"acf":[],"yoast_head":"<!-- This site is optimized with the Yoast SEO plugin v27.1.1 - https:\/\/yoast.com\/product\/yoast-seo-wordpress\/ -->\n<title>Commander MEDIDERMA\u00ae REDNESS CONTROL A&amp;A SENSITIVE GEL en ligne | Boutique en ligne | Kinami Health<\/title>\n<meta name=\"description\" content=\"Commandez le gel REDNESS CONTROL A&amp;A SENSITIVE GEL qui hydrate, prot\u00e8ge, r\u00e9tablit l&#039;\u00e9quilibre et r\u00e9duit les rougeurs visibles. Commandez d\u00e8s maintenant chez Kinami Health.\" \/>\n<meta name=\"robots\" content=\"index, follow, max-snippet:-1, max-image-preview:large, max-video-preview:-1\" \/>\n<link rel=\"canonical\" href=\"https:\/\/kinamihealth.com\/fr\/wp-json\/wp\/v2\/product\/108963\" \/>\n<meta property=\"og:locale\" content=\"fr_FR\" \/>\n<meta property=\"og:type\" content=\"article\" \/>\n<meta property=\"og:title\" content=\"Commander MEDIDERMA\u00ae REDNESS CONTROL A&amp;A SENSITIVE GEL en ligne | Boutique en ligne | Kinami Health\" \/>\n<meta property=\"og:description\" content=\"Commandez le gel REDNESS CONTROL A&amp;A SENSITIVE GEL qui hydrate, prot\u00e8ge, r\u00e9tablit l&#039;\u00e9quilibre et r\u00e9duit les rougeurs visibles. Commandez d\u00e8s maintenant chez Kinami Health.\" \/>\n<meta property=\"og:url\" content=\"https:\/\/kinamihealth.com\/fr\/product\/mediderma-redness-control-aa-sensitive-gel\/\" \/>\n<meta property=\"og:site_name\" content=\"Kinami Health\" \/>\n<meta property=\"article:modified_time\" content=\"2026-01-21T16:07:41+00:00\" \/>\n<meta property=\"og:image\" content=\"https:\/\/kinamihealth.com\/wp-content\/uploads\/2025\/02\/MEDIDERMA-REDNESS-CONTROL-AA-SENSITIVE-GEL-01.jpg\" \/>\n\t<meta property=\"og:image:width\" content=\"800\" \/>\n\t<meta property=\"og:image:height\" content=\"800\" \/>\n\t<meta property=\"og:image:type\" content=\"image\/jpeg\" \/>\n<meta name=\"twitter:card\" content=\"summary_large_image\" \/>\n<meta name=\"twitter:label1\" content=\"Dur\u00e9e de lecture estim\u00e9e\" \/>\n\t<meta name=\"twitter:data1\" content=\"1 minute\" \/>\n<!-- \/ Yoast SEO plugin. -->","yoast_head_json":{"title":"Commander MEDIDERMA\u00ae REDNESS CONTROL A&A SENSITIVE GEL en ligne | Boutique en ligne | Kinami Health","description":"Commandez le gel REDNESS CONTROL A&A SENSITIVE GEL qui hydrate, prot\u00e8ge, r\u00e9tablit l'\u00e9quilibre et r\u00e9duit les rougeurs visibles. Commandez d\u00e8s maintenant chez Kinami Health.","robots":{"index":"index","follow":"follow","max-snippet":"max-snippet:-1","max-image-preview":"max-image-preview:large","max-video-preview":"max-video-preview:-1"},"canonical":"https:\/\/kinamihealth.com\/fr\/wp-json\/wp\/v2\/product\/108963","og_locale":"fr_FR","og_type":"article","og_title":"Commander MEDIDERMA\u00ae REDNESS CONTROL A&A SENSITIVE GEL en ligne | Boutique en ligne | Kinami Health","og_description":"Commandez le gel REDNESS CONTROL A&A SENSITIVE GEL qui hydrate, prot\u00e8ge, r\u00e9tablit l'\u00e9quilibre et r\u00e9duit les rougeurs visibles. Commandez d\u00e8s maintenant chez Kinami Health.","og_url":"https:\/\/kinamihealth.com\/fr\/product\/mediderma-redness-control-aa-sensitive-gel\/","og_site_name":"Kinami Health","article_modified_time":"2026-01-21T16:07:41+00:00","og_image":[{"width":800,"height":800,"url":"https:\/\/kinamihealth.com\/wp-content\/uploads\/2025\/02\/MEDIDERMA-REDNESS-CONTROL-AA-SENSITIVE-GEL-01.jpg","type":"image\/jpeg"}],"twitter_card":"summary_large_image","twitter_misc":{"Dur\u00e9e de lecture estim\u00e9e":"1 minute"},"schema":{"@context":"https:\/\/schema.org","@graph":[{"@type":"WebPage","@id":"https:\/\/kinamihealth.com\/fr\/product\/mediderma-redness-control-aa-sensitive-gel\/","url":"https:\/\/kinamihealth.com\/fr\/product\/mediderma-redness-control-aa-sensitive-gel\/","name":"Commander MEDIDERMA\u00ae REDNESS CONTROL A&A SENSITIVE GEL en ligne | Boutique en ligne | Kinami Health","isPartOf":{"@id":"https:\/\/kinamihealth.com\/#website"},"primaryImageOfPage":{"@id":"https:\/\/kinamihealth.com\/fr\/product\/mediderma-redness-control-aa-sensitive-gel\/#primaryimage"},"image":{"@id":"https:\/\/kinamihealth.com\/fr\/product\/mediderma-redness-control-aa-sensitive-gel\/#primaryimage"},"thumbnailUrl":"https:\/\/kinamihealth.com\/wp-content\/uploads\/2025\/02\/MEDIDERMA-REDNESS-CONTROL-AA-SENSITIVE-GEL-01.jpg","datePublished":"2025-02-15T16:56:58+00:00","dateModified":"2026-01-21T16:07:41+00:00","description":"Commandez le gel REDNESS CONTROL A&A SENSITIVE GEL qui hydrate, prot\u00e8ge, r\u00e9tablit l'\u00e9quilibre et r\u00e9duit les rougeurs visibles. Commandez d\u00e8s maintenant chez Kinami Health.","breadcrumb":{"@id":"https:\/\/kinamihealth.com\/fr\/product\/mediderma-redness-control-aa-sensitive-gel\/#breadcrumb"},"inLanguage":"fr-FR","potentialAction":[{"@type":"ReadAction","target":["https:\/\/kinamihealth.com\/fr\/product\/mediderma-redness-control-aa-sensitive-gel\/"]}]},{"@type":"ImageObject","inLanguage":"fr-FR","@id":"https:\/\/kinamihealth.com\/fr\/product\/mediderma-redness-control-aa-sensitive-gel\/#primaryimage","url":"https:\/\/kinamihealth.com\/wp-content\/uploads\/2025\/02\/MEDIDERMA-REDNESS-CONTROL-AA-SENSITIVE-GEL-01.jpg","contentUrl":"https:\/\/kinamihealth.com\/wp-content\/uploads\/2025\/02\/MEDIDERMA-REDNESS-CONTROL-AA-SENSITIVE-GEL-01.jpg","width":800,"height":800},{"@type":"BreadcrumbList","@id":"https:\/\/kinamihealth.com\/fr\/product\/mediderma-redness-control-aa-sensitive-gel\/#breadcrumb","itemListElement":[{"@type":"ListItem","position":1,"name":"Page d'accueil","item":"https:\/\/kinamihealth.com\/"},{"@type":"ListItem","position":2,"name":"Boutique","item":"https:\/\/kinamihealth.com\/shop\/"},{"@type":"ListItem","position":3,"name":"MEDIDERMA\u00ae REDNESS CONTROL A&amp;A SENSITIVE GEL"}]},{"@type":"WebSite","@id":"https:\/\/kinamihealth.com\/#website","url":"https:\/\/kinamihealth.com\/","name":"Kinami Health","description":"","publisher":{"@id":"https:\/\/kinamihealth.com\/#organization"},"potentialAction":[{"@type":"SearchAction","target":{"@type":"EntryPoint","urlTemplate":"https:\/\/kinamihealth.com\/?s={search_term_string}"},"query-input":{"@type":"PropertyValueSpecification","valueRequired":true,"valueName":"search_term_string"}}],"inLanguage":"fr-FR"},{"@type":"Organization","@id":"https:\/\/kinamihealth.com\/#organization","name":"Kinami Health","url":"https:\/\/kinamihealth.com\/","logo":{"@type":"ImageObject","inLanguage":"fr-FR","@id":"https:\/\/kinamihealth.com\/#\/schema\/logo\/image\/","url":"https:\/\/kinamihealth.com\/wp-content\/uploads\/2025\/01\/KH_logo_black_2-1.png","contentUrl":"https:\/\/kinamihealth.com\/wp-content\/uploads\/2025\/01\/KH_logo_black_2-1.png","width":339,"height":34,"caption":"Kinami Health"},"image":{"@id":"https:\/\/kinamihealth.com\/#\/schema\/logo\/image\/"}}]}},"_links":{"self":[{"href":"https:\/\/kinamihealth.com\/fr\/wp-json\/wp\/v2\/product\/108963","targetHints":{"allow":["GET"]}}],"collection":[{"href":"https:\/\/kinamihealth.com\/fr\/wp-json\/wp\/v2\/product"}],"about":[{"href":"https:\/\/kinamihealth.com\/fr\/wp-json\/wp\/v2\/types\/product"}],"replies":[{"embeddable":true,"href":"https:\/\/kinamihealth.com\/fr\/wp-json\/wp\/v2\/comments?post=108963"}],"version-history":[{"count":0,"href":"https:\/\/kinamihealth.com\/fr\/wp-json\/wp\/v2\/product\/108963\/revisions"}],"wp:featuredmedia":[{"embeddable":true,"href":"https:\/\/kinamihealth.com\/fr\/wp-json\/wp\/v2\/media\/108964"}],"wp:attachment":[{"href":"https:\/\/kinamihealth.com\/fr\/wp-json\/wp\/v2\/media?parent=108963"}],"wp:term":[{"taxonomy":"product_brand","embeddable":true,"href":"https:\/\/kinamihealth.com\/fr\/wp-json\/wp\/v2\/product_brand?post=108963"},{"taxonomy":"product_cat","embeddable":true,"href":"https:\/\/kinamihealth.com\/fr\/wp-json\/wp\/v2\/product_cat?post=108963"},{"taxonomy":"product_tag","embeddable":true,"href":"https:\/\/kinamihealth.com\/fr\/wp-json\/wp\/v2\/product_tag?post=108963"}],"curies":[{"name":"wp","href":"https:\/\/api.w.org\/{rel}","templated":true}]}}