{"id":108960,"date":"2025-02-15T16:56:51","date_gmt":"2025-02-15T16:56:51","guid":{"rendered":"https:\/\/kinamihealth.com\/product\/mediderma-purifying-control-as-cleanser-mousse\/"},"modified":"2026-01-21T16:07:56","modified_gmt":"2026-01-21T16:07:56","slug":"mediderma-purifying-control-as-cleanser-mousse","status":"publish","type":"product","link":"https:\/\/kinamihealth.com\/fr\/produit\/mediderma-purifying-control-as-cleanser-mousse\/","title":{"rendered":"MEDIDERMA\u00ae PURIFYING CONTROL AS CLEANSER MOUSSE"},"content":{"rendered":"<p>PURIFYING CONTROL AS CLEANSER MOUSE est un nettoyant moussant sans savon indiqu\u00e9 pour l&#8217;hygi\u00e8ne quotidienne du visage des peaux grasses et\/ou \u00e0 tendance acn\u00e9ique.<\/p>\n","protected":false},"excerpt":{"rendered":"<p><strong>Purifying Control AS Cleanser Mousse Daily Care<\/strong> est un nettoyant pour le <strong>visage,<\/strong> innovant, <strong>sans savon,<\/strong> qui est d\u00e9velopp\u00e9 par Mediderma, leader du secteur. Cette formule avanc\u00e9e associe de <strong>l&#8217;acide salicylique, de l&#8217;aloe vera et des extraits botaniques<\/strong> dans une cr\u00e8me moussante douce qui nettoie en profondeur tout en pr\u00e9servant l&#8217;\u00e9quilibre de la peau. L&#8217;action double de ce nettoyant \u00e0 la fois <strong>\u00e9limine les impuret\u00e9s et contr\u00f4le la production excessive de s\u00e9bum <\/strong>sans perturber la barri\u00e8re naturelle cutan\u00e9e. Id\u00e9al pour <strong>tous les types de peau, en particulier les peaux \u00e0 tendance acn\u00e9ique<\/strong>, ce soin quotidien offre des bienfaits antibact\u00e9riens et anti-inflammatoires tout en favorisant le renouvellement et le rajeunissement naturels de la peau.<\/p>\n","protected":false},"featured_media":108961,"comment_status":"closed","ping_status":"closed","template":"","meta":{"_acf_changed":false,"inline_featured_image":false},"product_brand":[1190],"product_cat":[1380],"product_tag":[1222],"class_list":{"0":"post-108960","1":"product","2":"type-product","3":"status-publish","4":"has-post-thumbnail","6":"product_brand-mediderma","7":"product_cat-soins-de-la-peau","8":"product_tag-dispositifs-medicaux","10":"first","11":"instock","12":"taxable","13":"shipping-taxable","14":"purchasable","15":"product-type-simple","16":"add-to-wishlist-before_image"},"acf":[],"yoast_head":"<!-- This site is optimized with the Yoast SEO plugin v27.1.1 - https:\/\/yoast.com\/product\/yoast-seo-wordpress\/ -->\n<title>Commander MEDIDERMA\u00ae PURIFYING CONTROL AS CLEANSER MOUSSE en ligne | Boutique en ligne | Kinami Health<\/title>\n<meta name=\"description\" content=\"Commandez Purifying Control AS Cleanser Mousse Daily Care, une mousse nettoyante antibact\u00e9rienne avanc\u00e9e pour le soin quotidien du visage.\" \/>\n<meta name=\"robots\" content=\"index, follow, max-snippet:-1, max-image-preview:large, max-video-preview:-1\" \/>\n<link rel=\"canonical\" href=\"https:\/\/kinamihealth.com\/fr\/wp-json\/wp\/v2\/product\/108960\" \/>\n<meta property=\"og:locale\" content=\"fr_FR\" \/>\n<meta property=\"og:type\" content=\"article\" \/>\n<meta property=\"og:title\" content=\"Commander MEDIDERMA\u00ae PURIFYING CONTROL AS CLEANSER MOUSSE en ligne | Boutique en ligne | Kinami Health\" \/>\n<meta property=\"og:description\" content=\"Commandez Purifying Control AS Cleanser Mousse Daily Care, une mousse nettoyante antibact\u00e9rienne avanc\u00e9e pour le soin quotidien du visage.\" \/>\n<meta property=\"og:url\" content=\"https:\/\/kinamihealth.com\/fr\/product\/mediderma-purifying-control-as-cleanser-mousse\/\" \/>\n<meta property=\"og:site_name\" content=\"Kinami Health\" \/>\n<meta property=\"article:modified_time\" content=\"2026-01-21T16:07:56+00:00\" \/>\n<meta property=\"og:image\" content=\"https:\/\/kinamihealth.com\/wp-content\/uploads\/2025\/02\/MEDIDERMA-PURIFYING-CONTROL-AS-CLEANSER-MOUSSE-DAILY-CARE-01.jpg\" \/>\n\t<meta property=\"og:image:width\" content=\"800\" \/>\n\t<meta property=\"og:image:height\" content=\"800\" \/>\n\t<meta property=\"og:image:type\" content=\"image\/jpeg\" \/>\n<meta name=\"twitter:card\" content=\"summary_large_image\" \/>\n<meta name=\"twitter:label1\" content=\"Dur\u00e9e de lecture estim\u00e9e\" \/>\n\t<meta name=\"twitter:data1\" content=\"1 minute\" \/>\n<!-- \/ Yoast SEO plugin. -->","yoast_head_json":{"title":"Commander MEDIDERMA\u00ae PURIFYING CONTROL AS CLEANSER MOUSSE en ligne | Boutique en ligne | Kinami Health","description":"Commandez Purifying Control AS Cleanser Mousse Daily Care, une mousse nettoyante antibact\u00e9rienne avanc\u00e9e pour le soin quotidien du visage.","robots":{"index":"index","follow":"follow","max-snippet":"max-snippet:-1","max-image-preview":"max-image-preview:large","max-video-preview":"max-video-preview:-1"},"canonical":"https:\/\/kinamihealth.com\/fr\/wp-json\/wp\/v2\/product\/108960","og_locale":"fr_FR","og_type":"article","og_title":"Commander MEDIDERMA\u00ae PURIFYING CONTROL AS CLEANSER MOUSSE en ligne | Boutique en ligne | Kinami Health","og_description":"Commandez Purifying Control AS Cleanser Mousse Daily Care, une mousse nettoyante antibact\u00e9rienne avanc\u00e9e pour le soin quotidien du visage.","og_url":"https:\/\/kinamihealth.com\/fr\/product\/mediderma-purifying-control-as-cleanser-mousse\/","og_site_name":"Kinami Health","article_modified_time":"2026-01-21T16:07:56+00:00","og_image":[{"width":800,"height":800,"url":"https:\/\/kinamihealth.com\/wp-content\/uploads\/2025\/02\/MEDIDERMA-PURIFYING-CONTROL-AS-CLEANSER-MOUSSE-DAILY-CARE-01.jpg","type":"image\/jpeg"}],"twitter_card":"summary_large_image","twitter_misc":{"Dur\u00e9e de lecture estim\u00e9e":"1 minute"},"schema":{"@context":"https:\/\/schema.org","@graph":[{"@type":"WebPage","@id":"https:\/\/kinamihealth.com\/fr\/product\/mediderma-purifying-control-as-cleanser-mousse\/","url":"https:\/\/kinamihealth.com\/fr\/product\/mediderma-purifying-control-as-cleanser-mousse\/","name":"Commander MEDIDERMA\u00ae PURIFYING CONTROL AS CLEANSER MOUSSE en ligne | Boutique en ligne | Kinami Health","isPartOf":{"@id":"https:\/\/kinamihealth.com\/#website"},"primaryImageOfPage":{"@id":"https:\/\/kinamihealth.com\/fr\/product\/mediderma-purifying-control-as-cleanser-mousse\/#primaryimage"},"image":{"@id":"https:\/\/kinamihealth.com\/fr\/product\/mediderma-purifying-control-as-cleanser-mousse\/#primaryimage"},"thumbnailUrl":"https:\/\/kinamihealth.com\/wp-content\/uploads\/2025\/02\/MEDIDERMA-PURIFYING-CONTROL-AS-CLEANSER-MOUSSE-DAILY-CARE-01.jpg","datePublished":"2025-02-15T16:56:51+00:00","dateModified":"2026-01-21T16:07:56+00:00","description":"Commandez Purifying Control AS Cleanser Mousse Daily Care, une mousse nettoyante antibact\u00e9rienne avanc\u00e9e pour le soin quotidien du visage.","breadcrumb":{"@id":"https:\/\/kinamihealth.com\/fr\/product\/mediderma-purifying-control-as-cleanser-mousse\/#breadcrumb"},"inLanguage":"fr-FR","potentialAction":[{"@type":"ReadAction","target":["https:\/\/kinamihealth.com\/fr\/product\/mediderma-purifying-control-as-cleanser-mousse\/"]}]},{"@type":"ImageObject","inLanguage":"fr-FR","@id":"https:\/\/kinamihealth.com\/fr\/product\/mediderma-purifying-control-as-cleanser-mousse\/#primaryimage","url":"https:\/\/kinamihealth.com\/wp-content\/uploads\/2025\/02\/MEDIDERMA-PURIFYING-CONTROL-AS-CLEANSER-MOUSSE-DAILY-CARE-01.jpg","contentUrl":"https:\/\/kinamihealth.com\/wp-content\/uploads\/2025\/02\/MEDIDERMA-PURIFYING-CONTROL-AS-CLEANSER-MOUSSE-DAILY-CARE-01.jpg","width":800,"height":800},{"@type":"BreadcrumbList","@id":"https:\/\/kinamihealth.com\/fr\/product\/mediderma-purifying-control-as-cleanser-mousse\/#breadcrumb","itemListElement":[{"@type":"ListItem","position":1,"name":"Page d'accueil","item":"https:\/\/kinamihealth.com\/"},{"@type":"ListItem","position":2,"name":"Boutique","item":"https:\/\/kinamihealth.com\/shop\/"},{"@type":"ListItem","position":3,"name":"MEDIDERMA\u00ae PURIFYING CONTROL AS CLEANSER MOUSSE"}]},{"@type":"WebSite","@id":"https:\/\/kinamihealth.com\/#website","url":"https:\/\/kinamihealth.com\/","name":"Kinami Health","description":"","publisher":{"@id":"https:\/\/kinamihealth.com\/#organization"},"potentialAction":[{"@type":"SearchAction","target":{"@type":"EntryPoint","urlTemplate":"https:\/\/kinamihealth.com\/?s={search_term_string}"},"query-input":{"@type":"PropertyValueSpecification","valueRequired":true,"valueName":"search_term_string"}}],"inLanguage":"fr-FR"},{"@type":"Organization","@id":"https:\/\/kinamihealth.com\/#organization","name":"Kinami Health","url":"https:\/\/kinamihealth.com\/","logo":{"@type":"ImageObject","inLanguage":"fr-FR","@id":"https:\/\/kinamihealth.com\/#\/schema\/logo\/image\/","url":"https:\/\/kinamihealth.com\/wp-content\/uploads\/2025\/01\/KH_logo_black_2-1.png","contentUrl":"https:\/\/kinamihealth.com\/wp-content\/uploads\/2025\/01\/KH_logo_black_2-1.png","width":339,"height":34,"caption":"Kinami Health"},"image":{"@id":"https:\/\/kinamihealth.com\/#\/schema\/logo\/image\/"}}]}},"_links":{"self":[{"href":"https:\/\/kinamihealth.com\/fr\/wp-json\/wp\/v2\/product\/108960","targetHints":{"allow":["GET"]}}],"collection":[{"href":"https:\/\/kinamihealth.com\/fr\/wp-json\/wp\/v2\/product"}],"about":[{"href":"https:\/\/kinamihealth.com\/fr\/wp-json\/wp\/v2\/types\/product"}],"replies":[{"embeddable":true,"href":"https:\/\/kinamihealth.com\/fr\/wp-json\/wp\/v2\/comments?post=108960"}],"version-history":[{"count":0,"href":"https:\/\/kinamihealth.com\/fr\/wp-json\/wp\/v2\/product\/108960\/revisions"}],"wp:featuredmedia":[{"embeddable":true,"href":"https:\/\/kinamihealth.com\/fr\/wp-json\/wp\/v2\/media\/108961"}],"wp:attachment":[{"href":"https:\/\/kinamihealth.com\/fr\/wp-json\/wp\/v2\/media?parent=108960"}],"wp:term":[{"taxonomy":"product_brand","embeddable":true,"href":"https:\/\/kinamihealth.com\/fr\/wp-json\/wp\/v2\/product_brand?post=108960"},{"taxonomy":"product_cat","embeddable":true,"href":"https:\/\/kinamihealth.com\/fr\/wp-json\/wp\/v2\/product_cat?post=108960"},{"taxonomy":"product_tag","embeddable":true,"href":"https:\/\/kinamihealth.com\/fr\/wp-json\/wp\/v2\/product_tag?post=108960"}],"curies":[{"name":"wp","href":"https:\/\/api.w.org\/{rel}","templated":true}]}}