{"id":108944,"date":"2025-02-15T16:56:09","date_gmt":"2025-02-15T16:56:09","guid":{"rendered":"https:\/\/kinamihealth.com\/product\/mediderma-melases-trx-tca-peel-10\/"},"modified":"2026-01-21T16:07:51","modified_gmt":"2026-01-21T16:07:51","slug":"mediderma-melases-trx-tca-peel-10","status":"publish","type":"product","link":"https:\/\/kinamihealth.com\/fr\/produit\/mediderma-melases-trx-tca-peel-10\/","title":{"rendered":"MEDIDERMA\u00ae MELASES TRX TCA PEEL 10%"},"content":{"rendered":"<p>MELASES TRX PEEL est con\u00e7u pour traiter la pigmentation \u00e0 l&#8217;aide des composants m\u00e9laniques et vasculaires. Il renforce la barri\u00e8re protectrice naturelle de la peau, hydrate et r\u00e9pare. Il est indiqu\u00e9 pour le m\u00e9lasme post-inflammatoire et l&#8217;hyperpigmentation, ainsi que pour les cas de photovieillissement.<\/p>\n","protected":false},"excerpt":{"rendered":"<p>Melases TRX TCA 10 % Peel est un <strong>peeling chimique de qualit\u00e9 professionnelle<\/strong> con\u00e7u pour les professionnels de sant\u00e9 \u00e0 la recherche d&#8217;une solution efficace contre l&#8217;<strong>hyperpigmentation, le teint irr\u00e9gulier et les probl\u00e8mes de texture<\/strong>.<\/p>\n<p>Formul\u00e9 \u00e0 base <strong>d&#8217;acide trichlorac\u00e9tique (TCA), d&#8217;acide mand\u00e9lique et d&#8217;acide lactique<\/strong>, ce peeling exfolie la peau, <strong>stimule le renouvellement cellulaire<\/strong> et am\u00e9liore l&#8217;\u00e9clat g\u00e9n\u00e9ral de la peau. Ce produit <strong>cosm\u00e9tique de pointe<\/strong> est sp\u00e9cialement con\u00e7u pour les dermatologues et les praticiens esth\u00e9tiques qui souhaitent offrir \u00e0 leurs patients des traitements de rajeunissement cutan\u00e9 s\u00fbrs et efficaces.<\/p>\n<p>Les instituts et professionnels de l&#8217;esth\u00e9tique peuvent commander le Melases TRX TCA 10 % Peel sur la boutique en ligne <strong>Kinami Health<\/strong>, qui garantit des produits authentiques et de haute qualit\u00e9.<\/p>\n","protected":false},"featured_media":108945,"comment_status":"closed","ping_status":"closed","template":"","meta":{"_acf_changed":false,"inline_featured_image":false},"product_brand":[1190],"product_cat":[1378],"product_tag":[1222],"class_list":{"0":"post-108944","1":"product","2":"type-product","3":"status-publish","4":"has-post-thumbnail","6":"product_brand-mediderma","7":"product_cat-peelings-et-masques","8":"product_tag-dispositifs-medicaux","10":"first","11":"instock","12":"taxable","13":"shipping-taxable","14":"purchasable","15":"product-type-simple","16":"add-to-wishlist-before_image"},"acf":[],"yoast_head":"<!-- This site is optimized with the Yoast SEO plugin v27.1.1 - https:\/\/yoast.com\/product\/yoast-seo-wordpress\/ -->\n<title>Commander MEDIDERMA\u00ae MELASES TRX TCA PEEL 10% en ligne | Boutique en ligne | Kinami Health<\/title>\n<meta name=\"description\" content=\"Commandez le peeling Melases TRX TCA 10 % en ligne sur Kinami Health. Ce peeling TCA de qualit\u00e9 m\u00e9dicale r\u00e9duit l&#039;hyperpigmentation et am\u00e9liore la texture de la peau.\" \/>\n<meta name=\"robots\" content=\"index, follow, max-snippet:-1, max-image-preview:large, max-video-preview:-1\" \/>\n<link rel=\"canonical\" href=\"https:\/\/kinamihealth.com\/fr\/wp-json\/wp\/v2\/product\/108944\" \/>\n<meta property=\"og:locale\" content=\"fr_FR\" \/>\n<meta property=\"og:type\" content=\"article\" \/>\n<meta property=\"og:title\" content=\"Commander MEDIDERMA\u00ae MELASES TRX TCA PEEL 10% en ligne | Boutique en ligne | Kinami Health\" \/>\n<meta property=\"og:description\" content=\"Commandez le peeling Melases TRX TCA 10 % en ligne sur Kinami Health. Ce peeling TCA de qualit\u00e9 m\u00e9dicale r\u00e9duit l&#039;hyperpigmentation et am\u00e9liore la texture de la peau.\" \/>\n<meta property=\"og:url\" content=\"https:\/\/kinamihealth.com\/fr\/product\/mediderma-melases-trx-tca-peel-10\/\" \/>\n<meta property=\"og:site_name\" content=\"Kinami Health\" \/>\n<meta property=\"article:modified_time\" content=\"2026-01-21T16:07:51+00:00\" \/>\n<meta property=\"og:image\" content=\"https:\/\/kinamihealth.com\/wp-content\/uploads\/2025\/02\/MEDIDERMA-MELASES-TRX-TCA-10-PEEL-01.jpg\" \/>\n\t<meta property=\"og:image:width\" content=\"800\" \/>\n\t<meta property=\"og:image:height\" content=\"800\" \/>\n\t<meta property=\"og:image:type\" content=\"image\/jpeg\" \/>\n<meta name=\"twitter:card\" content=\"summary_large_image\" \/>\n<meta name=\"twitter:label1\" content=\"Dur\u00e9e de lecture estim\u00e9e\" \/>\n\t<meta name=\"twitter:data1\" content=\"1 minute\" \/>\n<!-- \/ Yoast SEO plugin. -->","yoast_head_json":{"title":"Commander MEDIDERMA\u00ae MELASES TRX TCA PEEL 10% en ligne | Boutique en ligne | Kinami Health","description":"Commandez le peeling Melases TRX TCA 10 % en ligne sur Kinami Health. Ce peeling TCA de qualit\u00e9 m\u00e9dicale r\u00e9duit l'hyperpigmentation et am\u00e9liore la texture de la peau.","robots":{"index":"index","follow":"follow","max-snippet":"max-snippet:-1","max-image-preview":"max-image-preview:large","max-video-preview":"max-video-preview:-1"},"canonical":"https:\/\/kinamihealth.com\/fr\/wp-json\/wp\/v2\/product\/108944","og_locale":"fr_FR","og_type":"article","og_title":"Commander MEDIDERMA\u00ae MELASES TRX TCA PEEL 10% en ligne | Boutique en ligne | Kinami Health","og_description":"Commandez le peeling Melases TRX TCA 10 % en ligne sur Kinami Health. Ce peeling TCA de qualit\u00e9 m\u00e9dicale r\u00e9duit l'hyperpigmentation et am\u00e9liore la texture de la peau.","og_url":"https:\/\/kinamihealth.com\/fr\/product\/mediderma-melases-trx-tca-peel-10\/","og_site_name":"Kinami Health","article_modified_time":"2026-01-21T16:07:51+00:00","og_image":[{"width":800,"height":800,"url":"https:\/\/kinamihealth.com\/wp-content\/uploads\/2025\/02\/MEDIDERMA-MELASES-TRX-TCA-10-PEEL-01.jpg","type":"image\/jpeg"}],"twitter_card":"summary_large_image","twitter_misc":{"Dur\u00e9e de lecture estim\u00e9e":"1 minute"},"schema":{"@context":"https:\/\/schema.org","@graph":[{"@type":"WebPage","@id":"https:\/\/kinamihealth.com\/fr\/product\/mediderma-melases-trx-tca-peel-10\/","url":"https:\/\/kinamihealth.com\/fr\/product\/mediderma-melases-trx-tca-peel-10\/","name":"Commander MEDIDERMA\u00ae MELASES TRX TCA PEEL 10% en ligne | Boutique en ligne | Kinami Health","isPartOf":{"@id":"https:\/\/kinamihealth.com\/#website"},"primaryImageOfPage":{"@id":"https:\/\/kinamihealth.com\/fr\/product\/mediderma-melases-trx-tca-peel-10\/#primaryimage"},"image":{"@id":"https:\/\/kinamihealth.com\/fr\/product\/mediderma-melases-trx-tca-peel-10\/#primaryimage"},"thumbnailUrl":"https:\/\/kinamihealth.com\/wp-content\/uploads\/2025\/02\/MEDIDERMA-MELASES-TRX-TCA-10-PEEL-01.jpg","datePublished":"2025-02-15T16:56:09+00:00","dateModified":"2026-01-21T16:07:51+00:00","description":"Commandez le peeling Melases TRX TCA 10 % en ligne sur Kinami Health. Ce peeling TCA de qualit\u00e9 m\u00e9dicale r\u00e9duit l'hyperpigmentation et am\u00e9liore la texture de la peau.","breadcrumb":{"@id":"https:\/\/kinamihealth.com\/fr\/product\/mediderma-melases-trx-tca-peel-10\/#breadcrumb"},"inLanguage":"fr-FR","potentialAction":[{"@type":"ReadAction","target":["https:\/\/kinamihealth.com\/fr\/product\/mediderma-melases-trx-tca-peel-10\/"]}]},{"@type":"ImageObject","inLanguage":"fr-FR","@id":"https:\/\/kinamihealth.com\/fr\/product\/mediderma-melases-trx-tca-peel-10\/#primaryimage","url":"https:\/\/kinamihealth.com\/wp-content\/uploads\/2025\/02\/MEDIDERMA-MELASES-TRX-TCA-10-PEEL-01.jpg","contentUrl":"https:\/\/kinamihealth.com\/wp-content\/uploads\/2025\/02\/MEDIDERMA-MELASES-TRX-TCA-10-PEEL-01.jpg","width":800,"height":800},{"@type":"BreadcrumbList","@id":"https:\/\/kinamihealth.com\/fr\/product\/mediderma-melases-trx-tca-peel-10\/#breadcrumb","itemListElement":[{"@type":"ListItem","position":1,"name":"Page d'accueil","item":"https:\/\/kinamihealth.com\/"},{"@type":"ListItem","position":2,"name":"Boutique","item":"https:\/\/kinamihealth.com\/shop\/"},{"@type":"ListItem","position":3,"name":"MEDIDERMA\u00ae MELASES TRX TCA PEEL 10%"}]},{"@type":"WebSite","@id":"https:\/\/kinamihealth.com\/#website","url":"https:\/\/kinamihealth.com\/","name":"Kinami Health","description":"","publisher":{"@id":"https:\/\/kinamihealth.com\/#organization"},"potentialAction":[{"@type":"SearchAction","target":{"@type":"EntryPoint","urlTemplate":"https:\/\/kinamihealth.com\/?s={search_term_string}"},"query-input":{"@type":"PropertyValueSpecification","valueRequired":true,"valueName":"search_term_string"}}],"inLanguage":"fr-FR"},{"@type":"Organization","@id":"https:\/\/kinamihealth.com\/#organization","name":"Kinami Health","url":"https:\/\/kinamihealth.com\/","logo":{"@type":"ImageObject","inLanguage":"fr-FR","@id":"https:\/\/kinamihealth.com\/#\/schema\/logo\/image\/","url":"https:\/\/kinamihealth.com\/wp-content\/uploads\/2025\/01\/KH_logo_black_2-1.png","contentUrl":"https:\/\/kinamihealth.com\/wp-content\/uploads\/2025\/01\/KH_logo_black_2-1.png","width":339,"height":34,"caption":"Kinami Health"},"image":{"@id":"https:\/\/kinamihealth.com\/#\/schema\/logo\/image\/"}}]}},"_links":{"self":[{"href":"https:\/\/kinamihealth.com\/fr\/wp-json\/wp\/v2\/product\/108944","targetHints":{"allow":["GET"]}}],"collection":[{"href":"https:\/\/kinamihealth.com\/fr\/wp-json\/wp\/v2\/product"}],"about":[{"href":"https:\/\/kinamihealth.com\/fr\/wp-json\/wp\/v2\/types\/product"}],"replies":[{"embeddable":true,"href":"https:\/\/kinamihealth.com\/fr\/wp-json\/wp\/v2\/comments?post=108944"}],"version-history":[{"count":0,"href":"https:\/\/kinamihealth.com\/fr\/wp-json\/wp\/v2\/product\/108944\/revisions"}],"wp:featuredmedia":[{"embeddable":true,"href":"https:\/\/kinamihealth.com\/fr\/wp-json\/wp\/v2\/media\/108945"}],"wp:attachment":[{"href":"https:\/\/kinamihealth.com\/fr\/wp-json\/wp\/v2\/media?parent=108944"}],"wp:term":[{"taxonomy":"product_brand","embeddable":true,"href":"https:\/\/kinamihealth.com\/fr\/wp-json\/wp\/v2\/product_brand?post=108944"},{"taxonomy":"product_cat","embeddable":true,"href":"https:\/\/kinamihealth.com\/fr\/wp-json\/wp\/v2\/product_cat?post=108944"},{"taxonomy":"product_tag","embeddable":true,"href":"https:\/\/kinamihealth.com\/fr\/wp-json\/wp\/v2\/product_tag?post=108944"}],"curies":[{"name":"wp","href":"https:\/\/api.w.org\/{rel}","templated":true}]}}