{"id":108942,"date":"2025-02-15T16:56:08","date_gmt":"2025-02-15T16:56:08","guid":{"rendered":"https:\/\/kinamihealth.com\/product\/mediderma-melases-trx-peel-booster\/"},"modified":"2026-01-21T16:06:06","modified_gmt":"2026-01-21T16:06:06","slug":"mediderma-melases-trx-peel-booster","status":"publish","type":"product","link":"https:\/\/kinamihealth.com\/fr\/produit\/mediderma-melases-trx-peel-booster\/","title":{"rendered":"MEDIDERMA\u00ae MELASES TRX PEEL BOOSTER"},"content":{"rendered":"<p>MELASES TRX PEEL BOOSTER \u2013 Booster blanchissant d&#8217;un pH 3,5-4,5. Ce produit renforce la barri\u00e8re protectrice naturelle de la peau : il hydrate et r\u00e9pare.<\/p>\n","protected":false},"excerpt":{"rendered":"<p>Melases TRX Booster Peel est un <strong><em>soin de la peau de qualit\u00e9 professionnelle<\/em><\/strong> con\u00e7u pour traiter l&#8217;hyperpigmentation, le teint irr\u00e9gulier et le photovieillissement cutan\u00e9. Formul\u00e9 \u00e0 partir d&#8217;un m\u00e9lange d&#8217;ingr\u00e9dients actifs, notamment de l&#8217;<strong>acide lactique, de l&#8217;acide f\u00e9rulique et de l&#8217;extrait d&#8217;\u00e9corce de pin<\/strong>, ce peeling booster <strong>am\u00e9liore le renouvellement cellulaire<\/strong> et favorise une peau plus lumineuse et d&#8217;apparence plus saine.<\/p>\n<p>Pour commander Melases TRX Booster Peel, veuillez <strong>visiter la boutique en ligne Kinami Health<\/strong> pour des traitements cutan\u00e9s s\u00fbrs et efficaces.<\/p>\n","protected":false},"featured_media":108943,"comment_status":"closed","ping_status":"closed","template":"","meta":{"_acf_changed":false,"inline_featured_image":false},"product_brand":[1190],"product_cat":[1378],"product_tag":[1222],"class_list":{"0":"post-108942","1":"product","2":"type-product","3":"status-publish","4":"has-post-thumbnail","6":"product_brand-mediderma","7":"product_cat-peelings-et-masques","8":"product_tag-dispositifs-medicaux","10":"first","11":"instock","12":"taxable","13":"shipping-taxable","14":"purchasable","15":"product-type-simple","16":"add-to-wishlist-before_image"},"acf":[],"yoast_head":"<!-- This site is optimized with the Yoast SEO plugin v27.1.1 - https:\/\/yoast.com\/product\/yoast-seo-wordpress\/ -->\n<title>Commander MEDIDERMA\u00ae MELASES TRX PEEL BOOSTER en ligne | Boutique en ligne | Kinami Health<\/title>\n<meta name=\"description\" content=\"Achetez Melases TRX Booster Peel en ligne pour r\u00e9duire l&#039;hyperpigmentation, am\u00e9liorer le teint et rehausser l&#039;\u00e9clat de votre peau gr\u00e2ce \u00e0 ce peeling chimique avanc\u00e9. Commandez d\u00e8s maintenant.\" \/>\n<meta name=\"robots\" content=\"index, follow, max-snippet:-1, max-image-preview:large, max-video-preview:-1\" \/>\n<link rel=\"canonical\" href=\"https:\/\/kinamihealth.com\/fr\/wp-json\/wp\/v2\/product\/108942\" \/>\n<meta property=\"og:locale\" content=\"fr_FR\" \/>\n<meta property=\"og:type\" content=\"article\" \/>\n<meta property=\"og:title\" content=\"Commander MEDIDERMA\u00ae MELASES TRX PEEL BOOSTER en ligne | Boutique en ligne | Kinami Health\" \/>\n<meta property=\"og:description\" content=\"Achetez Melases TRX Booster Peel en ligne pour r\u00e9duire l&#039;hyperpigmentation, am\u00e9liorer le teint et rehausser l&#039;\u00e9clat de votre peau gr\u00e2ce \u00e0 ce peeling chimique avanc\u00e9. Commandez d\u00e8s maintenant.\" \/>\n<meta property=\"og:url\" content=\"https:\/\/kinamihealth.com\/fr\/product\/mediderma-melases-trx-peel-booster\/\" \/>\n<meta property=\"og:site_name\" content=\"Kinami Health\" \/>\n<meta property=\"article:modified_time\" content=\"2026-01-21T16:06:06+00:00\" \/>\n<meta property=\"og:image\" content=\"https:\/\/kinamihealth.com\/wp-content\/uploads\/2025\/02\/MELASES-TRX-BOOSTER-PEEL-01.jpg\" \/>\n\t<meta property=\"og:image:width\" content=\"800\" \/>\n\t<meta property=\"og:image:height\" content=\"800\" \/>\n\t<meta property=\"og:image:type\" content=\"image\/jpeg\" \/>\n<meta name=\"twitter:card\" content=\"summary_large_image\" \/>\n<meta name=\"twitter:label1\" content=\"Dur\u00e9e de lecture estim\u00e9e\" \/>\n\t<meta name=\"twitter:data1\" content=\"1 minute\" \/>\n<!-- \/ Yoast SEO plugin. -->","yoast_head_json":{"title":"Commander MEDIDERMA\u00ae MELASES TRX PEEL BOOSTER en ligne | Boutique en ligne | Kinami Health","description":"Achetez Melases TRX Booster Peel en ligne pour r\u00e9duire l'hyperpigmentation, am\u00e9liorer le teint et rehausser l'\u00e9clat de votre peau gr\u00e2ce \u00e0 ce peeling chimique avanc\u00e9. Commandez d\u00e8s maintenant.","robots":{"index":"index","follow":"follow","max-snippet":"max-snippet:-1","max-image-preview":"max-image-preview:large","max-video-preview":"max-video-preview:-1"},"canonical":"https:\/\/kinamihealth.com\/fr\/wp-json\/wp\/v2\/product\/108942","og_locale":"fr_FR","og_type":"article","og_title":"Commander MEDIDERMA\u00ae MELASES TRX PEEL BOOSTER en ligne | Boutique en ligne | Kinami Health","og_description":"Achetez Melases TRX Booster Peel en ligne pour r\u00e9duire l'hyperpigmentation, am\u00e9liorer le teint et rehausser l'\u00e9clat de votre peau gr\u00e2ce \u00e0 ce peeling chimique avanc\u00e9. Commandez d\u00e8s maintenant.","og_url":"https:\/\/kinamihealth.com\/fr\/product\/mediderma-melases-trx-peel-booster\/","og_site_name":"Kinami Health","article_modified_time":"2026-01-21T16:06:06+00:00","og_image":[{"width":800,"height":800,"url":"https:\/\/kinamihealth.com\/wp-content\/uploads\/2025\/02\/MELASES-TRX-BOOSTER-PEEL-01.jpg","type":"image\/jpeg"}],"twitter_card":"summary_large_image","twitter_misc":{"Dur\u00e9e de lecture estim\u00e9e":"1 minute"},"schema":{"@context":"https:\/\/schema.org","@graph":[{"@type":"WebPage","@id":"https:\/\/kinamihealth.com\/fr\/product\/mediderma-melases-trx-peel-booster\/","url":"https:\/\/kinamihealth.com\/fr\/product\/mediderma-melases-trx-peel-booster\/","name":"Commander MEDIDERMA\u00ae MELASES TRX PEEL BOOSTER en ligne | Boutique en ligne | Kinami Health","isPartOf":{"@id":"https:\/\/kinamihealth.com\/#website"},"primaryImageOfPage":{"@id":"https:\/\/kinamihealth.com\/fr\/product\/mediderma-melases-trx-peel-booster\/#primaryimage"},"image":{"@id":"https:\/\/kinamihealth.com\/fr\/product\/mediderma-melases-trx-peel-booster\/#primaryimage"},"thumbnailUrl":"https:\/\/kinamihealth.com\/wp-content\/uploads\/2025\/02\/MELASES-TRX-BOOSTER-PEEL-01.jpg","datePublished":"2025-02-15T16:56:08+00:00","dateModified":"2026-01-21T16:06:06+00:00","description":"Achetez Melases TRX Booster Peel en ligne pour r\u00e9duire l'hyperpigmentation, am\u00e9liorer le teint et rehausser l'\u00e9clat de votre peau gr\u00e2ce \u00e0 ce peeling chimique avanc\u00e9. Commandez d\u00e8s maintenant.","breadcrumb":{"@id":"https:\/\/kinamihealth.com\/fr\/product\/mediderma-melases-trx-peel-booster\/#breadcrumb"},"inLanguage":"fr-FR","potentialAction":[{"@type":"ReadAction","target":["https:\/\/kinamihealth.com\/fr\/product\/mediderma-melases-trx-peel-booster\/"]}]},{"@type":"ImageObject","inLanguage":"fr-FR","@id":"https:\/\/kinamihealth.com\/fr\/product\/mediderma-melases-trx-peel-booster\/#primaryimage","url":"https:\/\/kinamihealth.com\/wp-content\/uploads\/2025\/02\/MELASES-TRX-BOOSTER-PEEL-01.jpg","contentUrl":"https:\/\/kinamihealth.com\/wp-content\/uploads\/2025\/02\/MELASES-TRX-BOOSTER-PEEL-01.jpg","width":800,"height":800},{"@type":"BreadcrumbList","@id":"https:\/\/kinamihealth.com\/fr\/product\/mediderma-melases-trx-peel-booster\/#breadcrumb","itemListElement":[{"@type":"ListItem","position":1,"name":"Page d'accueil","item":"https:\/\/kinamihealth.com\/"},{"@type":"ListItem","position":2,"name":"Boutique","item":"https:\/\/kinamihealth.com\/shop\/"},{"@type":"ListItem","position":3,"name":"MEDIDERMA\u00ae MELASES TRX PEEL BOOSTER"}]},{"@type":"WebSite","@id":"https:\/\/kinamihealth.com\/#website","url":"https:\/\/kinamihealth.com\/","name":"Kinami Health","description":"","publisher":{"@id":"https:\/\/kinamihealth.com\/#organization"},"potentialAction":[{"@type":"SearchAction","target":{"@type":"EntryPoint","urlTemplate":"https:\/\/kinamihealth.com\/?s={search_term_string}"},"query-input":{"@type":"PropertyValueSpecification","valueRequired":true,"valueName":"search_term_string"}}],"inLanguage":"fr-FR"},{"@type":"Organization","@id":"https:\/\/kinamihealth.com\/#organization","name":"Kinami Health","url":"https:\/\/kinamihealth.com\/","logo":{"@type":"ImageObject","inLanguage":"fr-FR","@id":"https:\/\/kinamihealth.com\/#\/schema\/logo\/image\/","url":"https:\/\/kinamihealth.com\/wp-content\/uploads\/2025\/01\/KH_logo_black_2-1.png","contentUrl":"https:\/\/kinamihealth.com\/wp-content\/uploads\/2025\/01\/KH_logo_black_2-1.png","width":339,"height":34,"caption":"Kinami Health"},"image":{"@id":"https:\/\/kinamihealth.com\/#\/schema\/logo\/image\/"}}]}},"_links":{"self":[{"href":"https:\/\/kinamihealth.com\/fr\/wp-json\/wp\/v2\/product\/108942","targetHints":{"allow":["GET"]}}],"collection":[{"href":"https:\/\/kinamihealth.com\/fr\/wp-json\/wp\/v2\/product"}],"about":[{"href":"https:\/\/kinamihealth.com\/fr\/wp-json\/wp\/v2\/types\/product"}],"replies":[{"embeddable":true,"href":"https:\/\/kinamihealth.com\/fr\/wp-json\/wp\/v2\/comments?post=108942"}],"version-history":[{"count":0,"href":"https:\/\/kinamihealth.com\/fr\/wp-json\/wp\/v2\/product\/108942\/revisions"}],"wp:featuredmedia":[{"embeddable":true,"href":"https:\/\/kinamihealth.com\/fr\/wp-json\/wp\/v2\/media\/108943"}],"wp:attachment":[{"href":"https:\/\/kinamihealth.com\/fr\/wp-json\/wp\/v2\/media?parent=108942"}],"wp:term":[{"taxonomy":"product_brand","embeddable":true,"href":"https:\/\/kinamihealth.com\/fr\/wp-json\/wp\/v2\/product_brand?post=108942"},{"taxonomy":"product_cat","embeddable":true,"href":"https:\/\/kinamihealth.com\/fr\/wp-json\/wp\/v2\/product_cat?post=108942"},{"taxonomy":"product_tag","embeddable":true,"href":"https:\/\/kinamihealth.com\/fr\/wp-json\/wp\/v2\/product_tag?post=108942"}],"curies":[{"name":"wp","href":"https:\/\/api.w.org\/{rel}","templated":true}]}}