{"id":108936,"date":"2025-02-15T16:55:23","date_gmt":"2025-02-15T16:55:23","guid":{"rendered":"https:\/\/kinamihealth.com\/product\/mediderma-hylanses-md-cleanser-mousse-foamy-cream\/"},"modified":"2026-01-21T16:05:40","modified_gmt":"2026-01-21T16:05:40","slug":"mediderma-hylanses-md-cleanser-mousse-foamy-cream","status":"publish","type":"product","link":"https:\/\/kinamihealth.com\/fr\/produit\/mediderma-hylanses-md-cleanser-mousse-foamy-cream\/","title":{"rendered":"MEDIDERMA\u00ae HYLANSES MD CLEANSER MOUSSE (Foamy Cream)"},"content":{"rendered":"<p>HYLANSES MD CLEANSER MOUSSE est une cr\u00e8me moussante sans savon, hautement tol\u00e9rante, destin\u00e9e au nettoyage quotidien de tous les types de peau gr\u00e2ce \u00e0 sa composition en aloe vera, camomille, avoine, triclosan.<\/p>\n","protected":false},"excerpt":{"rendered":"<p><strong>HYLANSES MD CLEANSER MOUSSE 200 ml <\/strong>est un <strong>nettoyant moussant sans savon <\/strong>soigneusement formul\u00e9 pour <strong>tous les types de peau<\/strong>, m\u00eame <strong>les peaux sensibles sujettes <\/strong>\u00e0 <strong>l&#8217;acn\u00e9<\/strong>. Cette <strong>cr\u00e8me antibact\u00e9rienne<\/strong> puissante nettoie le <strong>visage <\/strong>en profondeur tout en <strong>pr\u00e9servant l&#8217;hydratation <\/strong>et <strong>l&#8217;\u00e9quilibre <\/strong>de <strong>la peau<\/strong>. <strong>\u00c9liminez<\/strong> facilement <strong>les r\u00e9sidus de maquillage<\/strong>, <strong>les exc\u00e8s de s\u00e9bum<\/strong>, <strong>les impuret\u00e9s <\/strong>et <strong>les bact\u00e9ries chaque jour<\/strong>, <strong>matin <\/strong>et <strong>soir<\/strong>. <strong>Commandez HYLANSES MD CLEANSER MOUSSE 200 ml <\/strong>chez <strong>Kinami Health <\/strong>et <strong>commandez les produits de la marque Mediderma <\/strong>qui r\u00e9pondent le mieux aux besoins de vos clients.<\/p>\n","protected":false},"featured_media":108937,"comment_status":"closed","ping_status":"closed","template":"","meta":{"_acf_changed":false,"inline_featured_image":false},"product_brand":[1190],"product_cat":[1380],"product_tag":[1222],"class_list":{"0":"post-108936","1":"product","2":"type-product","3":"status-publish","4":"has-post-thumbnail","6":"product_brand-mediderma","7":"product_cat-soins-de-la-peau","8":"product_tag-dispositifs-medicaux","10":"first","11":"instock","12":"taxable","13":"shipping-taxable","14":"purchasable","15":"product-type-simple","16":"add-to-wishlist-before_image"},"acf":[],"yoast_head":"<!-- This site is optimized with the Yoast SEO plugin v27.1.1 - https:\/\/yoast.com\/product\/yoast-seo-wordpress\/ -->\n<title>Commander MEDIDERMA\u00ae HYLANSES MD CLEANSER MOUSSE (Foamy Cream) en ligne | Boutique en ligne | Kinami Health<\/title>\n<meta name=\"description\" content=\"Commandez HYLANSES MD CLEANSER MOUSSE 200 ml en ligne et int\u00e9grez cette cr\u00e8me antibact\u00e9rienne et moussante dans la routine quotidienne du nettoyage du visage.\" \/>\n<meta name=\"robots\" content=\"index, follow, max-snippet:-1, max-image-preview:large, max-video-preview:-1\" \/>\n<link rel=\"canonical\" href=\"https:\/\/kinamihealth.com\/fr\/wp-json\/wp\/v2\/product\/108936\" \/>\n<meta property=\"og:locale\" content=\"fr_FR\" \/>\n<meta property=\"og:type\" content=\"article\" \/>\n<meta property=\"og:title\" content=\"Commander MEDIDERMA\u00ae HYLANSES MD CLEANSER MOUSSE (Foamy Cream) en ligne | Boutique en ligne | Kinami Health\" \/>\n<meta property=\"og:description\" content=\"Commandez HYLANSES MD CLEANSER MOUSSE 200 ml en ligne et int\u00e9grez cette cr\u00e8me antibact\u00e9rienne et moussante dans la routine quotidienne du nettoyage du visage.\" \/>\n<meta property=\"og:url\" content=\"https:\/\/kinamihealth.com\/fr\/product\/mediderma-hylanses-md-cleanser-mousse-foamy-cream\/\" \/>\n<meta property=\"og:site_name\" content=\"Kinami Health\" \/>\n<meta property=\"article:modified_time\" content=\"2026-01-21T16:05:40+00:00\" \/>\n<meta property=\"og:image\" content=\"https:\/\/kinamihealth.com\/wp-content\/uploads\/2025\/02\/MEDIDERMA-HYLANSES-MD-CLEANSER-MOUSSE-01.jpg\" \/>\n\t<meta property=\"og:image:width\" content=\"800\" \/>\n\t<meta property=\"og:image:height\" content=\"800\" \/>\n\t<meta property=\"og:image:type\" content=\"image\/jpeg\" \/>\n<meta name=\"twitter:card\" content=\"summary_large_image\" \/>\n<meta name=\"twitter:label1\" content=\"Dur\u00e9e de lecture estim\u00e9e\" \/>\n\t<meta name=\"twitter:data1\" content=\"1 minute\" \/>\n<!-- \/ Yoast SEO plugin. -->","yoast_head_json":{"title":"Commander MEDIDERMA\u00ae HYLANSES MD CLEANSER MOUSSE (Foamy Cream) en ligne | Boutique en ligne | Kinami Health","description":"Commandez HYLANSES MD CLEANSER MOUSSE 200 ml en ligne et int\u00e9grez cette cr\u00e8me antibact\u00e9rienne et moussante dans la routine quotidienne du nettoyage du visage.","robots":{"index":"index","follow":"follow","max-snippet":"max-snippet:-1","max-image-preview":"max-image-preview:large","max-video-preview":"max-video-preview:-1"},"canonical":"https:\/\/kinamihealth.com\/fr\/wp-json\/wp\/v2\/product\/108936","og_locale":"fr_FR","og_type":"article","og_title":"Commander MEDIDERMA\u00ae HYLANSES MD CLEANSER MOUSSE (Foamy Cream) en ligne | Boutique en ligne | Kinami Health","og_description":"Commandez HYLANSES MD CLEANSER MOUSSE 200 ml en ligne et int\u00e9grez cette cr\u00e8me antibact\u00e9rienne et moussante dans la routine quotidienne du nettoyage du visage.","og_url":"https:\/\/kinamihealth.com\/fr\/product\/mediderma-hylanses-md-cleanser-mousse-foamy-cream\/","og_site_name":"Kinami Health","article_modified_time":"2026-01-21T16:05:40+00:00","og_image":[{"width":800,"height":800,"url":"https:\/\/kinamihealth.com\/wp-content\/uploads\/2025\/02\/MEDIDERMA-HYLANSES-MD-CLEANSER-MOUSSE-01.jpg","type":"image\/jpeg"}],"twitter_card":"summary_large_image","twitter_misc":{"Dur\u00e9e de lecture estim\u00e9e":"1 minute"},"schema":{"@context":"https:\/\/schema.org","@graph":[{"@type":"WebPage","@id":"https:\/\/kinamihealth.com\/fr\/product\/mediderma-hylanses-md-cleanser-mousse-foamy-cream\/","url":"https:\/\/kinamihealth.com\/fr\/product\/mediderma-hylanses-md-cleanser-mousse-foamy-cream\/","name":"Commander MEDIDERMA\u00ae HYLANSES MD CLEANSER MOUSSE (Foamy Cream) en ligne | Boutique en ligne | Kinami Health","isPartOf":{"@id":"https:\/\/kinamihealth.com\/#website"},"primaryImageOfPage":{"@id":"https:\/\/kinamihealth.com\/fr\/product\/mediderma-hylanses-md-cleanser-mousse-foamy-cream\/#primaryimage"},"image":{"@id":"https:\/\/kinamihealth.com\/fr\/product\/mediderma-hylanses-md-cleanser-mousse-foamy-cream\/#primaryimage"},"thumbnailUrl":"https:\/\/kinamihealth.com\/wp-content\/uploads\/2025\/02\/MEDIDERMA-HYLANSES-MD-CLEANSER-MOUSSE-01.jpg","datePublished":"2025-02-15T16:55:23+00:00","dateModified":"2026-01-21T16:05:40+00:00","description":"Commandez HYLANSES MD CLEANSER MOUSSE 200 ml en ligne et int\u00e9grez cette cr\u00e8me antibact\u00e9rienne et moussante dans la routine quotidienne du nettoyage du visage.","breadcrumb":{"@id":"https:\/\/kinamihealth.com\/fr\/product\/mediderma-hylanses-md-cleanser-mousse-foamy-cream\/#breadcrumb"},"inLanguage":"fr-FR","potentialAction":[{"@type":"ReadAction","target":["https:\/\/kinamihealth.com\/fr\/product\/mediderma-hylanses-md-cleanser-mousse-foamy-cream\/"]}]},{"@type":"ImageObject","inLanguage":"fr-FR","@id":"https:\/\/kinamihealth.com\/fr\/product\/mediderma-hylanses-md-cleanser-mousse-foamy-cream\/#primaryimage","url":"https:\/\/kinamihealth.com\/wp-content\/uploads\/2025\/02\/MEDIDERMA-HYLANSES-MD-CLEANSER-MOUSSE-01.jpg","contentUrl":"https:\/\/kinamihealth.com\/wp-content\/uploads\/2025\/02\/MEDIDERMA-HYLANSES-MD-CLEANSER-MOUSSE-01.jpg","width":800,"height":800},{"@type":"BreadcrumbList","@id":"https:\/\/kinamihealth.com\/fr\/product\/mediderma-hylanses-md-cleanser-mousse-foamy-cream\/#breadcrumb","itemListElement":[{"@type":"ListItem","position":1,"name":"Page d'accueil","item":"https:\/\/kinamihealth.com\/"},{"@type":"ListItem","position":2,"name":"Boutique","item":"https:\/\/kinamihealth.com\/shop\/"},{"@type":"ListItem","position":3,"name":"MEDIDERMA\u00ae HYLANSES MD CLEANSER MOUSSE (Foamy Cream)"}]},{"@type":"WebSite","@id":"https:\/\/kinamihealth.com\/#website","url":"https:\/\/kinamihealth.com\/","name":"Kinami Health","description":"","publisher":{"@id":"https:\/\/kinamihealth.com\/#organization"},"potentialAction":[{"@type":"SearchAction","target":{"@type":"EntryPoint","urlTemplate":"https:\/\/kinamihealth.com\/?s={search_term_string}"},"query-input":{"@type":"PropertyValueSpecification","valueRequired":true,"valueName":"search_term_string"}}],"inLanguage":"fr-FR"},{"@type":"Organization","@id":"https:\/\/kinamihealth.com\/#organization","name":"Kinami Health","url":"https:\/\/kinamihealth.com\/","logo":{"@type":"ImageObject","inLanguage":"fr-FR","@id":"https:\/\/kinamihealth.com\/#\/schema\/logo\/image\/","url":"https:\/\/kinamihealth.com\/wp-content\/uploads\/2025\/01\/KH_logo_black_2-1.png","contentUrl":"https:\/\/kinamihealth.com\/wp-content\/uploads\/2025\/01\/KH_logo_black_2-1.png","width":339,"height":34,"caption":"Kinami Health"},"image":{"@id":"https:\/\/kinamihealth.com\/#\/schema\/logo\/image\/"}}]}},"_links":{"self":[{"href":"https:\/\/kinamihealth.com\/fr\/wp-json\/wp\/v2\/product\/108936","targetHints":{"allow":["GET"]}}],"collection":[{"href":"https:\/\/kinamihealth.com\/fr\/wp-json\/wp\/v2\/product"}],"about":[{"href":"https:\/\/kinamihealth.com\/fr\/wp-json\/wp\/v2\/types\/product"}],"replies":[{"embeddable":true,"href":"https:\/\/kinamihealth.com\/fr\/wp-json\/wp\/v2\/comments?post=108936"}],"version-history":[{"count":0,"href":"https:\/\/kinamihealth.com\/fr\/wp-json\/wp\/v2\/product\/108936\/revisions"}],"wp:featuredmedia":[{"embeddable":true,"href":"https:\/\/kinamihealth.com\/fr\/wp-json\/wp\/v2\/media\/108937"}],"wp:attachment":[{"href":"https:\/\/kinamihealth.com\/fr\/wp-json\/wp\/v2\/media?parent=108936"}],"wp:term":[{"taxonomy":"product_brand","embeddable":true,"href":"https:\/\/kinamihealth.com\/fr\/wp-json\/wp\/v2\/product_brand?post=108936"},{"taxonomy":"product_cat","embeddable":true,"href":"https:\/\/kinamihealth.com\/fr\/wp-json\/wp\/v2\/product_cat?post=108936"},{"taxonomy":"product_tag","embeddable":true,"href":"https:\/\/kinamihealth.com\/fr\/wp-json\/wp\/v2\/product_tag?post=108936"}],"curies":[{"name":"wp","href":"https:\/\/api.w.org\/{rel}","templated":true}]}}