{"id":108934,"date":"2025-02-15T16:55:12","date_gmt":"2025-02-15T16:55:12","guid":{"rendered":"https:\/\/kinamihealth.com\/product\/mediderma-glowing-powder-chemical-peel-additives\/"},"modified":"2026-01-21T16:05:32","modified_gmt":"2026-01-21T16:05:32","slug":"mediderma-glowing-powder-chemical-peel-additives","status":"publish","type":"product","link":"https:\/\/kinamihealth.com\/fr\/produit\/mediderma-glowing-powder-chemical-peel-additives\/","title":{"rendered":"MEDIDERMA\u00ae GLOWING POWDER \u2013 CHEMICAL PEEL ADDITIVES"},"content":{"rendered":"<p>GLOWING POWDER \u2013 peeling chimique qui pr\u00e9vient les dommages oxydatifs, participe \u00e0 la synth\u00e8se du collag\u00e8ne, hydrate, rend la peau plus lisse, pr\u00e9vient la formation de radicaux libres et r\u00e9duit les rides. Il poss\u00e8de un effet photoprotecteur tout en \u00e9claircissant la peau en inhibant la synth\u00e8se de m\u00e9lanine dans les m\u00e9lanocytes. Il contient un composant qui facilite la p\u00e9n\u00e9tration de divers principes actifs dans la peau.<\/p>\n","protected":false},"excerpt":{"rendered":"<p>La poudre MEDIDERMA\u00ae GLOWING POWDER \u2013 CHEMICAL PEEL ADDITIVES pour peelings chimiques est un <strong>produit de soin de la peau haut de gamme <\/strong>con\u00e7u pour <strong>am\u00e9liorer les effets des peelings chimiques <\/strong>dans les cabinets esth\u00e9tiques et dermatologiques. Compos\u00e9e <strong>d&#8217;ingr\u00e9dients de haute qualit\u00e9 <\/strong>tels que l&#8217;acide ascorbique, elle offre des r\u00e9sultats remarquables en mati\u00e8re de rajeunissement de la peau. <strong>D\u00e9couvrez l&#8217;offre Kinami Health <\/strong>et commandez la Glowing Powder &#8211; Chemical Peel Additives (Additifs pour peelings chimiques) en ligne avec une r\u00e9duction de 5 % sur la premi\u00e8re commande.<\/p>\n","protected":false},"featured_media":108935,"comment_status":"closed","ping_status":"closed","template":"","meta":{"_acf_changed":false,"inline_featured_image":false},"product_brand":[1190],"product_cat":[1378],"product_tag":[1222],"class_list":{"0":"post-108934","1":"product","2":"type-product","3":"status-publish","4":"has-post-thumbnail","6":"product_brand-mediderma","7":"product_cat-peelings-et-masques","8":"product_tag-dispositifs-medicaux","10":"first","11":"instock","12":"taxable","13":"shipping-taxable","14":"purchasable","15":"product-type-simple","16":"add-to-wishlist-before_image"},"acf":[],"yoast_head":"<!-- This site is optimized with the Yoast SEO plugin v27.5 - https:\/\/yoast.com\/product\/yoast-seo-wordpress\/ -->\n<title>Commander MEDIDERMA\u00ae GLOWING POWDER \u2013 CHEMICAL PEEL ADDITIVES en ligne | Boutique en ligne | Kinami Health<\/title>\n<meta name=\"description\" content=\"Achetez GLOWING POWDER \u2013 CHEMICAL PEEL ADDITIVES en ligne, les additifs pour peeling chimique, id\u00e9aux pour r\u00e9duire la pigmentation, \u00e9claircir la peau et am\u00e9liorer l&#039;efficacit\u00e9 du peeling. Commandez d\u00e8s maintenant !\" \/>\n<meta name=\"robots\" content=\"index, follow, max-snippet:-1, max-image-preview:large, max-video-preview:-1\" \/>\n<link rel=\"canonical\" href=\"https:\/\/kinamihealth.com\/fr\/wp-json\/wp\/v2\/product\/108934\" \/>\n<meta property=\"og:locale\" content=\"fr_FR\" \/>\n<meta property=\"og:type\" content=\"article\" \/>\n<meta property=\"og:title\" content=\"Commander MEDIDERMA\u00ae GLOWING POWDER \u2013 CHEMICAL PEEL ADDITIVES en ligne | Boutique en ligne | Kinami Health\" \/>\n<meta property=\"og:description\" content=\"Achetez GLOWING POWDER \u2013 CHEMICAL PEEL ADDITIVES en ligne, les additifs pour peeling chimique, id\u00e9aux pour r\u00e9duire la pigmentation, \u00e9claircir la peau et am\u00e9liorer l&#039;efficacit\u00e9 du peeling. Commandez d\u00e8s maintenant !\" \/>\n<meta property=\"og:url\" content=\"https:\/\/kinamihealth.com\/fr\/product\/mediderma-glowing-powder-chemical-peel-additives\/\" \/>\n<meta property=\"og:site_name\" content=\"Kinami Health\" \/>\n<meta property=\"article:modified_time\" content=\"2026-01-21T16:05:32+00:00\" \/>\n<meta property=\"og:image\" content=\"https:\/\/kinamihealth.com\/wp-content\/uploads\/2025\/02\/MEDIDERMA-GLOWING-POWDER-CHEMICAL-PEEL-ADDITIVES-01.jpg\" \/>\n\t<meta property=\"og:image:width\" content=\"800\" \/>\n\t<meta property=\"og:image:height\" content=\"800\" \/>\n\t<meta property=\"og:image:type\" content=\"image\/jpeg\" \/>\n<meta name=\"twitter:card\" content=\"summary_large_image\" \/>\n<meta name=\"twitter:label1\" content=\"Dur\u00e9e de lecture estim\u00e9e\" \/>\n\t<meta name=\"twitter:data1\" content=\"1 minute\" \/>\n<!-- \/ Yoast SEO plugin. -->","yoast_head_json":{"title":"Commander MEDIDERMA\u00ae GLOWING POWDER \u2013 CHEMICAL PEEL ADDITIVES en ligne | Boutique en ligne | Kinami Health","description":"Achetez GLOWING POWDER \u2013 CHEMICAL PEEL ADDITIVES en ligne, les additifs pour peeling chimique, id\u00e9aux pour r\u00e9duire la pigmentation, \u00e9claircir la peau et am\u00e9liorer l'efficacit\u00e9 du peeling. Commandez d\u00e8s maintenant !","robots":{"index":"index","follow":"follow","max-snippet":"max-snippet:-1","max-image-preview":"max-image-preview:large","max-video-preview":"max-video-preview:-1"},"canonical":"https:\/\/kinamihealth.com\/fr\/wp-json\/wp\/v2\/product\/108934","og_locale":"fr_FR","og_type":"article","og_title":"Commander MEDIDERMA\u00ae GLOWING POWDER \u2013 CHEMICAL PEEL ADDITIVES en ligne | Boutique en ligne | Kinami Health","og_description":"Achetez GLOWING POWDER \u2013 CHEMICAL PEEL ADDITIVES en ligne, les additifs pour peeling chimique, id\u00e9aux pour r\u00e9duire la pigmentation, \u00e9claircir la peau et am\u00e9liorer l'efficacit\u00e9 du peeling. Commandez d\u00e8s maintenant !","og_url":"https:\/\/kinamihealth.com\/fr\/product\/mediderma-glowing-powder-chemical-peel-additives\/","og_site_name":"Kinami Health","article_modified_time":"2026-01-21T16:05:32+00:00","og_image":[{"width":800,"height":800,"url":"https:\/\/kinamihealth.com\/wp-content\/uploads\/2025\/02\/MEDIDERMA-GLOWING-POWDER-CHEMICAL-PEEL-ADDITIVES-01.jpg","type":"image\/jpeg"}],"twitter_card":"summary_large_image","twitter_misc":{"Dur\u00e9e de lecture estim\u00e9e":"1 minute"},"schema":{"@context":"https:\/\/schema.org","@graph":[{"@type":"WebPage","@id":"https:\/\/kinamihealth.com\/fr\/product\/mediderma-glowing-powder-chemical-peel-additives\/","url":"https:\/\/kinamihealth.com\/fr\/product\/mediderma-glowing-powder-chemical-peel-additives\/","name":"Commander MEDIDERMA\u00ae GLOWING POWDER \u2013 CHEMICAL PEEL ADDITIVES en ligne | Boutique en ligne | Kinami Health","isPartOf":{"@id":"https:\/\/kinamihealth.com\/#website"},"primaryImageOfPage":{"@id":"https:\/\/kinamihealth.com\/fr\/product\/mediderma-glowing-powder-chemical-peel-additives\/#primaryimage"},"image":{"@id":"https:\/\/kinamihealth.com\/fr\/product\/mediderma-glowing-powder-chemical-peel-additives\/#primaryimage"},"thumbnailUrl":"https:\/\/kinamihealth.com\/wp-content\/uploads\/2025\/02\/MEDIDERMA-GLOWING-POWDER-CHEMICAL-PEEL-ADDITIVES-01.jpg","datePublished":"2025-02-15T16:55:12+00:00","dateModified":"2026-01-21T16:05:32+00:00","description":"Achetez GLOWING POWDER \u2013 CHEMICAL PEEL ADDITIVES en ligne, les additifs pour peeling chimique, id\u00e9aux pour r\u00e9duire la pigmentation, \u00e9claircir la peau et am\u00e9liorer l'efficacit\u00e9 du peeling. Commandez d\u00e8s maintenant !","breadcrumb":{"@id":"https:\/\/kinamihealth.com\/fr\/product\/mediderma-glowing-powder-chemical-peel-additives\/#breadcrumb"},"inLanguage":"fr-FR","potentialAction":[{"@type":"ReadAction","target":["https:\/\/kinamihealth.com\/fr\/product\/mediderma-glowing-powder-chemical-peel-additives\/"]}]},{"@type":"ImageObject","inLanguage":"fr-FR","@id":"https:\/\/kinamihealth.com\/fr\/product\/mediderma-glowing-powder-chemical-peel-additives\/#primaryimage","url":"https:\/\/kinamihealth.com\/wp-content\/uploads\/2025\/02\/MEDIDERMA-GLOWING-POWDER-CHEMICAL-PEEL-ADDITIVES-01.jpg","contentUrl":"https:\/\/kinamihealth.com\/wp-content\/uploads\/2025\/02\/MEDIDERMA-GLOWING-POWDER-CHEMICAL-PEEL-ADDITIVES-01.jpg","width":800,"height":800},{"@type":"BreadcrumbList","@id":"https:\/\/kinamihealth.com\/fr\/product\/mediderma-glowing-powder-chemical-peel-additives\/#breadcrumb","itemListElement":[{"@type":"ListItem","position":1,"name":"Page d'accueil","item":"https:\/\/kinamihealth.com\/"},{"@type":"ListItem","position":2,"name":"Boutique","item":"https:\/\/kinamihealth.com\/shop\/"},{"@type":"ListItem","position":3,"name":"MEDIDERMA\u00ae GLOWING POWDER \u2013 CHEMICAL PEEL ADDITIVES"}]},{"@type":"WebSite","@id":"https:\/\/kinamihealth.com\/#website","url":"https:\/\/kinamihealth.com\/","name":"Kinami Health","description":"","publisher":{"@id":"https:\/\/kinamihealth.com\/#organization"},"potentialAction":[{"@type":"SearchAction","target":{"@type":"EntryPoint","urlTemplate":"https:\/\/kinamihealth.com\/?s={search_term_string}"},"query-input":{"@type":"PropertyValueSpecification","valueRequired":true,"valueName":"search_term_string"}}],"inLanguage":"fr-FR"},{"@type":"Organization","@id":"https:\/\/kinamihealth.com\/#organization","name":"Kinami Health","url":"https:\/\/kinamihealth.com\/","logo":{"@type":"ImageObject","inLanguage":"fr-FR","@id":"https:\/\/kinamihealth.com\/#\/schema\/logo\/image\/","url":"https:\/\/kinamihealth.com\/wp-content\/uploads\/2025\/01\/KH_logo_black_2-1.png","contentUrl":"https:\/\/kinamihealth.com\/wp-content\/uploads\/2025\/01\/KH_logo_black_2-1.png","width":339,"height":34,"caption":"Kinami Health"},"image":{"@id":"https:\/\/kinamihealth.com\/#\/schema\/logo\/image\/"}}]}},"_links":{"self":[{"href":"https:\/\/kinamihealth.com\/fr\/wp-json\/wp\/v2\/product\/108934","targetHints":{"allow":["GET"]}}],"collection":[{"href":"https:\/\/kinamihealth.com\/fr\/wp-json\/wp\/v2\/product"}],"about":[{"href":"https:\/\/kinamihealth.com\/fr\/wp-json\/wp\/v2\/types\/product"}],"replies":[{"embeddable":true,"href":"https:\/\/kinamihealth.com\/fr\/wp-json\/wp\/v2\/comments?post=108934"}],"version-history":[{"count":0,"href":"https:\/\/kinamihealth.com\/fr\/wp-json\/wp\/v2\/product\/108934\/revisions"}],"wp:featuredmedia":[{"embeddable":true,"href":"https:\/\/kinamihealth.com\/fr\/wp-json\/wp\/v2\/media\/108935"}],"wp:attachment":[{"href":"https:\/\/kinamihealth.com\/fr\/wp-json\/wp\/v2\/media?parent=108934"}],"wp:term":[{"taxonomy":"product_brand","embeddable":true,"href":"https:\/\/kinamihealth.com\/fr\/wp-json\/wp\/v2\/product_brand?post=108934"},{"taxonomy":"product_cat","embeddable":true,"href":"https:\/\/kinamihealth.com\/fr\/wp-json\/wp\/v2\/product_cat?post=108934"},{"taxonomy":"product_tag","embeddable":true,"href":"https:\/\/kinamihealth.com\/fr\/wp-json\/wp\/v2\/product_tag?post=108934"}],"curies":[{"name":"wp","href":"https:\/\/api.w.org\/{rel}","templated":true}]}}