{"id":108932,"date":"2025-02-15T16:55:11","date_gmt":"2025-02-15T16:55:11","guid":{"rendered":"https:\/\/kinamihealth.com\/product\/mediderma-fr-antiox-md-anti-pollution-protect-facial-cream-gel\/"},"modified":"2026-01-21T16:05:19","modified_gmt":"2026-01-21T16:05:19","slug":"mediderma-fr-antiox-md-anti-pollution-protect-facial-cream-gel","status":"publish","type":"product","link":"https:\/\/kinamihealth.com\/fr\/produit\/mediderma-fr-antiox-md-anti-pollution-protect-facial-cream-gel\/","title":{"rendered":"MEDIDERMA\u00ae FR-ANTIOX MD ANTI-POLLUTION PROTECT FACIAL CREAM GEL"},"content":{"rendered":"<p>FR-ANTIOX MD ANTI-POLLUTION Facial Cream est le produit id\u00e9al pour lutter contre les dommages caus\u00e9s par le soleil. Gr\u00e2ce \u00e0 son fort pouvoir antioxydant, son action anti-\u00e2ge, son effet d\u00e9pigmentant, sa tol\u00e9rance \u00e9lev\u00e9e et sa stimulation de la production de collag\u00e8ne, d&#8217;\u00e9lastine et d&#8217;acide hyaluronique, ce produit convient \u00e0 tous les types de peau. Il provoque moins d&#8217;irritations et de rougeurs et ne pr\u00e9sente aucun risque d&#8217;hyperpigmentation.<\/p>\n","protected":false},"excerpt":{"rendered":"<p><strong>MEDIDERMA\u00ae FR-ANTIOX MD ANTI-POLLUTION PROTECT FACIAL CREAM GEL 50 ml <\/strong>est un <strong>gel cr\u00e8me<\/strong> avanc\u00e9 formul\u00e9 \u00e0 base <strong>d&#8217;antioxydants<\/strong>, <strong>d&#8217;acide hyaluronique <\/strong>et <strong>de vitamines <\/strong>afin <strong>d&#8217;hydrater <\/strong>et <strong>de prot\u00e9ger <\/strong>la peau contre <strong>la pollution environnementale<\/strong>. Utilisez-le <strong>deux fois par jour<\/strong>, tous les jours, pour pr\u00e9venir l&#8217;apparition des <strong>imperfections li\u00e9es \u00e0 l&#8217;\u00e2ge<\/strong>, telles que <strong>les rides, les ridules <\/strong>et <strong>le teint terne <\/strong>et <strong>fatigu\u00e9<\/strong>. Inversez les premiers signes de l&#8217;\u00e2ge caus\u00e9s par le stress externe d\u00fb <strong>aux particules, aux gaz d&#8217;\u00e9chappement, \u00e0 la fum\u00e9e <\/strong>et <strong>aux rayons UV. Commandez FR-ANTIOX MD ANTI-POLLUTION PROTECT FACIAL CREAM GEL 50 ml <\/strong>chez <strong>Kinami Health <\/strong>et offrez le meilleur \u00e0 vos clients en <strong><em>commandant les produits Premium Mediderma.<\/em><\/strong><\/p>\n","protected":false},"featured_media":108933,"comment_status":"closed","ping_status":"closed","template":"","meta":{"_acf_changed":false,"inline_featured_image":false},"product_brand":[1190],"product_cat":[1380],"product_tag":[1222],"class_list":{"0":"post-108932","1":"product","2":"type-product","3":"status-publish","4":"has-post-thumbnail","6":"product_brand-mediderma","7":"product_cat-soins-de-la-peau","8":"product_tag-dispositifs-medicaux","10":"first","11":"instock","12":"taxable","13":"shipping-taxable","14":"purchasable","15":"product-type-simple","16":"add-to-wishlist-before_image"},"acf":[],"yoast_head":"<!-- This site is optimized with the Yoast SEO plugin v27.1.1 - https:\/\/yoast.com\/product\/yoast-seo-wordpress\/ -->\n<title>Commander MEDIDERMA\u00ae FR-ANTIOX MD ANTI-POLLUTION MOISTURIZING FACIAL CREAM en ligne | Boutique en ligne | Kinami Health<\/title>\n<meta name=\"description\" content=\"Commandez en ligne MEDIDERMA\u00ae FR-ANTIOX MD ANTI-POLLUTION MOISTURIZING FACIAL CREAM et associez les propri\u00e9t\u00e9s protectrices \u00e0 la nature hydratante de ce gel antioxydant.\" \/>\n<meta name=\"robots\" content=\"index, follow, max-snippet:-1, max-image-preview:large, max-video-preview:-1\" \/>\n<link rel=\"canonical\" href=\"https:\/\/kinamihealth.com\/fr\/wp-json\/wp\/v2\/product\/108932\" \/>\n<meta property=\"og:locale\" content=\"fr_FR\" \/>\n<meta property=\"og:type\" content=\"article\" \/>\n<meta property=\"og:title\" content=\"Commander MEDIDERMA\u00ae FR-ANTIOX MD ANTI-POLLUTION MOISTURIZING FACIAL CREAM en ligne | Boutique en ligne | Kinami Health\" \/>\n<meta property=\"og:description\" content=\"Commandez en ligne MEDIDERMA\u00ae FR-ANTIOX MD ANTI-POLLUTION MOISTURIZING FACIAL CREAM et associez les propri\u00e9t\u00e9s protectrices \u00e0 la nature hydratante de ce gel antioxydant.\" \/>\n<meta property=\"og:url\" content=\"https:\/\/kinamihealth.com\/fr\/product\/mediderma-fr-antiox-md-anti-pollution-protect-facial-cream-gel\/\" \/>\n<meta property=\"og:site_name\" content=\"Kinami Health\" \/>\n<meta property=\"article:modified_time\" content=\"2026-01-21T16:05:19+00:00\" \/>\n<meta property=\"og:image\" content=\"https:\/\/kinamihealth.com\/wp-content\/uploads\/2025\/02\/MEDIDERMA-FR-ANTIOX-MD-ANTI-POLLUTION-PROTECT-FACIAL-CREAM-GEL-01.jpg\" \/>\n\t<meta property=\"og:image:width\" content=\"800\" \/>\n\t<meta property=\"og:image:height\" content=\"800\" \/>\n\t<meta property=\"og:image:type\" content=\"image\/jpeg\" \/>\n<meta name=\"twitter:card\" content=\"summary_large_image\" \/>\n<meta name=\"twitter:label1\" content=\"Dur\u00e9e de lecture estim\u00e9e\" \/>\n\t<meta name=\"twitter:data1\" content=\"1 minute\" \/>\n<!-- \/ Yoast SEO plugin. -->","yoast_head_json":{"title":"Commander MEDIDERMA\u00ae FR-ANTIOX MD ANTI-POLLUTION MOISTURIZING FACIAL CREAM en ligne | Boutique en ligne | Kinami Health","description":"Commandez en ligne MEDIDERMA\u00ae FR-ANTIOX MD ANTI-POLLUTION MOISTURIZING FACIAL CREAM et associez les propri\u00e9t\u00e9s protectrices \u00e0 la nature hydratante de ce gel antioxydant.","robots":{"index":"index","follow":"follow","max-snippet":"max-snippet:-1","max-image-preview":"max-image-preview:large","max-video-preview":"max-video-preview:-1"},"canonical":"https:\/\/kinamihealth.com\/fr\/wp-json\/wp\/v2\/product\/108932","og_locale":"fr_FR","og_type":"article","og_title":"Commander MEDIDERMA\u00ae FR-ANTIOX MD ANTI-POLLUTION MOISTURIZING FACIAL CREAM en ligne | Boutique en ligne | Kinami Health","og_description":"Commandez en ligne MEDIDERMA\u00ae FR-ANTIOX MD ANTI-POLLUTION MOISTURIZING FACIAL CREAM et associez les propri\u00e9t\u00e9s protectrices \u00e0 la nature hydratante de ce gel antioxydant.","og_url":"https:\/\/kinamihealth.com\/fr\/product\/mediderma-fr-antiox-md-anti-pollution-protect-facial-cream-gel\/","og_site_name":"Kinami Health","article_modified_time":"2026-01-21T16:05:19+00:00","og_image":[{"width":800,"height":800,"url":"https:\/\/kinamihealth.com\/wp-content\/uploads\/2025\/02\/MEDIDERMA-FR-ANTIOX-MD-ANTI-POLLUTION-PROTECT-FACIAL-CREAM-GEL-01.jpg","type":"image\/jpeg"}],"twitter_card":"summary_large_image","twitter_misc":{"Dur\u00e9e de lecture estim\u00e9e":"1 minute"},"schema":{"@context":"https:\/\/schema.org","@graph":[{"@type":"WebPage","@id":"https:\/\/kinamihealth.com\/fr\/product\/mediderma-fr-antiox-md-anti-pollution-protect-facial-cream-gel\/","url":"https:\/\/kinamihealth.com\/fr\/product\/mediderma-fr-antiox-md-anti-pollution-protect-facial-cream-gel\/","name":"Commander MEDIDERMA\u00ae FR-ANTIOX MD ANTI-POLLUTION MOISTURIZING FACIAL CREAM en ligne | Boutique en ligne | Kinami Health","isPartOf":{"@id":"https:\/\/kinamihealth.com\/#website"},"primaryImageOfPage":{"@id":"https:\/\/kinamihealth.com\/fr\/product\/mediderma-fr-antiox-md-anti-pollution-protect-facial-cream-gel\/#primaryimage"},"image":{"@id":"https:\/\/kinamihealth.com\/fr\/product\/mediderma-fr-antiox-md-anti-pollution-protect-facial-cream-gel\/#primaryimage"},"thumbnailUrl":"https:\/\/kinamihealth.com\/wp-content\/uploads\/2025\/02\/MEDIDERMA-FR-ANTIOX-MD-ANTI-POLLUTION-PROTECT-FACIAL-CREAM-GEL-01.jpg","datePublished":"2025-02-15T16:55:11+00:00","dateModified":"2026-01-21T16:05:19+00:00","description":"Commandez en ligne MEDIDERMA\u00ae FR-ANTIOX MD ANTI-POLLUTION MOISTURIZING FACIAL CREAM et associez les propri\u00e9t\u00e9s protectrices \u00e0 la nature hydratante de ce gel antioxydant.","breadcrumb":{"@id":"https:\/\/kinamihealth.com\/fr\/product\/mediderma-fr-antiox-md-anti-pollution-protect-facial-cream-gel\/#breadcrumb"},"inLanguage":"fr-FR","potentialAction":[{"@type":"ReadAction","target":["https:\/\/kinamihealth.com\/fr\/product\/mediderma-fr-antiox-md-anti-pollution-protect-facial-cream-gel\/"]}]},{"@type":"ImageObject","inLanguage":"fr-FR","@id":"https:\/\/kinamihealth.com\/fr\/product\/mediderma-fr-antiox-md-anti-pollution-protect-facial-cream-gel\/#primaryimage","url":"https:\/\/kinamihealth.com\/wp-content\/uploads\/2025\/02\/MEDIDERMA-FR-ANTIOX-MD-ANTI-POLLUTION-PROTECT-FACIAL-CREAM-GEL-01.jpg","contentUrl":"https:\/\/kinamihealth.com\/wp-content\/uploads\/2025\/02\/MEDIDERMA-FR-ANTIOX-MD-ANTI-POLLUTION-PROTECT-FACIAL-CREAM-GEL-01.jpg","width":800,"height":800},{"@type":"BreadcrumbList","@id":"https:\/\/kinamihealth.com\/fr\/product\/mediderma-fr-antiox-md-anti-pollution-protect-facial-cream-gel\/#breadcrumb","itemListElement":[{"@type":"ListItem","position":1,"name":"Page d'accueil","item":"https:\/\/kinamihealth.com\/"},{"@type":"ListItem","position":2,"name":"Boutique","item":"https:\/\/kinamihealth.com\/shop\/"},{"@type":"ListItem","position":3,"name":"MEDIDERMA\u00ae FR-ANTIOX MD ANTI-POLLUTION PROTECT FACIAL CREAM GEL"}]},{"@type":"WebSite","@id":"https:\/\/kinamihealth.com\/#website","url":"https:\/\/kinamihealth.com\/","name":"Kinami Health","description":"","publisher":{"@id":"https:\/\/kinamihealth.com\/#organization"},"potentialAction":[{"@type":"SearchAction","target":{"@type":"EntryPoint","urlTemplate":"https:\/\/kinamihealth.com\/?s={search_term_string}"},"query-input":{"@type":"PropertyValueSpecification","valueRequired":true,"valueName":"search_term_string"}}],"inLanguage":"fr-FR"},{"@type":"Organization","@id":"https:\/\/kinamihealth.com\/#organization","name":"Kinami Health","url":"https:\/\/kinamihealth.com\/","logo":{"@type":"ImageObject","inLanguage":"fr-FR","@id":"https:\/\/kinamihealth.com\/#\/schema\/logo\/image\/","url":"https:\/\/kinamihealth.com\/wp-content\/uploads\/2025\/01\/KH_logo_black_2-1.png","contentUrl":"https:\/\/kinamihealth.com\/wp-content\/uploads\/2025\/01\/KH_logo_black_2-1.png","width":339,"height":34,"caption":"Kinami Health"},"image":{"@id":"https:\/\/kinamihealth.com\/#\/schema\/logo\/image\/"}}]}},"_links":{"self":[{"href":"https:\/\/kinamihealth.com\/fr\/wp-json\/wp\/v2\/product\/108932","targetHints":{"allow":["GET"]}}],"collection":[{"href":"https:\/\/kinamihealth.com\/fr\/wp-json\/wp\/v2\/product"}],"about":[{"href":"https:\/\/kinamihealth.com\/fr\/wp-json\/wp\/v2\/types\/product"}],"replies":[{"embeddable":true,"href":"https:\/\/kinamihealth.com\/fr\/wp-json\/wp\/v2\/comments?post=108932"}],"version-history":[{"count":0,"href":"https:\/\/kinamihealth.com\/fr\/wp-json\/wp\/v2\/product\/108932\/revisions"}],"wp:featuredmedia":[{"embeddable":true,"href":"https:\/\/kinamihealth.com\/fr\/wp-json\/wp\/v2\/media\/108933"}],"wp:attachment":[{"href":"https:\/\/kinamihealth.com\/fr\/wp-json\/wp\/v2\/media?parent=108932"}],"wp:term":[{"taxonomy":"product_brand","embeddable":true,"href":"https:\/\/kinamihealth.com\/fr\/wp-json\/wp\/v2\/product_brand?post=108932"},{"taxonomy":"product_cat","embeddable":true,"href":"https:\/\/kinamihealth.com\/fr\/wp-json\/wp\/v2\/product_cat?post=108932"},{"taxonomy":"product_tag","embeddable":true,"href":"https:\/\/kinamihealth.com\/fr\/wp-json\/wp\/v2\/product_tag?post=108932"}],"curies":[{"name":"wp","href":"https:\/\/api.w.org\/{rel}","templated":true}]}}