{"id":108929,"date":"2025-02-15T16:55:10","date_gmt":"2025-02-15T16:55:10","guid":{"rendered":"https:\/\/kinamihealth.com\/product\/mediderma-fr-antiox-md-anti-pollution-moisturizing-facial-cream\/"},"modified":"2026-01-21T16:05:17","modified_gmt":"2026-01-21T16:05:17","slug":"mediderma-fr-antiox-md-anti-pollution-moisturizing-facial-cream","status":"publish","type":"product","link":"https:\/\/kinamihealth.com\/fr\/produit\/mediderma-fr-antiox-md-anti-pollution-moisturizing-facial-cream\/","title":{"rendered":"MEDIDERMA\u00ae FR-ANTIOX MD ANTI-POLLUTION MOISTURIZING FACIAL CREAM"},"content":{"rendered":"<p>FR-ANTIOX MD ANTI-POLLUTION Moisturizing FACIAL CREAM offre une action protectrice gr\u00e2ce \u00e0 des ingr\u00e9dients actifs qui renforcent les d\u00e9fenses naturelles de la peau, corrigent les dommages d\u00e9j\u00e0 pr\u00e9sents (rides, d\u00e9shydratation, perte d&#8217;\u00e9clat, teint terne) et prot\u00e8gent contre les agressions futures.<\/p>\n","protected":false},"excerpt":{"rendered":"<p><strong>MEDIDERMA\u00ae FR-ANTIOX MD ANTI-POLLUTION MOISTURIZING FACIAL CREAM 50 ml <\/strong>est une <strong>cr\u00e8me hydratante <\/strong>con\u00e7ue pour offrir une protection contre <strong>le stress oxydatif <\/strong>caus\u00e9 par <strong>la pollution environnementale<\/strong>. Appliquez-la <strong>quotidiennement matin <\/strong>et <strong>soir <\/strong>pour <strong>hydrater <\/strong>le <strong>visage <\/strong>et <strong>le cou <\/strong>et former une <strong>barri\u00e8re cutan\u00e9e saine <\/strong>qui r\u00e9duit les dommages caus\u00e9s par <strong>les microparticules, la fum\u00e9e, les rayons UV <\/strong>et <strong>les gaz d&#8217;\u00e9chappement. Commandez FR-ANTIOX MD CR\u00c8ME HYDRATANTE ANTI-POLLUTION POUR LE VISAGE 50 ml <\/strong>chez <strong>Kinami Health <\/strong>et b\u00e9n\u00e9ficiez de la meilleure offre lorsque vous <strong>commandez des produits Premium Mediderma.<\/strong><\/p>\n","protected":false},"featured_media":108930,"comment_status":"closed","ping_status":"closed","template":"","meta":{"_acf_changed":false,"inline_featured_image":false},"product_brand":[1190],"product_cat":[1380],"product_tag":[1222],"class_list":{"0":"post-108929","1":"product","2":"type-product","3":"status-publish","4":"has-post-thumbnail","6":"product_brand-mediderma","7":"product_cat-soins-de-la-peau","8":"product_tag-dispositifs-medicaux","10":"first","11":"instock","12":"taxable","13":"shipping-taxable","14":"purchasable","15":"product-type-simple","16":"add-to-wishlist-before_image"},"acf":[],"yoast_head":"<!-- This site is optimized with the Yoast SEO plugin v27.3 - https:\/\/yoast.com\/product\/yoast-seo-wordpress\/ -->\n<title>Commander MEDIDERMA\u00ae FR-ANTIOX MD ANTI-POLLUTION MOISTURIZING FACIAL CREAM en ligne | Boutique en ligne | Kinami Health<\/title>\n<meta name=\"description\" content=\"Commandez FR-ANTIOX MD ANTI-POLLUTION MOISTURIZING FACIAL CREAM 50ml en ligne pour hydrater et prot\u00e9ger la peau contre le stress oxydatif.\" \/>\n<meta name=\"robots\" content=\"index, follow, max-snippet:-1, max-image-preview:large, max-video-preview:-1\" \/>\n<link rel=\"canonical\" href=\"https:\/\/kinamihealth.com\/fr\/wp-json\/wp\/v2\/product\/108929\" \/>\n<meta property=\"og:locale\" content=\"fr_FR\" \/>\n<meta property=\"og:type\" content=\"article\" \/>\n<meta property=\"og:title\" content=\"Commander MEDIDERMA\u00ae FR-ANTIOX MD ANTI-POLLUTION MOISTURIZING FACIAL CREAM en ligne | Boutique en ligne | Kinami Health\" \/>\n<meta property=\"og:description\" content=\"Commandez FR-ANTIOX MD ANTI-POLLUTION MOISTURIZING FACIAL CREAM 50ml en ligne pour hydrater et prot\u00e9ger la peau contre le stress oxydatif.\" \/>\n<meta property=\"og:url\" content=\"https:\/\/kinamihealth.com\/fr\/product\/mediderma-fr-antiox-md-anti-pollution-moisturizing-facial-cream\/\" \/>\n<meta property=\"og:site_name\" content=\"Kinami Health\" \/>\n<meta property=\"article:modified_time\" content=\"2026-01-21T16:05:17+00:00\" \/>\n<meta property=\"og:image\" content=\"https:\/\/kinamihealth.com\/wp-content\/uploads\/2025\/02\/MEDIDERMA-FR-ANTIOX-MD-ANTI-POLLUTION-MOISTURIZING-FACIAL-CREAM-01.jpg\" \/>\n\t<meta property=\"og:image:width\" content=\"800\" \/>\n\t<meta property=\"og:image:height\" content=\"800\" \/>\n\t<meta property=\"og:image:type\" content=\"image\/jpeg\" \/>\n<meta name=\"twitter:card\" content=\"summary_large_image\" \/>\n<meta name=\"twitter:label1\" content=\"Dur\u00e9e de lecture estim\u00e9e\" \/>\n\t<meta name=\"twitter:data1\" content=\"1 minute\" \/>\n<!-- \/ Yoast SEO plugin. -->","yoast_head_json":{"title":"Commander MEDIDERMA\u00ae FR-ANTIOX MD ANTI-POLLUTION MOISTURIZING FACIAL CREAM en ligne | Boutique en ligne | Kinami Health","description":"Commandez FR-ANTIOX MD ANTI-POLLUTION MOISTURIZING FACIAL CREAM 50ml en ligne pour hydrater et prot\u00e9ger la peau contre le stress oxydatif.","robots":{"index":"index","follow":"follow","max-snippet":"max-snippet:-1","max-image-preview":"max-image-preview:large","max-video-preview":"max-video-preview:-1"},"canonical":"https:\/\/kinamihealth.com\/fr\/wp-json\/wp\/v2\/product\/108929","og_locale":"fr_FR","og_type":"article","og_title":"Commander MEDIDERMA\u00ae FR-ANTIOX MD ANTI-POLLUTION MOISTURIZING FACIAL CREAM en ligne | Boutique en ligne | Kinami Health","og_description":"Commandez FR-ANTIOX MD ANTI-POLLUTION MOISTURIZING FACIAL CREAM 50ml en ligne pour hydrater et prot\u00e9ger la peau contre le stress oxydatif.","og_url":"https:\/\/kinamihealth.com\/fr\/product\/mediderma-fr-antiox-md-anti-pollution-moisturizing-facial-cream\/","og_site_name":"Kinami Health","article_modified_time":"2026-01-21T16:05:17+00:00","og_image":[{"width":800,"height":800,"url":"https:\/\/kinamihealth.com\/wp-content\/uploads\/2025\/02\/MEDIDERMA-FR-ANTIOX-MD-ANTI-POLLUTION-MOISTURIZING-FACIAL-CREAM-01.jpg","type":"image\/jpeg"}],"twitter_card":"summary_large_image","twitter_misc":{"Dur\u00e9e de lecture estim\u00e9e":"1 minute"},"schema":{"@context":"https:\/\/schema.org","@graph":[{"@type":"WebPage","@id":"https:\/\/kinamihealth.com\/fr\/product\/mediderma-fr-antiox-md-anti-pollution-moisturizing-facial-cream\/","url":"https:\/\/kinamihealth.com\/fr\/product\/mediderma-fr-antiox-md-anti-pollution-moisturizing-facial-cream\/","name":"Commander MEDIDERMA\u00ae FR-ANTIOX MD ANTI-POLLUTION MOISTURIZING FACIAL CREAM en ligne | Boutique en ligne | Kinami Health","isPartOf":{"@id":"https:\/\/kinamihealth.com\/#website"},"primaryImageOfPage":{"@id":"https:\/\/kinamihealth.com\/fr\/product\/mediderma-fr-antiox-md-anti-pollution-moisturizing-facial-cream\/#primaryimage"},"image":{"@id":"https:\/\/kinamihealth.com\/fr\/product\/mediderma-fr-antiox-md-anti-pollution-moisturizing-facial-cream\/#primaryimage"},"thumbnailUrl":"https:\/\/kinamihealth.com\/wp-content\/uploads\/2025\/02\/MEDIDERMA-FR-ANTIOX-MD-ANTI-POLLUTION-MOISTURIZING-FACIAL-CREAM-01.jpg","datePublished":"2025-02-15T16:55:10+00:00","dateModified":"2026-01-21T16:05:17+00:00","description":"Commandez FR-ANTIOX MD ANTI-POLLUTION MOISTURIZING FACIAL CREAM 50ml en ligne pour hydrater et prot\u00e9ger la peau contre le stress oxydatif.","breadcrumb":{"@id":"https:\/\/kinamihealth.com\/fr\/product\/mediderma-fr-antiox-md-anti-pollution-moisturizing-facial-cream\/#breadcrumb"},"inLanguage":"fr-FR","potentialAction":[{"@type":"ReadAction","target":["https:\/\/kinamihealth.com\/fr\/product\/mediderma-fr-antiox-md-anti-pollution-moisturizing-facial-cream\/"]}]},{"@type":"ImageObject","inLanguage":"fr-FR","@id":"https:\/\/kinamihealth.com\/fr\/product\/mediderma-fr-antiox-md-anti-pollution-moisturizing-facial-cream\/#primaryimage","url":"https:\/\/kinamihealth.com\/wp-content\/uploads\/2025\/02\/MEDIDERMA-FR-ANTIOX-MD-ANTI-POLLUTION-MOISTURIZING-FACIAL-CREAM-01.jpg","contentUrl":"https:\/\/kinamihealth.com\/wp-content\/uploads\/2025\/02\/MEDIDERMA-FR-ANTIOX-MD-ANTI-POLLUTION-MOISTURIZING-FACIAL-CREAM-01.jpg","width":800,"height":800},{"@type":"BreadcrumbList","@id":"https:\/\/kinamihealth.com\/fr\/product\/mediderma-fr-antiox-md-anti-pollution-moisturizing-facial-cream\/#breadcrumb","itemListElement":[{"@type":"ListItem","position":1,"name":"Page d'accueil","item":"https:\/\/kinamihealth.com\/"},{"@type":"ListItem","position":2,"name":"Boutique","item":"https:\/\/kinamihealth.com\/shop\/"},{"@type":"ListItem","position":3,"name":"MEDIDERMA\u00ae FR-ANTIOX MD ANTI-POLLUTION MOISTURIZING FACIAL CREAM"}]},{"@type":"WebSite","@id":"https:\/\/kinamihealth.com\/#website","url":"https:\/\/kinamihealth.com\/","name":"Kinami Health","description":"","publisher":{"@id":"https:\/\/kinamihealth.com\/#organization"},"potentialAction":[{"@type":"SearchAction","target":{"@type":"EntryPoint","urlTemplate":"https:\/\/kinamihealth.com\/?s={search_term_string}"},"query-input":{"@type":"PropertyValueSpecification","valueRequired":true,"valueName":"search_term_string"}}],"inLanguage":"fr-FR"},{"@type":"Organization","@id":"https:\/\/kinamihealth.com\/#organization","name":"Kinami Health","url":"https:\/\/kinamihealth.com\/","logo":{"@type":"ImageObject","inLanguage":"fr-FR","@id":"https:\/\/kinamihealth.com\/#\/schema\/logo\/image\/","url":"https:\/\/kinamihealth.com\/wp-content\/uploads\/2025\/01\/KH_logo_black_2-1.png","contentUrl":"https:\/\/kinamihealth.com\/wp-content\/uploads\/2025\/01\/KH_logo_black_2-1.png","width":339,"height":34,"caption":"Kinami Health"},"image":{"@id":"https:\/\/kinamihealth.com\/#\/schema\/logo\/image\/"}}]}},"_links":{"self":[{"href":"https:\/\/kinamihealth.com\/fr\/wp-json\/wp\/v2\/product\/108929","targetHints":{"allow":["GET"]}}],"collection":[{"href":"https:\/\/kinamihealth.com\/fr\/wp-json\/wp\/v2\/product"}],"about":[{"href":"https:\/\/kinamihealth.com\/fr\/wp-json\/wp\/v2\/types\/product"}],"replies":[{"embeddable":true,"href":"https:\/\/kinamihealth.com\/fr\/wp-json\/wp\/v2\/comments?post=108929"}],"version-history":[{"count":0,"href":"https:\/\/kinamihealth.com\/fr\/wp-json\/wp\/v2\/product\/108929\/revisions"}],"wp:featuredmedia":[{"embeddable":true,"href":"https:\/\/kinamihealth.com\/fr\/wp-json\/wp\/v2\/media\/108930"}],"wp:attachment":[{"href":"https:\/\/kinamihealth.com\/fr\/wp-json\/wp\/v2\/media?parent=108929"}],"wp:term":[{"taxonomy":"product_brand","embeddable":true,"href":"https:\/\/kinamihealth.com\/fr\/wp-json\/wp\/v2\/product_brand?post=108929"},{"taxonomy":"product_cat","embeddable":true,"href":"https:\/\/kinamihealth.com\/fr\/wp-json\/wp\/v2\/product_cat?post=108929"},{"taxonomy":"product_tag","embeddable":true,"href":"https:\/\/kinamihealth.com\/fr\/wp-json\/wp\/v2\/product_tag?post=108929"}],"curies":[{"name":"wp","href":"https:\/\/api.w.org\/{rel}","templated":true}]}}