{"id":108927,"date":"2025-02-15T16:55:05","date_gmt":"2025-02-15T16:55:05","guid":{"rendered":"https:\/\/kinamihealth.com\/product\/mediderma-fr-antiox-md-anti-pollution-concentrate-serum\/"},"modified":"2026-01-21T16:05:09","modified_gmt":"2026-01-21T16:05:09","slug":"mediderma-fr-antiox-md-anti-pollution-concentrate-serum","status":"publish","type":"product","link":"https:\/\/kinamihealth.com\/fr\/produit\/mediderma-fr-antiox-md-anti-pollution-concentrate-serum\/","title":{"rendered":"MEDIDERMA\u00ae FR-ANTIOX MD ANTI-POLLUTION CONCENTRATE SERUM"},"content":{"rendered":"<p>Le s\u00e9rum FR-ANTIOX MD ANTI-POLLUTION poss\u00e8de de hautes propri\u00e9t\u00e9s antioxydantes, ce qui le rend b\u00e9n\u00e9fique pour la peau en prot\u00e9geant l&#8217;organisme contre les signes du vieillissement. Il am\u00e9liore l&#8217;hydratation, l&#8217;\u00e9lasticit\u00e9 et la luminosit\u00e9 de la peau et la prot\u00e8ge contre les dommages oxydatifs.<\/p>\n","protected":false},"excerpt":{"rendered":"<p><strong>Le MEDIDERMA\u00ae FR-ANTIOX MD ANTI-POLLUTION CONCENTRATE SERUM <\/strong><strong>30 ml <\/strong>est <strong>un s\u00e9rum dermique m\u00e9ticuleusement formul\u00e9 <\/strong>qui offre une protection contre les particules nocives qui attaquent la peau sans rel\u00e2che. La pollution tend \u00e0 \u00eatre extr\u00eamement visible dans les zones urbaines cosmopolites o\u00f9 la concentration de fumeurs, de gaz d&#8217;\u00e9chappement et d&#8217;autres microparticules est \u00e9lev\u00e9e.<\/p>\n","protected":false},"featured_media":108928,"comment_status":"closed","ping_status":"closed","template":"","meta":{"_acf_changed":false,"inline_featured_image":false},"product_brand":[1190],"product_cat":[1380],"product_tag":[1222],"class_list":{"0":"post-108927","1":"product","2":"type-product","3":"status-publish","4":"has-post-thumbnail","6":"product_brand-mediderma","7":"product_cat-soins-de-la-peau","8":"product_tag-dispositifs-medicaux","10":"first","11":"instock","12":"taxable","13":"shipping-taxable","14":"purchasable","15":"product-type-simple","16":"add-to-wishlist-before_image"},"acf":[],"yoast_head":"<!-- This site is optimized with the Yoast SEO plugin v27.1.1 - https:\/\/yoast.com\/product\/yoast-seo-wordpress\/ -->\n<title>Commander MEDIDERMA\u00ae FR-ANTIOX MD ANTI-POLLUTION CONCENTRATE SERUM en ligne | Boutique en ligne | Kinami Health<\/title>\n<meta name=\"description\" content=\"Commandez le s\u00e9rum FR-ANTIOX MD ANTI-POLLUTION CONCENTRATE SERUM 30ml en ligne et profitez de cet antioxydant puissant pour prot\u00e9ger votre peau contre la pollution environnementale.\" \/>\n<meta name=\"robots\" content=\"index, follow, max-snippet:-1, max-image-preview:large, max-video-preview:-1\" \/>\n<link rel=\"canonical\" href=\"https:\/\/kinamihealth.com\/fr\/wp-json\/wp\/v2\/product\/108927\" \/>\n<meta property=\"og:locale\" content=\"fr_FR\" \/>\n<meta property=\"og:type\" content=\"article\" \/>\n<meta property=\"og:title\" content=\"Commander MEDIDERMA\u00ae FR-ANTIOX MD ANTI-POLLUTION CONCENTRATE SERUM en ligne | Boutique en ligne | Kinami Health\" \/>\n<meta property=\"og:description\" content=\"Commandez le s\u00e9rum FR-ANTIOX MD ANTI-POLLUTION CONCENTRATE SERUM 30ml en ligne et profitez de cet antioxydant puissant pour prot\u00e9ger votre peau contre la pollution environnementale.\" \/>\n<meta property=\"og:url\" content=\"https:\/\/kinamihealth.com\/fr\/product\/mediderma-fr-antiox-md-anti-pollution-concentrate-serum\/\" \/>\n<meta property=\"og:site_name\" content=\"Kinami Health\" \/>\n<meta property=\"article:modified_time\" content=\"2026-01-21T16:05:09+00:00\" \/>\n<meta property=\"og:image\" content=\"https:\/\/kinamihealth.com\/wp-content\/uploads\/2025\/02\/FR-ANTIOX-MD-ANTI-POLLUTION-CONCENTRATE-SERUM-MEDIDERMA-30ML-01.jpg\" \/>\n\t<meta property=\"og:image:width\" content=\"800\" \/>\n\t<meta property=\"og:image:height\" content=\"800\" \/>\n\t<meta property=\"og:image:type\" content=\"image\/jpeg\" \/>\n<meta name=\"twitter:card\" content=\"summary_large_image\" \/>\n<meta name=\"twitter:label1\" content=\"Dur\u00e9e de lecture estim\u00e9e\" \/>\n\t<meta name=\"twitter:data1\" content=\"1 minute\" \/>\n<!-- \/ Yoast SEO plugin. -->","yoast_head_json":{"title":"Commander MEDIDERMA\u00ae FR-ANTIOX MD ANTI-POLLUTION CONCENTRATE SERUM en ligne | Boutique en ligne | Kinami Health","description":"Commandez le s\u00e9rum FR-ANTIOX MD ANTI-POLLUTION CONCENTRATE SERUM 30ml en ligne et profitez de cet antioxydant puissant pour prot\u00e9ger votre peau contre la pollution environnementale.","robots":{"index":"index","follow":"follow","max-snippet":"max-snippet:-1","max-image-preview":"max-image-preview:large","max-video-preview":"max-video-preview:-1"},"canonical":"https:\/\/kinamihealth.com\/fr\/wp-json\/wp\/v2\/product\/108927","og_locale":"fr_FR","og_type":"article","og_title":"Commander MEDIDERMA\u00ae FR-ANTIOX MD ANTI-POLLUTION CONCENTRATE SERUM en ligne | Boutique en ligne | Kinami Health","og_description":"Commandez le s\u00e9rum FR-ANTIOX MD ANTI-POLLUTION CONCENTRATE SERUM 30ml en ligne et profitez de cet antioxydant puissant pour prot\u00e9ger votre peau contre la pollution environnementale.","og_url":"https:\/\/kinamihealth.com\/fr\/product\/mediderma-fr-antiox-md-anti-pollution-concentrate-serum\/","og_site_name":"Kinami Health","article_modified_time":"2026-01-21T16:05:09+00:00","og_image":[{"width":800,"height":800,"url":"https:\/\/kinamihealth.com\/wp-content\/uploads\/2025\/02\/FR-ANTIOX-MD-ANTI-POLLUTION-CONCENTRATE-SERUM-MEDIDERMA-30ML-01.jpg","type":"image\/jpeg"}],"twitter_card":"summary_large_image","twitter_misc":{"Dur\u00e9e de lecture estim\u00e9e":"1 minute"},"schema":{"@context":"https:\/\/schema.org","@graph":[{"@type":"WebPage","@id":"https:\/\/kinamihealth.com\/fr\/product\/mediderma-fr-antiox-md-anti-pollution-concentrate-serum\/","url":"https:\/\/kinamihealth.com\/fr\/product\/mediderma-fr-antiox-md-anti-pollution-concentrate-serum\/","name":"Commander MEDIDERMA\u00ae FR-ANTIOX MD ANTI-POLLUTION CONCENTRATE SERUM en ligne | Boutique en ligne | Kinami Health","isPartOf":{"@id":"https:\/\/kinamihealth.com\/#website"},"primaryImageOfPage":{"@id":"https:\/\/kinamihealth.com\/fr\/product\/mediderma-fr-antiox-md-anti-pollution-concentrate-serum\/#primaryimage"},"image":{"@id":"https:\/\/kinamihealth.com\/fr\/product\/mediderma-fr-antiox-md-anti-pollution-concentrate-serum\/#primaryimage"},"thumbnailUrl":"https:\/\/kinamihealth.com\/wp-content\/uploads\/2025\/02\/FR-ANTIOX-MD-ANTI-POLLUTION-CONCENTRATE-SERUM-MEDIDERMA-30ML-01.jpg","datePublished":"2025-02-15T16:55:05+00:00","dateModified":"2026-01-21T16:05:09+00:00","description":"Commandez le s\u00e9rum FR-ANTIOX MD ANTI-POLLUTION CONCENTRATE SERUM 30ml en ligne et profitez de cet antioxydant puissant pour prot\u00e9ger votre peau contre la pollution environnementale.","breadcrumb":{"@id":"https:\/\/kinamihealth.com\/fr\/product\/mediderma-fr-antiox-md-anti-pollution-concentrate-serum\/#breadcrumb"},"inLanguage":"fr-FR","potentialAction":[{"@type":"ReadAction","target":["https:\/\/kinamihealth.com\/fr\/product\/mediderma-fr-antiox-md-anti-pollution-concentrate-serum\/"]}]},{"@type":"ImageObject","inLanguage":"fr-FR","@id":"https:\/\/kinamihealth.com\/fr\/product\/mediderma-fr-antiox-md-anti-pollution-concentrate-serum\/#primaryimage","url":"https:\/\/kinamihealth.com\/wp-content\/uploads\/2025\/02\/FR-ANTIOX-MD-ANTI-POLLUTION-CONCENTRATE-SERUM-MEDIDERMA-30ML-01.jpg","contentUrl":"https:\/\/kinamihealth.com\/wp-content\/uploads\/2025\/02\/FR-ANTIOX-MD-ANTI-POLLUTION-CONCENTRATE-SERUM-MEDIDERMA-30ML-01.jpg","width":800,"height":800},{"@type":"BreadcrumbList","@id":"https:\/\/kinamihealth.com\/fr\/product\/mediderma-fr-antiox-md-anti-pollution-concentrate-serum\/#breadcrumb","itemListElement":[{"@type":"ListItem","position":1,"name":"Page d'accueil","item":"https:\/\/kinamihealth.com\/"},{"@type":"ListItem","position":2,"name":"Boutique","item":"https:\/\/kinamihealth.com\/shop\/"},{"@type":"ListItem","position":3,"name":"MEDIDERMA\u00ae FR-ANTIOX MD ANTI-POLLUTION CONCENTRATE SERUM"}]},{"@type":"WebSite","@id":"https:\/\/kinamihealth.com\/#website","url":"https:\/\/kinamihealth.com\/","name":"Kinami Health","description":"","publisher":{"@id":"https:\/\/kinamihealth.com\/#organization"},"potentialAction":[{"@type":"SearchAction","target":{"@type":"EntryPoint","urlTemplate":"https:\/\/kinamihealth.com\/?s={search_term_string}"},"query-input":{"@type":"PropertyValueSpecification","valueRequired":true,"valueName":"search_term_string"}}],"inLanguage":"fr-FR"},{"@type":"Organization","@id":"https:\/\/kinamihealth.com\/#organization","name":"Kinami Health","url":"https:\/\/kinamihealth.com\/","logo":{"@type":"ImageObject","inLanguage":"fr-FR","@id":"https:\/\/kinamihealth.com\/#\/schema\/logo\/image\/","url":"https:\/\/kinamihealth.com\/wp-content\/uploads\/2025\/01\/KH_logo_black_2-1.png","contentUrl":"https:\/\/kinamihealth.com\/wp-content\/uploads\/2025\/01\/KH_logo_black_2-1.png","width":339,"height":34,"caption":"Kinami Health"},"image":{"@id":"https:\/\/kinamihealth.com\/#\/schema\/logo\/image\/"}}]}},"_links":{"self":[{"href":"https:\/\/kinamihealth.com\/fr\/wp-json\/wp\/v2\/product\/108927","targetHints":{"allow":["GET"]}}],"collection":[{"href":"https:\/\/kinamihealth.com\/fr\/wp-json\/wp\/v2\/product"}],"about":[{"href":"https:\/\/kinamihealth.com\/fr\/wp-json\/wp\/v2\/types\/product"}],"replies":[{"embeddable":true,"href":"https:\/\/kinamihealth.com\/fr\/wp-json\/wp\/v2\/comments?post=108927"}],"version-history":[{"count":0,"href":"https:\/\/kinamihealth.com\/fr\/wp-json\/wp\/v2\/product\/108927\/revisions"}],"wp:featuredmedia":[{"embeddable":true,"href":"https:\/\/kinamihealth.com\/fr\/wp-json\/wp\/v2\/media\/108928"}],"wp:attachment":[{"href":"https:\/\/kinamihealth.com\/fr\/wp-json\/wp\/v2\/media?parent=108927"}],"wp:term":[{"taxonomy":"product_brand","embeddable":true,"href":"https:\/\/kinamihealth.com\/fr\/wp-json\/wp\/v2\/product_brand?post=108927"},{"taxonomy":"product_cat","embeddable":true,"href":"https:\/\/kinamihealth.com\/fr\/wp-json\/wp\/v2\/product_cat?post=108927"},{"taxonomy":"product_tag","embeddable":true,"href":"https:\/\/kinamihealth.com\/fr\/wp-json\/wp\/v2\/product_tag?post=108927"}],"curies":[{"name":"wp","href":"https:\/\/api.w.org\/{rel}","templated":true}]}}