{"id":108916,"date":"2025-02-15T16:54:22","date_gmt":"2025-02-15T16:54:22","guid":{"rendered":"https:\/\/kinamihealth.com\/product\/mediderma-c-defence-md-cskin-bright-moisturizing\/"},"modified":"2026-01-21T16:02:39","modified_gmt":"2026-01-21T16:02:39","slug":"mediderma-c-defence-md-cskin-bright-moisturizing","status":"publish","type":"product","link":"https:\/\/kinamihealth.com\/fr\/produit\/mediderma-c-defence-md-cskin-bright-moisturizing\/","title":{"rendered":"MEDIDERMA\u00ae C-DEFENCE MD C+SKIN Bright Moisturizing"},"content":{"rendered":"<p>Le fluide pour le visage MEDIDERMA\u00ae C-DEFENCE MD C+SKIN Bright Moisturizing FACIAL FLUID offre une action protectrice gr\u00e2ce \u00e0 des ingr\u00e9dients actifs qui renforcent les d\u00e9fenses naturelles de la peau, corrigent les dommages d\u00e9j\u00e0 pr\u00e9sents (rides, d\u00e9shydratation, perte de brillance, teint terne) et prot\u00e8gent contre les agressions futures.<\/p>\n","protected":false},"excerpt":{"rendered":"<p>MEDIDERMA\u00ae C-DEFENCE MD C+SKIN Bright Moisturizing 50 ml est un <strong><em>produit de soin <\/em><\/strong>de la peau<strong><em> haute performance <\/em><\/strong>d\u00e9velopp\u00e9 pour am\u00e9liorer l&#8217;\u00e9clat et l&#8217;hydratation de la peau.<\/p>\n<p>Ce fluide l\u00e9ger est <strong>enrichi en ingr\u00e9dients avanc\u00e9s <\/strong>qui favorisent le rajeunissement de la peau, r\u00e9duisent l&#8217;apparence des ridules et redonnent un teint \u00e9clatant. Con\u00e7u pour un usage professionnel, ce fluide pour le visage est id\u00e9al pour <strong>les cliniques, les spas et les cabinets de dermatologie<\/strong>.<\/p>\n<p>Commandez le fluide hydratant pour le visage C-Defence MD C+Skin Bright 50 ml chez <strong><em>Kinami Health <\/em><\/strong>et d\u00e9couvrez pourquoi ce produit est l&#8217;un des pr\u00e9f\u00e9r\u00e9s des professionnels de l&#8217;esth\u00e9tique.<\/p>\n","protected":false},"featured_media":108917,"comment_status":"closed","ping_status":"closed","template":"","meta":{"_acf_changed":false,"inline_featured_image":false},"product_brand":[1190],"product_cat":[1380],"product_tag":[1222],"class_list":{"0":"post-108916","1":"product","2":"type-product","3":"status-publish","4":"has-post-thumbnail","6":"product_brand-mediderma","7":"product_cat-soins-de-la-peau","8":"product_tag-dispositifs-medicaux","10":"first","11":"instock","12":"taxable","13":"shipping-taxable","14":"purchasable","15":"product-type-simple","16":"add-to-wishlist-before_image"},"acf":[],"yoast_head":"<!-- This site is optimized with the Yoast SEO plugin v27.1.1 - https:\/\/yoast.com\/product\/yoast-seo-wordpress\/ -->\n<title>Commander MEDIDERMA\u00ae C-DEFENCE MD C+SKIN Bright Moisturizing en ligne | Boutique en ligne | Kinami Health<\/title>\n<meta name=\"description\" content=\"Commandez le fluide hydratant pour le visage C-Defence MD C+Skin Bright 50 ml en ligne dans le magasin en ligne de Kinami Health. Am\u00e9liorez d\u00e8s aujourd&#039;hui l&#039;\u00e9clat et l&#039;hydratation de la peau de vos patients.\" \/>\n<meta name=\"robots\" content=\"index, follow, max-snippet:-1, max-image-preview:large, max-video-preview:-1\" \/>\n<link rel=\"canonical\" href=\"https:\/\/kinamihealth.com\/fr\/wp-json\/wp\/v2\/product\/108916\" \/>\n<meta property=\"og:locale\" content=\"fr_FR\" \/>\n<meta property=\"og:type\" content=\"article\" \/>\n<meta property=\"og:title\" content=\"Commander MEDIDERMA\u00ae C-DEFENCE MD C+SKIN Bright Moisturizing en ligne | Boutique en ligne | Kinami Health\" \/>\n<meta property=\"og:description\" content=\"Commandez le fluide hydratant pour le visage C-Defence MD C+Skin Bright 50 ml en ligne dans le magasin en ligne de Kinami Health. Am\u00e9liorez d\u00e8s aujourd&#039;hui l&#039;\u00e9clat et l&#039;hydratation de la peau de vos patients.\" \/>\n<meta property=\"og:url\" content=\"https:\/\/kinamihealth.com\/fr\/product\/mediderma-c-defence-md-cskin-bright-moisturizing\/\" \/>\n<meta property=\"og:site_name\" content=\"Kinami Health\" \/>\n<meta property=\"article:modified_time\" content=\"2026-01-21T16:02:39+00:00\" \/>\n<meta property=\"og:image\" content=\"https:\/\/kinamihealth.com\/wp-content\/uploads\/2025\/02\/MEDIDERMA-C-DEFENCE-MD-C-SKIN-BRIGHT-MOISTURIZING-FLUID-01.jpg\" \/>\n\t<meta property=\"og:image:width\" content=\"800\" \/>\n\t<meta property=\"og:image:height\" content=\"800\" \/>\n\t<meta property=\"og:image:type\" content=\"image\/jpeg\" \/>\n<meta name=\"twitter:card\" content=\"summary_large_image\" \/>\n<meta name=\"twitter:label1\" content=\"Dur\u00e9e de lecture estim\u00e9e\" \/>\n\t<meta name=\"twitter:data1\" content=\"1 minute\" \/>\n<!-- \/ Yoast SEO plugin. -->","yoast_head_json":{"title":"Commander MEDIDERMA\u00ae C-DEFENCE MD C+SKIN Bright Moisturizing en ligne | Boutique en ligne | Kinami Health","description":"Commandez le fluide hydratant pour le visage C-Defence MD C+Skin Bright 50 ml en ligne dans le magasin en ligne de Kinami Health. Am\u00e9liorez d\u00e8s aujourd'hui l'\u00e9clat et l'hydratation de la peau de vos patients.","robots":{"index":"index","follow":"follow","max-snippet":"max-snippet:-1","max-image-preview":"max-image-preview:large","max-video-preview":"max-video-preview:-1"},"canonical":"https:\/\/kinamihealth.com\/fr\/wp-json\/wp\/v2\/product\/108916","og_locale":"fr_FR","og_type":"article","og_title":"Commander MEDIDERMA\u00ae C-DEFENCE MD C+SKIN Bright Moisturizing en ligne | Boutique en ligne | Kinami Health","og_description":"Commandez le fluide hydratant pour le visage C-Defence MD C+Skin Bright 50 ml en ligne dans le magasin en ligne de Kinami Health. Am\u00e9liorez d\u00e8s aujourd'hui l'\u00e9clat et l'hydratation de la peau de vos patients.","og_url":"https:\/\/kinamihealth.com\/fr\/product\/mediderma-c-defence-md-cskin-bright-moisturizing\/","og_site_name":"Kinami Health","article_modified_time":"2026-01-21T16:02:39+00:00","og_image":[{"width":800,"height":800,"url":"https:\/\/kinamihealth.com\/wp-content\/uploads\/2025\/02\/MEDIDERMA-C-DEFENCE-MD-C-SKIN-BRIGHT-MOISTURIZING-FLUID-01.jpg","type":"image\/jpeg"}],"twitter_card":"summary_large_image","twitter_misc":{"Dur\u00e9e de lecture estim\u00e9e":"1 minute"},"schema":{"@context":"https:\/\/schema.org","@graph":[{"@type":"WebPage","@id":"https:\/\/kinamihealth.com\/fr\/product\/mediderma-c-defence-md-cskin-bright-moisturizing\/","url":"https:\/\/kinamihealth.com\/fr\/product\/mediderma-c-defence-md-cskin-bright-moisturizing\/","name":"Commander MEDIDERMA\u00ae C-DEFENCE MD C+SKIN Bright Moisturizing en ligne | Boutique en ligne | Kinami Health","isPartOf":{"@id":"https:\/\/kinamihealth.com\/#website"},"primaryImageOfPage":{"@id":"https:\/\/kinamihealth.com\/fr\/product\/mediderma-c-defence-md-cskin-bright-moisturizing\/#primaryimage"},"image":{"@id":"https:\/\/kinamihealth.com\/fr\/product\/mediderma-c-defence-md-cskin-bright-moisturizing\/#primaryimage"},"thumbnailUrl":"https:\/\/kinamihealth.com\/wp-content\/uploads\/2025\/02\/MEDIDERMA-C-DEFENCE-MD-C-SKIN-BRIGHT-MOISTURIZING-FLUID-01.jpg","datePublished":"2025-02-15T16:54:22+00:00","dateModified":"2026-01-21T16:02:39+00:00","description":"Commandez le fluide hydratant pour le visage C-Defence MD C+Skin Bright 50 ml en ligne dans le magasin en ligne de Kinami Health. Am\u00e9liorez d\u00e8s aujourd'hui l'\u00e9clat et l'hydratation de la peau de vos patients.","breadcrumb":{"@id":"https:\/\/kinamihealth.com\/fr\/product\/mediderma-c-defence-md-cskin-bright-moisturizing\/#breadcrumb"},"inLanguage":"fr-FR","potentialAction":[{"@type":"ReadAction","target":["https:\/\/kinamihealth.com\/fr\/product\/mediderma-c-defence-md-cskin-bright-moisturizing\/"]}]},{"@type":"ImageObject","inLanguage":"fr-FR","@id":"https:\/\/kinamihealth.com\/fr\/product\/mediderma-c-defence-md-cskin-bright-moisturizing\/#primaryimage","url":"https:\/\/kinamihealth.com\/wp-content\/uploads\/2025\/02\/MEDIDERMA-C-DEFENCE-MD-C-SKIN-BRIGHT-MOISTURIZING-FLUID-01.jpg","contentUrl":"https:\/\/kinamihealth.com\/wp-content\/uploads\/2025\/02\/MEDIDERMA-C-DEFENCE-MD-C-SKIN-BRIGHT-MOISTURIZING-FLUID-01.jpg","width":800,"height":800},{"@type":"BreadcrumbList","@id":"https:\/\/kinamihealth.com\/fr\/product\/mediderma-c-defence-md-cskin-bright-moisturizing\/#breadcrumb","itemListElement":[{"@type":"ListItem","position":1,"name":"Page d'accueil","item":"https:\/\/kinamihealth.com\/"},{"@type":"ListItem","position":2,"name":"Boutique","item":"https:\/\/kinamihealth.com\/shop\/"},{"@type":"ListItem","position":3,"name":"MEDIDERMA\u00ae C-DEFENCE MD C+SKIN Bright Moisturizing"}]},{"@type":"WebSite","@id":"https:\/\/kinamihealth.com\/#website","url":"https:\/\/kinamihealth.com\/","name":"Kinami Health","description":"","publisher":{"@id":"https:\/\/kinamihealth.com\/#organization"},"potentialAction":[{"@type":"SearchAction","target":{"@type":"EntryPoint","urlTemplate":"https:\/\/kinamihealth.com\/?s={search_term_string}"},"query-input":{"@type":"PropertyValueSpecification","valueRequired":true,"valueName":"search_term_string"}}],"inLanguage":"fr-FR"},{"@type":"Organization","@id":"https:\/\/kinamihealth.com\/#organization","name":"Kinami Health","url":"https:\/\/kinamihealth.com\/","logo":{"@type":"ImageObject","inLanguage":"fr-FR","@id":"https:\/\/kinamihealth.com\/#\/schema\/logo\/image\/","url":"https:\/\/kinamihealth.com\/wp-content\/uploads\/2025\/01\/KH_logo_black_2-1.png","contentUrl":"https:\/\/kinamihealth.com\/wp-content\/uploads\/2025\/01\/KH_logo_black_2-1.png","width":339,"height":34,"caption":"Kinami Health"},"image":{"@id":"https:\/\/kinamihealth.com\/#\/schema\/logo\/image\/"}}]}},"_links":{"self":[{"href":"https:\/\/kinamihealth.com\/fr\/wp-json\/wp\/v2\/product\/108916","targetHints":{"allow":["GET"]}}],"collection":[{"href":"https:\/\/kinamihealth.com\/fr\/wp-json\/wp\/v2\/product"}],"about":[{"href":"https:\/\/kinamihealth.com\/fr\/wp-json\/wp\/v2\/types\/product"}],"replies":[{"embeddable":true,"href":"https:\/\/kinamihealth.com\/fr\/wp-json\/wp\/v2\/comments?post=108916"}],"version-history":[{"count":0,"href":"https:\/\/kinamihealth.com\/fr\/wp-json\/wp\/v2\/product\/108916\/revisions"}],"wp:featuredmedia":[{"embeddable":true,"href":"https:\/\/kinamihealth.com\/fr\/wp-json\/wp\/v2\/media\/108917"}],"wp:attachment":[{"href":"https:\/\/kinamihealth.com\/fr\/wp-json\/wp\/v2\/media?parent=108916"}],"wp:term":[{"taxonomy":"product_brand","embeddable":true,"href":"https:\/\/kinamihealth.com\/fr\/wp-json\/wp\/v2\/product_brand?post=108916"},{"taxonomy":"product_cat","embeddable":true,"href":"https:\/\/kinamihealth.com\/fr\/wp-json\/wp\/v2\/product_cat?post=108916"},{"taxonomy":"product_tag","embeddable":true,"href":"https:\/\/kinamihealth.com\/fr\/wp-json\/wp\/v2\/product_tag?post=108916"}],"curies":[{"name":"wp","href":"https:\/\/api.w.org\/{rel}","templated":true}]}}