{"id":108902,"date":"2025-02-15T16:56:01","date_gmt":"2025-02-15T16:56:01","guid":{"rendered":"https:\/\/kinamihealth.com\/product\/lemonbottle-ampoule-solution-10ml\/"},"modified":"2026-01-21T15:49:10","modified_gmt":"2026-01-21T15:49:10","slug":"lemonbottle-ampoule-solution-10ml","status":"publish","type":"product","link":"https:\/\/kinamihealth.com\/fr\/produit\/lemonbottle-ampoule-solution-10ml\/","title":{"rendered":"LEMONBOTTLE AMPOULE SOLUTION 10ml"},"content":{"rendered":"<p>La solution Lemonbottle Ampoule est une formule lipolytique r\u00e9volutionnaire pour le corps et le visage. Elle associe la riboflavine, la l\u00e9cithine et la brom\u00e9la\u00efne pour stimuler les processus m\u00e9taboliques de l&#8217;organisme et cibler des zones telles que le double menton, les poign\u00e9es d&#8217;amour, les hanches, ainsi que l&#8217;abdomen et les jambes.<\/p>\n","protected":false},"excerpt":{"rendered":"<p>La solution Lemonbottle Ampoule est un produit innovant <strong>injectable pour dissoudre les graisses<\/strong>, con\u00e7u pour les professionnels de sant\u00e9 \u00e0 la recherche d&#8217;un traitement <strong>non invasif<\/strong> pour le remodelage corporel et l&#8217;amincissement du visage. Cette formule avanc\u00e9e est <strong>\u00e0 base de plantes<\/strong>, \u00e9liminant le besoin de phosphatidylcholine et d&#8217;acide d\u00e9soxycholique, ce qui en fait une alternative plus douce mais tout aussi efficace aux injections traditionnelles destin\u00e9es \u00e0 la dissolution des graisses. Consultez <strong>la boutique en ligne Kinami Health<\/strong> et procurez-vous de Lemonbottle Ampoule Solution 10ml aupr\u00e8s d&#8217;un fournisseur fiable de produits esth\u00e9tiques haut de gamme.<\/p>\n","protected":false},"featured_media":108903,"comment_status":"closed","ping_status":"closed","template":"","meta":{"_acf_changed":false,"inline_featured_image":false},"product_brand":[1189],"product_cat":[1375],"product_tag":[1222],"class_list":{"0":"post-108902","1":"product","2":"type-product","3":"status-publish","4":"has-post-thumbnail","6":"product_brand-lemonbottle","7":"product_cat-injections-de-mesotherapie","8":"product_tag-dispositifs-medicaux","10":"first","11":"instock","12":"taxable","13":"shipping-taxable","14":"purchasable","15":"product-type-simple","16":"add-to-wishlist-before_image"},"acf":[],"yoast_head":"<!-- This site is optimized with the Yoast SEO plugin v27.3 - https:\/\/yoast.com\/product\/yoast-seo-wordpress\/ -->\n<title>Commander LEMONBOTTLE AMPOULE SOLUTION 10ml en ligne | Boutique en ligne | Kinami Health<\/title>\n<meta name=\"description\" content=\"Achetez en ligne la solution Lemonbottle Ampoule pour des traitements professionnels de dissolution des graisses. Ce produit est con\u00e7u \u00e0 base de plantes, il est efficace pour le remodelage corporel, et il est disponible chez Kinami Health.\" \/>\n<meta name=\"robots\" content=\"index, follow, max-snippet:-1, max-image-preview:large, max-video-preview:-1\" \/>\n<link rel=\"canonical\" href=\"https:\/\/kinamihealth.com\/fr\/wp-json\/wp\/v2\/product\/108902\" \/>\n<meta property=\"og:locale\" content=\"fr_FR\" \/>\n<meta property=\"og:type\" content=\"article\" \/>\n<meta property=\"og:title\" content=\"Commander LEMONBOTTLE AMPOULE SOLUTION 10ml en ligne | Boutique en ligne | Kinami Health\" \/>\n<meta property=\"og:description\" content=\"Achetez en ligne la solution Lemonbottle Ampoule pour des traitements professionnels de dissolution des graisses. Ce produit est con\u00e7u \u00e0 base de plantes, il est efficace pour le remodelage corporel, et il est disponible chez Kinami Health.\" \/>\n<meta property=\"og:url\" content=\"https:\/\/kinamihealth.com\/fr\/product\/lemonbottle-ampoule-solution-10ml\/\" \/>\n<meta property=\"og:site_name\" content=\"Kinami Health\" \/>\n<meta property=\"article:modified_time\" content=\"2026-01-21T15:49:10+00:00\" \/>\n<meta property=\"og:image\" content=\"https:\/\/kinamihealth.com\/wp-content\/uploads\/2025\/02\/LEMONBOTTLE-Lipolysis_EN_Page_01_Image_0001.webp\" \/>\n\t<meta property=\"og:image:width\" content=\"1440\" \/>\n\t<meta property=\"og:image:height\" content=\"1080\" \/>\n\t<meta property=\"og:image:type\" content=\"image\/webp\" \/>\n<meta name=\"twitter:card\" content=\"summary_large_image\" \/>\n<meta name=\"twitter:label1\" content=\"Dur\u00e9e de lecture estim\u00e9e\" \/>\n\t<meta name=\"twitter:data1\" content=\"1 minute\" \/>\n<!-- \/ Yoast SEO plugin. -->","yoast_head_json":{"title":"Commander LEMONBOTTLE AMPOULE SOLUTION 10ml en ligne | Boutique en ligne | Kinami Health","description":"Achetez en ligne la solution Lemonbottle Ampoule pour des traitements professionnels de dissolution des graisses. Ce produit est con\u00e7u \u00e0 base de plantes, il est efficace pour le remodelage corporel, et il est disponible chez Kinami Health.","robots":{"index":"index","follow":"follow","max-snippet":"max-snippet:-1","max-image-preview":"max-image-preview:large","max-video-preview":"max-video-preview:-1"},"canonical":"https:\/\/kinamihealth.com\/fr\/wp-json\/wp\/v2\/product\/108902","og_locale":"fr_FR","og_type":"article","og_title":"Commander LEMONBOTTLE AMPOULE SOLUTION 10ml en ligne | Boutique en ligne | Kinami Health","og_description":"Achetez en ligne la solution Lemonbottle Ampoule pour des traitements professionnels de dissolution des graisses. Ce produit est con\u00e7u \u00e0 base de plantes, il est efficace pour le remodelage corporel, et il est disponible chez Kinami Health.","og_url":"https:\/\/kinamihealth.com\/fr\/product\/lemonbottle-ampoule-solution-10ml\/","og_site_name":"Kinami Health","article_modified_time":"2026-01-21T15:49:10+00:00","og_image":[{"width":1440,"height":1080,"url":"https:\/\/kinamihealth.com\/wp-content\/uploads\/2025\/02\/LEMONBOTTLE-Lipolysis_EN_Page_01_Image_0001.webp","type":"image\/webp"}],"twitter_card":"summary_large_image","twitter_misc":{"Dur\u00e9e de lecture estim\u00e9e":"1 minute"},"schema":{"@context":"https:\/\/schema.org","@graph":[{"@type":"WebPage","@id":"https:\/\/kinamihealth.com\/fr\/product\/lemonbottle-ampoule-solution-10ml\/","url":"https:\/\/kinamihealth.com\/fr\/product\/lemonbottle-ampoule-solution-10ml\/","name":"Commander LEMONBOTTLE AMPOULE SOLUTION 10ml en ligne | Boutique en ligne | Kinami Health","isPartOf":{"@id":"https:\/\/kinamihealth.com\/#website"},"primaryImageOfPage":{"@id":"https:\/\/kinamihealth.com\/fr\/product\/lemonbottle-ampoule-solution-10ml\/#primaryimage"},"image":{"@id":"https:\/\/kinamihealth.com\/fr\/product\/lemonbottle-ampoule-solution-10ml\/#primaryimage"},"thumbnailUrl":"https:\/\/kinamihealth.com\/wp-content\/uploads\/2025\/02\/LEMONBOTTLE-Lipolysis_EN_Page_01_Image_0001.webp","datePublished":"2025-02-15T16:56:01+00:00","dateModified":"2026-01-21T15:49:10+00:00","description":"Achetez en ligne la solution Lemonbottle Ampoule pour des traitements professionnels de dissolution des graisses. Ce produit est con\u00e7u \u00e0 base de plantes, il est efficace pour le remodelage corporel, et il est disponible chez Kinami Health.","breadcrumb":{"@id":"https:\/\/kinamihealth.com\/fr\/product\/lemonbottle-ampoule-solution-10ml\/#breadcrumb"},"inLanguage":"fr-FR","potentialAction":[{"@type":"ReadAction","target":["https:\/\/kinamihealth.com\/fr\/product\/lemonbottle-ampoule-solution-10ml\/"]}]},{"@type":"ImageObject","inLanguage":"fr-FR","@id":"https:\/\/kinamihealth.com\/fr\/product\/lemonbottle-ampoule-solution-10ml\/#primaryimage","url":"https:\/\/kinamihealth.com\/wp-content\/uploads\/2025\/02\/LEMONBOTTLE-Lipolysis_EN_Page_01_Image_0001.webp","contentUrl":"https:\/\/kinamihealth.com\/wp-content\/uploads\/2025\/02\/LEMONBOTTLE-Lipolysis_EN_Page_01_Image_0001.webp","width":1440,"height":1080},{"@type":"BreadcrumbList","@id":"https:\/\/kinamihealth.com\/fr\/product\/lemonbottle-ampoule-solution-10ml\/#breadcrumb","itemListElement":[{"@type":"ListItem","position":1,"name":"Page d'accueil","item":"https:\/\/kinamihealth.com\/"},{"@type":"ListItem","position":2,"name":"Boutique","item":"https:\/\/kinamihealth.com\/shop\/"},{"@type":"ListItem","position":3,"name":"LEMONBOTTLE AMPOULE SOLUTION 10ml"}]},{"@type":"WebSite","@id":"https:\/\/kinamihealth.com\/#website","url":"https:\/\/kinamihealth.com\/","name":"Kinami Health","description":"","publisher":{"@id":"https:\/\/kinamihealth.com\/#organization"},"potentialAction":[{"@type":"SearchAction","target":{"@type":"EntryPoint","urlTemplate":"https:\/\/kinamihealth.com\/?s={search_term_string}"},"query-input":{"@type":"PropertyValueSpecification","valueRequired":true,"valueName":"search_term_string"}}],"inLanguage":"fr-FR"},{"@type":"Organization","@id":"https:\/\/kinamihealth.com\/#organization","name":"Kinami Health","url":"https:\/\/kinamihealth.com\/","logo":{"@type":"ImageObject","inLanguage":"fr-FR","@id":"https:\/\/kinamihealth.com\/#\/schema\/logo\/image\/","url":"https:\/\/kinamihealth.com\/wp-content\/uploads\/2025\/01\/KH_logo_black_2-1.png","contentUrl":"https:\/\/kinamihealth.com\/wp-content\/uploads\/2025\/01\/KH_logo_black_2-1.png","width":339,"height":34,"caption":"Kinami Health"},"image":{"@id":"https:\/\/kinamihealth.com\/#\/schema\/logo\/image\/"}}]}},"_links":{"self":[{"href":"https:\/\/kinamihealth.com\/fr\/wp-json\/wp\/v2\/product\/108902","targetHints":{"allow":["GET"]}}],"collection":[{"href":"https:\/\/kinamihealth.com\/fr\/wp-json\/wp\/v2\/product"}],"about":[{"href":"https:\/\/kinamihealth.com\/fr\/wp-json\/wp\/v2\/types\/product"}],"replies":[{"embeddable":true,"href":"https:\/\/kinamihealth.com\/fr\/wp-json\/wp\/v2\/comments?post=108902"}],"version-history":[{"count":0,"href":"https:\/\/kinamihealth.com\/fr\/wp-json\/wp\/v2\/product\/108902\/revisions"}],"wp:featuredmedia":[{"embeddable":true,"href":"https:\/\/kinamihealth.com\/fr\/wp-json\/wp\/v2\/media\/108903"}],"wp:attachment":[{"href":"https:\/\/kinamihealth.com\/fr\/wp-json\/wp\/v2\/media?parent=108902"}],"wp:term":[{"taxonomy":"product_brand","embeddable":true,"href":"https:\/\/kinamihealth.com\/fr\/wp-json\/wp\/v2\/product_brand?post=108902"},{"taxonomy":"product_cat","embeddable":true,"href":"https:\/\/kinamihealth.com\/fr\/wp-json\/wp\/v2\/product_cat?post=108902"},{"taxonomy":"product_tag","embeddable":true,"href":"https:\/\/kinamihealth.com\/fr\/wp-json\/wp\/v2\/product_tag?post=108902"}],"curies":[{"name":"wp","href":"https:\/\/api.w.org\/{rel}","templated":true}]}}