{"id":108900,"date":"2025-03-11T18:14:46","date_gmt":"2025-03-11T18:14:46","guid":{"rendered":"https:\/\/kinamihealth.com\/product\/lanluma-v\/"},"modified":"2026-01-21T15:50:34","modified_gmt":"2026-01-21T15:50:34","slug":"lanluma-v","status":"publish","type":"product","link":"https:\/\/kinamihealth.com\/fr\/produit\/lanluma-v\/","title":{"rendered":"LANLUMA\u00ae V"},"content":{"rendered":"<p>Lanluma V est un produit injectable innovant qui stimule le collag\u00e8ne, con\u00e7u pour am\u00e9liorer le volume, le contour et la qualit\u00e9 de la peau. Id\u00e9al pour le rajeunissement non chirurgical du corps et du visage, il sublime progressivement la texture et la fermet\u00e9 de la peau pour des r\u00e9sultats durables et naturels.<\/p>\n","protected":false},"excerpt":{"rendered":"<p>Lanluma V est <strong>un traitement injectable innovant<\/strong> con\u00e7u pour am\u00e9liorer le volume et stimuler la production de collag\u00e8ne. Il s\u2019agit d\u2019un<strong> biostimulateur \u00e0 base d\u2019acide poly-L-lactique (PLLA) <\/strong>qui am\u00e9liore progressivement <strong>la texture, l\u2019\u00e9lasticit\u00e9 et la fermet\u00e9 de la peau.<\/strong> Les cabinets esth\u00e9tiques souhaitant <strong>acheter Lanluma V<\/strong> peuvent le commander sur <strong>Kinami Health,<\/strong> fournisseur de confiance de dispositifs m\u00e9dicaux esth\u00e9tiques de qualit\u00e9.<\/p>\n","protected":false},"featured_media":108901,"comment_status":"closed","ping_status":"closed","template":"","meta":{"_acf_changed":false,"inline_featured_image":false},"product_brand":[1188],"product_cat":[1217],"product_tag":[1222],"class_list":{"0":"post-108900","1":"product","2":"type-product","3":"status-publish","4":"has-post-thumbnail","6":"product_brand-lanluma","7":"product_cat-produits-de-comblement-dermique","8":"product_tag-dispositifs-medicaux","10":"first","11":"instock","12":"taxable","13":"shipping-taxable","14":"purchasable","15":"product-type-simple","16":"add-to-wishlist-before_image"},"acf":[],"yoast_head":"<!-- This site is optimized with the Yoast SEO plugin v27.3 - https:\/\/yoast.com\/product\/yoast-seo-wordpress\/ -->\n<title>Commander LANLUMA\u00ae V en ligne | Boutique en ligne | Kinami Health<\/title>\n<meta name=\"description\" content=\"Commandez Lanluma V en ligne pour augmenter le volume de votre peau et stimuler la production de collag\u00e8ne gr\u00e2ce \u00e0 ce produit injectable PLLA de longue dur\u00e9e. Livraison rapide chez Kinami Health.\" \/>\n<meta name=\"robots\" content=\"index, follow, max-snippet:-1, max-image-preview:large, max-video-preview:-1\" \/>\n<link rel=\"canonical\" href=\"https:\/\/kinamihealth.com\/fr\/wp-json\/wp\/v2\/product\/108900\" \/>\n<meta property=\"og:locale\" content=\"fr_FR\" \/>\n<meta property=\"og:type\" content=\"article\" \/>\n<meta property=\"og:title\" content=\"Commander LANLUMA\u00ae V en ligne | Boutique en ligne | Kinami Health\" \/>\n<meta property=\"og:description\" content=\"Commandez Lanluma V en ligne pour augmenter le volume de votre peau et stimuler la production de collag\u00e8ne gr\u00e2ce \u00e0 ce produit injectable PLLA de longue dur\u00e9e. Livraison rapide chez Kinami Health.\" \/>\n<meta property=\"og:url\" content=\"https:\/\/kinamihealth.com\/fr\/product\/lanluma-v\/\" \/>\n<meta property=\"og:site_name\" content=\"Kinami Health\" \/>\n<meta property=\"article:modified_time\" content=\"2026-01-21T15:50:34+00:00\" \/>\n<meta property=\"og:image\" content=\"https:\/\/kinamihealth.com\/wp-content\/uploads\/2025\/03\/LANLUMA\u00ae-V.jpg\" \/>\n\t<meta property=\"og:image:width\" content=\"800\" \/>\n\t<meta property=\"og:image:height\" content=\"800\" \/>\n\t<meta property=\"og:image:type\" content=\"image\/jpeg\" \/>\n<meta name=\"twitter:card\" content=\"summary_large_image\" \/>\n<meta name=\"twitter:label1\" content=\"Dur\u00e9e de lecture estim\u00e9e\" \/>\n\t<meta name=\"twitter:data1\" content=\"1 minute\" \/>\n<!-- \/ Yoast SEO plugin. -->","yoast_head_json":{"title":"Commander LANLUMA\u00ae V en ligne | Boutique en ligne | Kinami Health","description":"Commandez Lanluma V en ligne pour augmenter le volume de votre peau et stimuler la production de collag\u00e8ne gr\u00e2ce \u00e0 ce produit injectable PLLA de longue dur\u00e9e. Livraison rapide chez Kinami Health.","robots":{"index":"index","follow":"follow","max-snippet":"max-snippet:-1","max-image-preview":"max-image-preview:large","max-video-preview":"max-video-preview:-1"},"canonical":"https:\/\/kinamihealth.com\/fr\/wp-json\/wp\/v2\/product\/108900","og_locale":"fr_FR","og_type":"article","og_title":"Commander LANLUMA\u00ae V en ligne | Boutique en ligne | Kinami Health","og_description":"Commandez Lanluma V en ligne pour augmenter le volume de votre peau et stimuler la production de collag\u00e8ne gr\u00e2ce \u00e0 ce produit injectable PLLA de longue dur\u00e9e. Livraison rapide chez Kinami Health.","og_url":"https:\/\/kinamihealth.com\/fr\/product\/lanluma-v\/","og_site_name":"Kinami Health","article_modified_time":"2026-01-21T15:50:34+00:00","og_image":[{"width":800,"height":800,"url":"https:\/\/kinamihealth.com\/wp-content\/uploads\/2025\/03\/LANLUMA\u00ae-V.jpg","type":"image\/jpeg"}],"twitter_card":"summary_large_image","twitter_misc":{"Dur\u00e9e de lecture estim\u00e9e":"1 minute"},"schema":{"@context":"https:\/\/schema.org","@graph":[{"@type":"WebPage","@id":"https:\/\/kinamihealth.com\/fr\/product\/lanluma-v\/","url":"https:\/\/kinamihealth.com\/fr\/product\/lanluma-v\/","name":"Commander LANLUMA\u00ae V en ligne | Boutique en ligne | Kinami Health","isPartOf":{"@id":"https:\/\/kinamihealth.com\/#website"},"primaryImageOfPage":{"@id":"https:\/\/kinamihealth.com\/fr\/product\/lanluma-v\/#primaryimage"},"image":{"@id":"https:\/\/kinamihealth.com\/fr\/product\/lanluma-v\/#primaryimage"},"thumbnailUrl":"https:\/\/kinamihealth.com\/wp-content\/uploads\/2025\/03\/LANLUMA\u00ae-V.jpg","datePublished":"2025-03-11T18:14:46+00:00","dateModified":"2026-01-21T15:50:34+00:00","description":"Commandez Lanluma V en ligne pour augmenter le volume de votre peau et stimuler la production de collag\u00e8ne gr\u00e2ce \u00e0 ce produit injectable PLLA de longue dur\u00e9e. Livraison rapide chez Kinami Health.","breadcrumb":{"@id":"https:\/\/kinamihealth.com\/fr\/product\/lanluma-v\/#breadcrumb"},"inLanguage":"fr-FR","potentialAction":[{"@type":"ReadAction","target":["https:\/\/kinamihealth.com\/fr\/product\/lanluma-v\/"]}]},{"@type":"ImageObject","inLanguage":"fr-FR","@id":"https:\/\/kinamihealth.com\/fr\/product\/lanluma-v\/#primaryimage","url":"https:\/\/kinamihealth.com\/wp-content\/uploads\/2025\/03\/LANLUMA\u00ae-V.jpg","contentUrl":"https:\/\/kinamihealth.com\/wp-content\/uploads\/2025\/03\/LANLUMA\u00ae-V.jpg","width":800,"height":800},{"@type":"BreadcrumbList","@id":"https:\/\/kinamihealth.com\/fr\/product\/lanluma-v\/#breadcrumb","itemListElement":[{"@type":"ListItem","position":1,"name":"Page d'accueil","item":"https:\/\/kinamihealth.com\/"},{"@type":"ListItem","position":2,"name":"Boutique","item":"https:\/\/kinamihealth.com\/shop\/"},{"@type":"ListItem","position":3,"name":"LANLUMA\u00ae V"}]},{"@type":"WebSite","@id":"https:\/\/kinamihealth.com\/#website","url":"https:\/\/kinamihealth.com\/","name":"Kinami Health","description":"","publisher":{"@id":"https:\/\/kinamihealth.com\/#organization"},"potentialAction":[{"@type":"SearchAction","target":{"@type":"EntryPoint","urlTemplate":"https:\/\/kinamihealth.com\/?s={search_term_string}"},"query-input":{"@type":"PropertyValueSpecification","valueRequired":true,"valueName":"search_term_string"}}],"inLanguage":"fr-FR"},{"@type":"Organization","@id":"https:\/\/kinamihealth.com\/#organization","name":"Kinami Health","url":"https:\/\/kinamihealth.com\/","logo":{"@type":"ImageObject","inLanguage":"fr-FR","@id":"https:\/\/kinamihealth.com\/#\/schema\/logo\/image\/","url":"https:\/\/kinamihealth.com\/wp-content\/uploads\/2025\/01\/KH_logo_black_2-1.png","contentUrl":"https:\/\/kinamihealth.com\/wp-content\/uploads\/2025\/01\/KH_logo_black_2-1.png","width":339,"height":34,"caption":"Kinami Health"},"image":{"@id":"https:\/\/kinamihealth.com\/#\/schema\/logo\/image\/"}}]}},"_links":{"self":[{"href":"https:\/\/kinamihealth.com\/fr\/wp-json\/wp\/v2\/product\/108900","targetHints":{"allow":["GET"]}}],"collection":[{"href":"https:\/\/kinamihealth.com\/fr\/wp-json\/wp\/v2\/product"}],"about":[{"href":"https:\/\/kinamihealth.com\/fr\/wp-json\/wp\/v2\/types\/product"}],"replies":[{"embeddable":true,"href":"https:\/\/kinamihealth.com\/fr\/wp-json\/wp\/v2\/comments?post=108900"}],"version-history":[{"count":0,"href":"https:\/\/kinamihealth.com\/fr\/wp-json\/wp\/v2\/product\/108900\/revisions"}],"wp:featuredmedia":[{"embeddable":true,"href":"https:\/\/kinamihealth.com\/fr\/wp-json\/wp\/v2\/media\/108901"}],"wp:attachment":[{"href":"https:\/\/kinamihealth.com\/fr\/wp-json\/wp\/v2\/media?parent=108900"}],"wp:term":[{"taxonomy":"product_brand","embeddable":true,"href":"https:\/\/kinamihealth.com\/fr\/wp-json\/wp\/v2\/product_brand?post=108900"},{"taxonomy":"product_cat","embeddable":true,"href":"https:\/\/kinamihealth.com\/fr\/wp-json\/wp\/v2\/product_cat?post=108900"},{"taxonomy":"product_tag","embeddable":true,"href":"https:\/\/kinamihealth.com\/fr\/wp-json\/wp\/v2\/product_tag?post=108900"}],"curies":[{"name":"wp","href":"https:\/\/api.w.org\/{rel}","templated":true}]}}