{"id":108895,"date":"2025-02-15T16:56:00","date_gmt":"2025-02-15T16:56:00","guid":{"rendered":"https:\/\/kinamihealth.com\/product\/karisma-rh-collagen-softfiller-biorestitutivo-face\/"},"modified":"2026-01-21T15:50:15","modified_gmt":"2026-01-21T15:50:15","slug":"karisma-rh-collagen-softfiller-biorestitutivo-face","status":"publish","type":"product","link":"https:\/\/kinamihealth.com\/fr\/produit\/karisma-rh-collagen-softfiller-biorestitutivo-face\/","title":{"rendered":"KARISMA RH COLLAGEN SOFTFILLER BIORESTITUTIVO FACE"},"content":{"rendered":"<p>KARISMA Rh Collagen Softfiller Face, un produit italien de Taumedika SRL, est utilis\u00e9 pour r\u00e9duire les rides d&#8217;expression et les cicatrices, redessiner le contour des l\u00e8vres et revitaliser la peau. Ce produit est riche en collag\u00e8ne RH qui induit la synth\u00e8se de procollag\u00e8ne dans les fibroblastes, contribuant ainsi \u00e0 am\u00e9liorer la souplesse de la peau. L&#8217;un des ingr\u00e9dients importants du produit est l&#8217;acide hyaluronique \u00e0 haut poids mol\u00e9culaire qui hydrate intens\u00e9ment et favorise la prolif\u00e9ration des fibroblastes. La carboxym\u00e9thylcellulose, troisi\u00e8me pilier du produit, poss\u00e8de des propri\u00e9t\u00e9s anti-\u00e2ge et pr\u00e9vient la perte d&#8217;acide hyaluronique naturel.<\/p>\n","protected":false},"excerpt":{"rendered":"<p>Karisma Face Rh Collagen est <strong>un produit de comblement bio-r\u00e9g\u00e9n\u00e9rant innovant<\/strong> con\u00e7u pour restaurer la fermet\u00e9 et l&#8217;\u00e9lasticit\u00e9 de la peau. Compos\u00e9 de <strong>collag\u00e8ne recombinant humain <\/strong>(collag\u00e8ne Rh), d&#8217;<strong>acide hyaluronique<\/strong> de haut poids mol\u00e9culaire et de <strong>carboxym\u00e9thylcellulose<\/strong>, il cible les signes de l\u2019\u00e2ge en favorisant la <strong>production de collag\u00e8ne de type I<\/strong> dans les fibroblastes humains. Commandez Karisma Face Rh Collagen dans la boutique en ligne <strong><em>Kinami Health<\/em><\/strong> et profitez des avantages de produits de qualit\u00e9 authentiques et efficaces.<\/p>\n","protected":false},"featured_media":108896,"comment_status":"closed","ping_status":"closed","template":"","meta":{"_acf_changed":false,"inline_featured_image":false},"product_brand":[1187],"product_cat":[3613,1217],"product_tag":[1222],"class_list":{"0":"post-108895","1":"product","2":"type-product","3":"status-publish","4":"has-post-thumbnail","6":"product_brand-karisma","7":"product_cat-biostimulateurs-fr","8":"product_cat-produits-de-comblement-dermique","9":"product_tag-dispositifs-medicaux","11":"first","12":"instock","13":"taxable","14":"shipping-taxable","15":"purchasable","16":"product-type-simple","17":"add-to-wishlist-before_image"},"acf":[],"yoast_head":"<!-- This site is optimized with the Yoast SEO plugin v27.3 - https:\/\/yoast.com\/product\/yoast-seo-wordpress\/ -->\n<title>Commander KARISMA RH COLLAGEN SOFTFILLER BIORESTITUTIVO FACE en ligne | Boutique en ligne | Kinami Health<\/title>\n<meta name=\"description\" content=\"Achetez Karisma Face Rh Collagen en ligne, un produit de comblement bio-restitutif con\u00e7u pour redonner de l&#039;\u00e9lasticit\u00e9 et de la fermet\u00e9 \u00e0 la peau. Commandez d\u00e8s maintenant chez Kinami Health.\" \/>\n<meta name=\"robots\" content=\"index, follow, max-snippet:-1, max-image-preview:large, max-video-preview:-1\" \/>\n<link rel=\"canonical\" href=\"https:\/\/kinamihealth.com\/fr\/wp-json\/wp\/v2\/product\/108895\" \/>\n<meta property=\"og:locale\" content=\"fr_FR\" \/>\n<meta property=\"og:type\" content=\"article\" \/>\n<meta property=\"og:title\" content=\"Commander KARISMA RH COLLAGEN SOFTFILLER BIORESTITUTIVO FACE en ligne | Boutique en ligne | Kinami Health\" \/>\n<meta property=\"og:description\" content=\"Achetez Karisma Face Rh Collagen en ligne, un produit de comblement bio-restitutif con\u00e7u pour redonner de l&#039;\u00e9lasticit\u00e9 et de la fermet\u00e9 \u00e0 la peau. Commandez d\u00e8s maintenant chez Kinami Health.\" \/>\n<meta property=\"og:url\" content=\"https:\/\/kinamihealth.com\/fr\/product\/karisma-rh-collagen-softfiller-biorestitutivo-face\/\" \/>\n<meta property=\"og:site_name\" content=\"Kinami Health\" \/>\n<meta property=\"article:modified_time\" content=\"2026-01-21T15:50:15+00:00\" \/>\n<meta property=\"og:image\" content=\"https:\/\/kinamihealth.com\/wp-content\/uploads\/2025\/02\/KARISMA-SOFTFILLER-FACE-04.jpg\" \/>\n\t<meta property=\"og:image:width\" content=\"800\" \/>\n\t<meta property=\"og:image:height\" content=\"800\" \/>\n\t<meta property=\"og:image:type\" content=\"image\/jpeg\" \/>\n<meta name=\"twitter:card\" content=\"summary_large_image\" \/>\n<meta name=\"twitter:label1\" content=\"Dur\u00e9e de lecture estim\u00e9e\" \/>\n\t<meta name=\"twitter:data1\" content=\"1 minute\" \/>\n<!-- \/ Yoast SEO plugin. -->","yoast_head_json":{"title":"Commander KARISMA RH COLLAGEN SOFTFILLER BIORESTITUTIVO FACE en ligne | Boutique en ligne | Kinami Health","description":"Achetez Karisma Face Rh Collagen en ligne, un produit de comblement bio-restitutif con\u00e7u pour redonner de l'\u00e9lasticit\u00e9 et de la fermet\u00e9 \u00e0 la peau. Commandez d\u00e8s maintenant chez Kinami Health.","robots":{"index":"index","follow":"follow","max-snippet":"max-snippet:-1","max-image-preview":"max-image-preview:large","max-video-preview":"max-video-preview:-1"},"canonical":"https:\/\/kinamihealth.com\/fr\/wp-json\/wp\/v2\/product\/108895","og_locale":"fr_FR","og_type":"article","og_title":"Commander KARISMA RH COLLAGEN SOFTFILLER BIORESTITUTIVO FACE en ligne | Boutique en ligne | Kinami Health","og_description":"Achetez Karisma Face Rh Collagen en ligne, un produit de comblement bio-restitutif con\u00e7u pour redonner de l'\u00e9lasticit\u00e9 et de la fermet\u00e9 \u00e0 la peau. Commandez d\u00e8s maintenant chez Kinami Health.","og_url":"https:\/\/kinamihealth.com\/fr\/product\/karisma-rh-collagen-softfiller-biorestitutivo-face\/","og_site_name":"Kinami Health","article_modified_time":"2026-01-21T15:50:15+00:00","og_image":[{"width":800,"height":800,"url":"https:\/\/kinamihealth.com\/wp-content\/uploads\/2025\/02\/KARISMA-SOFTFILLER-FACE-04.jpg","type":"image\/jpeg"}],"twitter_card":"summary_large_image","twitter_misc":{"Dur\u00e9e de lecture estim\u00e9e":"1 minute"},"schema":{"@context":"https:\/\/schema.org","@graph":[{"@type":"WebPage","@id":"https:\/\/kinamihealth.com\/fr\/product\/karisma-rh-collagen-softfiller-biorestitutivo-face\/","url":"https:\/\/kinamihealth.com\/fr\/product\/karisma-rh-collagen-softfiller-biorestitutivo-face\/","name":"Commander KARISMA RH COLLAGEN SOFTFILLER BIORESTITUTIVO FACE en ligne | Boutique en ligne | Kinami Health","isPartOf":{"@id":"https:\/\/kinamihealth.com\/#website"},"primaryImageOfPage":{"@id":"https:\/\/kinamihealth.com\/fr\/product\/karisma-rh-collagen-softfiller-biorestitutivo-face\/#primaryimage"},"image":{"@id":"https:\/\/kinamihealth.com\/fr\/product\/karisma-rh-collagen-softfiller-biorestitutivo-face\/#primaryimage"},"thumbnailUrl":"https:\/\/kinamihealth.com\/wp-content\/uploads\/2025\/02\/KARISMA-SOFTFILLER-FACE-04.jpg","datePublished":"2025-02-15T16:56:00+00:00","dateModified":"2026-01-21T15:50:15+00:00","description":"Achetez Karisma Face Rh Collagen en ligne, un produit de comblement bio-restitutif con\u00e7u pour redonner de l'\u00e9lasticit\u00e9 et de la fermet\u00e9 \u00e0 la peau. Commandez d\u00e8s maintenant chez Kinami Health.","breadcrumb":{"@id":"https:\/\/kinamihealth.com\/fr\/product\/karisma-rh-collagen-softfiller-biorestitutivo-face\/#breadcrumb"},"inLanguage":"fr-FR","potentialAction":[{"@type":"ReadAction","target":["https:\/\/kinamihealth.com\/fr\/product\/karisma-rh-collagen-softfiller-biorestitutivo-face\/"]}]},{"@type":"ImageObject","inLanguage":"fr-FR","@id":"https:\/\/kinamihealth.com\/fr\/product\/karisma-rh-collagen-softfiller-biorestitutivo-face\/#primaryimage","url":"https:\/\/kinamihealth.com\/wp-content\/uploads\/2025\/02\/KARISMA-SOFTFILLER-FACE-04.jpg","contentUrl":"https:\/\/kinamihealth.com\/wp-content\/uploads\/2025\/02\/KARISMA-SOFTFILLER-FACE-04.jpg","width":800,"height":800},{"@type":"BreadcrumbList","@id":"https:\/\/kinamihealth.com\/fr\/product\/karisma-rh-collagen-softfiller-biorestitutivo-face\/#breadcrumb","itemListElement":[{"@type":"ListItem","position":1,"name":"Page d'accueil","item":"https:\/\/kinamihealth.com\/"},{"@type":"ListItem","position":2,"name":"Boutique","item":"https:\/\/kinamihealth.com\/shop\/"},{"@type":"ListItem","position":3,"name":"KARISMA RH COLLAGEN SOFTFILLER BIORESTITUTIVO FACE"}]},{"@type":"WebSite","@id":"https:\/\/kinamihealth.com\/#website","url":"https:\/\/kinamihealth.com\/","name":"Kinami Health","description":"","publisher":{"@id":"https:\/\/kinamihealth.com\/#organization"},"potentialAction":[{"@type":"SearchAction","target":{"@type":"EntryPoint","urlTemplate":"https:\/\/kinamihealth.com\/?s={search_term_string}"},"query-input":{"@type":"PropertyValueSpecification","valueRequired":true,"valueName":"search_term_string"}}],"inLanguage":"fr-FR"},{"@type":"Organization","@id":"https:\/\/kinamihealth.com\/#organization","name":"Kinami Health","url":"https:\/\/kinamihealth.com\/","logo":{"@type":"ImageObject","inLanguage":"fr-FR","@id":"https:\/\/kinamihealth.com\/#\/schema\/logo\/image\/","url":"https:\/\/kinamihealth.com\/wp-content\/uploads\/2025\/01\/KH_logo_black_2-1.png","contentUrl":"https:\/\/kinamihealth.com\/wp-content\/uploads\/2025\/01\/KH_logo_black_2-1.png","width":339,"height":34,"caption":"Kinami Health"},"image":{"@id":"https:\/\/kinamihealth.com\/#\/schema\/logo\/image\/"}}]}},"_links":{"self":[{"href":"https:\/\/kinamihealth.com\/fr\/wp-json\/wp\/v2\/product\/108895","targetHints":{"allow":["GET"]}}],"collection":[{"href":"https:\/\/kinamihealth.com\/fr\/wp-json\/wp\/v2\/product"}],"about":[{"href":"https:\/\/kinamihealth.com\/fr\/wp-json\/wp\/v2\/types\/product"}],"replies":[{"embeddable":true,"href":"https:\/\/kinamihealth.com\/fr\/wp-json\/wp\/v2\/comments?post=108895"}],"version-history":[{"count":0,"href":"https:\/\/kinamihealth.com\/fr\/wp-json\/wp\/v2\/product\/108895\/revisions"}],"wp:featuredmedia":[{"embeddable":true,"href":"https:\/\/kinamihealth.com\/fr\/wp-json\/wp\/v2\/media\/108896"}],"wp:attachment":[{"href":"https:\/\/kinamihealth.com\/fr\/wp-json\/wp\/v2\/media?parent=108895"}],"wp:term":[{"taxonomy":"product_brand","embeddable":true,"href":"https:\/\/kinamihealth.com\/fr\/wp-json\/wp\/v2\/product_brand?post=108895"},{"taxonomy":"product_cat","embeddable":true,"href":"https:\/\/kinamihealth.com\/fr\/wp-json\/wp\/v2\/product_cat?post=108895"},{"taxonomy":"product_tag","embeddable":true,"href":"https:\/\/kinamihealth.com\/fr\/wp-json\/wp\/v2\/product_tag?post=108895"}],"curies":[{"name":"wp","href":"https:\/\/api.w.org\/{rel}","templated":true}]}}