{"id":108582,"date":"2025-02-15T16:55:54","date_gmt":"2025-02-15T16:55:54","guid":{"rendered":"https:\/\/kinamihealth.com\/product\/juvederm-volift-retouch-with-lidocaine\/"},"modified":"2026-01-21T15:47:10","modified_gmt":"2026-01-21T15:47:10","slug":"juvederm-volift-retouch-with-lidocaine","status":"publish","type":"product","link":"https:\/\/kinamihealth.com\/fr\/produit\/juvederm-volift-retouch-with-lidocaine\/","title":{"rendered":"JUV\u00c9DERM\u00ae VOLIFT RETOUCH Lidocaine"},"content":{"rendered":"<p>Juvederm Volift Retouch est un produit de comblement \u00e0 base d&#8217;acide hyaluronique con\u00e7u dans le but de combler les rides profondes et redonner du volume aux joues, notamment au niveau des sillons nasog\u00e9niens, ou, en plus petite quantit\u00e9, de compl\u00e9ter des traitements esth\u00e9tiques ant\u00e9rieurs. Ce gel st\u00e9rile \u00e0 base d&#8217;acide hyaluronique contient de la lidoca\u00efne pour le confort des patients.<\/p>\n","protected":false},"excerpt":{"rendered":"<p>JUV\u00c9DERM\u00ae VOLIFT\u00ae RETOUCH avec lidoca\u00efne est un <strong><em>produit de comblement dermique haut de gamme <\/em><\/strong>con\u00e7u pour restaurer subtilement le volume et affiner les contours. Ce <strong>produit de comblement <\/strong>avanc\u00e9 <strong>\u00e0 base d&#8217;acide hyaluronique <\/strong>est formul\u00e9 dans le but de corriger <strong>les rides <\/strong>mod\u00e9r\u00e9es \u00e0 <strong>profondes du visage et repulper les l\u00e8vres <\/strong>avec pr\u00e9cision. Sa <strong>technologie Vycross<sup>\u00ae<\/sup> <\/strong>garantit des r\u00e9sultats durables et une consistance lisse.<\/p>\n","protected":false},"featured_media":108583,"comment_status":"closed","ping_status":"closed","template":"","meta":{"_acf_changed":false,"inline_featured_image":false},"product_brand":[1186],"product_cat":[1217],"product_tag":[1222],"class_list":{"0":"post-108582","1":"product","2":"type-product","3":"status-publish","4":"has-post-thumbnail","6":"product_brand-juvederm","7":"product_cat-produits-de-comblement-dermique","8":"product_tag-dispositifs-medicaux","10":"first","11":"instock","12":"taxable","13":"shipping-taxable","14":"purchasable","15":"product-type-simple","16":"add-to-wishlist-before_image"},"acf":[],"yoast_head":"<!-- This site is optimized with the Yoast SEO plugin v27.3 - https:\/\/yoast.com\/product\/yoast-seo-wordpress\/ -->\n<title>Commander JUV\u00c9DERM\u00ae VOLIFT RETOUCH Lidocaine en ligne | Boutique en ligne | Kinami Health<\/title>\n<meta name=\"description\" content=\"Achetez Juvederm Volift Retouch avec lidoca\u00efne en ligne pour des retouches subtiles et une restauration du volume gr\u00e2ce \u00e0 l&#039;acide hyaluronique. Commandez d\u00e8s aujourd&#039;hui !\" \/>\n<meta name=\"robots\" content=\"index, follow, max-snippet:-1, max-image-preview:large, max-video-preview:-1\" \/>\n<link rel=\"canonical\" href=\"https:\/\/kinamihealth.com\/fr\/wp-json\/wp\/v2\/product\/108582\" \/>\n<meta property=\"og:locale\" content=\"fr_FR\" \/>\n<meta property=\"og:type\" content=\"article\" \/>\n<meta property=\"og:title\" content=\"Commander JUV\u00c9DERM\u00ae VOLIFT RETOUCH Lidocaine en ligne | Boutique en ligne | Kinami Health\" \/>\n<meta property=\"og:description\" content=\"Achetez Juvederm Volift Retouch avec lidoca\u00efne en ligne pour des retouches subtiles et une restauration du volume gr\u00e2ce \u00e0 l&#039;acide hyaluronique. Commandez d\u00e8s aujourd&#039;hui !\" \/>\n<meta property=\"og:url\" content=\"https:\/\/kinamihealth.com\/fr\/product\/juvederm-volift-retouch-with-lidocaine\/\" \/>\n<meta property=\"og:site_name\" content=\"Kinami Health\" \/>\n<meta property=\"article:modified_time\" content=\"2026-01-21T15:47:10+00:00\" \/>\n<meta property=\"og:image\" content=\"https:\/\/kinamihealth.com\/wp-content\/uploads\/2025\/02\/PERFECTHA-VOLIFT-RETOUCH-LIDO-01.webp\" \/>\n\t<meta property=\"og:image:width\" content=\"800\" \/>\n\t<meta property=\"og:image:height\" content=\"800\" \/>\n\t<meta property=\"og:image:type\" content=\"image\/webp\" \/>\n<meta name=\"twitter:card\" content=\"summary_large_image\" \/>\n<meta name=\"twitter:label1\" content=\"Dur\u00e9e de lecture estim\u00e9e\" \/>\n\t<meta name=\"twitter:data1\" content=\"1 minute\" \/>\n<!-- \/ Yoast SEO plugin. -->","yoast_head_json":{"title":"Commander JUV\u00c9DERM\u00ae VOLIFT RETOUCH Lidocaine en ligne | Boutique en ligne | Kinami Health","description":"Achetez Juvederm Volift Retouch avec lidoca\u00efne en ligne pour des retouches subtiles et une restauration du volume gr\u00e2ce \u00e0 l'acide hyaluronique. Commandez d\u00e8s aujourd'hui !","robots":{"index":"index","follow":"follow","max-snippet":"max-snippet:-1","max-image-preview":"max-image-preview:large","max-video-preview":"max-video-preview:-1"},"canonical":"https:\/\/kinamihealth.com\/fr\/wp-json\/wp\/v2\/product\/108582","og_locale":"fr_FR","og_type":"article","og_title":"Commander JUV\u00c9DERM\u00ae VOLIFT RETOUCH Lidocaine en ligne | Boutique en ligne | Kinami Health","og_description":"Achetez Juvederm Volift Retouch avec lidoca\u00efne en ligne pour des retouches subtiles et une restauration du volume gr\u00e2ce \u00e0 l'acide hyaluronique. Commandez d\u00e8s aujourd'hui !","og_url":"https:\/\/kinamihealth.com\/fr\/product\/juvederm-volift-retouch-with-lidocaine\/","og_site_name":"Kinami Health","article_modified_time":"2026-01-21T15:47:10+00:00","og_image":[{"width":800,"height":800,"url":"https:\/\/kinamihealth.com\/wp-content\/uploads\/2025\/02\/PERFECTHA-VOLIFT-RETOUCH-LIDO-01.webp","type":"image\/webp"}],"twitter_card":"summary_large_image","twitter_misc":{"Dur\u00e9e de lecture estim\u00e9e":"1 minute"},"schema":{"@context":"https:\/\/schema.org","@graph":[{"@type":"WebPage","@id":"https:\/\/kinamihealth.com\/fr\/product\/juvederm-volift-retouch-with-lidocaine\/","url":"https:\/\/kinamihealth.com\/fr\/product\/juvederm-volift-retouch-with-lidocaine\/","name":"Commander JUV\u00c9DERM\u00ae VOLIFT RETOUCH Lidocaine en ligne | Boutique en ligne | Kinami Health","isPartOf":{"@id":"https:\/\/kinamihealth.com\/#website"},"primaryImageOfPage":{"@id":"https:\/\/kinamihealth.com\/fr\/product\/juvederm-volift-retouch-with-lidocaine\/#primaryimage"},"image":{"@id":"https:\/\/kinamihealth.com\/fr\/product\/juvederm-volift-retouch-with-lidocaine\/#primaryimage"},"thumbnailUrl":"https:\/\/kinamihealth.com\/wp-content\/uploads\/2025\/02\/PERFECTHA-VOLIFT-RETOUCH-LIDO-01.webp","datePublished":"2025-02-15T16:55:54+00:00","dateModified":"2026-01-21T15:47:10+00:00","description":"Achetez Juvederm Volift Retouch avec lidoca\u00efne en ligne pour des retouches subtiles et une restauration du volume gr\u00e2ce \u00e0 l'acide hyaluronique. Commandez d\u00e8s aujourd'hui !","breadcrumb":{"@id":"https:\/\/kinamihealth.com\/fr\/product\/juvederm-volift-retouch-with-lidocaine\/#breadcrumb"},"inLanguage":"fr-FR","potentialAction":[{"@type":"ReadAction","target":["https:\/\/kinamihealth.com\/fr\/product\/juvederm-volift-retouch-with-lidocaine\/"]}]},{"@type":"ImageObject","inLanguage":"fr-FR","@id":"https:\/\/kinamihealth.com\/fr\/product\/juvederm-volift-retouch-with-lidocaine\/#primaryimage","url":"https:\/\/kinamihealth.com\/wp-content\/uploads\/2025\/02\/PERFECTHA-VOLIFT-RETOUCH-LIDO-01.webp","contentUrl":"https:\/\/kinamihealth.com\/wp-content\/uploads\/2025\/02\/PERFECTHA-VOLIFT-RETOUCH-LIDO-01.webp","width":800,"height":800},{"@type":"BreadcrumbList","@id":"https:\/\/kinamihealth.com\/fr\/product\/juvederm-volift-retouch-with-lidocaine\/#breadcrumb","itemListElement":[{"@type":"ListItem","position":1,"name":"Page d'accueil","item":"https:\/\/kinamihealth.com\/"},{"@type":"ListItem","position":2,"name":"Boutique","item":"https:\/\/kinamihealth.com\/shop\/"},{"@type":"ListItem","position":3,"name":"JUV\u00c9DERM\u00ae VOLIFT RETOUCH Lidocaine"}]},{"@type":"WebSite","@id":"https:\/\/kinamihealth.com\/#website","url":"https:\/\/kinamihealth.com\/","name":"Kinami Health","description":"","publisher":{"@id":"https:\/\/kinamihealth.com\/#organization"},"potentialAction":[{"@type":"SearchAction","target":{"@type":"EntryPoint","urlTemplate":"https:\/\/kinamihealth.com\/?s={search_term_string}"},"query-input":{"@type":"PropertyValueSpecification","valueRequired":true,"valueName":"search_term_string"}}],"inLanguage":"fr-FR"},{"@type":"Organization","@id":"https:\/\/kinamihealth.com\/#organization","name":"Kinami Health","url":"https:\/\/kinamihealth.com\/","logo":{"@type":"ImageObject","inLanguage":"fr-FR","@id":"https:\/\/kinamihealth.com\/#\/schema\/logo\/image\/","url":"https:\/\/kinamihealth.com\/wp-content\/uploads\/2025\/01\/KH_logo_black_2-1.png","contentUrl":"https:\/\/kinamihealth.com\/wp-content\/uploads\/2025\/01\/KH_logo_black_2-1.png","width":339,"height":34,"caption":"Kinami Health"},"image":{"@id":"https:\/\/kinamihealth.com\/#\/schema\/logo\/image\/"}}]}},"_links":{"self":[{"href":"https:\/\/kinamihealth.com\/fr\/wp-json\/wp\/v2\/product\/108582","targetHints":{"allow":["GET"]}}],"collection":[{"href":"https:\/\/kinamihealth.com\/fr\/wp-json\/wp\/v2\/product"}],"about":[{"href":"https:\/\/kinamihealth.com\/fr\/wp-json\/wp\/v2\/types\/product"}],"replies":[{"embeddable":true,"href":"https:\/\/kinamihealth.com\/fr\/wp-json\/wp\/v2\/comments?post=108582"}],"version-history":[{"count":0,"href":"https:\/\/kinamihealth.com\/fr\/wp-json\/wp\/v2\/product\/108582\/revisions"}],"wp:featuredmedia":[{"embeddable":true,"href":"https:\/\/kinamihealth.com\/fr\/wp-json\/wp\/v2\/media\/108583"}],"wp:attachment":[{"href":"https:\/\/kinamihealth.com\/fr\/wp-json\/wp\/v2\/media?parent=108582"}],"wp:term":[{"taxonomy":"product_brand","embeddable":true,"href":"https:\/\/kinamihealth.com\/fr\/wp-json\/wp\/v2\/product_brand?post=108582"},{"taxonomy":"product_cat","embeddable":true,"href":"https:\/\/kinamihealth.com\/fr\/wp-json\/wp\/v2\/product_cat?post=108582"},{"taxonomy":"product_tag","embeddable":true,"href":"https:\/\/kinamihealth.com\/fr\/wp-json\/wp\/v2\/product_tag?post=108582"}],"curies":[{"name":"wp","href":"https:\/\/api.w.org\/{rel}","templated":true}]}}