{"id":108507,"date":"2025-02-15T16:55:58","date_gmt":"2025-02-15T16:55:58","guid":{"rendered":"https:\/\/kinamihealth.com\/product\/juvederm-volift-lidocaine\/"},"modified":"2026-01-28T10:32:57","modified_gmt":"2026-01-28T10:32:57","slug":"juvederm-volift-lidocaine","status":"publish","type":"product","link":"https:\/\/kinamihealth.com\/fr\/produit\/juvederm-volift-lidocaine\/","title":{"rendered":"JUV\u00c9DERM\u00ae VOLIFT\u00ae Lidocaine"},"content":{"rendered":"<p>Juvederm\u00ae VOLIFT avec lidoca\u00efne offre une nouvelle option de traitement pour des r\u00e9sultats mod\u00e9r\u00e9s et durables. Juvederm Volift Lidocaine est un produit de comblement du visage injectable \u00e0 base d&#8217;acide hyaluronique innovant. Il redonne du volume aux joues creuses et de la fermet\u00e9 \u00e0 la peau rel\u00e2ch\u00e9e du menton pour cr\u00e9er un effet lisse et naturel. Destin\u00e9 au traitement de toute d\u00e9pression cutan\u00e9e profonde due \u00e0 des conditions telles que le vieillissement pr\u00e9coce. Con\u00e7u pour remodeler les contours du visage et les d\u00e9pressions cutan\u00e9es profondes, telles que les sillons nasog\u00e9niens.<\/p>\n","protected":false},"excerpt":{"rendered":"<p><span style=\"font-weight: 400;\">JUV\u00c9DERM\u00ae VOLIFT\u00ae avec lidoca\u00efne est un <\/span><b><i>produit de comblement dermique haut de gamme <\/i><\/b><span style=\"font-weight: 400;\">con\u00e7u pour restaurer le volume du visage, lisser les rides profondes et am\u00e9liorer les contours du visage avec des r\u00e9sultats durables et naturels. <\/span><b>Gr\u00e2ce \u00e0 la technologie Vycross\u00ae<\/b><span style=\"font-weight: 400;\">, il s&#8217;int\u00e8gre parfaitement \u00e0 la peau pour une <\/span><b>apparence <\/b><span style=\"font-weight: 400;\">plus lisse et plus <\/span><b>raffin\u00e9e<\/b><span style=\"font-weight: 400;\">. Sa <\/span><b>formule \u00e0 base d&#8217;acide hyaluronique <\/b><span style=\"font-weight: 400;\">procure une hydratation profonde et une \u00e9lasticit\u00e9 renforc\u00e9e, tandis que <\/span><b>la lidoca\u00efne <\/b><span style=\"font-weight: 400;\">garantit un traitement plus confortable. <\/span><\/p>\n","protected":false},"featured_media":108508,"comment_status":"closed","ping_status":"closed","template":"","meta":{"_acf_changed":false,"inline_featured_image":false},"product_brand":[1186],"product_cat":[1217],"product_tag":[1222],"class_list":{"0":"post-108507","1":"product","2":"type-product","3":"status-publish","4":"has-post-thumbnail","6":"product_brand-juvederm","7":"product_cat-produits-de-comblement-dermique","8":"product_tag-dispositifs-medicaux","10":"first","11":"instock","12":"taxable","13":"shipping-taxable","14":"purchasable","15":"product-type-simple","16":"add-to-wishlist-before_image"},"acf":[],"yoast_head":"<!-- This site is optimized with the Yoast SEO plugin v27.3 - https:\/\/yoast.com\/product\/yoast-seo-wordpress\/ -->\n<title>Commander JUV\u00c9DERM\u00ae VOLIFT\u00ae Lidocaine en ligne | Boutique en ligne | Kinami Health<\/title>\n<meta name=\"description\" content=\"Achetez Juvederm Volift avec lidoca\u00efne en ligne pour un volume naturel et une r\u00e9duction consid\u00e9rable des rides. Il est id\u00e9al pour restaurer les contours d\u2019apparence jeune avec des r\u00e9sultats durables.\" \/>\n<meta name=\"robots\" content=\"index, follow, max-snippet:-1, max-image-preview:large, max-video-preview:-1\" \/>\n<link rel=\"canonical\" href=\"https:\/\/kinamihealth.com\/fr\/wp-json\/wp\/v2\/product\/108507\" \/>\n<meta property=\"og:locale\" content=\"fr_FR\" \/>\n<meta property=\"og:type\" content=\"article\" \/>\n<meta property=\"og:title\" content=\"Commander JUV\u00c9DERM\u00ae VOLIFT\u00ae Lidocaine en ligne | Boutique en ligne | Kinami Health\" \/>\n<meta property=\"og:description\" content=\"Achetez Juvederm Volift avec lidoca\u00efne en ligne pour un volume naturel et une r\u00e9duction consid\u00e9rable des rides. Il est id\u00e9al pour restaurer les contours d\u2019apparence jeune avec des r\u00e9sultats durables.\" \/>\n<meta property=\"og:url\" content=\"https:\/\/kinamihealth.com\/fr\/produit\/juvederm-volift-lidocaine\/\" \/>\n<meta property=\"og:site_name\" content=\"Kinami Health\" \/>\n<meta property=\"article:modified_time\" content=\"2026-01-28T10:32:57+00:00\" \/>\n<meta property=\"og:image\" content=\"https:\/\/kinamihealth.com\/wp-content\/uploads\/2025\/02\/JUVEDERM-VOLIFT-LIDOCAINE-01.jpg\" \/>\n\t<meta property=\"og:image:width\" content=\"800\" \/>\n\t<meta property=\"og:image:height\" content=\"800\" \/>\n\t<meta property=\"og:image:type\" content=\"image\/jpeg\" \/>\n<meta name=\"twitter:card\" content=\"summary_large_image\" \/>\n<meta name=\"twitter:label1\" content=\"Dur\u00e9e de lecture estim\u00e9e\" \/>\n\t<meta name=\"twitter:data1\" content=\"1 minute\" \/>\n<!-- \/ Yoast SEO plugin. -->","yoast_head_json":{"title":"Commander JUV\u00c9DERM\u00ae VOLIFT\u00ae Lidocaine en ligne | Boutique en ligne | Kinami Health","description":"Achetez Juvederm Volift avec lidoca\u00efne en ligne pour un volume naturel et une r\u00e9duction consid\u00e9rable des rides. Il est id\u00e9al pour restaurer les contours d\u2019apparence jeune avec des r\u00e9sultats durables.","robots":{"index":"index","follow":"follow","max-snippet":"max-snippet:-1","max-image-preview":"max-image-preview:large","max-video-preview":"max-video-preview:-1"},"canonical":"https:\/\/kinamihealth.com\/fr\/wp-json\/wp\/v2\/product\/108507","og_locale":"fr_FR","og_type":"article","og_title":"Commander JUV\u00c9DERM\u00ae VOLIFT\u00ae Lidocaine en ligne | Boutique en ligne | Kinami Health","og_description":"Achetez Juvederm Volift avec lidoca\u00efne en ligne pour un volume naturel et une r\u00e9duction consid\u00e9rable des rides. Il est id\u00e9al pour restaurer les contours d\u2019apparence jeune avec des r\u00e9sultats durables.","og_url":"https:\/\/kinamihealth.com\/fr\/produit\/juvederm-volift-lidocaine\/","og_site_name":"Kinami Health","article_modified_time":"2026-01-28T10:32:57+00:00","og_image":[{"width":800,"height":800,"url":"https:\/\/kinamihealth.com\/wp-content\/uploads\/2025\/02\/JUVEDERM-VOLIFT-LIDOCAINE-01.jpg","type":"image\/jpeg"}],"twitter_card":"summary_large_image","twitter_misc":{"Dur\u00e9e de lecture estim\u00e9e":"1 minute"},"schema":{"@context":"https:\/\/schema.org","@graph":[{"@type":"WebPage","@id":"https:\/\/kinamihealth.com\/fr\/produit\/juvederm-volift-lidocaine\/","url":"https:\/\/kinamihealth.com\/fr\/produit\/juvederm-volift-lidocaine\/","name":"Commander JUV\u00c9DERM\u00ae VOLIFT\u00ae Lidocaine en ligne | Boutique en ligne | Kinami Health","isPartOf":{"@id":"https:\/\/kinamihealth.com\/#website"},"primaryImageOfPage":{"@id":"https:\/\/kinamihealth.com\/fr\/produit\/juvederm-volift-lidocaine\/#primaryimage"},"image":{"@id":"https:\/\/kinamihealth.com\/fr\/produit\/juvederm-volift-lidocaine\/#primaryimage"},"thumbnailUrl":"https:\/\/kinamihealth.com\/wp-content\/uploads\/2025\/02\/JUVEDERM-VOLIFT-LIDOCAINE-01.jpg","datePublished":"2025-02-15T16:55:58+00:00","dateModified":"2026-01-28T10:32:57+00:00","description":"Achetez Juvederm Volift avec lidoca\u00efne en ligne pour un volume naturel et une r\u00e9duction consid\u00e9rable des rides. Il est id\u00e9al pour restaurer les contours d\u2019apparence jeune avec des r\u00e9sultats durables.","breadcrumb":{"@id":"https:\/\/kinamihealth.com\/fr\/produit\/juvederm-volift-lidocaine\/#breadcrumb"},"inLanguage":"fr-FR","potentialAction":[{"@type":"ReadAction","target":["https:\/\/kinamihealth.com\/fr\/produit\/juvederm-volift-lidocaine\/"]}]},{"@type":"ImageObject","inLanguage":"fr-FR","@id":"https:\/\/kinamihealth.com\/fr\/produit\/juvederm-volift-lidocaine\/#primaryimage","url":"https:\/\/kinamihealth.com\/wp-content\/uploads\/2025\/02\/JUVEDERM-VOLIFT-LIDOCAINE-01.jpg","contentUrl":"https:\/\/kinamihealth.com\/wp-content\/uploads\/2025\/02\/JUVEDERM-VOLIFT-LIDOCAINE-01.jpg","width":800,"height":800},{"@type":"BreadcrumbList","@id":"https:\/\/kinamihealth.com\/fr\/produit\/juvederm-volift-lidocaine\/#breadcrumb","itemListElement":[{"@type":"ListItem","position":1,"name":"Page d'accueil","item":"https:\/\/kinamihealth.com\/"},{"@type":"ListItem","position":2,"name":"Boutique","item":"https:\/\/kinamihealth.com\/shop\/"},{"@type":"ListItem","position":3,"name":"JUV\u00c9DERM\u00ae VOLIFT\u00ae Lidocaine"}]},{"@type":"WebSite","@id":"https:\/\/kinamihealth.com\/#website","url":"https:\/\/kinamihealth.com\/","name":"Kinami Health","description":"","publisher":{"@id":"https:\/\/kinamihealth.com\/#organization"},"potentialAction":[{"@type":"SearchAction","target":{"@type":"EntryPoint","urlTemplate":"https:\/\/kinamihealth.com\/?s={search_term_string}"},"query-input":{"@type":"PropertyValueSpecification","valueRequired":true,"valueName":"search_term_string"}}],"inLanguage":"fr-FR"},{"@type":"Organization","@id":"https:\/\/kinamihealth.com\/#organization","name":"Kinami Health","url":"https:\/\/kinamihealth.com\/","logo":{"@type":"ImageObject","inLanguage":"fr-FR","@id":"https:\/\/kinamihealth.com\/#\/schema\/logo\/image\/","url":"https:\/\/kinamihealth.com\/wp-content\/uploads\/2025\/01\/KH_logo_black_2-1.png","contentUrl":"https:\/\/kinamihealth.com\/wp-content\/uploads\/2025\/01\/KH_logo_black_2-1.png","width":339,"height":34,"caption":"Kinami Health"},"image":{"@id":"https:\/\/kinamihealth.com\/#\/schema\/logo\/image\/"}}]}},"_links":{"self":[{"href":"https:\/\/kinamihealth.com\/fr\/wp-json\/wp\/v2\/product\/108507","targetHints":{"allow":["GET"]}}],"collection":[{"href":"https:\/\/kinamihealth.com\/fr\/wp-json\/wp\/v2\/product"}],"about":[{"href":"https:\/\/kinamihealth.com\/fr\/wp-json\/wp\/v2\/types\/product"}],"replies":[{"embeddable":true,"href":"https:\/\/kinamihealth.com\/fr\/wp-json\/wp\/v2\/comments?post=108507"}],"version-history":[{"count":0,"href":"https:\/\/kinamihealth.com\/fr\/wp-json\/wp\/v2\/product\/108507\/revisions"}],"wp:featuredmedia":[{"embeddable":true,"href":"https:\/\/kinamihealth.com\/fr\/wp-json\/wp\/v2\/media\/108508"}],"wp:attachment":[{"href":"https:\/\/kinamihealth.com\/fr\/wp-json\/wp\/v2\/media?parent=108507"}],"wp:term":[{"taxonomy":"product_brand","embeddable":true,"href":"https:\/\/kinamihealth.com\/fr\/wp-json\/wp\/v2\/product_brand?post=108507"},{"taxonomy":"product_cat","embeddable":true,"href":"https:\/\/kinamihealth.com\/fr\/wp-json\/wp\/v2\/product_cat?post=108507"},{"taxonomy":"product_tag","embeddable":true,"href":"https:\/\/kinamihealth.com\/fr\/wp-json\/wp\/v2\/product_tag?post=108507"}],"curies":[{"name":"wp","href":"https:\/\/api.w.org\/{rel}","templated":true}]}}