{"id":108469,"date":"2025-02-15T16:55:43","date_gmt":"2025-02-15T16:55:43","guid":{"rendered":"https:\/\/kinamihealth.com\/product\/jalupro-enhancer-gel\/"},"modified":"2026-01-21T15:45:04","modified_gmt":"2026-01-21T15:45:04","slug":"jalupro-enhancer-gel","status":"publish","type":"product","link":"https:\/\/kinamihealth.com\/fr\/produit\/jalupro-enhancer-gel\/","title":{"rendered":"JALUPRO\u00ae ENHANCER GEL"},"content":{"rendered":"<p>Le gel JALUPRO\u00ae ENHANCER contribue \u00e0 renforcer et \u00e0 rallonger les sourcils et les cils. Cette formule innovante aide \u00e0 lutter contre les radicaux libres. En outre, les cils sont prot\u00e9g\u00e9s contre les agressions ext\u00e9rieures. La mol\u00e9cule Ac\u00e9tylT\u00e9trapeptide-3 (la matrice prot\u00e9ique cellulaire) stimule la production de collag\u00e8ne. Appliquez ce gel pour am\u00e9liorer l&#8217;apparence de vos cils et sourcils, en stimulant leur croissance pour des poils plus forts, plus longs et plus \u00e9pais.<\/p>\n","protected":false},"excerpt":{"rendered":"<p><span style=\"font-weight: 400;\">Le gel Jalupro Enhancer est une solution professionnelle con\u00e7ue pour favoriser des cils et des sourcils plus sains, plus denses et plus longs. Enrichi en peptides avanc\u00e9s et en extraits botaniques, il stimule la croissance, renforce les follicules pileux et restaure la structure des cils, ce qui en fait un produit indispensable pour les traitements cliniques tout comme \u00e0 domicile.<\/span><\/p>\n","protected":false},"featured_media":108470,"comment_status":"closed","ping_status":"closed","template":"","meta":{"_acf_changed":false,"inline_featured_image":false},"product_brand":[1185],"product_cat":[1374],"product_tag":[1222],"class_list":{"0":"post-108469","1":"product","2":"type-product","3":"status-publish","4":"has-post-thumbnail","6":"product_brand-jalupro","7":"product_cat-renforcement-des-cils","8":"product_tag-dispositifs-medicaux","10":"first","11":"instock","12":"taxable","13":"shipping-taxable","14":"purchasable","15":"product-type-simple","16":"add-to-wishlist-before_image"},"acf":[],"yoast_head":"<!-- This site is optimized with the Yoast SEO plugin v27.1.1 - https:\/\/yoast.com\/product\/yoast-seo-wordpress\/ -->\n<title>Commander JALUPRO\u00ae ENHANCER GEL en ligne | Boutique en ligne | Kinami Health<\/title>\n<meta name=\"description\" content=\"Commandez le gel JALUPRO\u00ae ENHANCER GEL en ligne pour renforcer et rallonger vos cils et vos sourcils. Formul\u00e9 \u00e0 base de peptides et de tr\u00e8fle rouge, ce gel stimule la croissance et la sant\u00e9 des cils et sourcils.\" \/>\n<meta name=\"robots\" content=\"index, follow, max-snippet:-1, max-image-preview:large, max-video-preview:-1\" \/>\n<link rel=\"canonical\" href=\"https:\/\/kinamihealth.com\/fr\/wp-json\/wp\/v2\/product\/108469\" \/>\n<meta property=\"og:locale\" content=\"fr_FR\" \/>\n<meta property=\"og:type\" content=\"article\" \/>\n<meta property=\"og:title\" content=\"Commander JALUPRO\u00ae ENHANCER GEL en ligne | Boutique en ligne | Kinami Health\" \/>\n<meta property=\"og:description\" content=\"Commandez le gel JALUPRO\u00ae ENHANCER GEL en ligne pour renforcer et rallonger vos cils et vos sourcils. Formul\u00e9 \u00e0 base de peptides et de tr\u00e8fle rouge, ce gel stimule la croissance et la sant\u00e9 des cils et sourcils.\" \/>\n<meta property=\"og:url\" content=\"https:\/\/kinamihealth.com\/fr\/product\/jalupro-enhancer-gel\/\" \/>\n<meta property=\"og:site_name\" content=\"Kinami Health\" \/>\n<meta property=\"article:modified_time\" content=\"2026-01-21T15:45:04+00:00\" \/>\n<meta property=\"og:image\" content=\"https:\/\/kinamihealth.com\/wp-content\/uploads\/2025\/02\/JALUPRO-ENHANCER-GEL-01.jpg\" \/>\n\t<meta property=\"og:image:width\" content=\"800\" \/>\n\t<meta property=\"og:image:height\" content=\"800\" \/>\n\t<meta property=\"og:image:type\" content=\"image\/jpeg\" \/>\n<meta name=\"twitter:card\" content=\"summary_large_image\" \/>\n<meta name=\"twitter:label1\" content=\"Dur\u00e9e de lecture estim\u00e9e\" \/>\n\t<meta name=\"twitter:data1\" content=\"1 minute\" \/>\n<!-- \/ Yoast SEO plugin. -->","yoast_head_json":{"title":"Commander JALUPRO\u00ae ENHANCER GEL en ligne | Boutique en ligne | Kinami Health","description":"Commandez le gel JALUPRO\u00ae ENHANCER GEL en ligne pour renforcer et rallonger vos cils et vos sourcils. Formul\u00e9 \u00e0 base de peptides et de tr\u00e8fle rouge, ce gel stimule la croissance et la sant\u00e9 des cils et sourcils.","robots":{"index":"index","follow":"follow","max-snippet":"max-snippet:-1","max-image-preview":"max-image-preview:large","max-video-preview":"max-video-preview:-1"},"canonical":"https:\/\/kinamihealth.com\/fr\/wp-json\/wp\/v2\/product\/108469","og_locale":"fr_FR","og_type":"article","og_title":"Commander JALUPRO\u00ae ENHANCER GEL en ligne | Boutique en ligne | Kinami Health","og_description":"Commandez le gel JALUPRO\u00ae ENHANCER GEL en ligne pour renforcer et rallonger vos cils et vos sourcils. Formul\u00e9 \u00e0 base de peptides et de tr\u00e8fle rouge, ce gel stimule la croissance et la sant\u00e9 des cils et sourcils.","og_url":"https:\/\/kinamihealth.com\/fr\/product\/jalupro-enhancer-gel\/","og_site_name":"Kinami Health","article_modified_time":"2026-01-21T15:45:04+00:00","og_image":[{"width":800,"height":800,"url":"https:\/\/kinamihealth.com\/wp-content\/uploads\/2025\/02\/JALUPRO-ENHANCER-GEL-01.jpg","type":"image\/jpeg"}],"twitter_card":"summary_large_image","twitter_misc":{"Dur\u00e9e de lecture estim\u00e9e":"1 minute"},"schema":{"@context":"https:\/\/schema.org","@graph":[{"@type":"WebPage","@id":"https:\/\/kinamihealth.com\/fr\/product\/jalupro-enhancer-gel\/","url":"https:\/\/kinamihealth.com\/fr\/product\/jalupro-enhancer-gel\/","name":"Commander JALUPRO\u00ae ENHANCER GEL en ligne | Boutique en ligne | Kinami Health","isPartOf":{"@id":"https:\/\/kinamihealth.com\/#website"},"primaryImageOfPage":{"@id":"https:\/\/kinamihealth.com\/fr\/product\/jalupro-enhancer-gel\/#primaryimage"},"image":{"@id":"https:\/\/kinamihealth.com\/fr\/product\/jalupro-enhancer-gel\/#primaryimage"},"thumbnailUrl":"https:\/\/kinamihealth.com\/wp-content\/uploads\/2025\/02\/JALUPRO-ENHANCER-GEL-01.jpg","datePublished":"2025-02-15T16:55:43+00:00","dateModified":"2026-01-21T15:45:04+00:00","description":"Commandez le gel JALUPRO\u00ae ENHANCER GEL en ligne pour renforcer et rallonger vos cils et vos sourcils. Formul\u00e9 \u00e0 base de peptides et de tr\u00e8fle rouge, ce gel stimule la croissance et la sant\u00e9 des cils et sourcils.","breadcrumb":{"@id":"https:\/\/kinamihealth.com\/fr\/product\/jalupro-enhancer-gel\/#breadcrumb"},"inLanguage":"fr-FR","potentialAction":[{"@type":"ReadAction","target":["https:\/\/kinamihealth.com\/fr\/product\/jalupro-enhancer-gel\/"]}]},{"@type":"ImageObject","inLanguage":"fr-FR","@id":"https:\/\/kinamihealth.com\/fr\/product\/jalupro-enhancer-gel\/#primaryimage","url":"https:\/\/kinamihealth.com\/wp-content\/uploads\/2025\/02\/JALUPRO-ENHANCER-GEL-01.jpg","contentUrl":"https:\/\/kinamihealth.com\/wp-content\/uploads\/2025\/02\/JALUPRO-ENHANCER-GEL-01.jpg","width":800,"height":800},{"@type":"BreadcrumbList","@id":"https:\/\/kinamihealth.com\/fr\/product\/jalupro-enhancer-gel\/#breadcrumb","itemListElement":[{"@type":"ListItem","position":1,"name":"Page d'accueil","item":"https:\/\/kinamihealth.com\/"},{"@type":"ListItem","position":2,"name":"Boutique","item":"https:\/\/kinamihealth.com\/shop\/"},{"@type":"ListItem","position":3,"name":"JALUPRO\u00ae ENHANCER GEL"}]},{"@type":"WebSite","@id":"https:\/\/kinamihealth.com\/#website","url":"https:\/\/kinamihealth.com\/","name":"Kinami Health","description":"","publisher":{"@id":"https:\/\/kinamihealth.com\/#organization"},"potentialAction":[{"@type":"SearchAction","target":{"@type":"EntryPoint","urlTemplate":"https:\/\/kinamihealth.com\/?s={search_term_string}"},"query-input":{"@type":"PropertyValueSpecification","valueRequired":true,"valueName":"search_term_string"}}],"inLanguage":"fr-FR"},{"@type":"Organization","@id":"https:\/\/kinamihealth.com\/#organization","name":"Kinami Health","url":"https:\/\/kinamihealth.com\/","logo":{"@type":"ImageObject","inLanguage":"fr-FR","@id":"https:\/\/kinamihealth.com\/#\/schema\/logo\/image\/","url":"https:\/\/kinamihealth.com\/wp-content\/uploads\/2025\/01\/KH_logo_black_2-1.png","contentUrl":"https:\/\/kinamihealth.com\/wp-content\/uploads\/2025\/01\/KH_logo_black_2-1.png","width":339,"height":34,"caption":"Kinami Health"},"image":{"@id":"https:\/\/kinamihealth.com\/#\/schema\/logo\/image\/"}}]}},"_links":{"self":[{"href":"https:\/\/kinamihealth.com\/fr\/wp-json\/wp\/v2\/product\/108469","targetHints":{"allow":["GET"]}}],"collection":[{"href":"https:\/\/kinamihealth.com\/fr\/wp-json\/wp\/v2\/product"}],"about":[{"href":"https:\/\/kinamihealth.com\/fr\/wp-json\/wp\/v2\/types\/product"}],"replies":[{"embeddable":true,"href":"https:\/\/kinamihealth.com\/fr\/wp-json\/wp\/v2\/comments?post=108469"}],"version-history":[{"count":0,"href":"https:\/\/kinamihealth.com\/fr\/wp-json\/wp\/v2\/product\/108469\/revisions"}],"wp:featuredmedia":[{"embeddable":true,"href":"https:\/\/kinamihealth.com\/fr\/wp-json\/wp\/v2\/media\/108470"}],"wp:attachment":[{"href":"https:\/\/kinamihealth.com\/fr\/wp-json\/wp\/v2\/media?parent=108469"}],"wp:term":[{"taxonomy":"product_brand","embeddable":true,"href":"https:\/\/kinamihealth.com\/fr\/wp-json\/wp\/v2\/product_brand?post=108469"},{"taxonomy":"product_cat","embeddable":true,"href":"https:\/\/kinamihealth.com\/fr\/wp-json\/wp\/v2\/product_cat?post=108469"},{"taxonomy":"product_tag","embeddable":true,"href":"https:\/\/kinamihealth.com\/fr\/wp-json\/wp\/v2\/product_tag?post=108469"}],"curies":[{"name":"wp","href":"https:\/\/api.w.org\/{rel}","templated":true}]}}