{"id":108467,"date":"2025-02-15T16:55:43","date_gmt":"2025-02-15T16:55:43","guid":{"rendered":"https:\/\/kinamihealth.com\/product\/jalupro-2x30mg-3ml-2x100mg\/"},"modified":"2026-01-21T15:45:38","modified_gmt":"2026-01-21T15:45:38","slug":"jalupro-2x30mg-3ml-2x100mg","status":"publish","type":"product","link":"https:\/\/kinamihealth.com\/fr\/produit\/jalupro-2x30mg-3ml-2x100mg\/","title":{"rendered":"JALUPRO\u00ae 2x30mg\/3ml + 2x100mg"},"content":{"rendered":"<p>JALUPRO\u00ae est un produit de comblement dermique \u00e0 base d&#8217;acide hyaluronique et d&#8217;acides amin\u00e9s qui harmonise la texture de la peau tout en att\u00e9nuant consid\u00e9rablement l&#8217;apparence des rides. Gr\u00e2ce \u00e0 sa formulation unique, Jalupro agit comme un bio-revitalisant dermique avec une excellente efficacit\u00e9 bio-revitalisante qui aide \u00e0 hydrater la peau d\u00e9shydrat\u00e9e, r\u00e9duire les cicatrices, \u00e9liminer les creux cutan\u00e9s et minimiser les signes du photovieillissement.<\/p>\n","protected":false},"excerpt":{"rendered":"<p><b>JALUPRO\u00ae 2x30mg\/3ml + 2x100mg <\/b><span style=\"font-weight: 400;\">est un <\/span><b>produit de comblement dermique <\/b><span style=\"font-weight: 400;\">dont la <\/span><b>formule<\/b><span style=\"font-weight: 400;\"> sp\u00e9ciale combine les <\/span><b>propri\u00e9t\u00e9s hydratantes <\/b><span style=\"font-weight: 400;\">de <\/span><b>l&#8217;acide hyaluronique <\/b><span style=\"font-weight: 400;\">et les <\/span><b>bienfaits cicatrisants <\/b><span style=\"font-weight: 400;\">et <\/span><b>revitalisants <\/b><span style=\"font-weight: 400;\">des <\/span><b>acides amin\u00e9s<\/b><span style=\"font-weight: 400;\">. Utilisez ce produit de comblement seul ou en <\/span><b>compl\u00e9ment<\/b><span style=\"font-weight: 400;\"> d&#8217;autres produits ou traitements. Ce <\/span><b>m\u00e9lange injectable <\/b><span style=\"font-weight: 400;\">peut \u00eatre appliqu\u00e9 sur le <\/span><b>visage<\/b><span style=\"font-weight: 400;\">, <\/span><b>le d\u00e9collet\u00e9<\/b><span style=\"font-weight: 400;\">, <\/span><b>le cou<\/b><span style=\"font-weight: 400;\">, <\/span><b>les aisselles, les genoux, l&#8217;abdomen <\/b><span style=\"font-weight: 400;\">et <\/span><b>les cuisses. <\/b><span style=\"font-weight: 400;\">Appliquez-le sur les <\/span><b>l\u00e8vres <\/b><span style=\"font-weight: 400;\">pour augmenter leur <\/span><b>volume <\/b><span style=\"font-weight: 400;\">et <\/span><b>redessiner <\/b><span style=\"font-weight: 400;\">leur <\/span><b>contour. Achetez JALUPRO 2&#215;30 mg\/3 ml + 2&#215;100 mg <\/b><span style=\"font-weight: 400;\">chez <\/span><b>Kinami Health <\/b><span style=\"font-weight: 400;\">et <\/span><b>commandez des produits JALUPRO haut de gamme <\/b><span style=\"font-weight: 400;\">pour le visage et le corps.<\/span><\/p>\n","protected":false},"featured_media":108468,"comment_status":"closed","ping_status":"closed","template":"","meta":{"_acf_changed":false,"inline_featured_image":false},"product_brand":[1185],"product_cat":[1217],"product_tag":[1222],"class_list":{"0":"post-108467","1":"product","2":"type-product","3":"status-publish","4":"has-post-thumbnail","6":"product_brand-jalupro","7":"product_cat-produits-de-comblement-dermique","8":"product_tag-dispositifs-medicaux","10":"first","11":"instock","12":"taxable","13":"shipping-taxable","14":"purchasable","15":"product-type-simple","16":"add-to-wishlist-before_image"},"acf":[],"yoast_head":"<!-- This site is optimized with the Yoast SEO plugin v27.1.1 - https:\/\/yoast.com\/product\/yoast-seo-wordpress\/ -->\n<title>Commander JALUPRO\u00ae 2x30mg\/3ml + 2x100mg en ligne | Boutique en ligne | Kinami Health<\/title>\n<meta name=\"description\" content=\"Commandez JALUPRO 2x30 mg\/3 ml + 2x100 mg en ligne pour pouvoir combiner l&#039;acide hyaluronique et les acides amin\u00e9s dans le but de corriger les pr\u00e9occupations cutan\u00e9s du visage et du corps.\" \/>\n<meta name=\"robots\" content=\"index, follow, max-snippet:-1, max-image-preview:large, max-video-preview:-1\" \/>\n<link rel=\"canonical\" href=\"https:\/\/kinamihealth.com\/fr\/wp-json\/wp\/v2\/product\/108467\" \/>\n<meta property=\"og:locale\" content=\"fr_FR\" \/>\n<meta property=\"og:type\" content=\"article\" \/>\n<meta property=\"og:title\" content=\"Commander JALUPRO\u00ae 2x30mg\/3ml + 2x100mg en ligne | Boutique en ligne | Kinami Health\" \/>\n<meta property=\"og:description\" content=\"Commandez JALUPRO 2x30 mg\/3 ml + 2x100 mg en ligne pour pouvoir combiner l&#039;acide hyaluronique et les acides amin\u00e9s dans le but de corriger les pr\u00e9occupations cutan\u00e9s du visage et du corps.\" \/>\n<meta property=\"og:url\" content=\"https:\/\/kinamihealth.com\/fr\/product\/jalupro-2x30mg-3ml-2x100mg\/\" \/>\n<meta property=\"og:site_name\" content=\"Kinami Health\" \/>\n<meta property=\"article:modified_time\" content=\"2026-01-21T15:45:38+00:00\" \/>\n<meta property=\"og:image\" content=\"https:\/\/kinamihealth.com\/wp-content\/uploads\/2025\/02\/PRODERMA-JALUPRO-01.webp\" \/>\n\t<meta property=\"og:image:width\" content=\"800\" \/>\n\t<meta property=\"og:image:height\" content=\"800\" \/>\n\t<meta property=\"og:image:type\" content=\"image\/webp\" \/>\n<meta name=\"twitter:card\" content=\"summary_large_image\" \/>\n<meta name=\"twitter:label1\" content=\"Dur\u00e9e de lecture estim\u00e9e\" \/>\n\t<meta name=\"twitter:data1\" content=\"1 minute\" \/>\n<!-- \/ Yoast SEO plugin. -->","yoast_head_json":{"title":"Commander JALUPRO\u00ae 2x30mg\/3ml + 2x100mg en ligne | Boutique en ligne | Kinami Health","description":"Commandez JALUPRO 2x30 mg\/3 ml + 2x100 mg en ligne pour pouvoir combiner l'acide hyaluronique et les acides amin\u00e9s dans le but de corriger les pr\u00e9occupations cutan\u00e9s du visage et du corps.","robots":{"index":"index","follow":"follow","max-snippet":"max-snippet:-1","max-image-preview":"max-image-preview:large","max-video-preview":"max-video-preview:-1"},"canonical":"https:\/\/kinamihealth.com\/fr\/wp-json\/wp\/v2\/product\/108467","og_locale":"fr_FR","og_type":"article","og_title":"Commander JALUPRO\u00ae 2x30mg\/3ml + 2x100mg en ligne | Boutique en ligne | Kinami Health","og_description":"Commandez JALUPRO 2x30 mg\/3 ml + 2x100 mg en ligne pour pouvoir combiner l'acide hyaluronique et les acides amin\u00e9s dans le but de corriger les pr\u00e9occupations cutan\u00e9s du visage et du corps.","og_url":"https:\/\/kinamihealth.com\/fr\/product\/jalupro-2x30mg-3ml-2x100mg\/","og_site_name":"Kinami Health","article_modified_time":"2026-01-21T15:45:38+00:00","og_image":[{"width":800,"height":800,"url":"https:\/\/kinamihealth.com\/wp-content\/uploads\/2025\/02\/PRODERMA-JALUPRO-01.webp","type":"image\/webp"}],"twitter_card":"summary_large_image","twitter_misc":{"Dur\u00e9e de lecture estim\u00e9e":"1 minute"},"schema":{"@context":"https:\/\/schema.org","@graph":[{"@type":"WebPage","@id":"https:\/\/kinamihealth.com\/fr\/product\/jalupro-2x30mg-3ml-2x100mg\/","url":"https:\/\/kinamihealth.com\/fr\/product\/jalupro-2x30mg-3ml-2x100mg\/","name":"Commander JALUPRO\u00ae 2x30mg\/3ml + 2x100mg en ligne | Boutique en ligne | Kinami Health","isPartOf":{"@id":"https:\/\/kinamihealth.com\/#website"},"primaryImageOfPage":{"@id":"https:\/\/kinamihealth.com\/fr\/product\/jalupro-2x30mg-3ml-2x100mg\/#primaryimage"},"image":{"@id":"https:\/\/kinamihealth.com\/fr\/product\/jalupro-2x30mg-3ml-2x100mg\/#primaryimage"},"thumbnailUrl":"https:\/\/kinamihealth.com\/wp-content\/uploads\/2025\/02\/PRODERMA-JALUPRO-01.webp","datePublished":"2025-02-15T16:55:43+00:00","dateModified":"2026-01-21T15:45:38+00:00","description":"Commandez JALUPRO 2x30 mg\/3 ml + 2x100 mg en ligne pour pouvoir combiner l'acide hyaluronique et les acides amin\u00e9s dans le but de corriger les pr\u00e9occupations cutan\u00e9s du visage et du corps.","breadcrumb":{"@id":"https:\/\/kinamihealth.com\/fr\/product\/jalupro-2x30mg-3ml-2x100mg\/#breadcrumb"},"inLanguage":"fr-FR","potentialAction":[{"@type":"ReadAction","target":["https:\/\/kinamihealth.com\/fr\/product\/jalupro-2x30mg-3ml-2x100mg\/"]}]},{"@type":"ImageObject","inLanguage":"fr-FR","@id":"https:\/\/kinamihealth.com\/fr\/product\/jalupro-2x30mg-3ml-2x100mg\/#primaryimage","url":"https:\/\/kinamihealth.com\/wp-content\/uploads\/2025\/02\/PRODERMA-JALUPRO-01.webp","contentUrl":"https:\/\/kinamihealth.com\/wp-content\/uploads\/2025\/02\/PRODERMA-JALUPRO-01.webp","width":800,"height":800},{"@type":"BreadcrumbList","@id":"https:\/\/kinamihealth.com\/fr\/product\/jalupro-2x30mg-3ml-2x100mg\/#breadcrumb","itemListElement":[{"@type":"ListItem","position":1,"name":"Page d'accueil","item":"https:\/\/kinamihealth.com\/"},{"@type":"ListItem","position":2,"name":"Boutique","item":"https:\/\/kinamihealth.com\/shop\/"},{"@type":"ListItem","position":3,"name":"JALUPRO\u00ae 2x30mg\/3ml + 2x100mg"}]},{"@type":"WebSite","@id":"https:\/\/kinamihealth.com\/#website","url":"https:\/\/kinamihealth.com\/","name":"Kinami Health","description":"","publisher":{"@id":"https:\/\/kinamihealth.com\/#organization"},"potentialAction":[{"@type":"SearchAction","target":{"@type":"EntryPoint","urlTemplate":"https:\/\/kinamihealth.com\/?s={search_term_string}"},"query-input":{"@type":"PropertyValueSpecification","valueRequired":true,"valueName":"search_term_string"}}],"inLanguage":"fr-FR"},{"@type":"Organization","@id":"https:\/\/kinamihealth.com\/#organization","name":"Kinami Health","url":"https:\/\/kinamihealth.com\/","logo":{"@type":"ImageObject","inLanguage":"fr-FR","@id":"https:\/\/kinamihealth.com\/#\/schema\/logo\/image\/","url":"https:\/\/kinamihealth.com\/wp-content\/uploads\/2025\/01\/KH_logo_black_2-1.png","contentUrl":"https:\/\/kinamihealth.com\/wp-content\/uploads\/2025\/01\/KH_logo_black_2-1.png","width":339,"height":34,"caption":"Kinami Health"},"image":{"@id":"https:\/\/kinamihealth.com\/#\/schema\/logo\/image\/"}}]}},"_links":{"self":[{"href":"https:\/\/kinamihealth.com\/fr\/wp-json\/wp\/v2\/product\/108467","targetHints":{"allow":["GET"]}}],"collection":[{"href":"https:\/\/kinamihealth.com\/fr\/wp-json\/wp\/v2\/product"}],"about":[{"href":"https:\/\/kinamihealth.com\/fr\/wp-json\/wp\/v2\/types\/product"}],"replies":[{"embeddable":true,"href":"https:\/\/kinamihealth.com\/fr\/wp-json\/wp\/v2\/comments?post=108467"}],"version-history":[{"count":0,"href":"https:\/\/kinamihealth.com\/fr\/wp-json\/wp\/v2\/product\/108467\/revisions"}],"wp:featuredmedia":[{"embeddable":true,"href":"https:\/\/kinamihealth.com\/fr\/wp-json\/wp\/v2\/media\/108468"}],"wp:attachment":[{"href":"https:\/\/kinamihealth.com\/fr\/wp-json\/wp\/v2\/media?parent=108467"}],"wp:term":[{"taxonomy":"product_brand","embeddable":true,"href":"https:\/\/kinamihealth.com\/fr\/wp-json\/wp\/v2\/product_brand?post=108467"},{"taxonomy":"product_cat","embeddable":true,"href":"https:\/\/kinamihealth.com\/fr\/wp-json\/wp\/v2\/product_cat?post=108467"},{"taxonomy":"product_tag","embeddable":true,"href":"https:\/\/kinamihealth.com\/fr\/wp-json\/wp\/v2\/product_tag?post=108467"}],"curies":[{"name":"wp","href":"https:\/\/api.w.org\/{rel}","templated":true}]}}