{"id":108452,"date":"2025-02-15T16:55:49","date_gmt":"2025-02-15T16:55:49","guid":{"rendered":"https:\/\/kinamihealth.com\/product\/jalupro-moisturizing-biocellulose-face-masks-5x8ml\/"},"modified":"2026-01-21T15:45:47","modified_gmt":"2026-01-21T15:45:47","slug":"jalupro-moisturizing-biocellulose-face-masks-5x8ml","status":"publish","type":"product","link":"https:\/\/kinamihealth.com\/fr\/produit\/jalupro-moisturizing-biocellulose-face-masks-5x8ml\/","title":{"rendered":"JALUPRO MOISTURIZING BIOCELLULOSE FACE MASKS (5x8ml)"},"content":{"rendered":"<p>Le masque hydratant en biocellulose JALUPRO\u00ae est un masque pour la peau permettant la r\u00e9duction des signes visibles du vieillissement tels que le teint d\u00e9shydrat\u00e9 et terne, le rel\u00e2chement cutan\u00e9 et les rides. Il contribue \u00e0 augmenter l&#8217;hydratation et favorise la synth\u00e8se de collag\u00e8ne. Ces masques en tissu repr\u00e9sentent le soin id\u00e9al pour la peau apr\u00e8s un traitement avec les produits de comblement JALUPRO\u00ae ou JALUPRO\u00ae HMW ou une proc\u00e9dure esth\u00e9tique clinique, telle que le needling, le traitement par radiofr\u00e9quence, la carboxyth\u00e9rapie, la th\u00e9rapie au laser et le traitement par lumi\u00e8re intense puls\u00e9e.<\/p>\n","protected":false},"excerpt":{"rendered":"<p><span style=\"font-weight: 400;\">Achetez les masques hydratants en bio-cellulose Jalupro, un soin con\u00e7u pour hydrater intens\u00e9ment la peau vieillissante, am\u00e9liorer son \u00e9lasticit\u00e9 et la rajeunir. Enrichis d&#8217;un puissant m\u00e9lange d&#8217;acide hyaluronique et d&#8217;acides amin\u00e9s essentiels, ces masques stimulent la production de collag\u00e8ne tout en redonnant un teint lisse et \u00e9clatant. Ils sont parfaits pour les soins apr\u00e8s les traitements esth\u00e9tiques et les soins r\u00e9guliers de la peau.<\/span><\/p>\n","protected":false},"featured_media":108456,"comment_status":"closed","ping_status":"closed","template":"","meta":{"_acf_changed":false,"inline_featured_image":false},"product_brand":[],"product_cat":[],"product_tag":[],"class_list":{"0":"post-108452","1":"product","2":"type-product","3":"status-publish","4":"has-post-thumbnail","7":"first","8":"instock","9":"taxable","10":"shipping-taxable","11":"purchasable","12":"product-type-simple","13":"add-to-wishlist-before_image"},"acf":[],"yoast_head":"<!-- This site is optimized with the Yoast SEO plugin v27.1.1 - https:\/\/yoast.com\/product\/yoast-seo-wordpress\/ -->\n<title>Commander JALUPRO MOISTURIZING BIOCELLULOSE FACE MASKS (5x8ml) en ligne | Boutique en ligne | Kinami Health<\/title>\n<meta name=\"description\" content=\"Commandez en ligne les masques hydratants en biocellulose JALUPRO\u00ae pour une hydratation intense et un effet rajeunissant. Ce pack de 5 masques est id\u00e9al pour les soins post-traitement.\" \/>\n<meta name=\"robots\" content=\"index, follow, max-snippet:-1, max-image-preview:large, max-video-preview:-1\" \/>\n<link rel=\"canonical\" href=\"https:\/\/kinamihealth.com\/fr\/wp-json\/wp\/v2\/product\/108452\" \/>\n<meta property=\"og:locale\" content=\"fr_FR\" \/>\n<meta property=\"og:type\" content=\"article\" \/>\n<meta property=\"og:title\" content=\"Commander JALUPRO MOISTURIZING BIOCELLULOSE FACE MASKS (5x8ml) en ligne | Boutique en ligne | Kinami Health\" \/>\n<meta property=\"og:description\" content=\"Commandez en ligne les masques hydratants en biocellulose JALUPRO\u00ae pour une hydratation intense et un effet rajeunissant. Ce pack de 5 masques est id\u00e9al pour les soins post-traitement.\" \/>\n<meta property=\"og:url\" content=\"https:\/\/kinamihealth.com\/fr\/product\/jalupro-moisturizing-biocellulose-face-masks-5x8ml\/\" \/>\n<meta property=\"og:site_name\" content=\"Kinami Health\" \/>\n<meta property=\"article:modified_time\" content=\"2026-01-21T15:45:47+00:00\" \/>\n<meta property=\"og:image\" content=\"https:\/\/kinamihealth.com\/wp-content\/uploads\/2025\/02\/JALUPRO-FACEMASK-X5-03.webp\" \/>\n\t<meta property=\"og:image:width\" content=\"800\" \/>\n\t<meta property=\"og:image:height\" content=\"800\" \/>\n\t<meta property=\"og:image:type\" content=\"image\/webp\" \/>\n<meta name=\"twitter:card\" content=\"summary_large_image\" \/>\n<meta name=\"twitter:label1\" content=\"Dur\u00e9e de lecture estim\u00e9e\" \/>\n\t<meta name=\"twitter:data1\" content=\"1 minute\" \/>\n<!-- \/ Yoast SEO plugin. -->","yoast_head_json":{"title":"Commander JALUPRO MOISTURIZING BIOCELLULOSE FACE MASKS (5x8ml) en ligne | Boutique en ligne | Kinami Health","description":"Commandez en ligne les masques hydratants en biocellulose JALUPRO\u00ae pour une hydratation intense et un effet rajeunissant. Ce pack de 5 masques est id\u00e9al pour les soins post-traitement.","robots":{"index":"index","follow":"follow","max-snippet":"max-snippet:-1","max-image-preview":"max-image-preview:large","max-video-preview":"max-video-preview:-1"},"canonical":"https:\/\/kinamihealth.com\/fr\/wp-json\/wp\/v2\/product\/108452","og_locale":"fr_FR","og_type":"article","og_title":"Commander JALUPRO MOISTURIZING BIOCELLULOSE FACE MASKS (5x8ml) en ligne | Boutique en ligne | Kinami Health","og_description":"Commandez en ligne les masques hydratants en biocellulose JALUPRO\u00ae pour une hydratation intense et un effet rajeunissant. Ce pack de 5 masques est id\u00e9al pour les soins post-traitement.","og_url":"https:\/\/kinamihealth.com\/fr\/product\/jalupro-moisturizing-biocellulose-face-masks-5x8ml\/","og_site_name":"Kinami Health","article_modified_time":"2026-01-21T15:45:47+00:00","og_image":[{"width":800,"height":800,"url":"https:\/\/kinamihealth.com\/wp-content\/uploads\/2025\/02\/JALUPRO-FACEMASK-X5-03.webp","type":"image\/webp"}],"twitter_card":"summary_large_image","twitter_misc":{"Dur\u00e9e de lecture estim\u00e9e":"1 minute"},"schema":{"@context":"https:\/\/schema.org","@graph":[{"@type":"WebPage","@id":"https:\/\/kinamihealth.com\/fr\/product\/jalupro-moisturizing-biocellulose-face-masks-5x8ml\/","url":"https:\/\/kinamihealth.com\/fr\/product\/jalupro-moisturizing-biocellulose-face-masks-5x8ml\/","name":"Commander JALUPRO MOISTURIZING BIOCELLULOSE FACE MASKS (5x8ml) en ligne | Boutique en ligne | Kinami Health","isPartOf":{"@id":"https:\/\/kinamihealth.com\/#website"},"primaryImageOfPage":{"@id":"https:\/\/kinamihealth.com\/fr\/product\/jalupro-moisturizing-biocellulose-face-masks-5x8ml\/#primaryimage"},"image":{"@id":"https:\/\/kinamihealth.com\/fr\/product\/jalupro-moisturizing-biocellulose-face-masks-5x8ml\/#primaryimage"},"thumbnailUrl":"https:\/\/kinamihealth.com\/wp-content\/uploads\/2025\/02\/JALUPRO-FACEMASK-X5-03.webp","datePublished":"2025-02-15T16:55:49+00:00","dateModified":"2026-01-21T15:45:47+00:00","description":"Commandez en ligne les masques hydratants en biocellulose JALUPRO\u00ae pour une hydratation intense et un effet rajeunissant. Ce pack de 5 masques est id\u00e9al pour les soins post-traitement.","breadcrumb":{"@id":"https:\/\/kinamihealth.com\/fr\/product\/jalupro-moisturizing-biocellulose-face-masks-5x8ml\/#breadcrumb"},"inLanguage":"fr-FR","potentialAction":[{"@type":"ReadAction","target":["https:\/\/kinamihealth.com\/fr\/product\/jalupro-moisturizing-biocellulose-face-masks-5x8ml\/"]}]},{"@type":"ImageObject","inLanguage":"fr-FR","@id":"https:\/\/kinamihealth.com\/fr\/product\/jalupro-moisturizing-biocellulose-face-masks-5x8ml\/#primaryimage","url":"https:\/\/kinamihealth.com\/wp-content\/uploads\/2025\/02\/JALUPRO-FACEMASK-X5-03.webp","contentUrl":"https:\/\/kinamihealth.com\/wp-content\/uploads\/2025\/02\/JALUPRO-FACEMASK-X5-03.webp","width":800,"height":800},{"@type":"BreadcrumbList","@id":"https:\/\/kinamihealth.com\/fr\/product\/jalupro-moisturizing-biocellulose-face-masks-5x8ml\/#breadcrumb","itemListElement":[{"@type":"ListItem","position":1,"name":"Page d'accueil","item":"https:\/\/kinamihealth.com\/"},{"@type":"ListItem","position":2,"name":"Boutique","item":"https:\/\/kinamihealth.com\/shop\/"},{"@type":"ListItem","position":3,"name":"JALUPRO MOISTURIZING BIOCELLULOSE FACE MASKS (5x8ml)"}]},{"@type":"WebSite","@id":"https:\/\/kinamihealth.com\/#website","url":"https:\/\/kinamihealth.com\/","name":"Kinami Health","description":"","publisher":{"@id":"https:\/\/kinamihealth.com\/#organization"},"potentialAction":[{"@type":"SearchAction","target":{"@type":"EntryPoint","urlTemplate":"https:\/\/kinamihealth.com\/?s={search_term_string}"},"query-input":{"@type":"PropertyValueSpecification","valueRequired":true,"valueName":"search_term_string"}}],"inLanguage":"fr-FR"},{"@type":"Organization","@id":"https:\/\/kinamihealth.com\/#organization","name":"Kinami Health","url":"https:\/\/kinamihealth.com\/","logo":{"@type":"ImageObject","inLanguage":"fr-FR","@id":"https:\/\/kinamihealth.com\/#\/schema\/logo\/image\/","url":"https:\/\/kinamihealth.com\/wp-content\/uploads\/2025\/01\/KH_logo_black_2-1.png","contentUrl":"https:\/\/kinamihealth.com\/wp-content\/uploads\/2025\/01\/KH_logo_black_2-1.png","width":339,"height":34,"caption":"Kinami Health"},"image":{"@id":"https:\/\/kinamihealth.com\/#\/schema\/logo\/image\/"}}]}},"_links":{"self":[{"href":"https:\/\/kinamihealth.com\/fr\/wp-json\/wp\/v2\/product\/108452","targetHints":{"allow":["GET"]}}],"collection":[{"href":"https:\/\/kinamihealth.com\/fr\/wp-json\/wp\/v2\/product"}],"about":[{"href":"https:\/\/kinamihealth.com\/fr\/wp-json\/wp\/v2\/types\/product"}],"replies":[{"embeddable":true,"href":"https:\/\/kinamihealth.com\/fr\/wp-json\/wp\/v2\/comments?post=108452"}],"version-history":[{"count":0,"href":"https:\/\/kinamihealth.com\/fr\/wp-json\/wp\/v2\/product\/108452\/revisions"}],"wp:featuredmedia":[{"embeddable":true,"href":"https:\/\/kinamihealth.com\/fr\/wp-json\/wp\/v2\/media\/108456"}],"wp:attachment":[{"href":"https:\/\/kinamihealth.com\/fr\/wp-json\/wp\/v2\/media?parent=108452"}],"wp:term":[{"taxonomy":"product_brand","embeddable":true,"href":"https:\/\/kinamihealth.com\/fr\/wp-json\/wp\/v2\/product_brand?post=108452"},{"taxonomy":"product_cat","embeddable":true,"href":"https:\/\/kinamihealth.com\/fr\/wp-json\/wp\/v2\/product_cat?post=108452"},{"taxonomy":"product_tag","embeddable":true,"href":"https:\/\/kinamihealth.com\/fr\/wp-json\/wp\/v2\/product_tag?post=108452"}],"curies":[{"name":"wp","href":"https:\/\/api.w.org\/{rel}","templated":true}]}}