{"id":107924,"date":"2025-02-15T16:55:26","date_gmt":"2025-02-15T16:55:26","guid":{"rendered":"https:\/\/kinamihealth.com\/product\/intraline-m2-plus\/"},"modified":"2026-01-21T15:33:41","modified_gmt":"2026-01-21T15:33:41","slug":"intraline-m2-plus","status":"publish","type":"product","link":"https:\/\/kinamihealth.com\/fr\/produit\/intraline-m2-plus\/","title":{"rendered":"INTRALINE M2 PLUS"},"content":{"rendered":"<p>Intraline M2 Plus avec lidoca\u00efne est particuli\u00e8rement recommand\u00e9 pour le traitement des rides fines \u00e0 moyennes au niveau des rides du lion, de l&#8217;arc de Cupidon, des commissures des l\u00e8vres, des plis du cou et pour la d\u00e9finition des l\u00e8vres.<\/p>\n","protected":false},"excerpt":{"rendered":"<p><strong>INTRALINE M2<\/strong>\u00ae<strong> PLUS<\/strong> est un <strong>produit de comblement dermique monophas\u00e9 <\/strong>contenant de la <strong>lidoca\u00efne. <\/strong>Ce gel injectable contient de l&#8217;<strong>acide hyaluronique r\u00e9ticul\u00e9 <\/strong>pour augmenter le <strong>volume <\/strong>et l&#8217;<strong>hydratation <\/strong>de la peau. Un <strong>anesth\u00e9sique, la lidoca\u00efne<\/strong>, est ajout\u00e9 pour rendre la <strong>proc\u00e9dure <\/strong>moins <strong>d\u00e9sagr\u00e9able<\/strong>. Appliquez ce produit de comblement au niveau du <strong>visage<\/strong> et du <strong>cou<\/strong> pour <strong>remodeler<\/strong> les traits <strong>faciaux<\/strong> avec une <strong>pr\u00e9cision extr\u00eame<\/strong>. <strong>Achetez INTRALINE M2 PLUS<\/strong> chez Kinami Health et b\u00e9n\u00e9ficiez de la meilleure <strong>offre lorsque vous commandez des produits INTRALINE haut de gamme<\/strong>.<\/p>\n","protected":false},"featured_media":107925,"comment_status":"closed","ping_status":"closed","template":"","meta":{"_acf_changed":false,"inline_featured_image":false},"product_brand":[1184],"product_cat":[1217],"product_tag":[1222],"class_list":{"0":"post-107924","1":"product","2":"type-product","3":"status-publish","4":"has-post-thumbnail","6":"product_brand-intraline","7":"product_cat-produits-de-comblement-dermique","8":"product_tag-dispositifs-medicaux","10":"first","11":"instock","12":"taxable","13":"shipping-taxable","14":"purchasable","15":"product-type-simple","16":"add-to-wishlist-before_image"},"acf":[],"yoast_head":"<!-- This site is optimized with the Yoast SEO plugin v27.5 - https:\/\/yoast.com\/product\/yoast-seo-wordpress\/ -->\n<title>Commander INTRALINE M2 Plus en ligne | Boutique en ligne | Kinami Health<\/title>\n<meta name=\"description\" content=\"Commandez INTRALINE M2 PLUS en ligne afin de pouvoir corriger les rides et ridules gr\u00e2ce \u00e0 l&#039;acide hyaluronique r\u00e9ticul\u00e9. R\u00e9duisez la douleur et l&#039;inconfort gr\u00e2ce \u00e0 la lidoca\u00efne.\" \/>\n<meta name=\"robots\" content=\"index, follow, max-snippet:-1, max-image-preview:large, max-video-preview:-1\" \/>\n<link rel=\"canonical\" href=\"https:\/\/kinamihealth.com\/fr\/wp-json\/wp\/v2\/product\/107924\" \/>\n<meta property=\"og:locale\" content=\"fr_FR\" \/>\n<meta property=\"og:type\" content=\"article\" \/>\n<meta property=\"og:title\" content=\"Commander INTRALINE M2 Plus en ligne | Boutique en ligne | Kinami Health\" \/>\n<meta property=\"og:description\" content=\"Commandez INTRALINE M2 PLUS en ligne afin de pouvoir corriger les rides et ridules gr\u00e2ce \u00e0 l&#039;acide hyaluronique r\u00e9ticul\u00e9. R\u00e9duisez la douleur et l&#039;inconfort gr\u00e2ce \u00e0 la lidoca\u00efne.\" \/>\n<meta property=\"og:url\" content=\"https:\/\/kinamihealth.com\/fr\/product\/intraline-m2-plus\/\" \/>\n<meta property=\"og:site_name\" content=\"Kinami Health\" \/>\n<meta property=\"article:modified_time\" content=\"2026-01-21T15:33:41+00:00\" \/>\n<meta property=\"og:image\" content=\"https:\/\/kinamihealth.com\/wp-content\/uploads\/2025\/02\/INTRALINE-M2-PLUS-01.jpg\" \/>\n\t<meta property=\"og:image:width\" content=\"800\" \/>\n\t<meta property=\"og:image:height\" content=\"800\" \/>\n\t<meta property=\"og:image:type\" content=\"image\/jpeg\" \/>\n<meta name=\"twitter:card\" content=\"summary_large_image\" \/>\n<meta name=\"twitter:label1\" content=\"Dur\u00e9e de lecture estim\u00e9e\" \/>\n\t<meta name=\"twitter:data1\" content=\"1 minute\" \/>\n<!-- \/ Yoast SEO plugin. -->","yoast_head_json":{"title":"Commander INTRALINE M2 Plus en ligne | Boutique en ligne | Kinami Health","description":"Commandez INTRALINE M2 PLUS en ligne afin de pouvoir corriger les rides et ridules gr\u00e2ce \u00e0 l'acide hyaluronique r\u00e9ticul\u00e9. R\u00e9duisez la douleur et l'inconfort gr\u00e2ce \u00e0 la lidoca\u00efne.","robots":{"index":"index","follow":"follow","max-snippet":"max-snippet:-1","max-image-preview":"max-image-preview:large","max-video-preview":"max-video-preview:-1"},"canonical":"https:\/\/kinamihealth.com\/fr\/wp-json\/wp\/v2\/product\/107924","og_locale":"fr_FR","og_type":"article","og_title":"Commander INTRALINE M2 Plus en ligne | Boutique en ligne | Kinami Health","og_description":"Commandez INTRALINE M2 PLUS en ligne afin de pouvoir corriger les rides et ridules gr\u00e2ce \u00e0 l'acide hyaluronique r\u00e9ticul\u00e9. R\u00e9duisez la douleur et l'inconfort gr\u00e2ce \u00e0 la lidoca\u00efne.","og_url":"https:\/\/kinamihealth.com\/fr\/product\/intraline-m2-plus\/","og_site_name":"Kinami Health","article_modified_time":"2026-01-21T15:33:41+00:00","og_image":[{"width":800,"height":800,"url":"https:\/\/kinamihealth.com\/wp-content\/uploads\/2025\/02\/INTRALINE-M2-PLUS-01.jpg","type":"image\/jpeg"}],"twitter_card":"summary_large_image","twitter_misc":{"Dur\u00e9e de lecture estim\u00e9e":"1 minute"},"schema":{"@context":"https:\/\/schema.org","@graph":[{"@type":"WebPage","@id":"https:\/\/kinamihealth.com\/fr\/product\/intraline-m2-plus\/","url":"https:\/\/kinamihealth.com\/fr\/product\/intraline-m2-plus\/","name":"Commander INTRALINE M2 Plus en ligne | Boutique en ligne | Kinami Health","isPartOf":{"@id":"https:\/\/kinamihealth.com\/#website"},"primaryImageOfPage":{"@id":"https:\/\/kinamihealth.com\/fr\/product\/intraline-m2-plus\/#primaryimage"},"image":{"@id":"https:\/\/kinamihealth.com\/fr\/product\/intraline-m2-plus\/#primaryimage"},"thumbnailUrl":"https:\/\/kinamihealth.com\/wp-content\/uploads\/2025\/02\/INTRALINE-M2-PLUS-01.jpg","datePublished":"2025-02-15T16:55:26+00:00","dateModified":"2026-01-21T15:33:41+00:00","description":"Commandez INTRALINE M2 PLUS en ligne afin de pouvoir corriger les rides et ridules gr\u00e2ce \u00e0 l'acide hyaluronique r\u00e9ticul\u00e9. R\u00e9duisez la douleur et l'inconfort gr\u00e2ce \u00e0 la lidoca\u00efne.","breadcrumb":{"@id":"https:\/\/kinamihealth.com\/fr\/product\/intraline-m2-plus\/#breadcrumb"},"inLanguage":"fr-FR","potentialAction":[{"@type":"ReadAction","target":["https:\/\/kinamihealth.com\/fr\/product\/intraline-m2-plus\/"]}]},{"@type":"ImageObject","inLanguage":"fr-FR","@id":"https:\/\/kinamihealth.com\/fr\/product\/intraline-m2-plus\/#primaryimage","url":"https:\/\/kinamihealth.com\/wp-content\/uploads\/2025\/02\/INTRALINE-M2-PLUS-01.jpg","contentUrl":"https:\/\/kinamihealth.com\/wp-content\/uploads\/2025\/02\/INTRALINE-M2-PLUS-01.jpg","width":800,"height":800},{"@type":"BreadcrumbList","@id":"https:\/\/kinamihealth.com\/fr\/product\/intraline-m2-plus\/#breadcrumb","itemListElement":[{"@type":"ListItem","position":1,"name":"Page d'accueil","item":"https:\/\/kinamihealth.com\/"},{"@type":"ListItem","position":2,"name":"Boutique","item":"https:\/\/kinamihealth.com\/shop\/"},{"@type":"ListItem","position":3,"name":"INTRALINE M2 PLUS"}]},{"@type":"WebSite","@id":"https:\/\/kinamihealth.com\/#website","url":"https:\/\/kinamihealth.com\/","name":"Kinami Health","description":"","publisher":{"@id":"https:\/\/kinamihealth.com\/#organization"},"potentialAction":[{"@type":"SearchAction","target":{"@type":"EntryPoint","urlTemplate":"https:\/\/kinamihealth.com\/?s={search_term_string}"},"query-input":{"@type":"PropertyValueSpecification","valueRequired":true,"valueName":"search_term_string"}}],"inLanguage":"fr-FR"},{"@type":"Organization","@id":"https:\/\/kinamihealth.com\/#organization","name":"Kinami Health","url":"https:\/\/kinamihealth.com\/","logo":{"@type":"ImageObject","inLanguage":"fr-FR","@id":"https:\/\/kinamihealth.com\/#\/schema\/logo\/image\/","url":"https:\/\/kinamihealth.com\/wp-content\/uploads\/2025\/01\/KH_logo_black_2-1.png","contentUrl":"https:\/\/kinamihealth.com\/wp-content\/uploads\/2025\/01\/KH_logo_black_2-1.png","width":339,"height":34,"caption":"Kinami Health"},"image":{"@id":"https:\/\/kinamihealth.com\/#\/schema\/logo\/image\/"}}]}},"_links":{"self":[{"href":"https:\/\/kinamihealth.com\/fr\/wp-json\/wp\/v2\/product\/107924","targetHints":{"allow":["GET"]}}],"collection":[{"href":"https:\/\/kinamihealth.com\/fr\/wp-json\/wp\/v2\/product"}],"about":[{"href":"https:\/\/kinamihealth.com\/fr\/wp-json\/wp\/v2\/types\/product"}],"replies":[{"embeddable":true,"href":"https:\/\/kinamihealth.com\/fr\/wp-json\/wp\/v2\/comments?post=107924"}],"version-history":[{"count":0,"href":"https:\/\/kinamihealth.com\/fr\/wp-json\/wp\/v2\/product\/107924\/revisions"}],"wp:featuredmedia":[{"embeddable":true,"href":"https:\/\/kinamihealth.com\/fr\/wp-json\/wp\/v2\/media\/107925"}],"wp:attachment":[{"href":"https:\/\/kinamihealth.com\/fr\/wp-json\/wp\/v2\/media?parent=107924"}],"wp:term":[{"taxonomy":"product_brand","embeddable":true,"href":"https:\/\/kinamihealth.com\/fr\/wp-json\/wp\/v2\/product_brand?post=107924"},{"taxonomy":"product_cat","embeddable":true,"href":"https:\/\/kinamihealth.com\/fr\/wp-json\/wp\/v2\/product_cat?post=107924"},{"taxonomy":"product_tag","embeddable":true,"href":"https:\/\/kinamihealth.com\/fr\/wp-json\/wp\/v2\/product_tag?post=107924"}],"curies":[{"name":"wp","href":"https:\/\/api.w.org\/{rel}","templated":true}]}}