{"id":107916,"date":"2025-02-15T16:55:29","date_gmt":"2025-02-15T16:55:29","guid":{"rendered":"https:\/\/kinamihealth.com\/product\/intraline-m3-plus\/"},"modified":"2026-01-21T15:33:39","modified_gmt":"2026-01-21T15:33:39","slug":"intraline-m3-plus","status":"publish","type":"product","link":"https:\/\/kinamihealth.com\/fr\/produit\/intraline-m3-plus\/","title":{"rendered":"INTRALINE M3 PLUS"},"content":{"rendered":"<p>Intraline M3 Plus avec lidoca\u00efne est particuli\u00e8rement recommand\u00e9 pour les rides moyennes \u00e0 profondes des l\u00e8vres, les sillons nasog\u00e9niens, les rides de la marionnette et le menton.<\/p>\n","protected":false},"excerpt":{"rendered":"<p>INTRALINE M3\u00ae Plus est un <strong>produit de comblement dermique de haute qualit\u00e9<\/strong> con\u00e7u pour redonner du volume et redessiner les contours du visage.<\/p>\n<p>Compos\u00e9 d&#8217;<strong>acide hyaluronique r\u00e9ticul\u00e9<\/strong>, il lisse efficacement les rides, am\u00e9liore les traits du visage et rajeunit la peau. Sa <strong>formule avanc\u00e9e<\/strong> garantit des r\u00e9sultats naturels et durables avec un minimum d&#8217;effets secondaires.<\/p>\n<p><strong>Achetez <\/strong><strong>INTRALINE M3\u00ae Plus <\/strong><strong>de Kinami Health<\/strong> pour b\u00e9n\u00e9ficier d&#8217;offres de gros et d&#8217;une livraison rapide \u00e0 votre cabinet m\u00e9dical.<\/p>\n","protected":false},"featured_media":107917,"comment_status":"closed","ping_status":"closed","template":"","meta":{"_acf_changed":false,"inline_featured_image":false},"product_brand":[1184],"product_cat":[1217],"product_tag":[1222],"class_list":{"0":"post-107916","1":"product","2":"type-product","3":"status-publish","4":"has-post-thumbnail","6":"product_brand-intraline","7":"product_cat-produits-de-comblement-dermique","8":"product_tag-dispositifs-medicaux","10":"first","11":"instock","12":"taxable","13":"shipping-taxable","14":"purchasable","15":"product-type-simple","16":"add-to-wishlist-before_image"},"acf":[],"yoast_head":"<!-- This site is optimized with the Yoast SEO plugin v27.5 - https:\/\/yoast.com\/product\/yoast-seo-wordpress\/ -->\n<title>Commander INTRALINE M3 Plus en ligne | Boutique en ligne | Kinami Health<\/title>\n<meta name=\"description\" content=\"Achetez INTRALINE M3\u00ae Plus en ligne pour traiter les rides moyennes \u00e0 profondes, repulper les l\u00e8vres et redessiner les contours du visage. Commandez d\u00e8s maintenant chez Kinami Health.\" \/>\n<meta name=\"robots\" content=\"index, follow, max-snippet:-1, max-image-preview:large, max-video-preview:-1\" \/>\n<link rel=\"canonical\" href=\"https:\/\/kinamihealth.com\/fr\/wp-json\/wp\/v2\/product\/107916\" \/>\n<meta property=\"og:locale\" content=\"fr_FR\" \/>\n<meta property=\"og:type\" content=\"article\" \/>\n<meta property=\"og:title\" content=\"Commander INTRALINE M3 Plus en ligne | Boutique en ligne | Kinami Health\" \/>\n<meta property=\"og:description\" content=\"Achetez INTRALINE M3\u00ae Plus en ligne pour traiter les rides moyennes \u00e0 profondes, repulper les l\u00e8vres et redessiner les contours du visage. Commandez d\u00e8s maintenant chez Kinami Health.\" \/>\n<meta property=\"og:url\" content=\"https:\/\/kinamihealth.com\/fr\/product\/intraline-m3-plus\/\" \/>\n<meta property=\"og:site_name\" content=\"Kinami Health\" \/>\n<meta property=\"article:modified_time\" content=\"2026-01-21T15:33:39+00:00\" \/>\n<meta property=\"og:image\" content=\"https:\/\/kinamihealth.com\/wp-content\/uploads\/2025\/02\/INTRALINE-M3-PLUS-01.jpg\" \/>\n\t<meta property=\"og:image:width\" content=\"800\" \/>\n\t<meta property=\"og:image:height\" content=\"800\" \/>\n\t<meta property=\"og:image:type\" content=\"image\/jpeg\" \/>\n<meta name=\"twitter:card\" content=\"summary_large_image\" \/>\n<meta name=\"twitter:label1\" content=\"Dur\u00e9e de lecture estim\u00e9e\" \/>\n\t<meta name=\"twitter:data1\" content=\"1 minute\" \/>\n<!-- \/ Yoast SEO plugin. -->","yoast_head_json":{"title":"Commander INTRALINE M3 Plus en ligne | Boutique en ligne | Kinami Health","description":"Achetez INTRALINE M3\u00ae Plus en ligne pour traiter les rides moyennes \u00e0 profondes, repulper les l\u00e8vres et redessiner les contours du visage. Commandez d\u00e8s maintenant chez Kinami Health.","robots":{"index":"index","follow":"follow","max-snippet":"max-snippet:-1","max-image-preview":"max-image-preview:large","max-video-preview":"max-video-preview:-1"},"canonical":"https:\/\/kinamihealth.com\/fr\/wp-json\/wp\/v2\/product\/107916","og_locale":"fr_FR","og_type":"article","og_title":"Commander INTRALINE M3 Plus en ligne | Boutique en ligne | Kinami Health","og_description":"Achetez INTRALINE M3\u00ae Plus en ligne pour traiter les rides moyennes \u00e0 profondes, repulper les l\u00e8vres et redessiner les contours du visage. Commandez d\u00e8s maintenant chez Kinami Health.","og_url":"https:\/\/kinamihealth.com\/fr\/product\/intraline-m3-plus\/","og_site_name":"Kinami Health","article_modified_time":"2026-01-21T15:33:39+00:00","og_image":[{"width":800,"height":800,"url":"https:\/\/kinamihealth.com\/wp-content\/uploads\/2025\/02\/INTRALINE-M3-PLUS-01.jpg","type":"image\/jpeg"}],"twitter_card":"summary_large_image","twitter_misc":{"Dur\u00e9e de lecture estim\u00e9e":"1 minute"},"schema":{"@context":"https:\/\/schema.org","@graph":[{"@type":"WebPage","@id":"https:\/\/kinamihealth.com\/fr\/product\/intraline-m3-plus\/","url":"https:\/\/kinamihealth.com\/fr\/product\/intraline-m3-plus\/","name":"Commander INTRALINE M3 Plus en ligne | Boutique en ligne | Kinami Health","isPartOf":{"@id":"https:\/\/kinamihealth.com\/#website"},"primaryImageOfPage":{"@id":"https:\/\/kinamihealth.com\/fr\/product\/intraline-m3-plus\/#primaryimage"},"image":{"@id":"https:\/\/kinamihealth.com\/fr\/product\/intraline-m3-plus\/#primaryimage"},"thumbnailUrl":"https:\/\/kinamihealth.com\/wp-content\/uploads\/2025\/02\/INTRALINE-M3-PLUS-01.jpg","datePublished":"2025-02-15T16:55:29+00:00","dateModified":"2026-01-21T15:33:39+00:00","description":"Achetez INTRALINE M3\u00ae Plus en ligne pour traiter les rides moyennes \u00e0 profondes, repulper les l\u00e8vres et redessiner les contours du visage. Commandez d\u00e8s maintenant chez Kinami Health.","breadcrumb":{"@id":"https:\/\/kinamihealth.com\/fr\/product\/intraline-m3-plus\/#breadcrumb"},"inLanguage":"fr-FR","potentialAction":[{"@type":"ReadAction","target":["https:\/\/kinamihealth.com\/fr\/product\/intraline-m3-plus\/"]}]},{"@type":"ImageObject","inLanguage":"fr-FR","@id":"https:\/\/kinamihealth.com\/fr\/product\/intraline-m3-plus\/#primaryimage","url":"https:\/\/kinamihealth.com\/wp-content\/uploads\/2025\/02\/INTRALINE-M3-PLUS-01.jpg","contentUrl":"https:\/\/kinamihealth.com\/wp-content\/uploads\/2025\/02\/INTRALINE-M3-PLUS-01.jpg","width":800,"height":800},{"@type":"BreadcrumbList","@id":"https:\/\/kinamihealth.com\/fr\/product\/intraline-m3-plus\/#breadcrumb","itemListElement":[{"@type":"ListItem","position":1,"name":"Page d'accueil","item":"https:\/\/kinamihealth.com\/"},{"@type":"ListItem","position":2,"name":"Boutique","item":"https:\/\/kinamihealth.com\/shop\/"},{"@type":"ListItem","position":3,"name":"INTRALINE M3 PLUS"}]},{"@type":"WebSite","@id":"https:\/\/kinamihealth.com\/#website","url":"https:\/\/kinamihealth.com\/","name":"Kinami Health","description":"","publisher":{"@id":"https:\/\/kinamihealth.com\/#organization"},"potentialAction":[{"@type":"SearchAction","target":{"@type":"EntryPoint","urlTemplate":"https:\/\/kinamihealth.com\/?s={search_term_string}"},"query-input":{"@type":"PropertyValueSpecification","valueRequired":true,"valueName":"search_term_string"}}],"inLanguage":"fr-FR"},{"@type":"Organization","@id":"https:\/\/kinamihealth.com\/#organization","name":"Kinami Health","url":"https:\/\/kinamihealth.com\/","logo":{"@type":"ImageObject","inLanguage":"fr-FR","@id":"https:\/\/kinamihealth.com\/#\/schema\/logo\/image\/","url":"https:\/\/kinamihealth.com\/wp-content\/uploads\/2025\/01\/KH_logo_black_2-1.png","contentUrl":"https:\/\/kinamihealth.com\/wp-content\/uploads\/2025\/01\/KH_logo_black_2-1.png","width":339,"height":34,"caption":"Kinami Health"},"image":{"@id":"https:\/\/kinamihealth.com\/#\/schema\/logo\/image\/"}}]}},"_links":{"self":[{"href":"https:\/\/kinamihealth.com\/fr\/wp-json\/wp\/v2\/product\/107916","targetHints":{"allow":["GET"]}}],"collection":[{"href":"https:\/\/kinamihealth.com\/fr\/wp-json\/wp\/v2\/product"}],"about":[{"href":"https:\/\/kinamihealth.com\/fr\/wp-json\/wp\/v2\/types\/product"}],"replies":[{"embeddable":true,"href":"https:\/\/kinamihealth.com\/fr\/wp-json\/wp\/v2\/comments?post=107916"}],"version-history":[{"count":0,"href":"https:\/\/kinamihealth.com\/fr\/wp-json\/wp\/v2\/product\/107916\/revisions"}],"wp:featuredmedia":[{"embeddable":true,"href":"https:\/\/kinamihealth.com\/fr\/wp-json\/wp\/v2\/media\/107917"}],"wp:attachment":[{"href":"https:\/\/kinamihealth.com\/fr\/wp-json\/wp\/v2\/media?parent=107916"}],"wp:term":[{"taxonomy":"product_brand","embeddable":true,"href":"https:\/\/kinamihealth.com\/fr\/wp-json\/wp\/v2\/product_brand?post=107916"},{"taxonomy":"product_cat","embeddable":true,"href":"https:\/\/kinamihealth.com\/fr\/wp-json\/wp\/v2\/product_cat?post=107916"},{"taxonomy":"product_tag","embeddable":true,"href":"https:\/\/kinamihealth.com\/fr\/wp-json\/wp\/v2\/product_tag?post=107916"}],"curies":[{"name":"wp","href":"https:\/\/api.w.org\/{rel}","templated":true}]}}