{"id":107907,"date":"2025-02-15T16:55:30","date_gmt":"2025-02-15T16:55:30","guid":{"rendered":"https:\/\/kinamihealth.com\/product\/intraline-m4-plus\/"},"modified":"2026-01-21T15:33:29","modified_gmt":"2026-01-21T15:33:29","slug":"intraline-m4-plus","status":"publish","type":"product","link":"https:\/\/kinamihealth.com\/fr\/produit\/intraline-m4-plus\/","title":{"rendered":"INTRALINE M4 PLUS"},"content":{"rendered":"<p>INTRALINE\u00ae M4 PLUS avec lidoca\u00efne est un produit de comblement dermique particuli\u00e8rement adapt\u00e9 aux rides profondes et au remodelage du contour du visage au niveau des joues, du menton et de la m\u00e2choire. Il est \u00e9galement id\u00e9al pour la rhinoplastie non chirurgicale.<\/p>\n","protected":false},"excerpt":{"rendered":"<p>INTRALINE\u00ae M4 PLUS avec lidoca\u00efne est un produit de comblement dermique particuli\u00e8rement adapt\u00e9 aux rides profondes et au remodelage du contour du visage au niveau des joues, du menton et de la m\u00e2choire. Il est \u00e9galement id\u00e9al pour la rhinoplastie non chirurgicale.<\/p>\n","protected":false},"featured_media":107908,"comment_status":"closed","ping_status":"closed","template":"","meta":{"_acf_changed":false,"inline_featured_image":false},"product_brand":[1184],"product_cat":[1217],"product_tag":[1222],"class_list":{"0":"post-107907","1":"product","2":"type-product","3":"status-publish","4":"has-post-thumbnail","6":"product_brand-intraline","7":"product_cat-produits-de-comblement-dermique","8":"product_tag-dispositifs-medicaux","10":"first","11":"instock","12":"taxable","13":"shipping-taxable","14":"purchasable","15":"product-type-simple","16":"add-to-wishlist-before_image"},"acf":[],"yoast_head":"<!-- This site is optimized with the Yoast SEO plugin v27.5 - https:\/\/yoast.com\/product\/yoast-seo-wordpress\/ -->\n<title>Commander INTRALINE M4 Plus en ligne | Boutique en ligne | Kinami Health<\/title>\n<meta name=\"description\" content=\"Commandez INTRALINE\u00ae M4 PLUS en ligne \u2013 un produit de comblement dermique monophas\u00e9 de haute qualit\u00e9 contenant les plus grosses mol\u00e9cules d&#039;acide hyaluronique de la gamme. Il est id\u00e9al pour les patients pr\u00e9sentant une perte de volume importante ou souhaitant une correction non invasive du nez.\" \/>\n<meta name=\"robots\" content=\"index, follow, max-snippet:-1, max-image-preview:large, max-video-preview:-1\" \/>\n<link rel=\"canonical\" href=\"https:\/\/kinamihealth.com\/fr\/wp-json\/wp\/v2\/product\/107907\" \/>\n<meta property=\"og:locale\" content=\"fr_FR\" \/>\n<meta property=\"og:type\" content=\"article\" \/>\n<meta property=\"og:title\" content=\"Commander INTRALINE M4 Plus en ligne | Boutique en ligne | Kinami Health\" \/>\n<meta property=\"og:description\" content=\"Commandez INTRALINE\u00ae M4 PLUS en ligne \u2013 un produit de comblement dermique monophas\u00e9 de haute qualit\u00e9 contenant les plus grosses mol\u00e9cules d&#039;acide hyaluronique de la gamme. Il est id\u00e9al pour les patients pr\u00e9sentant une perte de volume importante ou souhaitant une correction non invasive du nez.\" \/>\n<meta property=\"og:url\" content=\"https:\/\/kinamihealth.com\/fr\/product\/intraline-m4-plus\/\" \/>\n<meta property=\"og:site_name\" content=\"Kinami Health\" \/>\n<meta property=\"article:modified_time\" content=\"2026-01-21T15:33:29+00:00\" \/>\n<meta property=\"og:image\" content=\"https:\/\/kinamihealth.com\/wp-content\/uploads\/2025\/02\/INTRALINE-M4-PLUS-01.jpg\" \/>\n\t<meta property=\"og:image:width\" content=\"800\" \/>\n\t<meta property=\"og:image:height\" content=\"800\" \/>\n\t<meta property=\"og:image:type\" content=\"image\/jpeg\" \/>\n<meta name=\"twitter:card\" content=\"summary_large_image\" \/>\n<meta name=\"twitter:label1\" content=\"Dur\u00e9e de lecture estim\u00e9e\" \/>\n\t<meta name=\"twitter:data1\" content=\"1 minute\" \/>\n<!-- \/ Yoast SEO plugin. -->","yoast_head_json":{"title":"Commander INTRALINE M4 Plus en ligne | Boutique en ligne | Kinami Health","description":"Commandez INTRALINE\u00ae M4 PLUS en ligne \u2013 un produit de comblement dermique monophas\u00e9 de haute qualit\u00e9 contenant les plus grosses mol\u00e9cules d'acide hyaluronique de la gamme. Il est id\u00e9al pour les patients pr\u00e9sentant une perte de volume importante ou souhaitant une correction non invasive du nez.","robots":{"index":"index","follow":"follow","max-snippet":"max-snippet:-1","max-image-preview":"max-image-preview:large","max-video-preview":"max-video-preview:-1"},"canonical":"https:\/\/kinamihealth.com\/fr\/wp-json\/wp\/v2\/product\/107907","og_locale":"fr_FR","og_type":"article","og_title":"Commander INTRALINE M4 Plus en ligne | Boutique en ligne | Kinami Health","og_description":"Commandez INTRALINE\u00ae M4 PLUS en ligne \u2013 un produit de comblement dermique monophas\u00e9 de haute qualit\u00e9 contenant les plus grosses mol\u00e9cules d'acide hyaluronique de la gamme. Il est id\u00e9al pour les patients pr\u00e9sentant une perte de volume importante ou souhaitant une correction non invasive du nez.","og_url":"https:\/\/kinamihealth.com\/fr\/product\/intraline-m4-plus\/","og_site_name":"Kinami Health","article_modified_time":"2026-01-21T15:33:29+00:00","og_image":[{"width":800,"height":800,"url":"https:\/\/kinamihealth.com\/wp-content\/uploads\/2025\/02\/INTRALINE-M4-PLUS-01.jpg","type":"image\/jpeg"}],"twitter_card":"summary_large_image","twitter_misc":{"Dur\u00e9e de lecture estim\u00e9e":"1 minute"},"schema":{"@context":"https:\/\/schema.org","@graph":[{"@type":"WebPage","@id":"https:\/\/kinamihealth.com\/fr\/product\/intraline-m4-plus\/","url":"https:\/\/kinamihealth.com\/fr\/product\/intraline-m4-plus\/","name":"Commander INTRALINE M4 Plus en ligne | Boutique en ligne | Kinami Health","isPartOf":{"@id":"https:\/\/kinamihealth.com\/#website"},"primaryImageOfPage":{"@id":"https:\/\/kinamihealth.com\/fr\/product\/intraline-m4-plus\/#primaryimage"},"image":{"@id":"https:\/\/kinamihealth.com\/fr\/product\/intraline-m4-plus\/#primaryimage"},"thumbnailUrl":"https:\/\/kinamihealth.com\/wp-content\/uploads\/2025\/02\/INTRALINE-M4-PLUS-01.jpg","datePublished":"2025-02-15T16:55:30+00:00","dateModified":"2026-01-21T15:33:29+00:00","description":"Commandez INTRALINE\u00ae M4 PLUS en ligne \u2013 un produit de comblement dermique monophas\u00e9 de haute qualit\u00e9 contenant les plus grosses mol\u00e9cules d'acide hyaluronique de la gamme. Il est id\u00e9al pour les patients pr\u00e9sentant une perte de volume importante ou souhaitant une correction non invasive du nez.","breadcrumb":{"@id":"https:\/\/kinamihealth.com\/fr\/product\/intraline-m4-plus\/#breadcrumb"},"inLanguage":"fr-FR","potentialAction":[{"@type":"ReadAction","target":["https:\/\/kinamihealth.com\/fr\/product\/intraline-m4-plus\/"]}]},{"@type":"ImageObject","inLanguage":"fr-FR","@id":"https:\/\/kinamihealth.com\/fr\/product\/intraline-m4-plus\/#primaryimage","url":"https:\/\/kinamihealth.com\/wp-content\/uploads\/2025\/02\/INTRALINE-M4-PLUS-01.jpg","contentUrl":"https:\/\/kinamihealth.com\/wp-content\/uploads\/2025\/02\/INTRALINE-M4-PLUS-01.jpg","width":800,"height":800},{"@type":"BreadcrumbList","@id":"https:\/\/kinamihealth.com\/fr\/product\/intraline-m4-plus\/#breadcrumb","itemListElement":[{"@type":"ListItem","position":1,"name":"Page d'accueil","item":"https:\/\/kinamihealth.com\/"},{"@type":"ListItem","position":2,"name":"Boutique","item":"https:\/\/kinamihealth.com\/shop\/"},{"@type":"ListItem","position":3,"name":"INTRALINE M4 PLUS"}]},{"@type":"WebSite","@id":"https:\/\/kinamihealth.com\/#website","url":"https:\/\/kinamihealth.com\/","name":"Kinami Health","description":"","publisher":{"@id":"https:\/\/kinamihealth.com\/#organization"},"potentialAction":[{"@type":"SearchAction","target":{"@type":"EntryPoint","urlTemplate":"https:\/\/kinamihealth.com\/?s={search_term_string}"},"query-input":{"@type":"PropertyValueSpecification","valueRequired":true,"valueName":"search_term_string"}}],"inLanguage":"fr-FR"},{"@type":"Organization","@id":"https:\/\/kinamihealth.com\/#organization","name":"Kinami Health","url":"https:\/\/kinamihealth.com\/","logo":{"@type":"ImageObject","inLanguage":"fr-FR","@id":"https:\/\/kinamihealth.com\/#\/schema\/logo\/image\/","url":"https:\/\/kinamihealth.com\/wp-content\/uploads\/2025\/01\/KH_logo_black_2-1.png","contentUrl":"https:\/\/kinamihealth.com\/wp-content\/uploads\/2025\/01\/KH_logo_black_2-1.png","width":339,"height":34,"caption":"Kinami Health"},"image":{"@id":"https:\/\/kinamihealth.com\/#\/schema\/logo\/image\/"}}]}},"_links":{"self":[{"href":"https:\/\/kinamihealth.com\/fr\/wp-json\/wp\/v2\/product\/107907","targetHints":{"allow":["GET"]}}],"collection":[{"href":"https:\/\/kinamihealth.com\/fr\/wp-json\/wp\/v2\/product"}],"about":[{"href":"https:\/\/kinamihealth.com\/fr\/wp-json\/wp\/v2\/types\/product"}],"replies":[{"embeddable":true,"href":"https:\/\/kinamihealth.com\/fr\/wp-json\/wp\/v2\/comments?post=107907"}],"version-history":[{"count":0,"href":"https:\/\/kinamihealth.com\/fr\/wp-json\/wp\/v2\/product\/107907\/revisions"}],"wp:featuredmedia":[{"embeddable":true,"href":"https:\/\/kinamihealth.com\/fr\/wp-json\/wp\/v2\/media\/107908"}],"wp:attachment":[{"href":"https:\/\/kinamihealth.com\/fr\/wp-json\/wp\/v2\/media?parent=107907"}],"wp:term":[{"taxonomy":"product_brand","embeddable":true,"href":"https:\/\/kinamihealth.com\/fr\/wp-json\/wp\/v2\/product_brand?post=107907"},{"taxonomy":"product_cat","embeddable":true,"href":"https:\/\/kinamihealth.com\/fr\/wp-json\/wp\/v2\/product_cat?post=107907"},{"taxonomy":"product_tag","embeddable":true,"href":"https:\/\/kinamihealth.com\/fr\/wp-json\/wp\/v2\/product_tag?post=107907"}],"curies":[{"name":"wp","href":"https:\/\/api.w.org\/{rel}","templated":true}]}}