{"id":107901,"date":"2025-02-15T16:55:31","date_gmt":"2025-02-15T16:55:31","guid":{"rendered":"https:\/\/kinamihealth.com\/product\/intraline-mono-29g-38-50-6-0\/"},"modified":"2026-01-21T15:37:12","modified_gmt":"2026-01-21T15:37:12","slug":"intraline-mono-29g-38-50-6-0","status":"publish","type":"product","link":"https:\/\/kinamihealth.com\/fr\/produit\/intraline-mono-29g-38-50-6-0\/","title":{"rendered":"INTRALINE\u00ae MONO 29G 38 50 6-0"},"content":{"rendered":"<p>Les fils INTRALINE\u00ae MONO 29G 38 50 6-0 sont sp\u00e9cialement con\u00e7us pour une insertion pr\u00e9cise et une r\u00e9tention cutan\u00e9e optimale, garantissant des r\u00e9sultats sup\u00e9rieurs. Ces fils PDO lisses sont fabriqu\u00e9s \u00e0 partir de polydioxanone, un polym\u00e8re synth\u00e9tique incolore et biod\u00e9gradable largement utilis\u00e9 dans les proc\u00e9dures chirurgicales. Con\u00e7us pour traiter le vieillissement du visage, le rel\u00e2chement cutan\u00e9, l&#8217;asym\u00e9trie et d&#8217;autres probl\u00e8mes esth\u00e9tiques, ces fils constituent une solution id\u00e9ale pour les patients qui souhaitent rajeunir leur peau sans recourir \u00e0 des proc\u00e9dures invasives.<\/p>\n","protected":false},"excerpt":{"rendered":"<p>Les fils INTRALINE\u00ae MONO 29G 38 50 6-0 sont sp\u00e9cialement con\u00e7us pour une insertion pr\u00e9cise et une r\u00e9tention cutan\u00e9e optimale, garantissant des r\u00e9sultats sup\u00e9rieurs. Ces fils PDO lisses sont fabriqu\u00e9s \u00e0 partir de polydioxanone, un polym\u00e8re synth\u00e9tique incolore et biod\u00e9gradable largement utilis\u00e9 dans les proc\u00e9dures chirurgicales. Con\u00e7us pour traiter le vieillissement du visage, le rel\u00e2chement [&hellip;]<\/p>\n","protected":false},"featured_media":107904,"comment_status":"closed","ping_status":"closed","template":"","meta":{"_acf_changed":false,"inline_featured_image":false},"product_brand":[1184],"product_cat":[1381],"product_tag":[1222],"class_list":{"0":"post-107901","1":"product","2":"type-product","3":"status-publish","4":"has-post-thumbnail","6":"product_brand-intraline","7":"product_cat-fils-tenseurs-et-sutures","8":"product_tag-dispositifs-medicaux","10":"first","11":"instock","12":"taxable","13":"shipping-taxable","14":"purchasable","15":"product-type-simple","16":"add-to-wishlist-before_image"},"acf":[],"yoast_head":"<!-- This site is optimized with the Yoast SEO plugin v27.5 - https:\/\/yoast.com\/product\/yoast-seo-wordpress\/ -->\n<title>Commander INTRALINE\u00ae MONO 29G 38 50 6-0 en ligne | Boutique en ligne | Kinami Health<\/title>\n<meta name=\"description\" content=\"Commandez INTRALINE\u00ae MONO 29G 38 50 6-0 en ligne. Ce produit raffermit la peau instantan\u00e9ment tout en stimulant la production de collag\u00e8ne pour un rajeunissement et un \u00e9clat durables.\" \/>\n<meta name=\"robots\" content=\"index, follow, max-snippet:-1, max-image-preview:large, max-video-preview:-1\" \/>\n<link rel=\"canonical\" href=\"https:\/\/kinamihealth.com\/fr\/wp-json\/wp\/v2\/product\/107901\" \/>\n<meta property=\"og:locale\" content=\"fr_FR\" \/>\n<meta property=\"og:type\" content=\"article\" \/>\n<meta property=\"og:title\" content=\"Commander INTRALINE\u00ae MONO 29G 38 50 6-0 en ligne | Boutique en ligne | Kinami Health\" \/>\n<meta property=\"og:description\" content=\"Commandez INTRALINE\u00ae MONO 29G 38 50 6-0 en ligne. Ce produit raffermit la peau instantan\u00e9ment tout en stimulant la production de collag\u00e8ne pour un rajeunissement et un \u00e9clat durables.\" \/>\n<meta property=\"og:url\" content=\"https:\/\/kinamihealth.com\/fr\/product\/intraline-mono-29g-38-50-6-0\/\" \/>\n<meta property=\"og:site_name\" content=\"Kinami Health\" \/>\n<meta property=\"article:modified_time\" content=\"2026-01-21T15:37:12+00:00\" \/>\n<meta property=\"og:image\" content=\"https:\/\/kinamihealth.com\/wp-content\/uploads\/2025\/02\/INTRALINE-MONO-29G-38-50-6-0_Front.webp\" \/>\n\t<meta property=\"og:image:width\" content=\"1500\" \/>\n\t<meta property=\"og:image:height\" content=\"1500\" \/>\n\t<meta property=\"og:image:type\" content=\"image\/webp\" \/>\n<meta name=\"twitter:card\" content=\"summary_large_image\" \/>\n<meta name=\"twitter:label1\" content=\"Dur\u00e9e de lecture estim\u00e9e\" \/>\n\t<meta name=\"twitter:data1\" content=\"1 minute\" \/>\n<!-- \/ Yoast SEO plugin. -->","yoast_head_json":{"title":"Commander INTRALINE\u00ae MONO 29G 38 50 6-0 en ligne | Boutique en ligne | Kinami Health","description":"Commandez INTRALINE\u00ae MONO 29G 38 50 6-0 en ligne. Ce produit raffermit la peau instantan\u00e9ment tout en stimulant la production de collag\u00e8ne pour un rajeunissement et un \u00e9clat durables.","robots":{"index":"index","follow":"follow","max-snippet":"max-snippet:-1","max-image-preview":"max-image-preview:large","max-video-preview":"max-video-preview:-1"},"canonical":"https:\/\/kinamihealth.com\/fr\/wp-json\/wp\/v2\/product\/107901","og_locale":"fr_FR","og_type":"article","og_title":"Commander INTRALINE\u00ae MONO 29G 38 50 6-0 en ligne | Boutique en ligne | Kinami Health","og_description":"Commandez INTRALINE\u00ae MONO 29G 38 50 6-0 en ligne. Ce produit raffermit la peau instantan\u00e9ment tout en stimulant la production de collag\u00e8ne pour un rajeunissement et un \u00e9clat durables.","og_url":"https:\/\/kinamihealth.com\/fr\/product\/intraline-mono-29g-38-50-6-0\/","og_site_name":"Kinami Health","article_modified_time":"2026-01-21T15:37:12+00:00","og_image":[{"width":1500,"height":1500,"url":"https:\/\/kinamihealth.com\/wp-content\/uploads\/2025\/02\/INTRALINE-MONO-29G-38-50-6-0_Front.webp","type":"image\/webp"}],"twitter_card":"summary_large_image","twitter_misc":{"Dur\u00e9e de lecture estim\u00e9e":"1 minute"},"schema":{"@context":"https:\/\/schema.org","@graph":[{"@type":"WebPage","@id":"https:\/\/kinamihealth.com\/fr\/product\/intraline-mono-29g-38-50-6-0\/","url":"https:\/\/kinamihealth.com\/fr\/product\/intraline-mono-29g-38-50-6-0\/","name":"Commander INTRALINE\u00ae MONO 29G 38 50 6-0 en ligne | Boutique en ligne | Kinami Health","isPartOf":{"@id":"https:\/\/kinamihealth.com\/#website"},"primaryImageOfPage":{"@id":"https:\/\/kinamihealth.com\/fr\/product\/intraline-mono-29g-38-50-6-0\/#primaryimage"},"image":{"@id":"https:\/\/kinamihealth.com\/fr\/product\/intraline-mono-29g-38-50-6-0\/#primaryimage"},"thumbnailUrl":"https:\/\/kinamihealth.com\/wp-content\/uploads\/2025\/02\/INTRALINE-MONO-29G-38-50-6-0_Front.webp","datePublished":"2025-02-15T16:55:31+00:00","dateModified":"2026-01-21T15:37:12+00:00","description":"Commandez INTRALINE\u00ae MONO 29G 38 50 6-0 en ligne. Ce produit raffermit la peau instantan\u00e9ment tout en stimulant la production de collag\u00e8ne pour un rajeunissement et un \u00e9clat durables.","breadcrumb":{"@id":"https:\/\/kinamihealth.com\/fr\/product\/intraline-mono-29g-38-50-6-0\/#breadcrumb"},"inLanguage":"fr-FR","potentialAction":[{"@type":"ReadAction","target":["https:\/\/kinamihealth.com\/fr\/product\/intraline-mono-29g-38-50-6-0\/"]}]},{"@type":"ImageObject","inLanguage":"fr-FR","@id":"https:\/\/kinamihealth.com\/fr\/product\/intraline-mono-29g-38-50-6-0\/#primaryimage","url":"https:\/\/kinamihealth.com\/wp-content\/uploads\/2025\/02\/INTRALINE-MONO-29G-38-50-6-0_Front.webp","contentUrl":"https:\/\/kinamihealth.com\/wp-content\/uploads\/2025\/02\/INTRALINE-MONO-29G-38-50-6-0_Front.webp","width":1500,"height":1500},{"@type":"BreadcrumbList","@id":"https:\/\/kinamihealth.com\/fr\/product\/intraline-mono-29g-38-50-6-0\/#breadcrumb","itemListElement":[{"@type":"ListItem","position":1,"name":"Page d'accueil","item":"https:\/\/kinamihealth.com\/"},{"@type":"ListItem","position":2,"name":"Boutique","item":"https:\/\/kinamihealth.com\/shop\/"},{"@type":"ListItem","position":3,"name":"INTRALINE\u00ae MONO 29G 38 50 6-0"}]},{"@type":"WebSite","@id":"https:\/\/kinamihealth.com\/#website","url":"https:\/\/kinamihealth.com\/","name":"Kinami Health","description":"","publisher":{"@id":"https:\/\/kinamihealth.com\/#organization"},"potentialAction":[{"@type":"SearchAction","target":{"@type":"EntryPoint","urlTemplate":"https:\/\/kinamihealth.com\/?s={search_term_string}"},"query-input":{"@type":"PropertyValueSpecification","valueRequired":true,"valueName":"search_term_string"}}],"inLanguage":"fr-FR"},{"@type":"Organization","@id":"https:\/\/kinamihealth.com\/#organization","name":"Kinami Health","url":"https:\/\/kinamihealth.com\/","logo":{"@type":"ImageObject","inLanguage":"fr-FR","@id":"https:\/\/kinamihealth.com\/#\/schema\/logo\/image\/","url":"https:\/\/kinamihealth.com\/wp-content\/uploads\/2025\/01\/KH_logo_black_2-1.png","contentUrl":"https:\/\/kinamihealth.com\/wp-content\/uploads\/2025\/01\/KH_logo_black_2-1.png","width":339,"height":34,"caption":"Kinami Health"},"image":{"@id":"https:\/\/kinamihealth.com\/#\/schema\/logo\/image\/"}}]}},"_links":{"self":[{"href":"https:\/\/kinamihealth.com\/fr\/wp-json\/wp\/v2\/product\/107901","targetHints":{"allow":["GET"]}}],"collection":[{"href":"https:\/\/kinamihealth.com\/fr\/wp-json\/wp\/v2\/product"}],"about":[{"href":"https:\/\/kinamihealth.com\/fr\/wp-json\/wp\/v2\/types\/product"}],"replies":[{"embeddable":true,"href":"https:\/\/kinamihealth.com\/fr\/wp-json\/wp\/v2\/comments?post=107901"}],"version-history":[{"count":0,"href":"https:\/\/kinamihealth.com\/fr\/wp-json\/wp\/v2\/product\/107901\/revisions"}],"wp:featuredmedia":[{"embeddable":true,"href":"https:\/\/kinamihealth.com\/fr\/wp-json\/wp\/v2\/media\/107904"}],"wp:attachment":[{"href":"https:\/\/kinamihealth.com\/fr\/wp-json\/wp\/v2\/media?parent=107901"}],"wp:term":[{"taxonomy":"product_brand","embeddable":true,"href":"https:\/\/kinamihealth.com\/fr\/wp-json\/wp\/v2\/product_brand?post=107901"},{"taxonomy":"product_cat","embeddable":true,"href":"https:\/\/kinamihealth.com\/fr\/wp-json\/wp\/v2\/product_cat?post=107901"},{"taxonomy":"product_tag","embeddable":true,"href":"https:\/\/kinamihealth.com\/fr\/wp-json\/wp\/v2\/product_tag?post=107901"}],"curies":[{"name":"wp","href":"https:\/\/api.w.org\/{rel}","templated":true}]}}