{"id":107895,"date":"2025-02-15T16:55:32","date_gmt":"2025-02-15T16:55:32","guid":{"rendered":"https:\/\/kinamihealth.com\/product\/intraline-mono-29g-50-70-6-0\/"},"modified":"2026-01-21T15:37:23","modified_gmt":"2026-01-21T15:37:23","slug":"intraline-mono-29g-50-70-6-0","status":"publish","type":"product","link":"https:\/\/kinamihealth.com\/fr\/produit\/intraline-mono-29g-50-70-6-0\/","title":{"rendered":"INTRALINE\u00ae MONO 29G 50 70 6-0"},"content":{"rendered":"<p>Les fils Intraline Mono 29G 50 70 6-0 PDO (polydioxanone) liftent et raffermissent les tissus cutan\u00e9s rel\u00e2ch\u00e9s en stimulant la production de collag\u00e8ne. Cette m\u00e9thode de lifting consiste \u00e0 implanter plusieurs fils fins en polydioxanone (PDO) dans la couche sous-cutan\u00e9e de la peau, cr\u00e9ant ainsi un r\u00e9seau vectoriel qui soutient les tissus.<\/p>\n","protected":false},"excerpt":{"rendered":"<p>Les fils Intraline Mono 29G 50 70 6-0 PDO (polydioxanone) liftent et raffermissent les tissus cutan\u00e9s rel\u00e2ch\u00e9s en stimulant la production de collag\u00e8ne. Cette m\u00e9thode de lifting consiste \u00e0 implanter plusieurs fils fins en polydioxanone (PDO) dans la couche sous-cutan\u00e9e de la peau, cr\u00e9ant ainsi un r\u00e9seau vectoriel qui soutient les tissus.<\/p>\n","protected":false},"featured_media":107896,"comment_status":"closed","ping_status":"closed","template":"","meta":{"_acf_changed":false,"inline_featured_image":false},"product_brand":[1184],"product_cat":[1381],"product_tag":[1222],"class_list":{"0":"post-107895","1":"product","2":"type-product","3":"status-publish","4":"has-post-thumbnail","6":"product_brand-intraline","7":"product_cat-fils-tenseurs-et-sutures","8":"product_tag-dispositifs-medicaux","10":"first","11":"instock","12":"taxable","13":"shipping-taxable","14":"purchasable","15":"product-type-simple","16":"add-to-wishlist-before_image"},"acf":[],"yoast_head":"<!-- This site is optimized with the Yoast SEO plugin v27.5 - https:\/\/yoast.com\/product\/yoast-seo-wordpress\/ -->\n<title>Commander INTRALINE\u00ae MONO 29G 50 70 6-0 en ligne | Boutique en ligne | Kinami Health<\/title>\n<meta name=\"description\" content=\"Commandez INTRALINE\u00ae MONO 29G 50 70 6-0 en ligne pour b\u00e9n\u00e9ficier de ses deux actions. Il lifte et raffermit la peau tout en favorisant la production de collag\u00e8ne pour une apparence plus jeune.\" \/>\n<meta name=\"robots\" content=\"index, follow, max-snippet:-1, max-image-preview:large, max-video-preview:-1\" \/>\n<link rel=\"canonical\" href=\"https:\/\/kinamihealth.com\/fr\/wp-json\/wp\/v2\/product\/107895\" \/>\n<meta property=\"og:locale\" content=\"fr_FR\" \/>\n<meta property=\"og:type\" content=\"article\" \/>\n<meta property=\"og:title\" content=\"Commander INTRALINE\u00ae MONO 29G 50 70 6-0 en ligne | Boutique en ligne | Kinami Health\" \/>\n<meta property=\"og:description\" content=\"Commandez INTRALINE\u00ae MONO 29G 50 70 6-0 en ligne pour b\u00e9n\u00e9ficier de ses deux actions. Il lifte et raffermit la peau tout en favorisant la production de collag\u00e8ne pour une apparence plus jeune.\" \/>\n<meta property=\"og:url\" content=\"https:\/\/kinamihealth.com\/fr\/product\/intraline-mono-29g-50-70-6-0\/\" \/>\n<meta property=\"og:site_name\" content=\"Kinami Health\" \/>\n<meta property=\"article:modified_time\" content=\"2026-01-21T15:37:23+00:00\" \/>\n<meta property=\"og:image\" content=\"https:\/\/kinamihealth.com\/wp-content\/uploads\/2025\/02\/INTRALINE-MONO-29G507060-01.jpg\" \/>\n\t<meta property=\"og:image:width\" content=\"800\" \/>\n\t<meta property=\"og:image:height\" content=\"800\" \/>\n\t<meta property=\"og:image:type\" content=\"image\/jpeg\" \/>\n<meta name=\"twitter:card\" content=\"summary_large_image\" \/>\n<meta name=\"twitter:label1\" content=\"Dur\u00e9e de lecture estim\u00e9e\" \/>\n\t<meta name=\"twitter:data1\" content=\"1 minute\" \/>\n<!-- \/ Yoast SEO plugin. -->","yoast_head_json":{"title":"Commander INTRALINE\u00ae MONO 29G 50 70 6-0 en ligne | Boutique en ligne | Kinami Health","description":"Commandez INTRALINE\u00ae MONO 29G 50 70 6-0 en ligne pour b\u00e9n\u00e9ficier de ses deux actions. Il lifte et raffermit la peau tout en favorisant la production de collag\u00e8ne pour une apparence plus jeune.","robots":{"index":"index","follow":"follow","max-snippet":"max-snippet:-1","max-image-preview":"max-image-preview:large","max-video-preview":"max-video-preview:-1"},"canonical":"https:\/\/kinamihealth.com\/fr\/wp-json\/wp\/v2\/product\/107895","og_locale":"fr_FR","og_type":"article","og_title":"Commander INTRALINE\u00ae MONO 29G 50 70 6-0 en ligne | Boutique en ligne | Kinami Health","og_description":"Commandez INTRALINE\u00ae MONO 29G 50 70 6-0 en ligne pour b\u00e9n\u00e9ficier de ses deux actions. Il lifte et raffermit la peau tout en favorisant la production de collag\u00e8ne pour une apparence plus jeune.","og_url":"https:\/\/kinamihealth.com\/fr\/product\/intraline-mono-29g-50-70-6-0\/","og_site_name":"Kinami Health","article_modified_time":"2026-01-21T15:37:23+00:00","og_image":[{"width":800,"height":800,"url":"https:\/\/kinamihealth.com\/wp-content\/uploads\/2025\/02\/INTRALINE-MONO-29G507060-01.jpg","type":"image\/jpeg"}],"twitter_card":"summary_large_image","twitter_misc":{"Dur\u00e9e de lecture estim\u00e9e":"1 minute"},"schema":{"@context":"https:\/\/schema.org","@graph":[{"@type":"WebPage","@id":"https:\/\/kinamihealth.com\/fr\/product\/intraline-mono-29g-50-70-6-0\/","url":"https:\/\/kinamihealth.com\/fr\/product\/intraline-mono-29g-50-70-6-0\/","name":"Commander INTRALINE\u00ae MONO 29G 50 70 6-0 en ligne | Boutique en ligne | Kinami Health","isPartOf":{"@id":"https:\/\/kinamihealth.com\/#website"},"primaryImageOfPage":{"@id":"https:\/\/kinamihealth.com\/fr\/product\/intraline-mono-29g-50-70-6-0\/#primaryimage"},"image":{"@id":"https:\/\/kinamihealth.com\/fr\/product\/intraline-mono-29g-50-70-6-0\/#primaryimage"},"thumbnailUrl":"https:\/\/kinamihealth.com\/wp-content\/uploads\/2025\/02\/INTRALINE-MONO-29G507060-01.jpg","datePublished":"2025-02-15T16:55:32+00:00","dateModified":"2026-01-21T15:37:23+00:00","description":"Commandez INTRALINE\u00ae MONO 29G 50 70 6-0 en ligne pour b\u00e9n\u00e9ficier de ses deux actions. Il lifte et raffermit la peau tout en favorisant la production de collag\u00e8ne pour une apparence plus jeune.","breadcrumb":{"@id":"https:\/\/kinamihealth.com\/fr\/product\/intraline-mono-29g-50-70-6-0\/#breadcrumb"},"inLanguage":"fr-FR","potentialAction":[{"@type":"ReadAction","target":["https:\/\/kinamihealth.com\/fr\/product\/intraline-mono-29g-50-70-6-0\/"]}]},{"@type":"ImageObject","inLanguage":"fr-FR","@id":"https:\/\/kinamihealth.com\/fr\/product\/intraline-mono-29g-50-70-6-0\/#primaryimage","url":"https:\/\/kinamihealth.com\/wp-content\/uploads\/2025\/02\/INTRALINE-MONO-29G507060-01.jpg","contentUrl":"https:\/\/kinamihealth.com\/wp-content\/uploads\/2025\/02\/INTRALINE-MONO-29G507060-01.jpg","width":800,"height":800},{"@type":"BreadcrumbList","@id":"https:\/\/kinamihealth.com\/fr\/product\/intraline-mono-29g-50-70-6-0\/#breadcrumb","itemListElement":[{"@type":"ListItem","position":1,"name":"Page d'accueil","item":"https:\/\/kinamihealth.com\/"},{"@type":"ListItem","position":2,"name":"Boutique","item":"https:\/\/kinamihealth.com\/shop\/"},{"@type":"ListItem","position":3,"name":"INTRALINE\u00ae MONO 29G 50 70 6-0"}]},{"@type":"WebSite","@id":"https:\/\/kinamihealth.com\/#website","url":"https:\/\/kinamihealth.com\/","name":"Kinami Health","description":"","publisher":{"@id":"https:\/\/kinamihealth.com\/#organization"},"potentialAction":[{"@type":"SearchAction","target":{"@type":"EntryPoint","urlTemplate":"https:\/\/kinamihealth.com\/?s={search_term_string}"},"query-input":{"@type":"PropertyValueSpecification","valueRequired":true,"valueName":"search_term_string"}}],"inLanguage":"fr-FR"},{"@type":"Organization","@id":"https:\/\/kinamihealth.com\/#organization","name":"Kinami Health","url":"https:\/\/kinamihealth.com\/","logo":{"@type":"ImageObject","inLanguage":"fr-FR","@id":"https:\/\/kinamihealth.com\/#\/schema\/logo\/image\/","url":"https:\/\/kinamihealth.com\/wp-content\/uploads\/2025\/01\/KH_logo_black_2-1.png","contentUrl":"https:\/\/kinamihealth.com\/wp-content\/uploads\/2025\/01\/KH_logo_black_2-1.png","width":339,"height":34,"caption":"Kinami Health"},"image":{"@id":"https:\/\/kinamihealth.com\/#\/schema\/logo\/image\/"}}]}},"_links":{"self":[{"href":"https:\/\/kinamihealth.com\/fr\/wp-json\/wp\/v2\/product\/107895","targetHints":{"allow":["GET"]}}],"collection":[{"href":"https:\/\/kinamihealth.com\/fr\/wp-json\/wp\/v2\/product"}],"about":[{"href":"https:\/\/kinamihealth.com\/fr\/wp-json\/wp\/v2\/types\/product"}],"replies":[{"embeddable":true,"href":"https:\/\/kinamihealth.com\/fr\/wp-json\/wp\/v2\/comments?post=107895"}],"version-history":[{"count":0,"href":"https:\/\/kinamihealth.com\/fr\/wp-json\/wp\/v2\/product\/107895\/revisions"}],"wp:featuredmedia":[{"embeddable":true,"href":"https:\/\/kinamihealth.com\/fr\/wp-json\/wp\/v2\/media\/107896"}],"wp:attachment":[{"href":"https:\/\/kinamihealth.com\/fr\/wp-json\/wp\/v2\/media?parent=107895"}],"wp:term":[{"taxonomy":"product_brand","embeddable":true,"href":"https:\/\/kinamihealth.com\/fr\/wp-json\/wp\/v2\/product_brand?post=107895"},{"taxonomy":"product_cat","embeddable":true,"href":"https:\/\/kinamihealth.com\/fr\/wp-json\/wp\/v2\/product_cat?post=107895"},{"taxonomy":"product_tag","embeddable":true,"href":"https:\/\/kinamihealth.com\/fr\/wp-json\/wp\/v2\/product_tag?post=107895"}],"curies":[{"name":"wp","href":"https:\/\/api.w.org\/{rel}","templated":true}]}}