{"id":107879,"date":"2025-02-15T16:55:33","date_gmt":"2025-02-15T16:55:33","guid":{"rendered":"https:\/\/kinamihealth.com\/product\/intraline-one\/"},"modified":"2026-01-21T15:38:01","modified_gmt":"2026-01-21T15:38:01","slug":"intraline-one","status":"publish","type":"product","link":"https:\/\/kinamihealth.com\/fr\/produit\/intraline-one\/","title":{"rendered":"INTRALINE\u00ae ONE"},"content":{"rendered":"<p>Intraline One est un produit de comblement dermique utilis\u00e9 pour traiter la vall\u00e9e des larmes, les rides p\u00e9ribuccales, l&#8217;arc de Cupidon et les l\u00e8vres afin de les repulper ou de les d\u00e9finir subtilement, ainsi que les rides de la marionnette, les sillons nasog\u00e9niens et les pattes d&#8217;oie\/ridules.<\/p>\n","protected":false},"excerpt":{"rendered":"<p>Intraline One est un produit de comblement dermique utilis\u00e9 pour traiter la vall\u00e9e des larmes, les rides p\u00e9ribuccales, l&#8217;arc de Cupidon et les l\u00e8vres afin de les repulper ou de les d\u00e9finir subtilement, ainsi que les rides de la marionnette, les sillons nasog\u00e9niens et les pattes d&#8217;oie\/ridules.<\/p>\n","protected":false},"featured_media":107880,"comment_status":"closed","ping_status":"closed","template":"","meta":{"_acf_changed":false,"inline_featured_image":false},"product_brand":[1184],"product_cat":[1217],"product_tag":[1222],"class_list":{"0":"post-107879","1":"product","2":"type-product","3":"status-publish","4":"has-post-thumbnail","6":"product_brand-intraline","7":"product_cat-produits-de-comblement-dermique","8":"product_tag-dispositifs-medicaux","10":"first","11":"instock","12":"taxable","13":"shipping-taxable","14":"purchasable","15":"product-type-simple","16":"add-to-wishlist-before_image"},"acf":[],"yoast_head":"<!-- This site is optimized with the Yoast SEO plugin v27.5 - https:\/\/yoast.com\/product\/yoast-seo-wordpress\/ -->\n<title>Commander INTRALINE\u00ae ONE en ligne | Boutique en ligne | Kinami Health<\/title>\n<meta name=\"description\" content=\"Commandez INTRALINE\u00ae ONE en ligne et redonnez le volume aux tissus mous gr\u00e2ce \u00e0 ce produit de comblement dermique \u00e0 base d&#039;acide hyaluronique con\u00e7u pour redessiner et d\u00e9finir les contours du visage.\" \/>\n<meta name=\"robots\" content=\"index, follow, max-snippet:-1, max-image-preview:large, max-video-preview:-1\" \/>\n<link rel=\"canonical\" href=\"https:\/\/kinamihealth.com\/fr\/wp-json\/wp\/v2\/product\/107879\" \/>\n<meta property=\"og:locale\" content=\"fr_FR\" \/>\n<meta property=\"og:type\" content=\"article\" \/>\n<meta property=\"og:title\" content=\"Commander INTRALINE\u00ae ONE en ligne | Boutique en ligne | Kinami Health\" \/>\n<meta property=\"og:description\" content=\"Commandez INTRALINE\u00ae ONE en ligne et redonnez le volume aux tissus mous gr\u00e2ce \u00e0 ce produit de comblement dermique \u00e0 base d&#039;acide hyaluronique con\u00e7u pour redessiner et d\u00e9finir les contours du visage.\" \/>\n<meta property=\"og:url\" content=\"https:\/\/kinamihealth.com\/fr\/product\/intraline-one\/\" \/>\n<meta property=\"og:site_name\" content=\"Kinami Health\" \/>\n<meta property=\"article:modified_time\" content=\"2026-01-21T15:38:01+00:00\" \/>\n<meta property=\"og:image\" content=\"https:\/\/kinamihealth.com\/wp-content\/uploads\/2025\/02\/INTRALINE-ONE-01.jpg\" \/>\n\t<meta property=\"og:image:width\" content=\"800\" \/>\n\t<meta property=\"og:image:height\" content=\"800\" \/>\n\t<meta property=\"og:image:type\" content=\"image\/jpeg\" \/>\n<meta name=\"twitter:card\" content=\"summary_large_image\" \/>\n<meta name=\"twitter:label1\" content=\"Dur\u00e9e de lecture estim\u00e9e\" \/>\n\t<meta name=\"twitter:data1\" content=\"1 minute\" \/>\n<!-- \/ Yoast SEO plugin. -->","yoast_head_json":{"title":"Commander INTRALINE\u00ae ONE en ligne | Boutique en ligne | Kinami Health","description":"Commandez INTRALINE\u00ae ONE en ligne et redonnez le volume aux tissus mous gr\u00e2ce \u00e0 ce produit de comblement dermique \u00e0 base d'acide hyaluronique con\u00e7u pour redessiner et d\u00e9finir les contours du visage.","robots":{"index":"index","follow":"follow","max-snippet":"max-snippet:-1","max-image-preview":"max-image-preview:large","max-video-preview":"max-video-preview:-1"},"canonical":"https:\/\/kinamihealth.com\/fr\/wp-json\/wp\/v2\/product\/107879","og_locale":"fr_FR","og_type":"article","og_title":"Commander INTRALINE\u00ae ONE en ligne | Boutique en ligne | Kinami Health","og_description":"Commandez INTRALINE\u00ae ONE en ligne et redonnez le volume aux tissus mous gr\u00e2ce \u00e0 ce produit de comblement dermique \u00e0 base d'acide hyaluronique con\u00e7u pour redessiner et d\u00e9finir les contours du visage.","og_url":"https:\/\/kinamihealth.com\/fr\/product\/intraline-one\/","og_site_name":"Kinami Health","article_modified_time":"2026-01-21T15:38:01+00:00","og_image":[{"width":800,"height":800,"url":"https:\/\/kinamihealth.com\/wp-content\/uploads\/2025\/02\/INTRALINE-ONE-01.jpg","type":"image\/jpeg"}],"twitter_card":"summary_large_image","twitter_misc":{"Dur\u00e9e de lecture estim\u00e9e":"1 minute"},"schema":{"@context":"https:\/\/schema.org","@graph":[{"@type":"WebPage","@id":"https:\/\/kinamihealth.com\/fr\/product\/intraline-one\/","url":"https:\/\/kinamihealth.com\/fr\/product\/intraline-one\/","name":"Commander INTRALINE\u00ae ONE en ligne | Boutique en ligne | Kinami Health","isPartOf":{"@id":"https:\/\/kinamihealth.com\/#website"},"primaryImageOfPage":{"@id":"https:\/\/kinamihealth.com\/fr\/product\/intraline-one\/#primaryimage"},"image":{"@id":"https:\/\/kinamihealth.com\/fr\/product\/intraline-one\/#primaryimage"},"thumbnailUrl":"https:\/\/kinamihealth.com\/wp-content\/uploads\/2025\/02\/INTRALINE-ONE-01.jpg","datePublished":"2025-02-15T16:55:33+00:00","dateModified":"2026-01-21T15:38:01+00:00","description":"Commandez INTRALINE\u00ae ONE en ligne et redonnez le volume aux tissus mous gr\u00e2ce \u00e0 ce produit de comblement dermique \u00e0 base d'acide hyaluronique con\u00e7u pour redessiner et d\u00e9finir les contours du visage.","breadcrumb":{"@id":"https:\/\/kinamihealth.com\/fr\/product\/intraline-one\/#breadcrumb"},"inLanguage":"fr-FR","potentialAction":[{"@type":"ReadAction","target":["https:\/\/kinamihealth.com\/fr\/product\/intraline-one\/"]}]},{"@type":"ImageObject","inLanguage":"fr-FR","@id":"https:\/\/kinamihealth.com\/fr\/product\/intraline-one\/#primaryimage","url":"https:\/\/kinamihealth.com\/wp-content\/uploads\/2025\/02\/INTRALINE-ONE-01.jpg","contentUrl":"https:\/\/kinamihealth.com\/wp-content\/uploads\/2025\/02\/INTRALINE-ONE-01.jpg","width":800,"height":800},{"@type":"BreadcrumbList","@id":"https:\/\/kinamihealth.com\/fr\/product\/intraline-one\/#breadcrumb","itemListElement":[{"@type":"ListItem","position":1,"name":"Page d'accueil","item":"https:\/\/kinamihealth.com\/"},{"@type":"ListItem","position":2,"name":"Boutique","item":"https:\/\/kinamihealth.com\/shop\/"},{"@type":"ListItem","position":3,"name":"INTRALINE\u00ae ONE"}]},{"@type":"WebSite","@id":"https:\/\/kinamihealth.com\/#website","url":"https:\/\/kinamihealth.com\/","name":"Kinami Health","description":"","publisher":{"@id":"https:\/\/kinamihealth.com\/#organization"},"potentialAction":[{"@type":"SearchAction","target":{"@type":"EntryPoint","urlTemplate":"https:\/\/kinamihealth.com\/?s={search_term_string}"},"query-input":{"@type":"PropertyValueSpecification","valueRequired":true,"valueName":"search_term_string"}}],"inLanguage":"fr-FR"},{"@type":"Organization","@id":"https:\/\/kinamihealth.com\/#organization","name":"Kinami Health","url":"https:\/\/kinamihealth.com\/","logo":{"@type":"ImageObject","inLanguage":"fr-FR","@id":"https:\/\/kinamihealth.com\/#\/schema\/logo\/image\/","url":"https:\/\/kinamihealth.com\/wp-content\/uploads\/2025\/01\/KH_logo_black_2-1.png","contentUrl":"https:\/\/kinamihealth.com\/wp-content\/uploads\/2025\/01\/KH_logo_black_2-1.png","width":339,"height":34,"caption":"Kinami Health"},"image":{"@id":"https:\/\/kinamihealth.com\/#\/schema\/logo\/image\/"}}]}},"_links":{"self":[{"href":"https:\/\/kinamihealth.com\/fr\/wp-json\/wp\/v2\/product\/107879","targetHints":{"allow":["GET"]}}],"collection":[{"href":"https:\/\/kinamihealth.com\/fr\/wp-json\/wp\/v2\/product"}],"about":[{"href":"https:\/\/kinamihealth.com\/fr\/wp-json\/wp\/v2\/types\/product"}],"replies":[{"embeddable":true,"href":"https:\/\/kinamihealth.com\/fr\/wp-json\/wp\/v2\/comments?post=107879"}],"version-history":[{"count":0,"href":"https:\/\/kinamihealth.com\/fr\/wp-json\/wp\/v2\/product\/107879\/revisions"}],"wp:featuredmedia":[{"embeddable":true,"href":"https:\/\/kinamihealth.com\/fr\/wp-json\/wp\/v2\/media\/107880"}],"wp:attachment":[{"href":"https:\/\/kinamihealth.com\/fr\/wp-json\/wp\/v2\/media?parent=107879"}],"wp:term":[{"taxonomy":"product_brand","embeddable":true,"href":"https:\/\/kinamihealth.com\/fr\/wp-json\/wp\/v2\/product_brand?post=107879"},{"taxonomy":"product_cat","embeddable":true,"href":"https:\/\/kinamihealth.com\/fr\/wp-json\/wp\/v2\/product_cat?post=107879"},{"taxonomy":"product_tag","embeddable":true,"href":"https:\/\/kinamihealth.com\/fr\/wp-json\/wp\/v2\/product_tag?post=107879"}],"curies":[{"name":"wp","href":"https:\/\/api.w.org\/{rel}","templated":true}]}}