{"id":107870,"date":"2025-02-15T16:55:34","date_gmt":"2025-02-15T16:55:34","guid":{"rendered":"https:\/\/kinamihealth.com\/product\/intraline-pdo-threads-cog-dimension-360-b2190-c-21g-90mm-150mm\/"},"modified":"2026-04-03T11:51:30","modified_gmt":"2026-04-03T11:51:30","slug":"intraline-pdo-threads-cog-dimension-360-b2190-c-21g-90mm-150mm","status":"publish","type":"product","link":"https:\/\/kinamihealth.com\/fr\/produit\/intraline-pdo-threads-cog-dimension-360-b2190-c-21g-90mm-150mm\/","title":{"rendered":"INTRALINE\u00ae PDO THREADS B2190-C &#8211; COG DIMENSION 360 21G 90\/150MM (10 pack)"},"content":{"rendered":"<p>Les fils INTRALINE\u00ae PDO THREADS Cog Dimension 360 B2190-C-21G sont des fils chirurgicaux utilis\u00e9s pour lifter et r\u00e9aligner les tissus dermiques affaiss\u00e9s ou rel\u00e2ch\u00e9s. Les fils Intraline Cog sont des fils en polydioxanone (PDO) dot\u00e9s de barbes qui s&#8217;accrochent \u00e0 la peau du c\u00f4t\u00e9 int\u00e9rieur pour la soutenir et lifter les tissus affaiss\u00e9s. Ils peuvent provoquer une fibrose dans la zone environnante afin de stimuler la production de collag\u00e8ne. Ils sont destin\u00e9s au lifting du visage et au raffermissement de la peau.<\/p>\n","protected":false},"excerpt":{"rendered":"<p>Les fils INTRALINE\u00ae PDO THREADS Cog Dimension 360 B2190-C-21G sont des fils chirurgicaux utilis\u00e9s pour lifter et r\u00e9aligner les tissus dermiques affaiss\u00e9s ou rel\u00e2ch\u00e9s. Les fils Intraline Cog sont des fils en polydioxanone (PDO) dot\u00e9s de barbes qui s&#8217;accrochent \u00e0 la peau du c\u00f4t\u00e9 int\u00e9rieur pour la soutenir et lifter les tissus affaiss\u00e9s. Ils peuvent [&hellip;]<\/p>\n","protected":false},"featured_media":107871,"comment_status":"closed","ping_status":"closed","template":"","meta":{"_acf_changed":false,"inline_featured_image":false},"product_brand":[1184],"product_cat":[1381],"product_tag":[1222],"class_list":{"0":"post-107870","1":"product","2":"type-product","3":"status-publish","4":"has-post-thumbnail","6":"product_brand-intraline","7":"product_cat-fils-tenseurs-et-sutures","8":"product_tag-dispositifs-medicaux","10":"first","11":"instock","12":"taxable","13":"shipping-taxable","14":"purchasable","15":"product-type-simple","16":"add-to-wishlist-before_image"},"acf":[],"yoast_head":"<!-- This site is optimized with the Yoast SEO plugin v27.3 - https:\/\/yoast.com\/product\/yoast-seo-wordpress\/ -->\n<title>Commander INTRALINE\u00ae PDO THREADS Cog Dimension 360 B2190-C-21G 90mm\/150mm en ligne | Boutique en ligne | Kinami Health<\/title>\n<meta name=\"description\" content=\"Commandez INTRALINE\u00ae PDO THREADS Cog Dimension 360 B2190-C-21G pour lifter et redessiner les contours du visage \u00e0 l&#039;aide de crochets \u00e0 360 degr\u00e9s dot\u00e9s d&#039;un fort pouvoir de fixation.\" \/>\n<meta name=\"robots\" content=\"index, follow, max-snippet:-1, max-image-preview:large, max-video-preview:-1\" \/>\n<link rel=\"canonical\" href=\"https:\/\/kinamihealth.com\/fr\/wp-json\/wp\/v2\/product\/107870\" \/>\n<meta property=\"og:locale\" content=\"fr_FR\" \/>\n<meta property=\"og:type\" content=\"article\" \/>\n<meta property=\"og:title\" content=\"Commander INTRALINE\u00ae PDO THREADS Cog Dimension 360 B2190-C-21G 90mm\/150mm en ligne | Boutique en ligne | Kinami Health\" \/>\n<meta property=\"og:description\" content=\"Commandez INTRALINE\u00ae PDO THREADS Cog Dimension 360 B2190-C-21G pour lifter et redessiner les contours du visage \u00e0 l&#039;aide de crochets \u00e0 360 degr\u00e9s dot\u00e9s d&#039;un fort pouvoir de fixation.\" \/>\n<meta property=\"og:url\" content=\"https:\/\/kinamihealth.com\/fr\/produit\/intraline-pdo-threads-cog-dimension-360-b2190-c-21g-90mm-150mm\/\" \/>\n<meta property=\"og:site_name\" content=\"Kinami Health\" \/>\n<meta property=\"article:modified_time\" content=\"2026-04-03T11:51:30+00:00\" \/>\n<meta property=\"og:image\" content=\"https:\/\/kinamihealth.com\/wp-content\/uploads\/2025\/02\/INTRALINE-PDODIMENSION360-B2190C-21G90MM150MM-01.jpg\" \/>\n\t<meta property=\"og:image:width\" content=\"800\" \/>\n\t<meta property=\"og:image:height\" content=\"800\" \/>\n\t<meta property=\"og:image:type\" content=\"image\/jpeg\" \/>\n<meta name=\"twitter:card\" content=\"summary_large_image\" \/>\n<meta name=\"twitter:label1\" content=\"Dur\u00e9e de lecture estim\u00e9e\" \/>\n\t<meta name=\"twitter:data1\" content=\"1 minute\" \/>\n<!-- \/ Yoast SEO plugin. -->","yoast_head_json":{"title":"Commander INTRALINE\u00ae PDO THREADS Cog Dimension 360 B2190-C-21G 90mm\/150mm en ligne | Boutique en ligne | Kinami Health","description":"Commandez INTRALINE\u00ae PDO THREADS Cog Dimension 360 B2190-C-21G pour lifter et redessiner les contours du visage \u00e0 l'aide de crochets \u00e0 360 degr\u00e9s dot\u00e9s d'un fort pouvoir de fixation.","robots":{"index":"index","follow":"follow","max-snippet":"max-snippet:-1","max-image-preview":"max-image-preview:large","max-video-preview":"max-video-preview:-1"},"canonical":"https:\/\/kinamihealth.com\/fr\/wp-json\/wp\/v2\/product\/107870","og_locale":"fr_FR","og_type":"article","og_title":"Commander INTRALINE\u00ae PDO THREADS Cog Dimension 360 B2190-C-21G 90mm\/150mm en ligne | Boutique en ligne | Kinami Health","og_description":"Commandez INTRALINE\u00ae PDO THREADS Cog Dimension 360 B2190-C-21G pour lifter et redessiner les contours du visage \u00e0 l'aide de crochets \u00e0 360 degr\u00e9s dot\u00e9s d'un fort pouvoir de fixation.","og_url":"https:\/\/kinamihealth.com\/fr\/produit\/intraline-pdo-threads-cog-dimension-360-b2190-c-21g-90mm-150mm\/","og_site_name":"Kinami Health","article_modified_time":"2026-04-03T11:51:30+00:00","og_image":[{"width":800,"height":800,"url":"https:\/\/kinamihealth.com\/wp-content\/uploads\/2025\/02\/INTRALINE-PDODIMENSION360-B2190C-21G90MM150MM-01.jpg","type":"image\/jpeg"}],"twitter_card":"summary_large_image","twitter_misc":{"Dur\u00e9e de lecture estim\u00e9e":"1 minute"},"schema":{"@context":"https:\/\/schema.org","@graph":[{"@type":"WebPage","@id":"https:\/\/kinamihealth.com\/fr\/produit\/intraline-pdo-threads-cog-dimension-360-b2190-c-21g-90mm-150mm\/","url":"https:\/\/kinamihealth.com\/fr\/produit\/intraline-pdo-threads-cog-dimension-360-b2190-c-21g-90mm-150mm\/","name":"Commander INTRALINE\u00ae PDO THREADS Cog Dimension 360 B2190-C-21G 90mm\/150mm en ligne | Boutique en ligne | Kinami Health","isPartOf":{"@id":"https:\/\/kinamihealth.com\/#website"},"primaryImageOfPage":{"@id":"https:\/\/kinamihealth.com\/fr\/produit\/intraline-pdo-threads-cog-dimension-360-b2190-c-21g-90mm-150mm\/#primaryimage"},"image":{"@id":"https:\/\/kinamihealth.com\/fr\/produit\/intraline-pdo-threads-cog-dimension-360-b2190-c-21g-90mm-150mm\/#primaryimage"},"thumbnailUrl":"https:\/\/kinamihealth.com\/wp-content\/uploads\/2025\/02\/INTRALINE-PDODIMENSION360-B2190C-21G90MM150MM-01.jpg","datePublished":"2025-02-15T16:55:34+00:00","dateModified":"2026-04-03T11:51:30+00:00","description":"Commandez INTRALINE\u00ae PDO THREADS Cog Dimension 360 B2190-C-21G pour lifter et redessiner les contours du visage \u00e0 l'aide de crochets \u00e0 360 degr\u00e9s dot\u00e9s d'un fort pouvoir de fixation.","breadcrumb":{"@id":"https:\/\/kinamihealth.com\/fr\/produit\/intraline-pdo-threads-cog-dimension-360-b2190-c-21g-90mm-150mm\/#breadcrumb"},"inLanguage":"fr-FR","potentialAction":[{"@type":"ReadAction","target":["https:\/\/kinamihealth.com\/fr\/produit\/intraline-pdo-threads-cog-dimension-360-b2190-c-21g-90mm-150mm\/"]}]},{"@type":"ImageObject","inLanguage":"fr-FR","@id":"https:\/\/kinamihealth.com\/fr\/produit\/intraline-pdo-threads-cog-dimension-360-b2190-c-21g-90mm-150mm\/#primaryimage","url":"https:\/\/kinamihealth.com\/wp-content\/uploads\/2025\/02\/INTRALINE-PDODIMENSION360-B2190C-21G90MM150MM-01.jpg","contentUrl":"https:\/\/kinamihealth.com\/wp-content\/uploads\/2025\/02\/INTRALINE-PDODIMENSION360-B2190C-21G90MM150MM-01.jpg","width":800,"height":800},{"@type":"BreadcrumbList","@id":"https:\/\/kinamihealth.com\/fr\/produit\/intraline-pdo-threads-cog-dimension-360-b2190-c-21g-90mm-150mm\/#breadcrumb","itemListElement":[{"@type":"ListItem","position":1,"name":"Page d'accueil","item":"https:\/\/kinamihealth.com\/"},{"@type":"ListItem","position":2,"name":"Boutique","item":"https:\/\/kinamihealth.com\/shop\/"},{"@type":"ListItem","position":3,"name":"INTRALINE\u00ae PDO THREADS B2190-C &#8211; COG DIMENSION 360 21G 90\/150MM (10 pack)"}]},{"@type":"WebSite","@id":"https:\/\/kinamihealth.com\/#website","url":"https:\/\/kinamihealth.com\/","name":"Kinami Health","description":"","publisher":{"@id":"https:\/\/kinamihealth.com\/#organization"},"potentialAction":[{"@type":"SearchAction","target":{"@type":"EntryPoint","urlTemplate":"https:\/\/kinamihealth.com\/?s={search_term_string}"},"query-input":{"@type":"PropertyValueSpecification","valueRequired":true,"valueName":"search_term_string"}}],"inLanguage":"fr-FR"},{"@type":"Organization","@id":"https:\/\/kinamihealth.com\/#organization","name":"Kinami Health","url":"https:\/\/kinamihealth.com\/","logo":{"@type":"ImageObject","inLanguage":"fr-FR","@id":"https:\/\/kinamihealth.com\/#\/schema\/logo\/image\/","url":"https:\/\/kinamihealth.com\/wp-content\/uploads\/2025\/01\/KH_logo_black_2-1.png","contentUrl":"https:\/\/kinamihealth.com\/wp-content\/uploads\/2025\/01\/KH_logo_black_2-1.png","width":339,"height":34,"caption":"Kinami Health"},"image":{"@id":"https:\/\/kinamihealth.com\/#\/schema\/logo\/image\/"}}]}},"_links":{"self":[{"href":"https:\/\/kinamihealth.com\/fr\/wp-json\/wp\/v2\/product\/107870","targetHints":{"allow":["GET"]}}],"collection":[{"href":"https:\/\/kinamihealth.com\/fr\/wp-json\/wp\/v2\/product"}],"about":[{"href":"https:\/\/kinamihealth.com\/fr\/wp-json\/wp\/v2\/types\/product"}],"replies":[{"embeddable":true,"href":"https:\/\/kinamihealth.com\/fr\/wp-json\/wp\/v2\/comments?post=107870"}],"version-history":[{"count":1,"href":"https:\/\/kinamihealth.com\/fr\/wp-json\/wp\/v2\/product\/107870\/revisions"}],"predecessor-version":[{"id":134610,"href":"https:\/\/kinamihealth.com\/fr\/wp-json\/wp\/v2\/product\/107870\/revisions\/134610"}],"wp:featuredmedia":[{"embeddable":true,"href":"https:\/\/kinamihealth.com\/fr\/wp-json\/wp\/v2\/media\/107871"}],"wp:attachment":[{"href":"https:\/\/kinamihealth.com\/fr\/wp-json\/wp\/v2\/media?parent=107870"}],"wp:term":[{"taxonomy":"product_brand","embeddable":true,"href":"https:\/\/kinamihealth.com\/fr\/wp-json\/wp\/v2\/product_brand?post=107870"},{"taxonomy":"product_cat","embeddable":true,"href":"https:\/\/kinamihealth.com\/fr\/wp-json\/wp\/v2\/product_cat?post=107870"},{"taxonomy":"product_tag","embeddable":true,"href":"https:\/\/kinamihealth.com\/fr\/wp-json\/wp\/v2\/product_tag?post=107870"}],"curies":[{"name":"wp","href":"https:\/\/api.w.org\/{rel}","templated":true}]}}