{"id":107840,"date":"2025-02-15T16:55:40","date_gmt":"2025-02-15T16:55:40","guid":{"rendered":"https:\/\/kinamihealth.com\/product\/intraline-spiral-s2938-29g-38mm-50mm\/"},"modified":"2026-01-21T15:36:39","modified_gmt":"2026-01-21T15:36:39","slug":"intraline-spiral-s2938-29g-38mm-50mm","status":"publish","type":"product","link":"https:\/\/kinamihealth.com\/fr\/produit\/intraline-spiral-s2938-29g-38mm-50mm\/","title":{"rendered":"INTRALINE SPIRAL S2938"},"content":{"rendered":"<p>Les fils tenseurs Intraline Spiral comportent un ou deux fils entrelac\u00e9s autour de l&#8217;aiguille et permettent de redonner efficacement le volume aux zones creuses de la peau. La production de collag\u00e8ne autour des fils et de leurs barbes contribue \u00e0 restaurer le volume et \u00e0 sublimer la texture et l&#8217;\u00e9lasticit\u00e9 de la peau, pour un r\u00e9sultat esth\u00e9tique naturel. Ce produit offre, alors, un lifting et un r\u00e9alignement des tissus dermiques affaiss\u00e9s ou rel\u00e2ch\u00e9s.<\/p>\n","protected":false},"excerpt":{"rendered":"<p>Les fils tenseurs Intraline Spiral comportent un ou deux fils entrelac\u00e9s autour de l&#8217;aiguille et permettent de redonner efficacement le volume aux zones creuses de la peau. La production de collag\u00e8ne autour des fils et de leurs barbes contribue \u00e0 restaurer le volume et \u00e0 sublimer la texture et l&#8217;\u00e9lasticit\u00e9 de la peau, pour un [&hellip;]<\/p>\n","protected":false},"featured_media":107841,"comment_status":"closed","ping_status":"closed","template":"","meta":{"_acf_changed":false,"inline_featured_image":false},"product_brand":[1184],"product_cat":[1381],"product_tag":[1222],"class_list":{"0":"post-107840","1":"product","2":"type-product","3":"status-publish","4":"has-post-thumbnail","6":"product_brand-intraline","7":"product_cat-fils-tenseurs-et-sutures","8":"product_tag-dispositifs-medicaux","10":"first","11":"instock","12":"taxable","13":"shipping-taxable","14":"purchasable","15":"product-type-simple","16":"add-to-wishlist-before_image"},"acf":[],"yoast_head":"<!-- This site is optimized with the Yoast SEO plugin v27.5 - https:\/\/yoast.com\/product\/yoast-seo-wordpress\/ -->\n<title>Commander INTRALINE SPIRAL S2938 en ligne | Boutique en ligne | Kinami Health<\/title>\n<meta name=\"description\" content=\"Commandez INTRALINE\u00ae SPIRAL S2938 pour traiter les rides superficielles et stimuler la production de collag\u00e8ne gr\u00e2ce \u00e0 des fils spiral\u00e9s 29G con\u00e7us pour la revitalisation pr\u00e9cise de la peau.\" \/>\n<meta name=\"robots\" content=\"index, follow, max-snippet:-1, max-image-preview:large, max-video-preview:-1\" \/>\n<link rel=\"canonical\" href=\"https:\/\/kinamihealth.com\/fr\/wp-json\/wp\/v2\/product\/107840\" \/>\n<meta property=\"og:locale\" content=\"fr_FR\" \/>\n<meta property=\"og:type\" content=\"article\" \/>\n<meta property=\"og:title\" content=\"Commander INTRALINE SPIRAL S2938 en ligne | Boutique en ligne | Kinami Health\" \/>\n<meta property=\"og:description\" content=\"Commandez INTRALINE\u00ae SPIRAL S2938 pour traiter les rides superficielles et stimuler la production de collag\u00e8ne gr\u00e2ce \u00e0 des fils spiral\u00e9s 29G con\u00e7us pour la revitalisation pr\u00e9cise de la peau.\" \/>\n<meta property=\"og:url\" content=\"https:\/\/kinamihealth.com\/fr\/product\/intraline-spiral-s2938-29g-38mm-50mm\/\" \/>\n<meta property=\"og:site_name\" content=\"Kinami Health\" \/>\n<meta property=\"article:modified_time\" content=\"2026-01-21T15:36:39+00:00\" \/>\n<meta property=\"og:image\" content=\"https:\/\/kinamihealth.com\/wp-content\/uploads\/2025\/02\/INTRALINE-SPIRAL-S2939-38MM50MM-01.webp\" \/>\n\t<meta property=\"og:image:width\" content=\"800\" \/>\n\t<meta property=\"og:image:height\" content=\"800\" \/>\n\t<meta property=\"og:image:type\" content=\"image\/webp\" \/>\n<meta name=\"twitter:card\" content=\"summary_large_image\" \/>\n<meta name=\"twitter:label1\" content=\"Dur\u00e9e de lecture estim\u00e9e\" \/>\n\t<meta name=\"twitter:data1\" content=\"1 minute\" \/>\n<!-- \/ Yoast SEO plugin. -->","yoast_head_json":{"title":"Commander INTRALINE SPIRAL S2938 en ligne | Boutique en ligne | Kinami Health","description":"Commandez INTRALINE\u00ae SPIRAL S2938 pour traiter les rides superficielles et stimuler la production de collag\u00e8ne gr\u00e2ce \u00e0 des fils spiral\u00e9s 29G con\u00e7us pour la revitalisation pr\u00e9cise de la peau.","robots":{"index":"index","follow":"follow","max-snippet":"max-snippet:-1","max-image-preview":"max-image-preview:large","max-video-preview":"max-video-preview:-1"},"canonical":"https:\/\/kinamihealth.com\/fr\/wp-json\/wp\/v2\/product\/107840","og_locale":"fr_FR","og_type":"article","og_title":"Commander INTRALINE SPIRAL S2938 en ligne | Boutique en ligne | Kinami Health","og_description":"Commandez INTRALINE\u00ae SPIRAL S2938 pour traiter les rides superficielles et stimuler la production de collag\u00e8ne gr\u00e2ce \u00e0 des fils spiral\u00e9s 29G con\u00e7us pour la revitalisation pr\u00e9cise de la peau.","og_url":"https:\/\/kinamihealth.com\/fr\/product\/intraline-spiral-s2938-29g-38mm-50mm\/","og_site_name":"Kinami Health","article_modified_time":"2026-01-21T15:36:39+00:00","og_image":[{"width":800,"height":800,"url":"https:\/\/kinamihealth.com\/wp-content\/uploads\/2025\/02\/INTRALINE-SPIRAL-S2939-38MM50MM-01.webp","type":"image\/webp"}],"twitter_card":"summary_large_image","twitter_misc":{"Dur\u00e9e de lecture estim\u00e9e":"1 minute"},"schema":{"@context":"https:\/\/schema.org","@graph":[{"@type":"WebPage","@id":"https:\/\/kinamihealth.com\/fr\/product\/intraline-spiral-s2938-29g-38mm-50mm\/","url":"https:\/\/kinamihealth.com\/fr\/product\/intraline-spiral-s2938-29g-38mm-50mm\/","name":"Commander INTRALINE SPIRAL S2938 en ligne | Boutique en ligne | Kinami Health","isPartOf":{"@id":"https:\/\/kinamihealth.com\/#website"},"primaryImageOfPage":{"@id":"https:\/\/kinamihealth.com\/fr\/product\/intraline-spiral-s2938-29g-38mm-50mm\/#primaryimage"},"image":{"@id":"https:\/\/kinamihealth.com\/fr\/product\/intraline-spiral-s2938-29g-38mm-50mm\/#primaryimage"},"thumbnailUrl":"https:\/\/kinamihealth.com\/wp-content\/uploads\/2025\/02\/INTRALINE-SPIRAL-S2939-38MM50MM-01.webp","datePublished":"2025-02-15T16:55:40+00:00","dateModified":"2026-01-21T15:36:39+00:00","description":"Commandez INTRALINE\u00ae SPIRAL S2938 pour traiter les rides superficielles et stimuler la production de collag\u00e8ne gr\u00e2ce \u00e0 des fils spiral\u00e9s 29G con\u00e7us pour la revitalisation pr\u00e9cise de la peau.","breadcrumb":{"@id":"https:\/\/kinamihealth.com\/fr\/product\/intraline-spiral-s2938-29g-38mm-50mm\/#breadcrumb"},"inLanguage":"fr-FR","potentialAction":[{"@type":"ReadAction","target":["https:\/\/kinamihealth.com\/fr\/product\/intraline-spiral-s2938-29g-38mm-50mm\/"]}]},{"@type":"ImageObject","inLanguage":"fr-FR","@id":"https:\/\/kinamihealth.com\/fr\/product\/intraline-spiral-s2938-29g-38mm-50mm\/#primaryimage","url":"https:\/\/kinamihealth.com\/wp-content\/uploads\/2025\/02\/INTRALINE-SPIRAL-S2939-38MM50MM-01.webp","contentUrl":"https:\/\/kinamihealth.com\/wp-content\/uploads\/2025\/02\/INTRALINE-SPIRAL-S2939-38MM50MM-01.webp","width":800,"height":800},{"@type":"BreadcrumbList","@id":"https:\/\/kinamihealth.com\/fr\/product\/intraline-spiral-s2938-29g-38mm-50mm\/#breadcrumb","itemListElement":[{"@type":"ListItem","position":1,"name":"Page d'accueil","item":"https:\/\/kinamihealth.com\/"},{"@type":"ListItem","position":2,"name":"Boutique","item":"https:\/\/kinamihealth.com\/shop\/"},{"@type":"ListItem","position":3,"name":"INTRALINE SPIRAL S2938"}]},{"@type":"WebSite","@id":"https:\/\/kinamihealth.com\/#website","url":"https:\/\/kinamihealth.com\/","name":"Kinami Health","description":"","publisher":{"@id":"https:\/\/kinamihealth.com\/#organization"},"potentialAction":[{"@type":"SearchAction","target":{"@type":"EntryPoint","urlTemplate":"https:\/\/kinamihealth.com\/?s={search_term_string}"},"query-input":{"@type":"PropertyValueSpecification","valueRequired":true,"valueName":"search_term_string"}}],"inLanguage":"fr-FR"},{"@type":"Organization","@id":"https:\/\/kinamihealth.com\/#organization","name":"Kinami Health","url":"https:\/\/kinamihealth.com\/","logo":{"@type":"ImageObject","inLanguage":"fr-FR","@id":"https:\/\/kinamihealth.com\/#\/schema\/logo\/image\/","url":"https:\/\/kinamihealth.com\/wp-content\/uploads\/2025\/01\/KH_logo_black_2-1.png","contentUrl":"https:\/\/kinamihealth.com\/wp-content\/uploads\/2025\/01\/KH_logo_black_2-1.png","width":339,"height":34,"caption":"Kinami Health"},"image":{"@id":"https:\/\/kinamihealth.com\/#\/schema\/logo\/image\/"}}]}},"_links":{"self":[{"href":"https:\/\/kinamihealth.com\/fr\/wp-json\/wp\/v2\/product\/107840","targetHints":{"allow":["GET"]}}],"collection":[{"href":"https:\/\/kinamihealth.com\/fr\/wp-json\/wp\/v2\/product"}],"about":[{"href":"https:\/\/kinamihealth.com\/fr\/wp-json\/wp\/v2\/types\/product"}],"replies":[{"embeddable":true,"href":"https:\/\/kinamihealth.com\/fr\/wp-json\/wp\/v2\/comments?post=107840"}],"version-history":[{"count":0,"href":"https:\/\/kinamihealth.com\/fr\/wp-json\/wp\/v2\/product\/107840\/revisions"}],"wp:featuredmedia":[{"embeddable":true,"href":"https:\/\/kinamihealth.com\/fr\/wp-json\/wp\/v2\/media\/107841"}],"wp:attachment":[{"href":"https:\/\/kinamihealth.com\/fr\/wp-json\/wp\/v2\/media?parent=107840"}],"wp:term":[{"taxonomy":"product_brand","embeddable":true,"href":"https:\/\/kinamihealth.com\/fr\/wp-json\/wp\/v2\/product_brand?post=107840"},{"taxonomy":"product_cat","embeddable":true,"href":"https:\/\/kinamihealth.com\/fr\/wp-json\/wp\/v2\/product_cat?post=107840"},{"taxonomy":"product_tag","embeddable":true,"href":"https:\/\/kinamihealth.com\/fr\/wp-json\/wp\/v2\/product_tag?post=107840"}],"curies":[{"name":"wp","href":"https:\/\/api.w.org\/{rel}","templated":true}]}}