{"id":107824,"date":"2025-02-15T16:55:41","date_gmt":"2025-02-15T16:55:41","guid":{"rendered":"https:\/\/kinamihealth.com\/product\/intraline-triple-tr2650-26g-50mm-70mm\/"},"modified":"2026-01-21T15:36:49","modified_gmt":"2026-01-21T15:36:49","slug":"intraline-triple-tr2650-26g-50mm-70mm","status":"publish","type":"product","link":"https:\/\/kinamihealth.com\/fr\/produit\/intraline-triple-tr2650-26g-50mm-70mm\/","title":{"rendered":"INTRALINE TRIPLE TR2650 &#8211; 26G 50mm\/70mm"},"content":{"rendered":"<p>Le fil tenseur INTRALINE Triple PDO est compos\u00e9 de trois filaments PDO lisses entrelac\u00e9s et pli\u00e9s en deux.<br \/>\nLa production de collag\u00e8ne autour des fils et de leurs barbes contribue \u00e0 restaurer le volume et \u00e0 am\u00e9liorer la texture et l&#8217;\u00e9lasticit\u00e9 de la peau, proposant un r\u00e9sultat esth\u00e9tique d&#8217;apparence naturelle. Ce produit est, alors, indiqu\u00e9 pour le ifting et le r\u00e9alignement des tissus dermiques affaiss\u00e9s ou rel\u00e2ch\u00e9s.<\/p>\n","protected":false},"excerpt":{"rendered":"<p>Le fil tenseur INTRALINE Triple PDO est compos\u00e9 de trois filaments PDO lisses entrelac\u00e9s et pli\u00e9s en deux. La production de collag\u00e8ne autour des fils et de leurs barbes contribue \u00e0 restaurer le volume et \u00e0 am\u00e9liorer la texture et l&#8217;\u00e9lasticit\u00e9 de la peau, proposant un r\u00e9sultat esth\u00e9tique d&#8217;apparence naturelle. Ce produit est, alors, indiqu\u00e9 [&hellip;]<\/p>\n","protected":false},"featured_media":107825,"comment_status":"closed","ping_status":"closed","template":"","meta":{"_acf_changed":false,"inline_featured_image":false},"product_brand":[1184],"product_cat":[1381],"product_tag":[1222],"class_list":{"0":"post-107824","1":"product","2":"type-product","3":"status-publish","4":"has-post-thumbnail","6":"product_brand-intraline","7":"product_cat-fils-tenseurs-et-sutures","8":"product_tag-dispositifs-medicaux","10":"first","11":"instock","12":"taxable","13":"shipping-taxable","14":"purchasable","15":"product-type-simple","16":"add-to-wishlist-before_image"},"acf":[],"yoast_head":"<!-- This site is optimized with the Yoast SEO plugin v27.3 - https:\/\/yoast.com\/product\/yoast-seo-wordpress\/ -->\n<title>Commander INTRALINE TRIPLE TR2650 en ligne | Boutique en ligne | Kinami Health<\/title>\n<meta name=\"description\" content=\"Commandez INTRALINE TRIPLE TR2650 pour lifter et red\u00e9finir les contours du visage gr\u00e2ce \u00e0 un fil PDO triple con\u00e7us pour apporter un soutien structurel et stimuler le collag\u00e8ne.\" \/>\n<meta name=\"robots\" content=\"index, follow, max-snippet:-1, max-image-preview:large, max-video-preview:-1\" \/>\n<link rel=\"canonical\" href=\"https:\/\/kinamihealth.com\/fr\/wp-json\/wp\/v2\/product\/107824\" \/>\n<meta property=\"og:locale\" content=\"fr_FR\" \/>\n<meta property=\"og:type\" content=\"article\" \/>\n<meta property=\"og:title\" content=\"Commander INTRALINE TRIPLE TR2650 en ligne | Boutique en ligne | Kinami Health\" \/>\n<meta property=\"og:description\" content=\"Commandez INTRALINE TRIPLE TR2650 pour lifter et red\u00e9finir les contours du visage gr\u00e2ce \u00e0 un fil PDO triple con\u00e7us pour apporter un soutien structurel et stimuler le collag\u00e8ne.\" \/>\n<meta property=\"og:url\" content=\"https:\/\/kinamihealth.com\/fr\/product\/intraline-triple-tr2650-26g-50mm-70mm\/\" \/>\n<meta property=\"og:site_name\" content=\"Kinami Health\" \/>\n<meta property=\"article:modified_time\" content=\"2026-01-21T15:36:49+00:00\" \/>\n<meta property=\"og:image\" content=\"https:\/\/kinamihealth.com\/wp-content\/uploads\/2025\/02\/INTRALINE-PDOTRIPLE-TR2650-26G50MM70MM-01.jpg\" \/>\n\t<meta property=\"og:image:width\" content=\"800\" \/>\n\t<meta property=\"og:image:height\" content=\"800\" \/>\n\t<meta property=\"og:image:type\" content=\"image\/jpeg\" \/>\n<meta name=\"twitter:card\" content=\"summary_large_image\" \/>\n<meta name=\"twitter:label1\" content=\"Dur\u00e9e de lecture estim\u00e9e\" \/>\n\t<meta name=\"twitter:data1\" content=\"1 minute\" \/>\n<!-- \/ Yoast SEO plugin. -->","yoast_head_json":{"title":"Commander INTRALINE TRIPLE TR2650 en ligne | Boutique en ligne | Kinami Health","description":"Commandez INTRALINE TRIPLE TR2650 pour lifter et red\u00e9finir les contours du visage gr\u00e2ce \u00e0 un fil PDO triple con\u00e7us pour apporter un soutien structurel et stimuler le collag\u00e8ne.","robots":{"index":"index","follow":"follow","max-snippet":"max-snippet:-1","max-image-preview":"max-image-preview:large","max-video-preview":"max-video-preview:-1"},"canonical":"https:\/\/kinamihealth.com\/fr\/wp-json\/wp\/v2\/product\/107824","og_locale":"fr_FR","og_type":"article","og_title":"Commander INTRALINE TRIPLE TR2650 en ligne | Boutique en ligne | Kinami Health","og_description":"Commandez INTRALINE TRIPLE TR2650 pour lifter et red\u00e9finir les contours du visage gr\u00e2ce \u00e0 un fil PDO triple con\u00e7us pour apporter un soutien structurel et stimuler le collag\u00e8ne.","og_url":"https:\/\/kinamihealth.com\/fr\/product\/intraline-triple-tr2650-26g-50mm-70mm\/","og_site_name":"Kinami Health","article_modified_time":"2026-01-21T15:36:49+00:00","og_image":[{"width":800,"height":800,"url":"https:\/\/kinamihealth.com\/wp-content\/uploads\/2025\/02\/INTRALINE-PDOTRIPLE-TR2650-26G50MM70MM-01.jpg","type":"image\/jpeg"}],"twitter_card":"summary_large_image","twitter_misc":{"Dur\u00e9e de lecture estim\u00e9e":"1 minute"},"schema":{"@context":"https:\/\/schema.org","@graph":[{"@type":"WebPage","@id":"https:\/\/kinamihealth.com\/fr\/product\/intraline-triple-tr2650-26g-50mm-70mm\/","url":"https:\/\/kinamihealth.com\/fr\/product\/intraline-triple-tr2650-26g-50mm-70mm\/","name":"Commander INTRALINE TRIPLE TR2650 en ligne | Boutique en ligne | Kinami Health","isPartOf":{"@id":"https:\/\/kinamihealth.com\/#website"},"primaryImageOfPage":{"@id":"https:\/\/kinamihealth.com\/fr\/product\/intraline-triple-tr2650-26g-50mm-70mm\/#primaryimage"},"image":{"@id":"https:\/\/kinamihealth.com\/fr\/product\/intraline-triple-tr2650-26g-50mm-70mm\/#primaryimage"},"thumbnailUrl":"https:\/\/kinamihealth.com\/wp-content\/uploads\/2025\/02\/INTRALINE-PDOTRIPLE-TR2650-26G50MM70MM-01.jpg","datePublished":"2025-02-15T16:55:41+00:00","dateModified":"2026-01-21T15:36:49+00:00","description":"Commandez INTRALINE TRIPLE TR2650 pour lifter et red\u00e9finir les contours du visage gr\u00e2ce \u00e0 un fil PDO triple con\u00e7us pour apporter un soutien structurel et stimuler le collag\u00e8ne.","breadcrumb":{"@id":"https:\/\/kinamihealth.com\/fr\/product\/intraline-triple-tr2650-26g-50mm-70mm\/#breadcrumb"},"inLanguage":"fr-FR","potentialAction":[{"@type":"ReadAction","target":["https:\/\/kinamihealth.com\/fr\/product\/intraline-triple-tr2650-26g-50mm-70mm\/"]}]},{"@type":"ImageObject","inLanguage":"fr-FR","@id":"https:\/\/kinamihealth.com\/fr\/product\/intraline-triple-tr2650-26g-50mm-70mm\/#primaryimage","url":"https:\/\/kinamihealth.com\/wp-content\/uploads\/2025\/02\/INTRALINE-PDOTRIPLE-TR2650-26G50MM70MM-01.jpg","contentUrl":"https:\/\/kinamihealth.com\/wp-content\/uploads\/2025\/02\/INTRALINE-PDOTRIPLE-TR2650-26G50MM70MM-01.jpg","width":800,"height":800},{"@type":"BreadcrumbList","@id":"https:\/\/kinamihealth.com\/fr\/product\/intraline-triple-tr2650-26g-50mm-70mm\/#breadcrumb","itemListElement":[{"@type":"ListItem","position":1,"name":"Page d'accueil","item":"https:\/\/kinamihealth.com\/"},{"@type":"ListItem","position":2,"name":"Boutique","item":"https:\/\/kinamihealth.com\/shop\/"},{"@type":"ListItem","position":3,"name":"INTRALINE TRIPLE TR2650 &#8211; 26G 50mm\/70mm"}]},{"@type":"WebSite","@id":"https:\/\/kinamihealth.com\/#website","url":"https:\/\/kinamihealth.com\/","name":"Kinami Health","description":"","publisher":{"@id":"https:\/\/kinamihealth.com\/#organization"},"potentialAction":[{"@type":"SearchAction","target":{"@type":"EntryPoint","urlTemplate":"https:\/\/kinamihealth.com\/?s={search_term_string}"},"query-input":{"@type":"PropertyValueSpecification","valueRequired":true,"valueName":"search_term_string"}}],"inLanguage":"fr-FR"},{"@type":"Organization","@id":"https:\/\/kinamihealth.com\/#organization","name":"Kinami Health","url":"https:\/\/kinamihealth.com\/","logo":{"@type":"ImageObject","inLanguage":"fr-FR","@id":"https:\/\/kinamihealth.com\/#\/schema\/logo\/image\/","url":"https:\/\/kinamihealth.com\/wp-content\/uploads\/2025\/01\/KH_logo_black_2-1.png","contentUrl":"https:\/\/kinamihealth.com\/wp-content\/uploads\/2025\/01\/KH_logo_black_2-1.png","width":339,"height":34,"caption":"Kinami Health"},"image":{"@id":"https:\/\/kinamihealth.com\/#\/schema\/logo\/image\/"}}]}},"_links":{"self":[{"href":"https:\/\/kinamihealth.com\/fr\/wp-json\/wp\/v2\/product\/107824","targetHints":{"allow":["GET"]}}],"collection":[{"href":"https:\/\/kinamihealth.com\/fr\/wp-json\/wp\/v2\/product"}],"about":[{"href":"https:\/\/kinamihealth.com\/fr\/wp-json\/wp\/v2\/types\/product"}],"replies":[{"embeddable":true,"href":"https:\/\/kinamihealth.com\/fr\/wp-json\/wp\/v2\/comments?post=107824"}],"version-history":[{"count":0,"href":"https:\/\/kinamihealth.com\/fr\/wp-json\/wp\/v2\/product\/107824\/revisions"}],"wp:featuredmedia":[{"embeddable":true,"href":"https:\/\/kinamihealth.com\/fr\/wp-json\/wp\/v2\/media\/107825"}],"wp:attachment":[{"href":"https:\/\/kinamihealth.com\/fr\/wp-json\/wp\/v2\/media?parent=107824"}],"wp:term":[{"taxonomy":"product_brand","embeddable":true,"href":"https:\/\/kinamihealth.com\/fr\/wp-json\/wp\/v2\/product_brand?post=107824"},{"taxonomy":"product_cat","embeddable":true,"href":"https:\/\/kinamihealth.com\/fr\/wp-json\/wp\/v2\/product_cat?post=107824"},{"taxonomy":"product_tag","embeddable":true,"href":"https:\/\/kinamihealth.com\/fr\/wp-json\/wp\/v2\/product_tag?post=107824"}],"curies":[{"name":"wp","href":"https:\/\/api.w.org\/{rel}","templated":true}]}}