{"id":107807,"date":"2025-02-15T16:55:14","date_gmt":"2025-02-15T16:55:14","guid":{"rendered":"https:\/\/kinamihealth.com\/product\/hyacorp-face\/"},"modified":"2026-01-21T15:32:58","modified_gmt":"2026-01-21T15:32:58","slug":"hyacorp-face","status":"publish","type":"product","link":"https:\/\/kinamihealth.com\/fr\/produit\/hyacorp-face\/","title":{"rendered":"HYACORP FACE"},"content":{"rendered":"<p>HYAcorp Face est utilis\u00e9 pour restaurer le volume et le contour du visage : il remplace l&#8217;acide hyaluronique perdu dans la peau et il est utilis\u00e9 pour l&#8217;ajout du volume (comblement des rides, notamment les rides moyennes \u00e0 profondes, les sillons nasog\u00e9niens, la zone des joues, les rides glabellaires). Il ne faut pas injecter HYAcorp Face dans la r\u00e9gion p\u00e9riorbitaire (paupi\u00e8res, pattes d&#8217;oie, cernes sous les yeux). La dur\u00e9e de l&#8217;effet de comblement peut varier en fonction de la profondeur et de la zone d&#8217;injection. Les r\u00e9sultats obtenus d\u00e9pendent du type de peau et des modifications souhait\u00e9es.<\/p>\n","protected":false},"excerpt":{"rendered":"<p>HYAcorp Face est utilis\u00e9 pour restaurer le volume et le contour du visage : il remplace l&#8217;acide hyaluronique perdu dans la peau et il est utilis\u00e9 pour l&#8217;ajout du volume (comblement des rides, notamment les rides moyennes \u00e0 profondes, les sillons nasog\u00e9niens, la zone des joues, les rides glabellaires). Il ne faut pas injecter HYAcorp [&hellip;]<\/p>\n","protected":false},"featured_media":107809,"comment_status":"closed","ping_status":"closed","template":"","meta":{"_acf_changed":false,"inline_featured_image":false},"product_brand":[],"product_cat":[],"product_tag":[],"class_list":{"0":"post-107807","1":"product","2":"type-product","3":"status-publish","4":"has-post-thumbnail","7":"first","8":"instock","9":"taxable","10":"shipping-taxable","11":"purchasable","12":"product-type-simple","13":"add-to-wishlist-before_image"},"acf":[],"yoast_head":"<!-- This site is optimized with the Yoast SEO plugin v27.3 - https:\/\/yoast.com\/product\/yoast-seo-wordpress\/ -->\n<title>Commander HYACORP FACE en ligne | Boutique en ligne | Kinami Health<\/title>\n<meta name=\"description\" content=\"Commandez HYACORP FACE\u00ae pour restaurer les contours et le volume du visage gr\u00e2ce \u00e0 un gel stabilis\u00e9 d\u2019AH, con\u00e7u pour la correction du milieu du visage et une int\u00e9gration esth\u00e9tique harmonieuse.\" \/>\n<meta name=\"robots\" content=\"index, follow, max-snippet:-1, max-image-preview:large, max-video-preview:-1\" \/>\n<link rel=\"canonical\" href=\"https:\/\/kinamihealth.com\/fr\/wp-json\/wp\/v2\/product\/107807\" \/>\n<meta property=\"og:locale\" content=\"fr_FR\" \/>\n<meta property=\"og:type\" content=\"article\" \/>\n<meta property=\"og:title\" content=\"Commander HYACORP FACE en ligne | Boutique en ligne | Kinami Health\" \/>\n<meta property=\"og:description\" content=\"Commandez HYACORP FACE\u00ae pour restaurer les contours et le volume du visage gr\u00e2ce \u00e0 un gel stabilis\u00e9 d\u2019AH, con\u00e7u pour la correction du milieu du visage et une int\u00e9gration esth\u00e9tique harmonieuse.\" \/>\n<meta property=\"og:url\" content=\"https:\/\/kinamihealth.com\/fr\/product\/hyacorp-face\/\" \/>\n<meta property=\"og:site_name\" content=\"Kinami Health\" \/>\n<meta property=\"article:modified_time\" content=\"2026-01-21T15:32:58+00:00\" \/>\n<meta property=\"og:image\" content=\"https:\/\/kinamihealth.com\/wp-content\/uploads\/2025\/02\/hyacorp-face-front.webp\" \/>\n\t<meta property=\"og:image:width\" content=\"1500\" \/>\n\t<meta property=\"og:image:height\" content=\"1500\" \/>\n\t<meta property=\"og:image:type\" content=\"image\/webp\" \/>\n<meta name=\"twitter:card\" content=\"summary_large_image\" \/>\n<meta name=\"twitter:label1\" content=\"Dur\u00e9e de lecture estim\u00e9e\" \/>\n\t<meta name=\"twitter:data1\" content=\"1 minute\" \/>\n<!-- \/ Yoast SEO plugin. -->","yoast_head_json":{"title":"Commander HYACORP FACE en ligne | Boutique en ligne | Kinami Health","description":"Commandez HYACORP FACE\u00ae pour restaurer les contours et le volume du visage gr\u00e2ce \u00e0 un gel stabilis\u00e9 d\u2019AH, con\u00e7u pour la correction du milieu du visage et une int\u00e9gration esth\u00e9tique harmonieuse.","robots":{"index":"index","follow":"follow","max-snippet":"max-snippet:-1","max-image-preview":"max-image-preview:large","max-video-preview":"max-video-preview:-1"},"canonical":"https:\/\/kinamihealth.com\/fr\/wp-json\/wp\/v2\/product\/107807","og_locale":"fr_FR","og_type":"article","og_title":"Commander HYACORP FACE en ligne | Boutique en ligne | Kinami Health","og_description":"Commandez HYACORP FACE\u00ae pour restaurer les contours et le volume du visage gr\u00e2ce \u00e0 un gel stabilis\u00e9 d\u2019AH, con\u00e7u pour la correction du milieu du visage et une int\u00e9gration esth\u00e9tique harmonieuse.","og_url":"https:\/\/kinamihealth.com\/fr\/product\/hyacorp-face\/","og_site_name":"Kinami Health","article_modified_time":"2026-01-21T15:32:58+00:00","og_image":[{"width":1500,"height":1500,"url":"https:\/\/kinamihealth.com\/wp-content\/uploads\/2025\/02\/hyacorp-face-front.webp","type":"image\/webp"}],"twitter_card":"summary_large_image","twitter_misc":{"Dur\u00e9e de lecture estim\u00e9e":"1 minute"},"schema":{"@context":"https:\/\/schema.org","@graph":[{"@type":"WebPage","@id":"https:\/\/kinamihealth.com\/fr\/product\/hyacorp-face\/","url":"https:\/\/kinamihealth.com\/fr\/product\/hyacorp-face\/","name":"Commander HYACORP FACE en ligne | Boutique en ligne | Kinami Health","isPartOf":{"@id":"https:\/\/kinamihealth.com\/#website"},"primaryImageOfPage":{"@id":"https:\/\/kinamihealth.com\/fr\/product\/hyacorp-face\/#primaryimage"},"image":{"@id":"https:\/\/kinamihealth.com\/fr\/product\/hyacorp-face\/#primaryimage"},"thumbnailUrl":"https:\/\/kinamihealth.com\/wp-content\/uploads\/2025\/02\/hyacorp-face-front.webp","datePublished":"2025-02-15T16:55:14+00:00","dateModified":"2026-01-21T15:32:58+00:00","description":"Commandez HYACORP FACE\u00ae pour restaurer les contours et le volume du visage gr\u00e2ce \u00e0 un gel stabilis\u00e9 d\u2019AH, con\u00e7u pour la correction du milieu du visage et une int\u00e9gration esth\u00e9tique harmonieuse.","breadcrumb":{"@id":"https:\/\/kinamihealth.com\/fr\/product\/hyacorp-face\/#breadcrumb"},"inLanguage":"fr-FR","potentialAction":[{"@type":"ReadAction","target":["https:\/\/kinamihealth.com\/fr\/product\/hyacorp-face\/"]}]},{"@type":"ImageObject","inLanguage":"fr-FR","@id":"https:\/\/kinamihealth.com\/fr\/product\/hyacorp-face\/#primaryimage","url":"https:\/\/kinamihealth.com\/wp-content\/uploads\/2025\/02\/hyacorp-face-front.webp","contentUrl":"https:\/\/kinamihealth.com\/wp-content\/uploads\/2025\/02\/hyacorp-face-front.webp","width":1500,"height":1500},{"@type":"BreadcrumbList","@id":"https:\/\/kinamihealth.com\/fr\/product\/hyacorp-face\/#breadcrumb","itemListElement":[{"@type":"ListItem","position":1,"name":"Page d'accueil","item":"https:\/\/kinamihealth.com\/"},{"@type":"ListItem","position":2,"name":"Boutique","item":"https:\/\/kinamihealth.com\/shop\/"},{"@type":"ListItem","position":3,"name":"HYACORP FACE"}]},{"@type":"WebSite","@id":"https:\/\/kinamihealth.com\/#website","url":"https:\/\/kinamihealth.com\/","name":"Kinami Health","description":"","publisher":{"@id":"https:\/\/kinamihealth.com\/#organization"},"potentialAction":[{"@type":"SearchAction","target":{"@type":"EntryPoint","urlTemplate":"https:\/\/kinamihealth.com\/?s={search_term_string}"},"query-input":{"@type":"PropertyValueSpecification","valueRequired":true,"valueName":"search_term_string"}}],"inLanguage":"fr-FR"},{"@type":"Organization","@id":"https:\/\/kinamihealth.com\/#organization","name":"Kinami Health","url":"https:\/\/kinamihealth.com\/","logo":{"@type":"ImageObject","inLanguage":"fr-FR","@id":"https:\/\/kinamihealth.com\/#\/schema\/logo\/image\/","url":"https:\/\/kinamihealth.com\/wp-content\/uploads\/2025\/01\/KH_logo_black_2-1.png","contentUrl":"https:\/\/kinamihealth.com\/wp-content\/uploads\/2025\/01\/KH_logo_black_2-1.png","width":339,"height":34,"caption":"Kinami Health"},"image":{"@id":"https:\/\/kinamihealth.com\/#\/schema\/logo\/image\/"}}]}},"_links":{"self":[{"href":"https:\/\/kinamihealth.com\/fr\/wp-json\/wp\/v2\/product\/107807","targetHints":{"allow":["GET"]}}],"collection":[{"href":"https:\/\/kinamihealth.com\/fr\/wp-json\/wp\/v2\/product"}],"about":[{"href":"https:\/\/kinamihealth.com\/fr\/wp-json\/wp\/v2\/types\/product"}],"replies":[{"embeddable":true,"href":"https:\/\/kinamihealth.com\/fr\/wp-json\/wp\/v2\/comments?post=107807"}],"version-history":[{"count":0,"href":"https:\/\/kinamihealth.com\/fr\/wp-json\/wp\/v2\/product\/107807\/revisions"}],"wp:featuredmedia":[{"embeddable":true,"href":"https:\/\/kinamihealth.com\/fr\/wp-json\/wp\/v2\/media\/107809"}],"wp:attachment":[{"href":"https:\/\/kinamihealth.com\/fr\/wp-json\/wp\/v2\/media?parent=107807"}],"wp:term":[{"taxonomy":"product_brand","embeddable":true,"href":"https:\/\/kinamihealth.com\/fr\/wp-json\/wp\/v2\/product_brand?post=107807"},{"taxonomy":"product_cat","embeddable":true,"href":"https:\/\/kinamihealth.com\/fr\/wp-json\/wp\/v2\/product_cat?post=107807"},{"taxonomy":"product_tag","embeddable":true,"href":"https:\/\/kinamihealth.com\/fr\/wp-json\/wp\/v2\/product_tag?post=107807"}],"curies":[{"name":"wp","href":"https:\/\/api.w.org\/{rel}","templated":true}]}}