{"id":107798,"date":"2025-02-15T16:55:15","date_gmt":"2025-02-15T16:55:15","guid":{"rendered":"https:\/\/kinamihealth.com\/product\/hyacorp-lips\/"},"modified":"2026-01-21T15:33:21","modified_gmt":"2026-01-21T15:33:21","slug":"hyacorp-lips","status":"publish","type":"product","link":"https:\/\/kinamihealth.com\/fr\/produit\/hyacorp-lips\/","title":{"rendered":"HYACORP LIPS"},"content":{"rendered":"<p>HYAcorp Lips est utilis\u00e9 pour restaurer le volume des l\u00e8vres et red\u00e9finir leur contour. La dur\u00e9e de l&#8217;effet de comblement peut varier et d\u00e9pend de la profondeur et de la zone d&#8217;injection. Les r\u00e9sultats obtenus d\u00e9pendent du type de peau et des modifications souhait\u00e9es.<\/p>\n","protected":false},"excerpt":{"rendered":"<p>HYAcorp Lips est utilis\u00e9 pour restaurer le volume des l\u00e8vres et red\u00e9finir leur contour. La dur\u00e9e de l&#8217;effet de comblement peut varier et d\u00e9pend de la profondeur et de la zone d&#8217;injection. Les r\u00e9sultats obtenus d\u00e9pendent du type de peau et des modifications souhait\u00e9es.<\/p>\n","protected":false},"featured_media":107803,"comment_status":"closed","ping_status":"closed","template":"","meta":{"_acf_changed":false,"inline_featured_image":false},"product_brand":[],"product_cat":[],"product_tag":[],"class_list":{"0":"post-107798","1":"product","2":"type-product","3":"status-publish","4":"has-post-thumbnail","7":"first","8":"instock","9":"taxable","10":"shipping-taxable","11":"purchasable","12":"product-type-simple","13":"add-to-wishlist-before_image"},"acf":[],"yoast_head":"<!-- This site is optimized with the Yoast SEO plugin v27.3 - https:\/\/yoast.com\/product\/yoast-seo-wordpress\/ -->\n<title>Commander HYACORP LIPS en ligne | Boutique en ligne | Kinami Health<\/title>\n<meta name=\"description\" content=\"Commandez HYACORP LIPS\u00ae pour atteindre un contour des l\u00e8vres naturel et une hydratation optimale gr\u00e2ce \u00e0 un produit de comblement dermique \u00e0 base d&#039;acide hyaluronique de haute puret\u00e9, con\u00e7u pour ajouter du volume en douceur.\" \/>\n<meta name=\"robots\" content=\"index, follow, max-snippet:-1, max-image-preview:large, max-video-preview:-1\" \/>\n<link rel=\"canonical\" href=\"https:\/\/kinamihealth.com\/fr\/wp-json\/wp\/v2\/product\/107798\" \/>\n<meta property=\"og:locale\" content=\"fr_FR\" \/>\n<meta property=\"og:type\" content=\"article\" \/>\n<meta property=\"og:title\" content=\"Commander HYACORP LIPS en ligne | Boutique en ligne | Kinami Health\" \/>\n<meta property=\"og:description\" content=\"Commandez HYACORP LIPS\u00ae pour atteindre un contour des l\u00e8vres naturel et une hydratation optimale gr\u00e2ce \u00e0 un produit de comblement dermique \u00e0 base d&#039;acide hyaluronique de haute puret\u00e9, con\u00e7u pour ajouter du volume en douceur.\" \/>\n<meta property=\"og:url\" content=\"https:\/\/kinamihealth.com\/fr\/product\/hyacorp-lips\/\" \/>\n<meta property=\"og:site_name\" content=\"Kinami Health\" \/>\n<meta property=\"article:modified_time\" content=\"2026-01-21T15:33:21+00:00\" \/>\n<meta property=\"og:image\" content=\"https:\/\/kinamihealth.com\/wp-content\/uploads\/2025\/02\/hyacorp-lips-front-right.webp\" \/>\n\t<meta property=\"og:image:width\" content=\"1500\" \/>\n\t<meta property=\"og:image:height\" content=\"1500\" \/>\n\t<meta property=\"og:image:type\" content=\"image\/webp\" \/>\n<meta name=\"twitter:card\" content=\"summary_large_image\" \/>\n<meta name=\"twitter:label1\" content=\"Dur\u00e9e de lecture estim\u00e9e\" \/>\n\t<meta name=\"twitter:data1\" content=\"1 minute\" \/>\n<!-- \/ Yoast SEO plugin. -->","yoast_head_json":{"title":"Commander HYACORP LIPS en ligne | Boutique en ligne | Kinami Health","description":"Commandez HYACORP LIPS\u00ae pour atteindre un contour des l\u00e8vres naturel et une hydratation optimale gr\u00e2ce \u00e0 un produit de comblement dermique \u00e0 base d'acide hyaluronique de haute puret\u00e9, con\u00e7u pour ajouter du volume en douceur.","robots":{"index":"index","follow":"follow","max-snippet":"max-snippet:-1","max-image-preview":"max-image-preview:large","max-video-preview":"max-video-preview:-1"},"canonical":"https:\/\/kinamihealth.com\/fr\/wp-json\/wp\/v2\/product\/107798","og_locale":"fr_FR","og_type":"article","og_title":"Commander HYACORP LIPS en ligne | Boutique en ligne | Kinami Health","og_description":"Commandez HYACORP LIPS\u00ae pour atteindre un contour des l\u00e8vres naturel et une hydratation optimale gr\u00e2ce \u00e0 un produit de comblement dermique \u00e0 base d'acide hyaluronique de haute puret\u00e9, con\u00e7u pour ajouter du volume en douceur.","og_url":"https:\/\/kinamihealth.com\/fr\/product\/hyacorp-lips\/","og_site_name":"Kinami Health","article_modified_time":"2026-01-21T15:33:21+00:00","og_image":[{"width":1500,"height":1500,"url":"https:\/\/kinamihealth.com\/wp-content\/uploads\/2025\/02\/hyacorp-lips-front-right.webp","type":"image\/webp"}],"twitter_card":"summary_large_image","twitter_misc":{"Dur\u00e9e de lecture estim\u00e9e":"1 minute"},"schema":{"@context":"https:\/\/schema.org","@graph":[{"@type":"WebPage","@id":"https:\/\/kinamihealth.com\/fr\/product\/hyacorp-lips\/","url":"https:\/\/kinamihealth.com\/fr\/product\/hyacorp-lips\/","name":"Commander HYACORP LIPS en ligne | Boutique en ligne | Kinami Health","isPartOf":{"@id":"https:\/\/kinamihealth.com\/#website"},"primaryImageOfPage":{"@id":"https:\/\/kinamihealth.com\/fr\/product\/hyacorp-lips\/#primaryimage"},"image":{"@id":"https:\/\/kinamihealth.com\/fr\/product\/hyacorp-lips\/#primaryimage"},"thumbnailUrl":"https:\/\/kinamihealth.com\/wp-content\/uploads\/2025\/02\/hyacorp-lips-front-right.webp","datePublished":"2025-02-15T16:55:15+00:00","dateModified":"2026-01-21T15:33:21+00:00","description":"Commandez HYACORP LIPS\u00ae pour atteindre un contour des l\u00e8vres naturel et une hydratation optimale gr\u00e2ce \u00e0 un produit de comblement dermique \u00e0 base d'acide hyaluronique de haute puret\u00e9, con\u00e7u pour ajouter du volume en douceur.","breadcrumb":{"@id":"https:\/\/kinamihealth.com\/fr\/product\/hyacorp-lips\/#breadcrumb"},"inLanguage":"fr-FR","potentialAction":[{"@type":"ReadAction","target":["https:\/\/kinamihealth.com\/fr\/product\/hyacorp-lips\/"]}]},{"@type":"ImageObject","inLanguage":"fr-FR","@id":"https:\/\/kinamihealth.com\/fr\/product\/hyacorp-lips\/#primaryimage","url":"https:\/\/kinamihealth.com\/wp-content\/uploads\/2025\/02\/hyacorp-lips-front-right.webp","contentUrl":"https:\/\/kinamihealth.com\/wp-content\/uploads\/2025\/02\/hyacorp-lips-front-right.webp","width":1500,"height":1500},{"@type":"BreadcrumbList","@id":"https:\/\/kinamihealth.com\/fr\/product\/hyacorp-lips\/#breadcrumb","itemListElement":[{"@type":"ListItem","position":1,"name":"Page d'accueil","item":"https:\/\/kinamihealth.com\/"},{"@type":"ListItem","position":2,"name":"Boutique","item":"https:\/\/kinamihealth.com\/shop\/"},{"@type":"ListItem","position":3,"name":"HYACORP LIPS"}]},{"@type":"WebSite","@id":"https:\/\/kinamihealth.com\/#website","url":"https:\/\/kinamihealth.com\/","name":"Kinami Health","description":"","publisher":{"@id":"https:\/\/kinamihealth.com\/#organization"},"potentialAction":[{"@type":"SearchAction","target":{"@type":"EntryPoint","urlTemplate":"https:\/\/kinamihealth.com\/?s={search_term_string}"},"query-input":{"@type":"PropertyValueSpecification","valueRequired":true,"valueName":"search_term_string"}}],"inLanguage":"fr-FR"},{"@type":"Organization","@id":"https:\/\/kinamihealth.com\/#organization","name":"Kinami Health","url":"https:\/\/kinamihealth.com\/","logo":{"@type":"ImageObject","inLanguage":"fr-FR","@id":"https:\/\/kinamihealth.com\/#\/schema\/logo\/image\/","url":"https:\/\/kinamihealth.com\/wp-content\/uploads\/2025\/01\/KH_logo_black_2-1.png","contentUrl":"https:\/\/kinamihealth.com\/wp-content\/uploads\/2025\/01\/KH_logo_black_2-1.png","width":339,"height":34,"caption":"Kinami Health"},"image":{"@id":"https:\/\/kinamihealth.com\/#\/schema\/logo\/image\/"}}]}},"_links":{"self":[{"href":"https:\/\/kinamihealth.com\/fr\/wp-json\/wp\/v2\/product\/107798","targetHints":{"allow":["GET"]}}],"collection":[{"href":"https:\/\/kinamihealth.com\/fr\/wp-json\/wp\/v2\/product"}],"about":[{"href":"https:\/\/kinamihealth.com\/fr\/wp-json\/wp\/v2\/types\/product"}],"replies":[{"embeddable":true,"href":"https:\/\/kinamihealth.com\/fr\/wp-json\/wp\/v2\/comments?post=107798"}],"version-history":[{"count":0,"href":"https:\/\/kinamihealth.com\/fr\/wp-json\/wp\/v2\/product\/107798\/revisions"}],"wp:featuredmedia":[{"embeddable":true,"href":"https:\/\/kinamihealth.com\/fr\/wp-json\/wp\/v2\/media\/107803"}],"wp:attachment":[{"href":"https:\/\/kinamihealth.com\/fr\/wp-json\/wp\/v2\/media?parent=107798"}],"wp:term":[{"taxonomy":"product_brand","embeddable":true,"href":"https:\/\/kinamihealth.com\/fr\/wp-json\/wp\/v2\/product_brand?post=107798"},{"taxonomy":"product_cat","embeddable":true,"href":"https:\/\/kinamihealth.com\/fr\/wp-json\/wp\/v2\/product_cat?post=107798"},{"taxonomy":"product_tag","embeddable":true,"href":"https:\/\/kinamihealth.com\/fr\/wp-json\/wp\/v2\/product_tag?post=107798"}],"curies":[{"name":"wp","href":"https:\/\/api.w.org\/{rel}","templated":true}]}}