{"id":107787,"date":"2025-02-15T16:55:16","date_gmt":"2025-02-15T16:55:16","guid":{"rendered":"https:\/\/kinamihealth.com\/product\/hyacorp-mlf1-body-contouring\/"},"modified":"2026-01-21T15:33:26","modified_gmt":"2026-01-21T15:33:26","slug":"hyacorp-mlf1-body-contouring","status":"publish","type":"product","link":"https:\/\/kinamihealth.com\/fr\/produit\/hyacorp-mlf1-body-contouring\/","title":{"rendered":"HYACORP MLF1\u00ae BODY CONTOURING"},"content":{"rendered":"<p>HYACORP MLF1\u00ae BODY CONTOURING est un implant cutan\u00e9 r\u00e9sorbable sp\u00e9cialement con\u00e7u pour le remodelage et le contouring du corps. HYAcorp MLF1 est un dispositif m\u00e9dical de haute puret\u00e9 destin\u00e9 \u00e0 un usage unique. Il est con\u00e7u pour le remodelage et la red\u00e9finission de petites zones du corps. Ce produit est fabriqu\u00e9 \u00e0 partir d&#8217;acide hyaluronique d&#8217;origine non animale.<\/p>\n","protected":false},"excerpt":{"rendered":"<p>HYACORP MLF1\u00ae BODY CONTOURING est un implant cutan\u00e9 r\u00e9sorbable sp\u00e9cialement con\u00e7u pour le remodelage et le contouring du corps. HYAcorp MLF1 est un dispositif m\u00e9dical de haute puret\u00e9 destin\u00e9 \u00e0 un usage unique. Il est con\u00e7u pour le remodelage et la red\u00e9finission de petites zones du corps. Ce produit est fabriqu\u00e9 \u00e0 partir d&#8217;acide hyaluronique [&hellip;]<\/p>\n","protected":false},"featured_media":107788,"comment_status":"closed","ping_status":"closed","template":"","meta":{"_acf_changed":false,"inline_featured_image":false},"product_brand":[1183],"product_cat":[1372],"product_tag":[1222],"class_list":{"0":"post-107787","1":"product","2":"type-product","3":"status-publish","4":"has-post-thumbnail","6":"product_brand-hyacorp","7":"product_cat-remodelage-corporel","8":"product_tag-dispositifs-medicaux","10":"first","11":"instock","12":"taxable","13":"shipping-taxable","14":"purchasable","15":"product-type-simple","16":"add-to-wishlist-before_image"},"acf":[],"yoast_head":"<!-- This site is optimized with the Yoast SEO plugin v27.5 - https:\/\/yoast.com\/product\/yoast-seo-wordpress\/ -->\n<title>Commander HYACORP MLF1\u00ae BODY CONTOURING en ligne | Boutique en ligne | Kinami Health<\/title>\n<meta name=\"description\" content=\"Commandez HYACORP MLF1 BODY CONTOURING pour un comblement pr\u00e9cis des petites zones du corps gr\u00e2ce \u00e0 l&#039;acide hyaluronique r\u00e9ticul\u00e9 offrant une excellente int\u00e9gration tissulaire.\" \/>\n<meta name=\"robots\" content=\"index, follow, max-snippet:-1, max-image-preview:large, max-video-preview:-1\" \/>\n<link rel=\"canonical\" href=\"https:\/\/kinamihealth.com\/fr\/wp-json\/wp\/v2\/product\/107787\" \/>\n<meta property=\"og:locale\" content=\"fr_FR\" \/>\n<meta property=\"og:type\" content=\"article\" \/>\n<meta property=\"og:title\" content=\"Commander HYACORP MLF1\u00ae BODY CONTOURING en ligne | Boutique en ligne | Kinami Health\" \/>\n<meta property=\"og:description\" content=\"Commandez HYACORP MLF1 BODY CONTOURING pour un comblement pr\u00e9cis des petites zones du corps gr\u00e2ce \u00e0 l&#039;acide hyaluronique r\u00e9ticul\u00e9 offrant une excellente int\u00e9gration tissulaire.\" \/>\n<meta property=\"og:url\" content=\"https:\/\/kinamihealth.com\/fr\/product\/hyacorp-mlf1-body-contouring\/\" \/>\n<meta property=\"og:site_name\" content=\"Kinami Health\" \/>\n<meta property=\"article:modified_time\" content=\"2026-01-21T15:33:26+00:00\" \/>\n<meta property=\"og:image\" content=\"https:\/\/kinamihealth.com\/wp-content\/uploads\/2025\/02\/HYACORP-BODYCONTOURING-MLF1-01.jpg\" \/>\n\t<meta property=\"og:image:width\" content=\"800\" \/>\n\t<meta property=\"og:image:height\" content=\"800\" \/>\n\t<meta property=\"og:image:type\" content=\"image\/jpeg\" \/>\n<meta name=\"twitter:card\" content=\"summary_large_image\" \/>\n<meta name=\"twitter:label1\" content=\"Dur\u00e9e de lecture estim\u00e9e\" \/>\n\t<meta name=\"twitter:data1\" content=\"1 minute\" \/>\n<!-- \/ Yoast SEO plugin. -->","yoast_head_json":{"title":"Commander HYACORP MLF1\u00ae BODY CONTOURING en ligne | Boutique en ligne | Kinami Health","description":"Commandez HYACORP MLF1 BODY CONTOURING pour un comblement pr\u00e9cis des petites zones du corps gr\u00e2ce \u00e0 l'acide hyaluronique r\u00e9ticul\u00e9 offrant une excellente int\u00e9gration tissulaire.","robots":{"index":"index","follow":"follow","max-snippet":"max-snippet:-1","max-image-preview":"max-image-preview:large","max-video-preview":"max-video-preview:-1"},"canonical":"https:\/\/kinamihealth.com\/fr\/wp-json\/wp\/v2\/product\/107787","og_locale":"fr_FR","og_type":"article","og_title":"Commander HYACORP MLF1\u00ae BODY CONTOURING en ligne | Boutique en ligne | Kinami Health","og_description":"Commandez HYACORP MLF1 BODY CONTOURING pour un comblement pr\u00e9cis des petites zones du corps gr\u00e2ce \u00e0 l'acide hyaluronique r\u00e9ticul\u00e9 offrant une excellente int\u00e9gration tissulaire.","og_url":"https:\/\/kinamihealth.com\/fr\/product\/hyacorp-mlf1-body-contouring\/","og_site_name":"Kinami Health","article_modified_time":"2026-01-21T15:33:26+00:00","og_image":[{"width":800,"height":800,"url":"https:\/\/kinamihealth.com\/wp-content\/uploads\/2025\/02\/HYACORP-BODYCONTOURING-MLF1-01.jpg","type":"image\/jpeg"}],"twitter_card":"summary_large_image","twitter_misc":{"Dur\u00e9e de lecture estim\u00e9e":"1 minute"},"schema":{"@context":"https:\/\/schema.org","@graph":[{"@type":"WebPage","@id":"https:\/\/kinamihealth.com\/fr\/product\/hyacorp-mlf1-body-contouring\/","url":"https:\/\/kinamihealth.com\/fr\/product\/hyacorp-mlf1-body-contouring\/","name":"Commander HYACORP MLF1\u00ae BODY CONTOURING en ligne | Boutique en ligne | Kinami Health","isPartOf":{"@id":"https:\/\/kinamihealth.com\/#website"},"primaryImageOfPage":{"@id":"https:\/\/kinamihealth.com\/fr\/product\/hyacorp-mlf1-body-contouring\/#primaryimage"},"image":{"@id":"https:\/\/kinamihealth.com\/fr\/product\/hyacorp-mlf1-body-contouring\/#primaryimage"},"thumbnailUrl":"https:\/\/kinamihealth.com\/wp-content\/uploads\/2025\/02\/HYACORP-BODYCONTOURING-MLF1-01.jpg","datePublished":"2025-02-15T16:55:16+00:00","dateModified":"2026-01-21T15:33:26+00:00","description":"Commandez HYACORP MLF1 BODY CONTOURING pour un comblement pr\u00e9cis des petites zones du corps gr\u00e2ce \u00e0 l'acide hyaluronique r\u00e9ticul\u00e9 offrant une excellente int\u00e9gration tissulaire.","breadcrumb":{"@id":"https:\/\/kinamihealth.com\/fr\/product\/hyacorp-mlf1-body-contouring\/#breadcrumb"},"inLanguage":"fr-FR","potentialAction":[{"@type":"ReadAction","target":["https:\/\/kinamihealth.com\/fr\/product\/hyacorp-mlf1-body-contouring\/"]}]},{"@type":"ImageObject","inLanguage":"fr-FR","@id":"https:\/\/kinamihealth.com\/fr\/product\/hyacorp-mlf1-body-contouring\/#primaryimage","url":"https:\/\/kinamihealth.com\/wp-content\/uploads\/2025\/02\/HYACORP-BODYCONTOURING-MLF1-01.jpg","contentUrl":"https:\/\/kinamihealth.com\/wp-content\/uploads\/2025\/02\/HYACORP-BODYCONTOURING-MLF1-01.jpg","width":800,"height":800},{"@type":"BreadcrumbList","@id":"https:\/\/kinamihealth.com\/fr\/product\/hyacorp-mlf1-body-contouring\/#breadcrumb","itemListElement":[{"@type":"ListItem","position":1,"name":"Page d'accueil","item":"https:\/\/kinamihealth.com\/"},{"@type":"ListItem","position":2,"name":"Boutique","item":"https:\/\/kinamihealth.com\/shop\/"},{"@type":"ListItem","position":3,"name":"HYACORP MLF1\u00ae BODY CONTOURING"}]},{"@type":"WebSite","@id":"https:\/\/kinamihealth.com\/#website","url":"https:\/\/kinamihealth.com\/","name":"Kinami Health","description":"","publisher":{"@id":"https:\/\/kinamihealth.com\/#organization"},"potentialAction":[{"@type":"SearchAction","target":{"@type":"EntryPoint","urlTemplate":"https:\/\/kinamihealth.com\/?s={search_term_string}"},"query-input":{"@type":"PropertyValueSpecification","valueRequired":true,"valueName":"search_term_string"}}],"inLanguage":"fr-FR"},{"@type":"Organization","@id":"https:\/\/kinamihealth.com\/#organization","name":"Kinami Health","url":"https:\/\/kinamihealth.com\/","logo":{"@type":"ImageObject","inLanguage":"fr-FR","@id":"https:\/\/kinamihealth.com\/#\/schema\/logo\/image\/","url":"https:\/\/kinamihealth.com\/wp-content\/uploads\/2025\/01\/KH_logo_black_2-1.png","contentUrl":"https:\/\/kinamihealth.com\/wp-content\/uploads\/2025\/01\/KH_logo_black_2-1.png","width":339,"height":34,"caption":"Kinami Health"},"image":{"@id":"https:\/\/kinamihealth.com\/#\/schema\/logo\/image\/"}}]}},"_links":{"self":[{"href":"https:\/\/kinamihealth.com\/fr\/wp-json\/wp\/v2\/product\/107787","targetHints":{"allow":["GET"]}}],"collection":[{"href":"https:\/\/kinamihealth.com\/fr\/wp-json\/wp\/v2\/product"}],"about":[{"href":"https:\/\/kinamihealth.com\/fr\/wp-json\/wp\/v2\/types\/product"}],"replies":[{"embeddable":true,"href":"https:\/\/kinamihealth.com\/fr\/wp-json\/wp\/v2\/comments?post=107787"}],"version-history":[{"count":0,"href":"https:\/\/kinamihealth.com\/fr\/wp-json\/wp\/v2\/product\/107787\/revisions"}],"wp:featuredmedia":[{"embeddable":true,"href":"https:\/\/kinamihealth.com\/fr\/wp-json\/wp\/v2\/media\/107788"}],"wp:attachment":[{"href":"https:\/\/kinamihealth.com\/fr\/wp-json\/wp\/v2\/media?parent=107787"}],"wp:term":[{"taxonomy":"product_brand","embeddable":true,"href":"https:\/\/kinamihealth.com\/fr\/wp-json\/wp\/v2\/product_brand?post=107787"},{"taxonomy":"product_cat","embeddable":true,"href":"https:\/\/kinamihealth.com\/fr\/wp-json\/wp\/v2\/product_cat?post=107787"},{"taxonomy":"product_tag","embeddable":true,"href":"https:\/\/kinamihealth.com\/fr\/wp-json\/wp\/v2\/product_tag?post=107787"}],"curies":[{"name":"wp","href":"https:\/\/api.w.org\/{rel}","templated":true}]}}