{"id":107783,"date":"2025-02-15T16:55:20","date_gmt":"2025-02-15T16:55:20","guid":{"rendered":"https:\/\/kinamihealth.com\/product\/hyacorp-mlf2-body-contouring\/"},"modified":"2026-01-21T15:33:32","modified_gmt":"2026-01-21T15:33:32","slug":"hyacorp-mlf2-body-contouring","status":"publish","type":"product","link":"https:\/\/kinamihealth.com\/fr\/produit\/hyacorp-mlf2-body-contouring\/","title":{"rendered":"HYACORP MLF2\u00ae BODY CONTOURING"},"content":{"rendered":"<p>HYACORP MLF2\u00ae BODY CONTOURING est destin\u00e9 \u00e0 \u00eatre utilis\u00e9 dans les traitements de restauration des volumes perdus et de remodelage de la surface corporelle. HYAcorp MLF2 est un produit de comblement dermique \u00e0 base d&#8217;acide hyaluronique avec des particules de taille agrandie, id\u00e9al pour redonner du volume \u00e0 de larges zones du corps. Ce produit pr\u00e9sente un haut niveau de puret\u00e9 et il est fabriqu\u00e9 \u00e0 partir d&#8217;acide hyaluronique d&#8217;origine non animale.<\/p>\n","protected":false},"excerpt":{"rendered":"<p>HYACORP MLF2\u00ae BODY CONTOURING est destin\u00e9 \u00e0 \u00eatre utilis\u00e9 dans les traitements de restauration des volumes perdus et de remodelage de la surface corporelle. HYAcorp MLF2 est un produit de comblement dermique \u00e0 base d&#8217;acide hyaluronique avec des particules de taille agrandie, id\u00e9al pour redonner du volume \u00e0 de larges zones du corps. Ce produit [&hellip;]<\/p>\n","protected":false},"featured_media":107784,"comment_status":"closed","ping_status":"closed","template":"","meta":{"_acf_changed":false,"inline_featured_image":false},"product_brand":[1183],"product_cat":[1372],"product_tag":[1222],"class_list":{"0":"post-107783","1":"product","2":"type-product","3":"status-publish","4":"has-post-thumbnail","6":"product_brand-hyacorp","7":"product_cat-remodelage-corporel","8":"product_tag-dispositifs-medicaux","10":"first","11":"instock","12":"taxable","13":"shipping-taxable","14":"purchasable","15":"product-type-simple","16":"add-to-wishlist-before_image"},"acf":[],"yoast_head":"<!-- This site is optimized with the Yoast SEO plugin v27.5 - https:\/\/yoast.com\/product\/yoast-seo-wordpress\/ -->\n<title>Commander HYACORP MLF2\u00ae BODY CONTOURING en ligne | Boutique en ligne | Kinami Health<\/title>\n<meta name=\"description\" content=\"Commandez HYACORP MLF2\u00ae BODY CONTOURING pour des r\u00e9sultats durables d&#039;une augmentation cibl\u00e9e du volume dans les zones \u00e9tendues du corps gr\u00e2ce \u00e0 l&#039;acide hyaluronique r\u00e9ticul\u00e9.\" \/>\n<meta name=\"robots\" content=\"index, follow, max-snippet:-1, max-image-preview:large, max-video-preview:-1\" \/>\n<link rel=\"canonical\" href=\"https:\/\/kinamihealth.com\/fr\/wp-json\/wp\/v2\/product\/107783\" \/>\n<meta property=\"og:locale\" content=\"fr_FR\" \/>\n<meta property=\"og:type\" content=\"article\" \/>\n<meta property=\"og:title\" content=\"Commander HYACORP MLF2\u00ae BODY CONTOURING en ligne | Boutique en ligne | Kinami Health\" \/>\n<meta property=\"og:description\" content=\"Commandez HYACORP MLF2\u00ae BODY CONTOURING pour des r\u00e9sultats durables d&#039;une augmentation cibl\u00e9e du volume dans les zones \u00e9tendues du corps gr\u00e2ce \u00e0 l&#039;acide hyaluronique r\u00e9ticul\u00e9.\" \/>\n<meta property=\"og:url\" content=\"https:\/\/kinamihealth.com\/fr\/product\/hyacorp-mlf2-body-contouring\/\" \/>\n<meta property=\"og:site_name\" content=\"Kinami Health\" \/>\n<meta property=\"article:modified_time\" content=\"2026-01-21T15:33:32+00:00\" \/>\n<meta property=\"og:image\" content=\"https:\/\/kinamihealth.com\/wp-content\/uploads\/2025\/02\/HYACORP-BODYCONTOURING-MLF2.jpg\" \/>\n\t<meta property=\"og:image:width\" content=\"800\" \/>\n\t<meta property=\"og:image:height\" content=\"800\" \/>\n\t<meta property=\"og:image:type\" content=\"image\/jpeg\" \/>\n<meta name=\"twitter:card\" content=\"summary_large_image\" \/>\n<meta name=\"twitter:label1\" content=\"Dur\u00e9e de lecture estim\u00e9e\" \/>\n\t<meta name=\"twitter:data1\" content=\"1 minute\" \/>\n<!-- \/ Yoast SEO plugin. -->","yoast_head_json":{"title":"Commander HYACORP MLF2\u00ae BODY CONTOURING en ligne | Boutique en ligne | Kinami Health","description":"Commandez HYACORP MLF2\u00ae BODY CONTOURING pour des r\u00e9sultats durables d'une augmentation cibl\u00e9e du volume dans les zones \u00e9tendues du corps gr\u00e2ce \u00e0 l'acide hyaluronique r\u00e9ticul\u00e9.","robots":{"index":"index","follow":"follow","max-snippet":"max-snippet:-1","max-image-preview":"max-image-preview:large","max-video-preview":"max-video-preview:-1"},"canonical":"https:\/\/kinamihealth.com\/fr\/wp-json\/wp\/v2\/product\/107783","og_locale":"fr_FR","og_type":"article","og_title":"Commander HYACORP MLF2\u00ae BODY CONTOURING en ligne | Boutique en ligne | Kinami Health","og_description":"Commandez HYACORP MLF2\u00ae BODY CONTOURING pour des r\u00e9sultats durables d'une augmentation cibl\u00e9e du volume dans les zones \u00e9tendues du corps gr\u00e2ce \u00e0 l'acide hyaluronique r\u00e9ticul\u00e9.","og_url":"https:\/\/kinamihealth.com\/fr\/product\/hyacorp-mlf2-body-contouring\/","og_site_name":"Kinami Health","article_modified_time":"2026-01-21T15:33:32+00:00","og_image":[{"width":800,"height":800,"url":"https:\/\/kinamihealth.com\/wp-content\/uploads\/2025\/02\/HYACORP-BODYCONTOURING-MLF2.jpg","type":"image\/jpeg"}],"twitter_card":"summary_large_image","twitter_misc":{"Dur\u00e9e de lecture estim\u00e9e":"1 minute"},"schema":{"@context":"https:\/\/schema.org","@graph":[{"@type":"WebPage","@id":"https:\/\/kinamihealth.com\/fr\/product\/hyacorp-mlf2-body-contouring\/","url":"https:\/\/kinamihealth.com\/fr\/product\/hyacorp-mlf2-body-contouring\/","name":"Commander HYACORP MLF2\u00ae BODY CONTOURING en ligne | Boutique en ligne | Kinami Health","isPartOf":{"@id":"https:\/\/kinamihealth.com\/#website"},"primaryImageOfPage":{"@id":"https:\/\/kinamihealth.com\/fr\/product\/hyacorp-mlf2-body-contouring\/#primaryimage"},"image":{"@id":"https:\/\/kinamihealth.com\/fr\/product\/hyacorp-mlf2-body-contouring\/#primaryimage"},"thumbnailUrl":"https:\/\/kinamihealth.com\/wp-content\/uploads\/2025\/02\/HYACORP-BODYCONTOURING-MLF2.jpg","datePublished":"2025-02-15T16:55:20+00:00","dateModified":"2026-01-21T15:33:32+00:00","description":"Commandez HYACORP MLF2\u00ae BODY CONTOURING pour des r\u00e9sultats durables d'une augmentation cibl\u00e9e du volume dans les zones \u00e9tendues du corps gr\u00e2ce \u00e0 l'acide hyaluronique r\u00e9ticul\u00e9.","breadcrumb":{"@id":"https:\/\/kinamihealth.com\/fr\/product\/hyacorp-mlf2-body-contouring\/#breadcrumb"},"inLanguage":"fr-FR","potentialAction":[{"@type":"ReadAction","target":["https:\/\/kinamihealth.com\/fr\/product\/hyacorp-mlf2-body-contouring\/"]}]},{"@type":"ImageObject","inLanguage":"fr-FR","@id":"https:\/\/kinamihealth.com\/fr\/product\/hyacorp-mlf2-body-contouring\/#primaryimage","url":"https:\/\/kinamihealth.com\/wp-content\/uploads\/2025\/02\/HYACORP-BODYCONTOURING-MLF2.jpg","contentUrl":"https:\/\/kinamihealth.com\/wp-content\/uploads\/2025\/02\/HYACORP-BODYCONTOURING-MLF2.jpg","width":800,"height":800},{"@type":"BreadcrumbList","@id":"https:\/\/kinamihealth.com\/fr\/product\/hyacorp-mlf2-body-contouring\/#breadcrumb","itemListElement":[{"@type":"ListItem","position":1,"name":"Page d'accueil","item":"https:\/\/kinamihealth.com\/"},{"@type":"ListItem","position":2,"name":"Boutique","item":"https:\/\/kinamihealth.com\/shop\/"},{"@type":"ListItem","position":3,"name":"HYACORP MLF2\u00ae BODY CONTOURING"}]},{"@type":"WebSite","@id":"https:\/\/kinamihealth.com\/#website","url":"https:\/\/kinamihealth.com\/","name":"Kinami Health","description":"","publisher":{"@id":"https:\/\/kinamihealth.com\/#organization"},"potentialAction":[{"@type":"SearchAction","target":{"@type":"EntryPoint","urlTemplate":"https:\/\/kinamihealth.com\/?s={search_term_string}"},"query-input":{"@type":"PropertyValueSpecification","valueRequired":true,"valueName":"search_term_string"}}],"inLanguage":"fr-FR"},{"@type":"Organization","@id":"https:\/\/kinamihealth.com\/#organization","name":"Kinami Health","url":"https:\/\/kinamihealth.com\/","logo":{"@type":"ImageObject","inLanguage":"fr-FR","@id":"https:\/\/kinamihealth.com\/#\/schema\/logo\/image\/","url":"https:\/\/kinamihealth.com\/wp-content\/uploads\/2025\/01\/KH_logo_black_2-1.png","contentUrl":"https:\/\/kinamihealth.com\/wp-content\/uploads\/2025\/01\/KH_logo_black_2-1.png","width":339,"height":34,"caption":"Kinami Health"},"image":{"@id":"https:\/\/kinamihealth.com\/#\/schema\/logo\/image\/"}}]}},"_links":{"self":[{"href":"https:\/\/kinamihealth.com\/fr\/wp-json\/wp\/v2\/product\/107783","targetHints":{"allow":["GET"]}}],"collection":[{"href":"https:\/\/kinamihealth.com\/fr\/wp-json\/wp\/v2\/product"}],"about":[{"href":"https:\/\/kinamihealth.com\/fr\/wp-json\/wp\/v2\/types\/product"}],"replies":[{"embeddable":true,"href":"https:\/\/kinamihealth.com\/fr\/wp-json\/wp\/v2\/comments?post=107783"}],"version-history":[{"count":0,"href":"https:\/\/kinamihealth.com\/fr\/wp-json\/wp\/v2\/product\/107783\/revisions"}],"wp:featuredmedia":[{"embeddable":true,"href":"https:\/\/kinamihealth.com\/fr\/wp-json\/wp\/v2\/media\/107784"}],"wp:attachment":[{"href":"https:\/\/kinamihealth.com\/fr\/wp-json\/wp\/v2\/media?parent=107783"}],"wp:term":[{"taxonomy":"product_brand","embeddable":true,"href":"https:\/\/kinamihealth.com\/fr\/wp-json\/wp\/v2\/product_brand?post=107783"},{"taxonomy":"product_cat","embeddable":true,"href":"https:\/\/kinamihealth.com\/fr\/wp-json\/wp\/v2\/product_cat?post=107783"},{"taxonomy":"product_tag","embeddable":true,"href":"https:\/\/kinamihealth.com\/fr\/wp-json\/wp\/v2\/product_tag?post=107783"}],"curies":[{"name":"wp","href":"https:\/\/api.w.org\/{rel}","templated":true}]}}