{"id":107773,"date":"2025-02-15T16:55:12","date_gmt":"2025-02-15T16:55:12","guid":{"rendered":"https:\/\/kinamihealth.com\/product\/harmonyca\/"},"modified":"2026-01-21T15:32:21","modified_gmt":"2026-01-21T15:32:21","slug":"harmonyca","status":"publish","type":"product","link":"https:\/\/kinamihealth.com\/fr\/produit\/harmonyca\/","title":{"rendered":"HArmonyCA"},"content":{"rendered":"<p>HArmonyCa pr\u00e9sente le premier biostimulateur tissulaire hybride con\u00e7u pour restaurer l&#8217;\u00e9clat naturel de la peau et r\u00e9duire les signes de l&#8217;\u00e2ge. Sa combinaison unique de deux ingr\u00e9dients actifs \u2013 l&#8217;acide hyaluronique r\u00e9ticul\u00e9 et l&#8217;hydroxyapatite de calcium encapsul\u00e9s dans des microsph\u00e8res \u2013 permet d&#8217;obtenir des r\u00e9sultats durables et visibles apr\u00e8s une seule s\u00e9ance de traitement. L&#8217;acide hyaluronique r\u00e9ticul\u00e9 augmente imm\u00e9diatement le volume des tissus et procure un effet lifting, tandis que l&#8217;hydroxyapatite de calcium est connue pour son action longue dur\u00e9e. Ses microsph\u00e8res stimulent l&#8217;activit\u00e9 des fibroblastes et la production de composants de la matrice extracellulaire tels que le collag\u00e8ne et l&#8217;\u00e9lastine. HArmonyCa est appliqu\u00e9 en profondeur dans le derme pour redonner du volume et raffermir instantan\u00e9ment la peau. Simultan\u00e9ment, les microsph\u00e8res d&#8217;hydroxyapatite de calcium commencent \u00e0 stimuler les fibroblastes, ce qui entra\u00eene une augmentation de la production de collag\u00e8ne de type I et III et d&#8217;\u00e9lastine. \u00c0 mesure que l&#8217;acide hyaluronique se biod\u00e9grade, une structure de collag\u00e8ne stable se forme \u00e0 sa place, similaire au processus naturel de renouvellement de la peau. \u00c0 quoi vous pouvez-vous atteindre avec HArmonyCa ? Tout d&#8217;abord, un traitement avec ce produit fournit un ajout imm\u00e9diat du volume aux tissus, un lissage et un raffermissement de la peau, ainsi qu&#8217;une r\u00e9duction des rides dans la zone trait\u00e9e. Les effets complets de la th\u00e9rapie sont visibles entre 3 et 4 mois apr\u00e8s le traitement, lorsque la structure stable de collag\u00e8ne est form\u00e9e. L&#8217;hydroxyapatite de calcium a des propri\u00e9t\u00e9s stimulantes qui durent jusqu&#8217;\u00e0 12 mois apr\u00e8s l&#8217;administration du produit, et les r\u00e9sultats du traitement peuvent \u00eatre visibles jusqu&#8217;\u00e0 3 ans. En outre, HarmonyCa offre une s\u00e9rie favorable de traitements recommand\u00e9e : un seul traitement suffit pour profiter d&#8217;effets durables pendant de nombreux mois. Les microsph\u00e8res d&#8217;hydroxyapatite de calcium ont un diam\u00e8tre de 25 \u00e0 45 microns (55,7 %), de gel de hyaluronate de sodium r\u00e9ticul\u00e9 (20 mg\/ml), de tampon phosphate et de chlorhydrate de lidoca\u00efne (3 mg\/ml).<\/p>\n","protected":false},"excerpt":{"rendered":"<p>HArmonyCa pr\u00e9sente le premier biostimulateur tissulaire hybride con\u00e7u pour restaurer l&#8217;\u00e9clat naturel de la peau et r\u00e9duire les signes de l&#8217;\u00e2ge. Sa combinaison unique de deux ingr\u00e9dients actifs \u2013 l&#8217;acide hyaluronique r\u00e9ticul\u00e9 et l&#8217;hydroxyapatite de calcium encapsul\u00e9s dans des microsph\u00e8res \u2013 permet d&#8217;obtenir des r\u00e9sultats durables et visibles apr\u00e8s une seule s\u00e9ance de traitement. L&#8217;acide [&hellip;]<\/p>\n","protected":false},"featured_media":107774,"comment_status":"closed","ping_status":"closed","template":"","meta":{"_acf_changed":false,"inline_featured_image":false},"product_brand":[1182],"product_cat":[3613,1217],"product_tag":[1222],"class_list":{"0":"post-107773","1":"product","2":"type-product","3":"status-publish","4":"has-post-thumbnail","6":"product_brand-harmonyca","7":"product_cat-biostimulateurs-fr","8":"product_cat-produits-de-comblement-dermique","9":"product_tag-dispositifs-medicaux","11":"first","12":"instock","13":"taxable","14":"shipping-taxable","15":"purchasable","16":"product-type-simple","17":"add-to-wishlist-before_image"},"acf":[],"yoast_head":"<!-- This site is optimized with the Yoast SEO plugin v27.3 - https:\/\/yoast.com\/product\/yoast-seo-wordpress\/ -->\n<title>Commander HArmonyCA en ligne | Boutique en ligne | Kinami Health<\/title>\n<meta name=\"description\" content=\"Commandez HArmonyCA\u2122 en ligne pour un rajeunissement facial \u00e0 double action combinant AH et CaHA afin de restaurer le volume et de stimuler la production de collag\u00e8ne \u00e0 long terme.\" \/>\n<meta name=\"robots\" content=\"index, follow, max-snippet:-1, max-image-preview:large, max-video-preview:-1\" \/>\n<link rel=\"canonical\" href=\"https:\/\/kinamihealth.com\/fr\/wp-json\/wp\/v2\/product\/107773\" \/>\n<meta property=\"og:locale\" content=\"fr_FR\" \/>\n<meta property=\"og:type\" content=\"article\" \/>\n<meta property=\"og:title\" content=\"Commander HArmonyCA en ligne | Boutique en ligne | Kinami Health\" \/>\n<meta property=\"og:description\" content=\"Commandez HArmonyCA\u2122 en ligne pour un rajeunissement facial \u00e0 double action combinant AH et CaHA afin de restaurer le volume et de stimuler la production de collag\u00e8ne \u00e0 long terme.\" \/>\n<meta property=\"og:url\" content=\"https:\/\/kinamihealth.com\/fr\/produit\/harmonyca\/\" \/>\n<meta property=\"og:site_name\" content=\"Kinami Health\" \/>\n<meta property=\"article:modified_time\" content=\"2026-01-21T15:32:21+00:00\" \/>\n<meta property=\"og:image\" content=\"https:\/\/kinamihealth.com\/wp-content\/uploads\/2025\/02\/HArmonyCA-LIDOCAINE-04.jpg\" \/>\n\t<meta property=\"og:image:width\" content=\"1000\" \/>\n\t<meta property=\"og:image:height\" content=\"1000\" \/>\n\t<meta property=\"og:image:type\" content=\"image\/jpeg\" \/>\n<meta name=\"twitter:card\" content=\"summary_large_image\" \/>\n<meta name=\"twitter:label1\" content=\"Dur\u00e9e de lecture estim\u00e9e\" \/>\n\t<meta name=\"twitter:data1\" content=\"2 minutes\" \/>\n<!-- \/ Yoast SEO plugin. -->","yoast_head_json":{"title":"Commander HArmonyCA en ligne | Boutique en ligne | Kinami Health","description":"Commandez HArmonyCA\u2122 en ligne pour un rajeunissement facial \u00e0 double action combinant AH et CaHA afin de restaurer le volume et de stimuler la production de collag\u00e8ne \u00e0 long terme.","robots":{"index":"index","follow":"follow","max-snippet":"max-snippet:-1","max-image-preview":"max-image-preview:large","max-video-preview":"max-video-preview:-1"},"canonical":"https:\/\/kinamihealth.com\/fr\/wp-json\/wp\/v2\/product\/107773","og_locale":"fr_FR","og_type":"article","og_title":"Commander HArmonyCA en ligne | Boutique en ligne | Kinami Health","og_description":"Commandez HArmonyCA\u2122 en ligne pour un rajeunissement facial \u00e0 double action combinant AH et CaHA afin de restaurer le volume et de stimuler la production de collag\u00e8ne \u00e0 long terme.","og_url":"https:\/\/kinamihealth.com\/fr\/produit\/harmonyca\/","og_site_name":"Kinami Health","article_modified_time":"2026-01-21T15:32:21+00:00","og_image":[{"width":1000,"height":1000,"url":"https:\/\/kinamihealth.com\/wp-content\/uploads\/2025\/02\/HArmonyCA-LIDOCAINE-04.jpg","type":"image\/jpeg"}],"twitter_card":"summary_large_image","twitter_misc":{"Dur\u00e9e de lecture estim\u00e9e":"2 minutes"},"schema":{"@context":"https:\/\/schema.org","@graph":[{"@type":"WebPage","@id":"https:\/\/kinamihealth.com\/fr\/produit\/harmonyca\/","url":"https:\/\/kinamihealth.com\/fr\/produit\/harmonyca\/","name":"Commander HArmonyCA en ligne | Boutique en ligne | Kinami Health","isPartOf":{"@id":"https:\/\/kinamihealth.com\/#website"},"primaryImageOfPage":{"@id":"https:\/\/kinamihealth.com\/fr\/produit\/harmonyca\/#primaryimage"},"image":{"@id":"https:\/\/kinamihealth.com\/fr\/produit\/harmonyca\/#primaryimage"},"thumbnailUrl":"https:\/\/kinamihealth.com\/wp-content\/uploads\/2025\/02\/HArmonyCA-LIDOCAINE-04.jpg","datePublished":"2025-02-15T16:55:12+00:00","dateModified":"2026-01-21T15:32:21+00:00","description":"Commandez HArmonyCA\u2122 en ligne pour un rajeunissement facial \u00e0 double action combinant AH et CaHA afin de restaurer le volume et de stimuler la production de collag\u00e8ne \u00e0 long terme.","breadcrumb":{"@id":"https:\/\/kinamihealth.com\/fr\/produit\/harmonyca\/#breadcrumb"},"inLanguage":"fr-FR","potentialAction":[{"@type":"ReadAction","target":["https:\/\/kinamihealth.com\/fr\/produit\/harmonyca\/"]}]},{"@type":"ImageObject","inLanguage":"fr-FR","@id":"https:\/\/kinamihealth.com\/fr\/produit\/harmonyca\/#primaryimage","url":"https:\/\/kinamihealth.com\/wp-content\/uploads\/2025\/02\/HArmonyCA-LIDOCAINE-04.jpg","contentUrl":"https:\/\/kinamihealth.com\/wp-content\/uploads\/2025\/02\/HArmonyCA-LIDOCAINE-04.jpg","width":1000,"height":1000},{"@type":"BreadcrumbList","@id":"https:\/\/kinamihealth.com\/fr\/produit\/harmonyca\/#breadcrumb","itemListElement":[{"@type":"ListItem","position":1,"name":"Page d'accueil","item":"https:\/\/kinamihealth.com\/"},{"@type":"ListItem","position":2,"name":"Boutique","item":"https:\/\/kinamihealth.com\/shop\/"},{"@type":"ListItem","position":3,"name":"HArmonyCA"}]},{"@type":"WebSite","@id":"https:\/\/kinamihealth.com\/#website","url":"https:\/\/kinamihealth.com\/","name":"Kinami Health","description":"","publisher":{"@id":"https:\/\/kinamihealth.com\/#organization"},"potentialAction":[{"@type":"SearchAction","target":{"@type":"EntryPoint","urlTemplate":"https:\/\/kinamihealth.com\/?s={search_term_string}"},"query-input":{"@type":"PropertyValueSpecification","valueRequired":true,"valueName":"search_term_string"}}],"inLanguage":"fr-FR"},{"@type":"Organization","@id":"https:\/\/kinamihealth.com\/#organization","name":"Kinami Health","url":"https:\/\/kinamihealth.com\/","logo":{"@type":"ImageObject","inLanguage":"fr-FR","@id":"https:\/\/kinamihealth.com\/#\/schema\/logo\/image\/","url":"https:\/\/kinamihealth.com\/wp-content\/uploads\/2025\/01\/KH_logo_black_2-1.png","contentUrl":"https:\/\/kinamihealth.com\/wp-content\/uploads\/2025\/01\/KH_logo_black_2-1.png","width":339,"height":34,"caption":"Kinami Health"},"image":{"@id":"https:\/\/kinamihealth.com\/#\/schema\/logo\/image\/"}}]}},"_links":{"self":[{"href":"https:\/\/kinamihealth.com\/fr\/wp-json\/wp\/v2\/product\/107773","targetHints":{"allow":["GET"]}}],"collection":[{"href":"https:\/\/kinamihealth.com\/fr\/wp-json\/wp\/v2\/product"}],"about":[{"href":"https:\/\/kinamihealth.com\/fr\/wp-json\/wp\/v2\/types\/product"}],"replies":[{"embeddable":true,"href":"https:\/\/kinamihealth.com\/fr\/wp-json\/wp\/v2\/comments?post=107773"}],"version-history":[{"count":0,"href":"https:\/\/kinamihealth.com\/fr\/wp-json\/wp\/v2\/product\/107773\/revisions"}],"wp:featuredmedia":[{"embeddable":true,"href":"https:\/\/kinamihealth.com\/fr\/wp-json\/wp\/v2\/media\/107774"}],"wp:attachment":[{"href":"https:\/\/kinamihealth.com\/fr\/wp-json\/wp\/v2\/media?parent=107773"}],"wp:term":[{"taxonomy":"product_brand","embeddable":true,"href":"https:\/\/kinamihealth.com\/fr\/wp-json\/wp\/v2\/product_brand?post=107773"},{"taxonomy":"product_cat","embeddable":true,"href":"https:\/\/kinamihealth.com\/fr\/wp-json\/wp\/v2\/product_cat?post=107773"},{"taxonomy":"product_tag","embeddable":true,"href":"https:\/\/kinamihealth.com\/fr\/wp-json\/wp\/v2\/product_tag?post=107773"}],"curies":[{"name":"wp","href":"https:\/\/api.w.org\/{rel}","templated":true}]}}